{"id":10,"date":"2023-04-26T18:17:07","date_gmt":"2023-04-26T21:17:07","guid":{"rendered":"https:\/\/sites.usp.br\/residenciadmp\/?page_id=10"},"modified":"2024-06-03T11:42:01","modified_gmt":"2024-06-03T14:42:01","slug":"corpo-docente","status":"publish","type":"page","link":"https:\/\/sites.usp.br\/residenciadmp\/corpo-docente\/","title":{"rendered":"Equipe"},"content":{"rendered":"<p><strong>Coordena\u00e7\u00e3o<\/strong><\/p>\n<p>Profa. Maria Fernanda Tourinho Peres, Departamento de Medicina Preventiva\/FMUSP <span style=\"font-weight: 300;\">Coordenadora da Resid\u00eancia M\u00e9dica<\/span><\/p>\n<p>Profa. Ana Fl\u00e1via Pires Lucas D&#8217;Oliveira, Departamento de Medicina Preventiva\/FMUSP\u00a0 Coordenadora da Resid\u00eancia Multiprofissional<\/p>\n<p>Tereza Barczinski, PROAHSA<br \/>\nVice-Coordenadora da Resid\u00eancia M\u00e9dica<\/p>\n<p><strong>Departamento de Medicina Preventiva\/FMUSP<\/strong><\/p>\n<p><em>Secretaria<\/em>:<\/p>\n<p>Juliana Oliveira<br \/>\ne-mail: juliana.oliveira@fm.usp.br<br \/>\nTelefone: 3061-8278<\/p>\n<p><em>Docentes\/pesquisadores<\/em><\/p>\n<p class=\"p1\">Alexandre Nemes<br \/>\nAlicia Matijasevich Manitto<br \/>\nAna Fl\u00e1via Pires Lucas D\u00b4Oliveira<br \/>\nAna Claudia Camargo Gon\u00e7alves Germani<br \/>\nAndr\u00e9 Mota<br \/>\nCarolina Bonilla<br \/>\nExpedito Luna<br \/>\nGabriela Calazans<br \/>\nGerusa Figueiredo<br \/>\nHillegonda Maria Dutilh Novaes<br \/>\nJos\u00e9 Ricardo de Carvalho Mesquita Ayres<br \/>\nM\u00e1rcia Thereza Couto Falc\u00e3o<br \/>\nMaria Ines Batistella Nemes<br \/>\nMaria Fernanda Tourinho Peres<br \/>\nM\u00e1rio C\u00e9sar Scheffer<br \/>\n<span style=\"font-weight: 300;\">Nelson da Cruz Gouveia<br \/>\n<\/span><span style=\"font-weight: 300;\">Olinda do Carmo Luiz<br \/>\n<\/span>Patr\u00edcia Coelho de So\u00e1rez<br \/>\nRenata Bertazzi Levy<br \/>\nRicardo Teixeira Rodrigues<br \/>\nRosana Machin<\/p>\n<p>&nbsp;<\/p>\n<p><strong>Centro de Sa\u00fade Escola Samuel Bramsley Pessoa<\/strong><\/p>\n<p><em>Secretaria<\/em>:<\/p>\n<p>XXXXXX<br \/>\ne-mail: XXXXXXXX<br \/>\nTelefone: XXXXXX<\/p>\n<p><em>Diretor:<\/em><br \/>\nAdemir Lopes J\u00fanior<\/p>\n<p><em>Equipe t\u00e9cnica\/supervisores<\/em><\/p>\n<p class=\"p1\">Ana Silvia Dalmaso Whitaker<br \/>\nDulce Maria Senna<br \/>\nF\u00e1bio Yoshito Ajimura<br \/>\n<span style=\"font-weight: 300;\">Ligia Moura<br \/>\n<\/span>Mariana Arantes Nasser<br \/>\n<span style=\"font-weight: 300;\">Nancy Val y Val Peres da Mota<br \/>\n<\/span><span style=\"font-weight: 300;\">Paula Cristina Souto de <\/span><span style=\"font-weight: 300;\">Camargo<br \/>\nRubens Kon<br \/>\n<\/span>XXX<br \/>\nXXX<br \/>\nXXX<\/p>\n<p><strong>PROAHSA<\/strong><\/p>\n<p><em>Secretaria<\/em>:<\/p>\n<p>XXXXXX<br \/>\ne-mail: XXXXXXXX<br \/>\nTelefone: XXXXXX<\/p>\n<p><em>Diretora:<\/em><br \/>\nTereza Barczinski<\/p>\n<p><em>Equipe t\u00e9cnica\/supervisores<\/em><\/p>\n<p>Claudia Mayu Konuma<br \/>\nRosemeire Keiko Hangai<br \/>\n<span style=\"font-weight: 300;\">Tereza <\/span><span style=\"font-weight: 300;\">Barczinski<br \/>\nXXX<br \/>\nXXX<br \/>\nXXX<\/span><\/p>\n<p>&nbsp;<\/p>\n<p><strong>Preceptor<\/strong><\/p>\n<p>&nbsp;<\/p>\n","protected":false},"excerpt":{"rendered":"<p>Coordena\u00e7\u00e3o Profa. Maria Fernanda Tourinho Peres, Departamento de Medicina Preventiva\/FMUSP Coordenadora da Resid\u00eancia M\u00e9dica Profa. Ana Fl\u00e1via Pires Lucas D&#8217;Oliveira, Departamento de Medicina Preventiva\/FMUSP\u00a0 Coordenadora da Resid\u00eancia Multiprofissional Tereza Barczinski, PROAHSA Vice-Coordenadora da Resid\u00eancia M\u00e9dica Departamento de Medicina Preventiva\/FMUSP Secretaria: &hellip; <a href=\"https:\/\/sites.usp.br\/residenciadmp\/corpo-docente\/\">Continue reading <span class=\"meta-nav\">&rarr;<\/span><\/a><\/p>\n","protected":false},"author":977,"featured_media":0,"parent":0,"menu_order":0,"comment_status":"closed","ping_status":"closed","template":"","meta":{"footnotes":"","_links_to":"","_links_to_target":""},"class_list":["post-10","page","type-page","status-publish","hentry"],"_links":{"self":[{"href":"https:\/\/sites.usp.br\/residenciadmp\/wp-json\/wp\/v2\/pages\/10","targetHints":{"allow":["GET"]}}],"collection":[{"href":"https:\/\/sites.usp.br\/residenciadmp\/wp-json\/wp\/v2\/pages"}],"about":[{"href":"https:\/\/sites.usp.br\/residenciadmp\/wp-json\/wp\/v2\/types\/page"}],"author":[{"embeddable":true,"href":"https:\/\/sites.usp.br\/residenciadmp\/wp-json\/wp\/v2\/users\/977"}],"replies":[{"embeddable":true,"href":"https:\/\/sites.usp.br\/residenciadmp\/wp-json\/wp\/v2\/comments?post=10"}],"version-history":[{"count":4,"href":"https:\/\/sites.usp.br\/residenciadmp\/wp-json\/wp\/v2\/pages\/10\/revisions"}],"predecessor-version":[{"id":150,"href":"https:\/\/sites.usp.br\/residenciadmp\/wp-json\/wp\/v2\/pages\/10\/revisions\/150"}],"wp:attachment":[{"href":"https:\/\/sites.usp.br\/residenciadmp\/wp-json\/wp\/v2\/media?parent=10"}],"curies":[{"name":"wp","href":"https:\/\/api.w.org\/{rel}","templated":true}]}}