{"id":2,"date":"2020-09-17T12:16:26","date_gmt":"2020-09-17T15:16:26","guid":{"rendered":"http:\/\/sites.usp.br\/residenciadmp\/?page_id=2"},"modified":"2023-04-27T16:09:50","modified_gmt":"2023-04-27T19:09:50","slug":"pagina-exemplo","status":"publish","type":"page","link":"https:\/\/sites.usp.br\/residenciadmp\/","title":{"rendered":"Apresenta\u00e7\u00e3o"},"content":{"rendered":"<p>Os Programas de <strong>Resid\u00eancia M\u00e9dica em Medicina Preventiva e Social<\/strong> e <strong>Resid\u00eancia Multiprofissional em Sa\u00fade Coletiva e Aten\u00e7\u00e3o Prim\u00e1ria em Sa\u00fade<\/strong> t\u00eam como proponente o <a href=\"https:\/\/www.fm.usp.br\/medicinapreventiva\">Departamento de Medicina Preventiva da FMUSP (DMP\/FMUSP)<\/a>, em parceria com o <a href=\"https:\/\/fm.usp.br\/cse\">Centro de Sa\u00fade Escola Samuel Barnsley Pessoa (CSE Butant\u00e3\/FMUSP)<\/a> e o <a href=\"https:\/\/www.hc.fm.usp.br\/hc\/institucional\/quem-somos\">Programa de Estudos Avan\u00e7ados em Administra\u00e7\u00e3o Hospitalar e de Sistemas de Sa\u00fade (Proahsa\/HCFMUSP)<\/a>. Os programas objetivam a forma\u00e7\u00e3o de profissionais com vis\u00e3o cr\u00edtica e abrangente do sistema de sa\u00fade, aptos para desenvolver atividades de organiza\u00e7\u00e3o, planejamento, controle e avalia\u00e7\u00e3o de unidades e servi\u00e7os da rede de aten\u00e7\u00e3o \u00e0 sa\u00fade. Al\u00e9m disso, visam ainda desenvolver no residente a capacidade de refletir criticamente acerca de organiza\u00e7\u00e3o do trabalho em sa\u00fade, em um contexto de equipes multiprofissionais, investindo no aprendizado e na pr\u00e1tica de compet\u00eancias e habilidades espec\u00edficas, desenvolvendo tamb\u00e9m aspectos relativos \u00e0 gest\u00e3o, planejamento e avalia\u00e7\u00e3o das pr\u00e1ticas de sa\u00fade. Ressalta-se que os programas s\u00e3o realizados em parceria com o Programa de Aprimoramento Profissional em Administra\u00e7\u00e3o em Sa\u00fade (Proahsa\/HCFMUSP), garantindo dessa forma um ambiente multiprofissional durante as diferente etapas de forma\u00e7\u00e3o. H\u00e1 ainda uma interface com o Programa de Resid\u00eancia de Medicina de Fam\u00edlia e Comunidade (HCFMUSP), por meio de um est\u00e1gio realizado em conjunto.<\/p>\n<p>Com dura\u00e7\u00e3o de dois anos, o primeiro ano (R1) \u00e9 composto por uma grade de atividades comum a ambos os programas, compreendendo est\u00e1gios e disciplinas nas tr\u00eas grandes \u00e1reas da Sa\u00fade Coletiva: ci\u00eancias sociais, gest\u00e3o e epidemiologia.<\/p>\n<p>Os residentes do primeiro ano realizam atividades no CSE Butant\u00e3\/FMUSP; visitas t\u00e9cnicas em \u00f3rg\u00e3os de gest\u00e3o (diversos setores das Secretarias Municipal e Estadual de Sa\u00fade); visitas t\u00e9cnicas a equipamentos p\u00fablicos diversos que possuam interface com a rede de sa\u00fade (escolas, centros de conviv\u00eancia, casas de cultura); institui\u00e7\u00f5es do terceiro setor (organiza\u00e7\u00f5es n\u00e3o-governamentais, movimentos sociais).<\/p>\n<p>No segundo ano (R2) as atividades s\u00e3o espec\u00edficas a cada programa.<\/p>\n<p>Os residentes do programa de <strong>Resid\u00eancia M\u00e9dica<\/strong> devem optar por uma dentre duas \u00e1reas de concentra\u00e7\u00e3o:<\/p>\n<p>\u00c1rea de Concentra\u00e7\u00e3o 1 (AC1) \u2013 Sa\u00fade Coletiva.<\/p>\n<p>\u00c1rea de Concentra\u00e7\u00e3o 2 (AC2) \u2013 Administra\u00e7\u00e3o em Sa\u00fade.<\/p>\n<p>Os Residentes do programa de <strong>Resid\u00eancia Multiprofissional\u00a0<\/strong>se concentram no primeiro semestre do R2 em um est\u00e1gio de Gest\u00e3o na Aten\u00e7\u00e3o Prim\u00e1ria em Sa\u00fade e no segundo semestre em um est\u00e1gio profissionalizante.<\/p>\n<p>As atividades te\u00f3ricas s\u00e3o ministradas pelo corpo docente DMP\/FMUSP, pela equipe t\u00e9cnica do CSE Butant\u00e3\/FMUSP e do Proahsa\/HCFMUSP. As aulas s\u00e3o realizadas de forma participativa, fomentando a leitura e elabora\u00e7\u00e3o de textos. Estimula-se ainda a participa\u00e7\u00e3o em congressos e publica\u00e7\u00f5es cient\u00edficas.<\/p>\n","protected":false},"excerpt":{"rendered":"<p>Os Programas de Resid\u00eancia M\u00e9dica em Medicina Preventiva e Social e Resid\u00eancia Multiprofissional em Sa\u00fade Coletiva e Aten\u00e7\u00e3o Prim\u00e1ria em Sa\u00fade t\u00eam como proponente o Departamento de Medicina Preventiva da FMUSP (DMP\/FMUSP), em parceria com o Centro de Sa\u00fade Escola &hellip; <a href=\"https:\/\/sites.usp.br\/residenciadmp\/\">Continue reading <span class=\"meta-nav\">&rarr;<\/span><\/a><\/p>\n","protected":false},"author":1,"featured_media":20,"parent":0,"menu_order":0,"comment_status":"closed","ping_status":"closed","template":"","meta":{"footnotes":"","_links_to":"","_links_to_target":""},"class_list":["post-2","page","type-page","status-publish","has-post-thumbnail","hentry"],"_links":{"self":[{"href":"https:\/\/sites.usp.br\/residenciadmp\/wp-json\/wp\/v2\/pages\/2","targetHints":{"allow":["GET"]}}],"collection":[{"href":"https:\/\/sites.usp.br\/residenciadmp\/wp-json\/wp\/v2\/pages"}],"about":[{"href":"https:\/\/sites.usp.br\/residenciadmp\/wp-json\/wp\/v2\/types\/page"}],"author":[{"embeddable":true,"href":"https:\/\/sites.usp.br\/residenciadmp\/wp-json\/wp\/v2\/users\/1"}],"replies":[{"embeddable":true,"href":"https:\/\/sites.usp.br\/residenciadmp\/wp-json\/wp\/v2\/comments?post=2"}],"version-history":[{"count":5,"href":"https:\/\/sites.usp.br\/residenciadmp\/wp-json\/wp\/v2\/pages\/2\/revisions"}],"predecessor-version":[{"id":146,"href":"https:\/\/sites.usp.br\/residenciadmp\/wp-json\/wp\/v2\/pages\/2\/revisions\/146"}],"wp:featuredmedia":[{"embeddable":true,"href":"https:\/\/sites.usp.br\/residenciadmp\/wp-json\/wp\/v2\/media\/20"}],"wp:attachment":[{"href":"https:\/\/sites.usp.br\/residenciadmp\/wp-json\/wp\/v2\/media?parent=2"}],"curies":[{"name":"wp","href":"https:\/\/api.w.org\/{rel}","templated":true}]}}