{"id":39,"date":"2023-04-26T18:17:08","date_gmt":"2023-04-26T21:17:08","guid":{"rendered":"https:\/\/sites.usp.br\/residenciadmp\/?page_id=39"},"modified":"2023-04-26T18:40:57","modified_gmt":"2023-04-26T21:40:57","slug":"projeto-pedagogico","status":"publish","type":"page","link":"https:\/\/sites.usp.br\/residenciadmp\/projeto-pedagogico\/","title":{"rendered":"Objetivos"},"content":{"rendered":"<p class=\"p1\">O programa de Resid\u00eancia M\u00e9dica em Medicina Preventiva tem como <strong>objetivo geral<\/strong> formar profissionais m\u00e9dicos<\/p>\n<p class=\"p1\">capazes de:<\/p>\n<p class=\"p1\">1. Conhecer o perfil de sa\u00fade da popula\u00e7\u00e3o brasileira, sendo capaz de refletir criticamente sobre seus determinantes e tend\u00eancias;<\/p>\n<p class=\"p1\">2. Compreender a organiza\u00e7\u00e3o pol\u00edtica e institucional do setor sa\u00fade no pa\u00eds, estando apto a participar da organiza\u00e7\u00e3o e gest\u00e3o de servi\u00e7os de sa\u00fade em seus diversos n\u00edveis e modalidades;<\/p>\n<p class=\"p1\">3. Planejar, supervisionar e avaliar a\u00e7\u00f5es e programas de sa\u00fade adequados e relevantes para a realidade dos servi\u00e7os e perfis de sa\u00fade de seu local e n\u00edvel de atua\u00e7\u00e3o;<\/p>\n<p class=\"p1\"><span class=\"s1\">4. <\/span>Manejar instrumental cient\u00edfico na defini\u00e7\u00e3o de objetos, desenhos de estudo e estrat\u00e9gias de investiga\u00e7\u00e3o de problemas de sa\u00fade relevantes para o desenvolvimento de a\u00e7\u00f5es, programas e pol\u00edticas voltadas para a melhoria das condi\u00e7\u00f5es de sa\u00fade coletiva.<\/p>\n<p>&nbsp;<\/p>\n<p class=\"p1\">Os m\u00e9dicos residentes devem adquirir <strong>conhecimentos e habilidades<\/strong> acerca dos seguintes temas:<\/p>\n<p class=\"p1\">1. Processos de adoecimento e sua rela\u00e7\u00e3o com os aspectos hist\u00f3ricos, culturais, pol\u00edticos e econ\u00f4micos da vida em sociedade;<\/p>\n<p class=\"p1\">2. Perfis sociodemogr\u00e1ficos e epidemiol\u00f3gicos da popula\u00e7\u00e3o brasileira;<\/p>\n<p class=\"p1\">3. Epidemiologia e estat\u00edstica na produ\u00e7\u00e3o de conhecimento em sa\u00fade, nos diversos planos de sua aplica\u00e7\u00e3o: descri\u00e7\u00e3o de situa\u00e7\u00e3o de sa\u00fade de grupos populacionais, an\u00e1lises de associa\u00e7\u00e3o e causalidade, ensaios cl\u00ednicos e avalia\u00e7\u00e3o de processo e impacto de a\u00e7\u00f5es de sa\u00fade, orienta\u00e7\u00e3o de programas e servi\u00e7os de sa\u00fade;<\/p>\n<p class=\"p1\">4. Desenvolvimento hist\u00f3rico e caracter\u00edsticas atuais das pol\u00edticas sociais e de sa\u00fade no Brasil;<\/p>\n<p class=\"p1\">5. Organiza\u00e7\u00e3o, gest\u00e3o e avalia\u00e7\u00e3o de servi\u00e7os e programas de sa\u00fade, nos diferentes n\u00edveis da assist\u00eancia \u00e0 sa\u00fade;<\/p>\n<p class=\"p1\">6. Escolas e tend\u00eancias em administra\u00e7\u00e3o e planejamento;<\/p>\n<p class=\"p1\">7. Aten\u00e7\u00e3o prim\u00e1ria \u00e0 sa\u00fade, incluindo a\u00e7\u00f5es em sa\u00fade da fam\u00edlia, vigil\u00e2ncia em sa\u00fade, sa\u00fade do trabalhador, sa\u00fade ambiental e atividades de educa\u00e7\u00e3o e comunica\u00e7\u00e3o, como estrat\u00e9gias de preven\u00e7\u00e3o prim\u00e1ria, secund\u00e1ria e terci\u00e1ria de doen\u00e7as, de redu\u00e7\u00e3o de vulnerabilidade e riscos e de promo\u00e7\u00e3o da sa\u00fade de grupos populacionais;<\/p>\n<p class=\"p1\">8. Assist\u00eancia m\u00e9dica em aten\u00e7\u00e3o b\u00e1sica \u00e0 sa\u00fade nas \u00e1reas de pronto-atendimento, sa\u00fade do adolescente, sa\u00fade da mulher, sa\u00fade no envelhecimento, sa\u00fade mental e doen\u00e7as infecciosas;<\/p>\n<p class=\"p1\">9. Teorias e t\u00e9cnicas de trabalho com grupos de paciente em atividades educativas e terap\u00eauticas em aten\u00e7\u00e3o prim\u00e1ria \u00e0 sa\u00fade;<\/p>\n<p class=\"p1\"><span class=\"s1\">10. <\/span>Sistemas e tecnologias de produ\u00e7\u00e3o, organiza\u00e7\u00e3o e aplica\u00e7\u00e3o da informa\u00e7\u00e3o em sa\u00fade.<\/p>\n","protected":false},"excerpt":{"rendered":"<p>O programa de Resid\u00eancia M\u00e9dica em Medicina Preventiva tem como objetivo geral formar profissionais m\u00e9dicos capazes de: 1. Conhecer o perfil de sa\u00fade da popula\u00e7\u00e3o brasileira, sendo capaz de refletir criticamente sobre seus determinantes e tend\u00eancias; 2. Compreender a organiza\u00e7\u00e3o &hellip; <a href=\"https:\/\/sites.usp.br\/residenciadmp\/projeto-pedagogico\/\">Continue reading <span class=\"meta-nav\">&rarr;<\/span><\/a><\/p>\n","protected":false},"author":977,"featured_media":0,"parent":0,"menu_order":0,"comment_status":"closed","ping_status":"closed","template":"","meta":{"footnotes":"","_links_to":"","_links_to_target":""},"class_list":["post-39","page","type-page","status-publish","hentry"],"_links":{"self":[{"href":"https:\/\/sites.usp.br\/residenciadmp\/wp-json\/wp\/v2\/pages\/39","targetHints":{"allow":["GET"]}}],"collection":[{"href":"https:\/\/sites.usp.br\/residenciadmp\/wp-json\/wp\/v2\/pages"}],"about":[{"href":"https:\/\/sites.usp.br\/residenciadmp\/wp-json\/wp\/v2\/types\/page"}],"author":[{"embeddable":true,"href":"https:\/\/sites.usp.br\/residenciadmp\/wp-json\/wp\/v2\/users\/977"}],"replies":[{"embeddable":true,"href":"https:\/\/sites.usp.br\/residenciadmp\/wp-json\/wp\/v2\/comments?post=39"}],"version-history":[{"count":3,"href":"https:\/\/sites.usp.br\/residenciadmp\/wp-json\/wp\/v2\/pages\/39\/revisions"}],"predecessor-version":[{"id":105,"href":"https:\/\/sites.usp.br\/residenciadmp\/wp-json\/wp\/v2\/pages\/39\/revisions\/105"}],"wp:attachment":[{"href":"https:\/\/sites.usp.br\/residenciadmp\/wp-json\/wp\/v2\/media?parent=39"}],"curies":[{"name":"wp","href":"https:\/\/api.w.org\/{rel}","templated":true}]}}