{"id":9,"date":"2023-04-26T18:17:07","date_gmt":"2023-04-26T21:17:07","guid":{"rendered":"https:\/\/sites.usp.br\/residenciadmp\/?page_id=9"},"modified":"2023-04-27T14:33:15","modified_gmt":"2023-04-27T17:33:15","slug":"eixo-integrador","status":"publish","type":"page","link":"https:\/\/sites.usp.br\/residenciadmp\/eixo-integrador\/","title":{"rendered":"Eixo Integrador"},"content":{"rendered":"<p>Atividade organizadas em conjunto pelo Departamento de medicina Preventiva da FMUSP, PROAHSA e CSE\/Butant\u00e3. A frequ\u00eancia \u00e9 obrigat\u00f3ria para R1 e R2, exceto durante o est\u00e1gio profissionalizante ou em est\u00e1gios realizados fora de S\u00e3o Paulo. Al\u00e9m dos residentes em Medicina Preventiva e Social e Multiprofissionais do DMP\/FMUSP participam tamb\u00e9m residentes e especializandos multiprofissionais do PROAHSA. A atividade \u00e9 aberta para estudantes da p\u00f3s-gradua\u00e7\u00e3o da FMUSP, professores e pesquisadores do DMP, equipes do CSE\/Butant\u00e3 e do PROAHSA,<\/p>\n<h1>Agenda 2023<\/h1>\n<p><span style=\"font-weight: 400;\">17\/03: Apresenta\u00e7\u00e3o das Linhas DMP, PROAHSA e CSE<\/span><\/p>\n<p>24\/03: O campo da Sa\u00fade Coletiva.<br \/>\nProfa.Dra. Ligia Maria Vieira da Silva. Instituto de Sa\u00fade Coletiva\/UFBA<\/p>\n<p>31\/03: Os impasses democr\u00e1ticos da cria\u00e7\u00e3o do Sistema \u00danico de Sa\u00fade (SUS).<br \/>\nProf. Dr. Andr\u00e9 Mota. Departamento de Medicina Preventiva\/FMUSP<\/p>\n<p>28\/04: Redes de Aten\u00e7\u00e3o em Sa\u00fade.<br \/>\nProf. Dr. Eug\u00eanio Vila\u00e7a Mendes<\/p>\n<p>05\/05: Modelos de Gest\u00e3o APS.<br \/>\nProfa. Dra. Patr\u00edcia Chueri. Faculdade de Ci\u00eancias da Sa\u00fade Albert Einstein<\/p>\n<p>12\/05: Planejamento em Sa\u00fade<br \/>\nProfa. Dra. Carmen Teixeira. Instituto de Sa\u00fade Coletiva\/UFBA<\/p>\n<p>Demais se\u00e7\u00f5es a definir<\/p>\n","protected":false},"excerpt":{"rendered":"<p>Atividade organizadas em conjunto pelo Departamento de medicina Preventiva da FMUSP, PROAHSA e CSE\/Butant\u00e3. A frequ\u00eancia \u00e9 obrigat\u00f3ria para R1 e R2, exceto durante o est\u00e1gio profissionalizante ou em est\u00e1gios realizados fora de S\u00e3o Paulo. Al\u00e9m dos residentes em Medicina &hellip; <a href=\"https:\/\/sites.usp.br\/residenciadmp\/eixo-integrador\/\">Continue reading <span class=\"meta-nav\">&rarr;<\/span><\/a><\/p>\n","protected":false},"author":977,"featured_media":0,"parent":0,"menu_order":0,"comment_status":"closed","ping_status":"closed","template":"","meta":{"footnotes":"","_links_to":"","_links_to_target":""},"class_list":["post-9","page","type-page","status-publish","hentry"],"_links":{"self":[{"href":"https:\/\/sites.usp.br\/residenciadmp\/wp-json\/wp\/v2\/pages\/9","targetHints":{"allow":["GET"]}}],"collection":[{"href":"https:\/\/sites.usp.br\/residenciadmp\/wp-json\/wp\/v2\/pages"}],"about":[{"href":"https:\/\/sites.usp.br\/residenciadmp\/wp-json\/wp\/v2\/types\/page"}],"author":[{"embeddable":true,"href":"https:\/\/sites.usp.br\/residenciadmp\/wp-json\/wp\/v2\/users\/977"}],"replies":[{"embeddable":true,"href":"https:\/\/sites.usp.br\/residenciadmp\/wp-json\/wp\/v2\/comments?post=9"}],"version-history":[{"count":4,"href":"https:\/\/sites.usp.br\/residenciadmp\/wp-json\/wp\/v2\/pages\/9\/revisions"}],"predecessor-version":[{"id":124,"href":"https:\/\/sites.usp.br\/residenciadmp\/wp-json\/wp\/v2\/pages\/9\/revisions\/124"}],"wp:attachment":[{"href":"https:\/\/sites.usp.br\/residenciadmp\/wp-json\/wp\/v2\/media?parent=9"}],"curies":[{"name":"wp","href":"https:\/\/api.w.org\/{rel}","templated":true}]}}