{"id":378,"date":"2016-02-11T11:21:12","date_gmt":"2016-02-11T13:21:12","guid":{"rendered":"http:\/\/sites.usp.br\/endodontiaforpusp\/?page_id=378"},"modified":"2021-03-25T08:19:59","modified_gmt":"2021-03-25T11:19:59","slug":"processos-seletivos","status":"publish","type":"page","link":"https:\/\/sites.usp.br\/restauradoraforpusp\/processos-seletivos\/","title":{"rendered":"Processos Seletivos"},"content":{"rendered":"<p>Os Programas de P\u00f3s-Gradua\u00e7\u00e3o da FORP poder\u00e3o abrir vagas semestralmente, de acordo com a disponibilidade de orientadores e mediante pr\u00e9via aprova\u00e7\u00e3o da CPG. Os interessados em ingressar nos cursos dever\u00e3o ficar atentos ao calend\u00e1rio abaixo e acessar o site da FORP ou entrar em contato com o Servi\u00e7o de P\u00f3s-Gradua\u00e7\u00e3o durante o per\u00edodo de informa\u00e7\u00f5es:<\/p>\n<p>&nbsp;<\/p>\n<table width=\"893\">\n<tbody>\n<tr>\n<td width=\"428\">\n<p style=\"text-align: center;\">P<strong>ara in\u00edcio do curso no 1o\u00a0Semestre:<\/strong><\/p>\n<\/td>\n<td width=\"464\">\n<p style=\"text-align: center;\"><strong>Para in\u00edcio do curso no 2o\u00a0Semestre:<\/strong><\/p>\n<\/td>\n<\/tr>\n<tr>\n<td width=\"428\">&#8211; Informa\u00e7\u00f5es sobre abertura de vagas: final de julho<br \/>\n&#8211; Inscri\u00e7\u00f5es: agosto a novembro<br \/>\n&#8211; Sele\u00e7\u00e3o: m\u00eas de dezembro<br \/>\n&#8211; Matr\u00edcula: 5 primeiros dias \u00fateis de fevereiro<\/td>\n<td width=\"464\">&#8211; Informa\u00e7\u00f5es sobre abertura de vagas: final de janeiro<br \/>\n&#8211; Inscri\u00e7\u00f5es: m\u00eas de fevereiro<br \/>\n&#8211; Sele\u00e7\u00e3o: m\u00eas de mar\u00e7o<br \/>\n&#8211; Matr\u00edcula: 5 primeiros dias \u00fateis de julho<\/td>\n<\/tr>\n<\/tbody>\n<\/table>\n<p>&nbsp;<\/p>\n<p>Secret\u00e1rio de P\u00f3s-Gradua\u00e7\u00e3o: Carlos Feitosa dos Santos<\/p>\n<p>E-mail:\u00a0<a href=\"mailto:carlos@forp.usp.br\">carlos@forp.usp.br<\/a>\u00a0(3315.4103)<\/p>\n<p>Tel.: (16) 3315-4103 (Departamento de Odontologia Restauradora)<\/p>\n","protected":false},"excerpt":{"rendered":"<p>Os Programas de P\u00f3s-Gradua\u00e7\u00e3o da FORP poder\u00e3o abrir vagas semestralmente, de acordo com a disponibilidade [&hellip;]<\/p>\n","protected":false},"author":169,"featured_media":0,"parent":0,"menu_order":0,"comment_status":"closed","ping_status":"closed","template":"","meta":{"footnotes":"","_links_to":"","_links_to_target":""},"class_list":["post-378","page","type-page","status-publish","hentry"],"_links":{"self":[{"href":"https:\/\/sites.usp.br\/restauradoraforpusp\/wp-json\/wp\/v2\/pages\/378","targetHints":{"allow":["GET"]}}],"collection":[{"href":"https:\/\/sites.usp.br\/restauradoraforpusp\/wp-json\/wp\/v2\/pages"}],"about":[{"href":"https:\/\/sites.usp.br\/restauradoraforpusp\/wp-json\/wp\/v2\/types\/page"}],"author":[{"embeddable":true,"href":"https:\/\/sites.usp.br\/restauradoraforpusp\/wp-json\/wp\/v2\/users\/169"}],"replies":[{"embeddable":true,"href":"https:\/\/sites.usp.br\/restauradoraforpusp\/wp-json\/wp\/v2\/comments?post=378"}],"version-history":[{"count":4,"href":"https:\/\/sites.usp.br\/restauradoraforpusp\/wp-json\/wp\/v2\/pages\/378\/revisions"}],"predecessor-version":[{"id":461,"href":"https:\/\/sites.usp.br\/restauradoraforpusp\/wp-json\/wp\/v2\/pages\/378\/revisions\/461"}],"wp:attachment":[{"href":"https:\/\/sites.usp.br\/restauradoraforpusp\/wp-json\/wp\/v2\/media?parent=378"}],"curies":[{"name":"wp","href":"https:\/\/api.w.org\/{rel}","templated":true}]}}