{"id":380,"date":"2016-02-11T11:22:16","date_gmt":"2016-02-11T13:22:16","guid":{"rendered":"http:\/\/sites.usp.br\/endodontiaforpusp\/?page_id=380"},"modified":"2016-02-11T11:30:07","modified_gmt":"2016-02-11T13:30:07","slug":"linhas-de-pesquisa","status":"publish","type":"page","link":"https:\/\/sites.usp.br\/restauradoraforpusp\/linhas-de-pesquisa\/","title":{"rendered":"Linhas de Pesquisa"},"content":{"rendered":"<ul>\n<li>&#8220;<i>Pesquisa em Etiologia, Diagn\u00f3stico e Tratamento da Dor Orofacial e das Disfun\u00e7\u00f5es <\/i><i>Temporomandibulares<\/i><i>\u201d\u00a0<\/i>&#8211; Estudo e Pesquisa dos fatores etiol\u00f3gicos, das modalidades diagn\u00f3sticas e das formas de tratamento das disfun\u00e7\u00f5es temporomandibulares e da dor orofacial, utilizando para isto dispositivos de diversos recursos.<\/li>\n<\/ul>\n<p>&nbsp;<\/p>\n<ul>\n<li><i>Materiais, Solu\u00e7\u00f5es, T\u00e9cnicas e Instrumentos Utilizados em Odontologia Restauradora e suas A\u00e7\u00f5es sobre Tecidos Dentais e <\/i><i>Periapicais<\/i><i>\u201d\u00a0<\/i>&#8211; Esta linha tem como objetivo pesquisar as propriedades f\u00edsico-qu\u00edmicas dos materiais e das solu\u00e7\u00f5es utilizadas em Endodontia e Dent\u00edstica, como novas t\u00e9cnicas e instrumentos utilizados no preparo, limpeza e desinfec\u00e7\u00e3o de preparos dos canais radiculares.<\/li>\n<\/ul>\n<p>&nbsp;<\/p>\n<ul>\n<li><i>Avalia\u00e7\u00e3o\u00a0<\/i><u><i>in situ\u00a0<\/i><\/u><i>e\u00a0<\/i><u><i>in vivo<\/i><\/u><i>\u00a0de Materiais e T\u00e9cnicas usadas em Odontologia Restauradora\u201d<\/i>\u00a0&#8211; Esta linha tem como objetivo avaliar o comportamento cl\u00ednico, de materiais e t\u00e9cnicas empregados em Odontologia Conservativa e Restauradora.<\/li>\n<\/ul>\n<p>&nbsp;<\/p>\n<ul>\n<li><i>Laser na Odontologia\u201d\u00a0<\/i>&#8211; Investiga a a\u00e7\u00e3o dos diferentes tipos de laser utilizados na Odontologia, com especial aten\u00e7\u00e3o \u00e0 Endodontia e \u00e0 Dent\u00edstica, para estudar preparos cavit\u00e1rios, altera\u00e7\u00f5es pulpares, preparo, limpeza e identifica\u00e7\u00e3o de canais radiculares.empregados no controle de microrganismos para a manuten\u00e7\u00e3o da sa\u00fade das pessoas.<\/li>\n<\/ul>\n","protected":false},"excerpt":{"rendered":"<p>&#8220;Pesquisa em Etiologia, Diagn\u00f3stico e Tratamento da Dor Orofacial e das Disfun\u00e7\u00f5es Temporomandibulares\u201d\u00a0&#8211; Estudo e [&hellip;]<\/p>\n","protected":false},"author":169,"featured_media":0,"parent":0,"menu_order":0,"comment_status":"closed","ping_status":"closed","template":"","meta":{"footnotes":"","_links_to":"","_links_to_target":""},"class_list":["post-380","page","type-page","status-publish","hentry"],"_links":{"self":[{"href":"https:\/\/sites.usp.br\/restauradoraforpusp\/wp-json\/wp\/v2\/pages\/380","targetHints":{"allow":["GET"]}}],"collection":[{"href":"https:\/\/sites.usp.br\/restauradoraforpusp\/wp-json\/wp\/v2\/pages"}],"about":[{"href":"https:\/\/sites.usp.br\/restauradoraforpusp\/wp-json\/wp\/v2\/types\/page"}],"author":[{"embeddable":true,"href":"https:\/\/sites.usp.br\/restauradoraforpusp\/wp-json\/wp\/v2\/users\/169"}],"replies":[{"embeddable":true,"href":"https:\/\/sites.usp.br\/restauradoraforpusp\/wp-json\/wp\/v2\/comments?post=380"}],"version-history":[{"count":4,"href":"https:\/\/sites.usp.br\/restauradoraforpusp\/wp-json\/wp\/v2\/pages\/380\/revisions"}],"predecessor-version":[{"id":387,"href":"https:\/\/sites.usp.br\/restauradoraforpusp\/wp-json\/wp\/v2\/pages\/380\/revisions\/387"}],"wp:attachment":[{"href":"https:\/\/sites.usp.br\/restauradoraforpusp\/wp-json\/wp\/v2\/media?parent=380"}],"curies":[{"name":"wp","href":"https:\/\/api.w.org\/{rel}","templated":true}]}}