{"id":482,"date":"2021-03-25T09:27:33","date_gmt":"2021-03-25T12:27:33","guid":{"rendered":"http:\/\/sites.usp.br\/endodontiaforpusp\/?page_id=482"},"modified":"2021-03-25T09:34:12","modified_gmt":"2021-03-25T12:34:12","slug":"disciplinas","status":"publish","type":"page","link":"https:\/\/sites.usp.br\/restauradoraforpusp\/disciplinas\/","title":{"rendered":"Disciplinas"},"content":{"rendered":"<h3><strong>Disciplinas Credenciadas no Programa de P\u00f3s-Gradua\u00e7\u00e3o em Odontologia Restauradora<\/strong><\/h3>\n<table style=\"height: 2910px;\" width=\"852\">\n<tbody>\n<tr>\n<td>C\u00f3digo<\/td>\n<td>Nome<\/td>\n<td>Cr\u00e9ditos<\/td>\n<\/tr>\n<tr>\n<td>\n<table width=\"90\">\n<tbody>\n<tr>\n<td>8035743<\/td>\n<\/tr>\n<\/tbody>\n<\/table>\n<\/td>\n<td>Metodologias e Din\u00e2mica do Ensino em Odontologia<\/td>\n<td>\n<table>\n<tbody>\n<tr>\n<td>2<\/td>\n<\/tr>\n<\/tbody>\n<\/table>\n<\/td>\n<\/tr>\n<tr>\n<td>\n<table width=\"90\">\n<tbody>\n<tr>\n<td>8035745<\/td>\n<\/tr>\n<\/tbody>\n<\/table>\n<\/td>\n<td>Did\u00e1tica para o Curso de Odontologia<\/td>\n<td>\n<table>\n<tbody>\n<tr>\n<td>6<\/td>\n<\/tr>\n<\/tbody>\n<\/table>\n<\/td>\n<\/tr>\n<tr>\n<td>\n<table width=\"90\">\n<tbody>\n<tr>\n<td>8035775<\/td>\n<\/tr>\n<\/tbody>\n<\/table>\n<\/td>\n<td>\u00c9tica em Pesquisa com Seres Humanos<\/td>\n<td>\n<table>\n<tbody>\n<tr>\n<td>3<\/td>\n<\/tr>\n<\/tbody>\n<\/table>\n<\/td>\n<\/tr>\n<tr>\n<td>\n<table width=\"90\">\n<tbody>\n<tr>\n<td>8035806<\/td>\n<\/tr>\n<\/tbody>\n<\/table>\n<\/td>\n<td>Biologia Molecular da Diferencia\u00e7\u00e3o de C\u00e9lulas Tronco da Polpa Dent\u00e1ria<\/td>\n<td>\n<table>\n<tbody>\n<tr>\n<td>3<\/td>\n<\/tr>\n<\/tbody>\n<\/table>\n<\/td>\n<\/tr>\n<tr>\n<td>\n<table width=\"90\">\n<tbody>\n<tr>\n<td>8045737<\/td>\n<\/tr>\n<\/tbody>\n<\/table>\n<\/td>\n<td>An\u00e1lise Cr\u00edtica dos M\u00e9todos de Microinfiltra\u00e7\u00e3o Marginal na Obtura\u00e7\u00e3o Endod\u00f4ntica<\/td>\n<td>\n<table>\n<tbody>\n<tr>\n<td>6<\/td>\n<\/tr>\n<\/tbody>\n<\/table>\n<\/td>\n<\/tr>\n<tr>\n<td>\n<table width=\"90\">\n<tbody>\n<tr>\n<td>8045739<\/td>\n<\/tr>\n<\/tbody>\n<\/table>\n<\/td>\n<td>An\u00e1lise dos Materiais e T\u00e9cnicas Utilizados em Cirurgias Endod\u00f4nticas<\/td>\n<td>\n<table>\n<tbody>\n<tr>\n<td>3<\/td>\n<\/tr>\n<\/tbody>\n<\/table>\n<\/td>\n<\/tr>\n<tr>\n<td>\n<table width=\"90\">\n<tbody>\n<tr>\n<td>8045743<\/td>\n<\/tr>\n<\/tbody>\n<\/table>\n<\/td>\n<td>Considera\u00e7\u00f5es Biomec\u00e2nicas da Articula\u00e7\u00e3o Temporomandibular e M\u00e9todos de Avalia\u00e7\u00e3o da Posi\u00e7\u00e3o Condilar<\/td>\n<td>\n<table>\n<tbody>\n<tr>\n<td>3<\/td>\n<\/tr>\n<\/tbody>\n<\/table>\n<\/td>\n<\/tr>\n<tr>\n<td>\n<table width=\"90\">\n<tbody>\n<tr>\n<td>8045747<\/td>\n<\/tr>\n<\/tbody>\n<\/table>\n<\/td>\n<td>Metodologia de Estudos &#8220;in situ&#8221; e Cl\u00ednicos e suas Aplica\u00e7\u00f5es<\/td>\n<td>\n<table>\n<tbody>\n<tr>\n<td>6<\/td>\n<\/tr>\n<\/tbody>\n<\/table>\n<\/td>\n<\/tr>\n<tr>\n<td>\n<table width=\"90\">\n<tbody>\n<tr>\n<td>8045748<\/td>\n<\/tr>\n<\/tbody>\n<\/table>\n<\/td>\n<td>Metrologia e An\u00e1lise Qu\u00edmica Aplicada \u00e0 Pesquisa: Aparelhagem Corrente e T\u00e9cnicas B\u00e1sicas<\/td>\n<td>\n<table>\n<tbody>\n<tr>\n<td>6<\/td>\n<\/tr>\n<\/tbody>\n<\/table>\n<\/td>\n<\/tr>\n<tr>\n<td>\n<table width=\"90\">\n<tbody>\n<tr>\n<td>8045755<\/td>\n<\/tr>\n<\/tbody>\n<\/table>\n<\/td>\n<td>Processos Qu\u00edmicos Industriais Aplicados \u00e0 Endodontia<\/td>\n<td>\n<table>\n<tbody>\n<tr>\n<td>6<\/td>\n<\/tr>\n<\/tbody>\n<\/table>\n<\/td>\n<\/tr>\n<tr>\n<td>\n<table width=\"90\">\n<tbody>\n<tr>\n<td>8045758<\/td>\n<\/tr>\n<\/tbody>\n<\/table>\n<\/td>\n<td>Terap\u00eautica Medicamentosa Utilizada na Endodontia<\/td>\n<td>\n<table>\n<tbody>\n<tr>\n<td>3<\/td>\n<\/tr>\n<\/tbody>\n<\/table>\n<\/td>\n<\/tr>\n<tr>\n<td>\n<table width=\"90\">\n<tbody>\n<tr>\n<td>8045760<\/td>\n<\/tr>\n<\/tbody>\n<\/table>\n<\/td>\n<td>Laser na Endodontia<\/td>\n<td>\n<table>\n<tbody>\n<tr>\n<td>6<\/td>\n<\/tr>\n<\/tbody>\n<\/table>\n<\/td>\n<\/tr>\n<tr>\n<td>\n<table width=\"90\">\n<tbody>\n<tr>\n<td>8045763<\/td>\n<\/tr>\n<\/tbody>\n<\/table>\n<\/td>\n<td>Aplica\u00e7\u00e3o do Laser na \u00c1rea da Sa\u00fade<\/td>\n<td>\n<table>\n<tbody>\n<tr>\n<td>6<\/td>\n<\/tr>\n<\/tbody>\n<\/table>\n<\/td>\n<\/tr>\n<tr>\n<td>\n<table width=\"90\">\n<tbody>\n<tr>\n<td>8045765<\/td>\n<\/tr>\n<\/tbody>\n<\/table>\n<\/td>\n<td>Pol\u00edtica das Ag\u00eancias de Fomento e Pesquisa<\/td>\n<td>\n<table>\n<tbody>\n<tr>\n<td>3<\/td>\n<\/tr>\n<\/tbody>\n<\/table>\n<\/td>\n<\/tr>\n<tr>\n<td>\n<table width=\"90\">\n<tbody>\n<tr>\n<td>8045766<\/td>\n<\/tr>\n<\/tbody>\n<\/table>\n<\/td>\n<td>An\u00e1lise Cr\u00edtica da Biomec\u00e2nica dos Canais Radiculares com T\u00e9cnicas Rotat\u00f3rias<\/td>\n<td>\n<table>\n<tbody>\n<tr>\n<td>6<\/td>\n<\/tr>\n<\/tbody>\n<\/table>\n<\/td>\n<\/tr>\n<tr>\n<td>\n<table width=\"90\">\n<tbody>\n<tr>\n<td>8045768<\/td>\n<\/tr>\n<\/tbody>\n<\/table>\n<\/td>\n<td>O Tecido Dentin\u00e1rio, suas Propriedades Inerentes e os Procedimentos Cl\u00ednicos<\/td>\n<td>\n<table>\n<tbody>\n<tr>\n<td>6<\/td>\n<\/tr>\n<\/tbody>\n<\/table>\n<\/td>\n<\/tr>\n<tr>\n<td>\n<table width=\"90\">\n<tbody>\n<tr>\n<td>8045769<\/td>\n<\/tr>\n<\/tbody>\n<\/table>\n<\/td>\n<td>Avalia\u00e7\u00e3o das Propriedades F\u00edsico-Qu\u00edmicas das Solu\u00e7\u00f5es e dos Cimentos Usados na Endodontia<\/td>\n<td>\n<table>\n<tbody>\n<tr>\n<td>6<\/td>\n<\/tr>\n<\/tbody>\n<\/table>\n<\/td>\n<\/tr>\n<tr>\n<td>\n<table width=\"90\">\n<tbody>\n<tr>\n<td>8045770<\/td>\n<\/tr>\n<\/tbody>\n<\/table>\n<\/td>\n<td>Morfologia do Sistema Estomatogn\u00e1tico e Oclus\u00e3o Dental<\/td>\n<td>\n<table>\n<tbody>\n<tr>\n<td>2<\/td>\n<\/tr>\n<\/tbody>\n<\/table>\n<\/td>\n<\/tr>\n<tr>\n<td>\n<table width=\"90\">\n<tbody>\n<tr>\n<td>8045771<\/td>\n<\/tr>\n<\/tbody>\n<\/table>\n<\/td>\n<td>An\u00e1lise Cr\u00edtica-Reflexiva de Estrat\u00e9gias e Materiais Did\u00e1tico Aplic\u00e1veis ao Ensino na \u00c1rea de Sa\u00fade<\/td>\n<td>\n<table>\n<tbody>\n<tr>\n<td>6<\/td>\n<\/tr>\n<\/tbody>\n<\/table>\n<\/td>\n<\/tr>\n<tr>\n<td>\n<table width=\"90\">\n<tbody>\n<tr>\n<td>80457<a href=\"https:\/\/uspdigital.usp.br\/janus\/disciplina\/disciplinasCredenciadas.jsf\">73<\/a><\/td>\n<\/tr>\n<\/tbody>\n<\/table>\n<\/td>\n<td>Interrela\u00e7\u00e3o da Cl\u00ednica de Endodontia e a Pesquisa Cient\u00edfica<\/td>\n<td>\n<table>\n<tbody>\n<tr>\n<td>6<\/td>\n<\/tr>\n<\/tbody>\n<\/table>\n<\/td>\n<\/tr>\n<tr>\n<td>\n<table width=\"90\">\n<tbody>\n<tr>\n<td>8045774<\/td>\n<\/tr>\n<\/tbody>\n<\/table>\n<\/td>\n<td>Estudo dos Procedimentos Restauradores Est\u00e9ticos Diretos em Dent\u00edstica<\/td>\n<td>\n<table>\n<tbody>\n<tr>\n<td>6<\/td>\n<\/tr>\n<\/tbody>\n<\/table>\n<\/td>\n<\/tr>\n<tr>\n<td>\n<table width=\"90\">\n<tbody>\n<tr>\n<td>8045775<\/td>\n<\/tr>\n<\/tbody>\n<\/table>\n<\/td>\n<td>Princ\u00edpios Oclusais Aplicados a Endodontia e Dent\u00edstica Restauradora<\/td>\n<td>\n<table>\n<tbody>\n<tr>\n<td>3<\/td>\n<\/tr>\n<\/tbody>\n<\/table>\n<\/td>\n<\/tr>\n<tr>\n<td>\n<table width=\"90\">\n<tbody>\n<tr>\n<td>8045776<\/td>\n<\/tr>\n<\/tbody>\n<\/table>\n<\/td>\n<td>Fundamentos de Bioestat\u00edstica<\/td>\n<td>\n<table>\n<tbody>\n<tr>\n<td>3<\/td>\n<\/tr>\n<\/tbody>\n<\/table>\n<\/td>\n<\/tr>\n<tr>\n<td>\n<table width=\"90\">\n<tbody>\n<tr>\n<td>8045778<\/td>\n<\/tr>\n<\/tbody>\n<\/table>\n<\/td>\n<td>Fotografia Odontol\u00f3gica<\/td>\n<td>\n<table>\n<tbody>\n<tr>\n<td>4<\/td>\n<\/tr>\n<\/tbody>\n<\/table>\n<\/td>\n<\/tr>\n<tr>\n<td>\n<table width=\"90\">\n<tbody>\n<tr>\n<td>8045779<\/td>\n<\/tr>\n<\/tbody>\n<\/table>\n<\/td>\n<td>An\u00e1lise Cr\u00edtica do Emprego da Terap\u00eautica Medicamentosa Frente \u00e0s Diferentes Afec\u00e7\u00f5es Endod\u00f4nticas<\/td>\n<td>\n<table>\n<tbody>\n<tr>\n<td>4<\/td>\n<\/tr>\n<\/tbody>\n<\/table>\n<\/td>\n<\/tr>\n<tr>\n<td>\n<table width=\"90\">\n<tbody>\n<tr>\n<td>8045780<\/td>\n<\/tr>\n<\/tbody>\n<\/table>\n<\/td>\n<td>Procedimentos Restauradores para Dentes Tratados Endodonticamente<\/td>\n<td>\n<table>\n<tbody>\n<tr>\n<td>4<\/td>\n<\/tr>\n<\/tbody>\n<\/table>\n<\/td>\n<\/tr>\n<tr>\n<td>\n<table width=\"90\">\n<tbody>\n<tr>\n<td>8045781<\/td>\n<\/tr>\n<\/tbody>\n<\/table>\n<\/td>\n<td>Aplica\u00e7\u00e3o de Novas Tecnologias de Informa\u00e7\u00e3o no Ensino e Pesquisa<\/td>\n<td>\n<table>\n<tbody>\n<tr>\n<td>6<\/td>\n<\/tr>\n<\/tbody>\n<\/table>\n<\/td>\n<\/tr>\n<tr>\n<td>\n<table width=\"90\">\n<tbody>\n<tr>\n<td>8045782<\/td>\n<\/tr>\n<\/tbody>\n<\/table>\n<\/td>\n<td>Conten\u00e7\u00e3o Intra-Radicular: Uma Extens\u00e3o da Terapia Endod\u00f4ntica<\/td>\n<td>\n<table>\n<tbody>\n<tr>\n<td>3<\/td>\n<\/tr>\n<\/tbody>\n<\/table>\n<\/td>\n<\/tr>\n<tr>\n<td>\n<table width=\"90\">\n<tbody>\n<tr>\n<td>8045783<\/td>\n<\/tr>\n<\/tbody>\n<\/table>\n<\/td>\n<td>No\u00e7\u00f5es de Pl\u00e1gio<\/td>\n<td>\n<table>\n<tbody>\n<tr>\n<td>3<\/td>\n<\/tr>\n<\/tbody>\n<\/table>\n<\/td>\n<\/tr>\n<tr>\n<td>\n<table width=\"90\">\n<tbody>\n<tr>\n<td>8045784<\/td>\n<\/tr>\n<\/tbody>\n<\/table>\n<\/td>\n<td>Estudos Cl\u00ednicos I<\/td>\n<td>\n<table>\n<tbody>\n<tr>\n<td>6<\/td>\n<\/tr>\n<\/tbody>\n<\/table>\n<\/td>\n<\/tr>\n<tr>\n<td>\n<table width=\"90\">\n<tbody>\n<tr>\n<td>8045785<\/td>\n<\/tr>\n<\/tbody>\n<\/table>\n<\/td>\n<td>T\u00e9cnicas Microbiol\u00f3gicas Aplicadas \u00e0 Odontologia: da Microbiota Planct\u00f4nica ao Biofilme<\/td>\n<td>\n<table>\n<tbody>\n<tr>\n<td>6<\/td>\n<\/tr>\n<\/tbody>\n<\/table>\n<\/td>\n<\/tr>\n<tr>\n<td>\n<table width=\"90\">\n<tbody>\n<tr>\n<td>8045786<\/td>\n<\/tr>\n<\/tbody>\n<\/table>\n<\/td>\n<td>Terapia Fotodin\u00e2mica na Odontologia Restauradora<\/td>\n<td>\n<table>\n<tbody>\n<tr>\n<td>6<\/td>\n<\/tr>\n<\/tbody>\n<\/table>\n<\/td>\n<\/tr>\n<tr>\n<td>\n<table width=\"90\">\n<tbody>\n<tr>\n<td>8045787<\/td>\n<\/tr>\n<\/tbody>\n<\/table>\n<\/td>\n<td>Metodologia de Pesquisa e Din\u00e2mica de Ensino em Odontologia<\/td>\n<td>\n<table>\n<tbody>\n<tr>\n<td>4<\/td>\n<\/tr>\n<\/tbody>\n<\/table>\n<\/td>\n<\/tr>\n<tr>\n<td>\n<table width=\"90\">\n<tbody>\n<tr>\n<td>8045788<\/td>\n<\/tr>\n<\/tbody>\n<\/table>\n<\/td>\n<td>Tomografia Computadorizada de Feixe C\u00f4nico: Aplica\u00e7\u00f5es e Metodologias de Pesquisa em Endodontia<\/td>\n<td>\n<table>\n<tbody>\n<tr>\n<td>6<\/td>\n<\/tr>\n<\/tbody>\n<\/table>\n<\/td>\n<\/tr>\n<tr>\n<td>\n<table width=\"90\">\n<tbody>\n<tr>\n<td>8055743<\/td>\n<\/tr>\n<\/tbody>\n<\/table>\n<\/td>\n<td>Aspectos \u00c9ticos e Legais da Documenta\u00e7\u00e3o Odontol\u00f3gica em Pesquisas Cl\u00ednicas<\/td>\n<td>\n<table>\n<tbody>\n<tr>\n<td>3<\/td>\n<\/tr>\n<\/tbody>\n<\/table>\n<\/td>\n<\/tr>\n<\/tbody>\n<\/table>\n","protected":false},"excerpt":{"rendered":"<p>Disciplinas Credenciadas no Programa de P\u00f3s-Gradua\u00e7\u00e3o em Odontologia Restauradora C\u00f3digo Nome Cr\u00e9ditos 8035743 Metodologias e [&hellip;]<\/p>\n","protected":false},"author":168,"featured_media":0,"parent":0,"menu_order":0,"comment_status":"closed","ping_status":"closed","template":"","meta":{"footnotes":"","_links_to":"","_links_to_target":""},"class_list":["post-482","page","type-page","status-publish","hentry"],"_links":{"self":[{"href":"https:\/\/sites.usp.br\/restauradoraforpusp\/wp-json\/wp\/v2\/pages\/482","targetHints":{"allow":["GET"]}}],"collection":[{"href":"https:\/\/sites.usp.br\/restauradoraforpusp\/wp-json\/wp\/v2\/pages"}],"about":[{"href":"https:\/\/sites.usp.br\/restauradoraforpusp\/wp-json\/wp\/v2\/types\/page"}],"author":[{"embeddable":true,"href":"https:\/\/sites.usp.br\/restauradoraforpusp\/wp-json\/wp\/v2\/users\/168"}],"replies":[{"embeddable":true,"href":"https:\/\/sites.usp.br\/restauradoraforpusp\/wp-json\/wp\/v2\/comments?post=482"}],"version-history":[{"count":3,"href":"https:\/\/sites.usp.br\/restauradoraforpusp\/wp-json\/wp\/v2\/pages\/482\/revisions"}],"predecessor-version":[{"id":487,"href":"https:\/\/sites.usp.br\/restauradoraforpusp\/wp-json\/wp\/v2\/pages\/482\/revisions\/487"}],"wp:attachment":[{"href":"https:\/\/sites.usp.br\/restauradoraforpusp\/wp-json\/wp\/v2\/media?parent=482"}],"curies":[{"name":"wp","href":"https:\/\/api.w.org\/{rel}","templated":true}]}}