{"id":38,"date":"2022-06-21T14:16:09","date_gmt":"2022-06-21T17:16:09","guid":{"rendered":"https:\/\/sites.usp.br\/retina\/?page_id=38"},"modified":"2022-06-21T14:34:10","modified_gmt":"2022-06-21T17:34:10","slug":"privacidade-e-termos-de-uso","status":"publish","type":"page","link":"https:\/\/sites.usp.br\/retina\/privacidade-e-termos-de-uso\/","title":{"rendered":"Termos de Uso e Pol\u00edtica de Privacidade"},"content":{"rendered":"<h4><img fetchpriority=\"high\" decoding=\"async\" class=\"aligncenter wp-image-40 size-large\" src=\"https:\/\/sites.usp.br\/retina\/wp-content\/uploads\/sites\/1120\/2022\/06\/surgeons-1024x697.jpg\" alt=\"\" width=\"1024\" height=\"697\" srcset=\"https:\/\/sites.usp.br\/retina\/wp-content\/uploads\/sites\/1120\/2022\/06\/surgeons-1024x697.jpg 1024w, https:\/\/sites.usp.br\/retina\/wp-content\/uploads\/sites\/1120\/2022\/06\/surgeons-300x204.jpg 300w, https:\/\/sites.usp.br\/retina\/wp-content\/uploads\/sites\/1120\/2022\/06\/surgeons-768x523.jpg 768w, https:\/\/sites.usp.br\/retina\/wp-content\/uploads\/sites\/1120\/2022\/06\/surgeons.jpg 1034w\" sizes=\"(max-width: 1024px) 100vw, 1024px\" \/><\/h4>\n<h4 style=\"text-align: justify;\">Termos de Uso e Pol\u00edtica de Privacidade<\/h4>\n<p style=\"text-align: justify;\">O Retina Grand Rounds estabelece neste Termo de Uso e Pol\u00edtica de Privacidade as condi\u00e7\u00f5es para acesso e utiliza\u00e7\u00e3o do Retina Grand Rounds, atrav\u00e9s do qual os Usu\u00e1rios poder\u00e3o conectar-se a diversos conte\u00fados de car\u00e1ter educacional. Aceite do Termo de Uso pelo Usu\u00e1rio<\/p>\n<p style=\"text-align: justify;\">O Usu\u00e1rio deve ler atentamente os termos abaixo antes de acessar ou utilizar o\u00a0website ou aplicativo do Retina Grand Rounds, pois seu uso ou acesso implica automaticamente no aceite e concord\u00e2ncia\u00a0integral das disposi\u00e7\u00f5es deste Termo de Uso e da Pol\u00edtica de Privacidade.\u00a0Demais avisos e instru\u00e7\u00f5es eventualmente publicados atrav\u00e9s do Retina Grand Rounds dever\u00e3o\u00a0ser compreendidos como complementares a este Termo de Uso, devendo o Usu\u00e1rio, da\u00a0mesma maneira, observ\u00e1-los e respeit\u00e1-los integralmente. O Retina Grand Rounds se reserva o direito de modificar, livremente e a qualquer tempo,\u00a0sem comunica\u00e7\u00e3o pr\u00e9via, o presente Termo de Uso. O Usu\u00e1rio poder\u00e1 acessar a vers\u00e3o\u00a0mais recente do Termo de Uso a qualquer hora atrav\u00e9s do link\u00a0\u00a0TERMO DE USO.\u00a0Caso o Usu\u00e1rio, eventualmente, n\u00e3o concorde com qualquer das disposi\u00e7\u00f5es deste\u00a0Termo de Uso, n\u00e3o dever\u00e1 acessar do Retina Grand Rounds.<\/p>\n<h4 style=\"text-align: justify;\">Acesso ao Retina Grand Rounds<\/h4>\n<p style=\"text-align: justify;\">Para acessar e utilizar o website e aplicativo do Retina Grand Rounds o Usu\u00e1rio dever\u00e1 realizar um cadastro, mediante\u00a0cria\u00e7\u00e3o de um perfil com login e senha e fornecimento de alguns dados pessoais. \u00c9\u00a0responsabilidade do Usu\u00e1rio manter seus dados sempre atualizados.\u00a0O Usu\u00e1rio se responsabiliza pela precis\u00e3o e veracidade dos dados informados e\u00a0reconhece que a inconsist\u00eancia destes poder\u00e1 implicar a impossibilidade de acessar o\u00a0e\/ou utilizar o Retina Grand Rounds.\u00a0Ao acessar o Retina Grand Rounds o Usu\u00e1rio concorda e compromete-se a utilizar os Conte\u00fados\u00a0somente para os fins permitidos e em conformidade com o disposto neste Termo de\u00a0Uso, com a legisla\u00e7\u00e3o em vigor e com a moral e bons costumes. Al\u00e9m disso, o Usu\u00e1rio concorda e obriga-se a:<\/p>\n<ul>\n<li style=\"text-align: justify;\">N\u00e3o acessar, nem sequer tentar acessar, a qualquer ambiente por qualquer meio que\u00a0n\u00e3o seja atrav\u00e9s da interface disponibilizada pelo Retina Grand Rounds inclusive por meio de meios automatizados;<\/li>\n<li style=\"text-align: justify;\">N\u00e3o participar de nenhum processo ou atividade que interfira ou interrompa o funcionamento do Retina Grand Rounds, servidores e ainda de redes conectadas aos Conte\u00fados do Retina Grand Rounds;<\/li>\n<li style=\"text-align: justify;\">N\u00e3o reproduzir, duplicar, copiar, vender, comercializar ou revender os Conte\u00fados do Retina Grand Rounds a qualquer t\u00edtulo.<\/li>\n<\/ul>\n<p>&nbsp;<\/p>\n<h4 style=\"text-align: justify;\">Direitos Autorais e Propriedade Intelectual<\/h4>\n<p style=\"text-align: justify;\">As marcas, nomes comerciais ou sinais distintivos de qualquer esp\u00e9cie que est\u00e3o\u00a0veiculadas no Retina Grand Rounds s\u00e3o de \u00fanica e exclusiva titularidade do Retina Grand Rounds.\u00a0A simples utiliza\u00e7\u00e3o do Retina Grand Rounds, bem como de seus Conte\u00fados, n\u00e3o concede ao\u00a0Usu\u00e1rio nenhuma cess\u00e3o, licenciamento, autoriza\u00e7\u00e3o ou ainda qualquer outro direito de\u00a0uso de qualquer marca, nome comercial ou sinal distintivo de terceiro.\u00a0Todos os direitos de reprodu\u00e7\u00e3o e representa\u00e7\u00e3o s\u00e3o reservados ao Retina Grand Rounds.\u00a0Todas as informa\u00e7\u00f5es e Conte\u00fados reproduzidos no Retina Grand Rounds s\u00e3o protegidos por\u00a0direitos autorais e de propriedade intelectual, os quais s\u00e3o de titularidade do Retina Grand Rounds ou lhe foram outorgados, sob licen\u00e7a ou autoriza\u00e7\u00e3o, por seus titulares para\u00a0sua leg\u00edtima utiliza\u00e7\u00e3o. Portanto, nenhuma destas informa\u00e7\u00f5es e\/ou Conte\u00fados podem\u00a0ser reproduzidos, modificados, armazenados, re-difundidos, traduzidos, explorados\u00a0comercialmente ou reutilizados, total ou parcialmente, salvo mediante consentimento\u00a0pr\u00e9vio por escrito do Retina Grand Rounds.<\/p>\n<p style=\"text-align: justify;\">No caso de eventual uso indevido pelo Usu\u00e1rio das informa\u00e7\u00f5es e\/ou Conte\u00fados\u00a0veiculados no website e aplicativo, o Retina Grand Rounds se reserva o direito de promover a\u00a0imediata rescis\u00e3o do contrato e o cancelamento do acesso ao Retina Grand Rounds. Al\u00e9m disso, o\u00a0Usu\u00e1rio assume toda e integral responsabilidade pelo uso indevido das informa\u00e7\u00f5es e\/ou\u00a0Conte\u00fados, no \u00e2mbito civil e\/ou criminal.\u00a0O Usu\u00e1rio que publicar conte\u00fado original pr\u00f3prio (textos, imagens, v\u00eddeos) autoriza o Retina Grand Rounds, de forma definitiva e atemporal, a fazer o uso e publica\u00e7\u00e3o de tais\u00a0conte\u00fados no Retina Grand Rounds.\u00a0O conte\u00fado publicado pelo Usu\u00e1rio no Retina Grand Rounds poder\u00e1 ser compartilhado com\u00a0outros Usu\u00e1rios do Retina Grand Rounds. O Retina Grand Rounds desenvolveu o website e aplicativo para M\u00e9dicos para facilitar o acesso aos materiais educacionais e aperfei\u00e7oar a comunica\u00e7\u00e3o com os m\u00e9dicos que utilizam seus servi\u00e7os. Por meio desse website e aplicativo, voc\u00ea ter\u00e1 acesso, no seu computador, aparelho celular ou tablet, a todo conte\u00fado digital disponibizado mediante autoriza\u00e7\u00e3o do detentor da propriedade intelectual. Antes de utilizar o website Retina Grand Rounds para M\u00e9dicos, \u00e9 importante que voc\u00ea entenda as regras de uso do mesmo e as pr\u00e1ticas de privacidade adotadas pelo Retina Grand Rounds. Por isso, o Retina Grand Rounds desenvolveu estes Termos de Uso e Pol\u00edtica de Privacidade para deixar claro: como voc\u00ea deve usar o website e aplicativo; a quais dados o Retina Grand Rounds ter\u00e1 acesso quando voc\u00ea usar o website ou aplicativo; como o Retina Grand Rounds poder\u00e1 usar esses dados; e quais as responsabilidades de cada um no uso das ferramentas.<\/p>\n<p style=\"text-align: justify;\">Ao clicar em \u201cli e concordo\u201d, voc\u00ea se submeter\u00e1 automaticamente \u00e0s regras destes Termos de Uso e Pol\u00edtica de Privacidade. Antes de fazer isso, \u00e9 importante que voc\u00ea leia com aten\u00e7\u00e3o este documento e entenda as regras do aplicativo. Lembre que, neste documento, chamaremos voc\u00ea de Usu\u00e1rio.<\/p>\n<h4 style=\"text-align: justify;\">Como os dados ser\u00e3o usados<\/h4>\n<p style=\"text-align: justify;\">O Retina Grand Rounds utilizar\u00e1 os Dados Cadastrais do Usu\u00e1rio para possibilitar o acesso ao website e aplicativo, individualizar o Usu\u00e1rio, e criar um canal de comunica\u00e7\u00e3o mais efetivo com os m\u00e9dicos que utilizam os seus servi\u00e7os. Esses dados poder\u00e3o ser utilizados pelo Retina Grand Rounds, em especial, para verifica\u00e7\u00f5es de seguran\u00e7a e\/ou recupera\u00e7\u00e3o de senha no acesso ao aplicativo, e para envio de informa\u00e7\u00f5es ao Usu\u00e1rio, tais como comunica\u00e7\u00f5es sobre os servi\u00e7os do Retina Grand Rounds, sobre o aplicativo e sobre temas cient\u00edficos. O Usu\u00e1rio que n\u00e3o desejar receber determinadas informa\u00e7\u00f5es e\/ou comunica\u00e7\u00f5es, poder\u00e1 fazer essa op\u00e7\u00e3o atualizando suas prefer\u00eancias no website ou aplicativo. Os Dados de Interesse do Usu\u00e1rio poder\u00e3o ser utilizados para cria\u00e7\u00e3o, desenvolvimento, opera\u00e7\u00e3o, fornecimento e melhoria dos servi\u00e7os do Retina Grand Rounds. Os Dados do Paciente poder\u00e3o ser utilizados pelo Retina Grand Rounds e pelo Usu\u00e1rio unicamente para fins m\u00e9dicos educacionais, de tratamento ou cient\u00edficos, nos limites do consentimento dado pelo pr\u00f3prio paciente, e respeitado o direito de privacidade do paciente e o dever de sigilo profissional, nos termos da lei. Os dados dispon\u00edveis no aplicativo poder\u00e3o ainda ser utilizados pelo Retina Grand Rounds para as seguintes finalidades:<\/p>\n<ul>\n<li style=\"text-align: justify;\">Responder d\u00favidas e solicita\u00e7\u00f5es do usu\u00e1rio;<\/li>\n<li style=\"text-align: justify;\">Cumprimento de ordem legal ou judicial;<\/li>\n<li style=\"text-align: justify;\">Constituir, defender ou exercer regularmente direitos em \u00e2mbito judicial ou administrativo;<br \/>\nGarantir a seguran\u00e7a dos usu\u00e1rios;<\/li>\n<li style=\"text-align: justify;\">Gerar an\u00e1lises e estudos com base no comportamento de uso das ferramentas, site, e servi\u00e7os do Retina Grand Rounds;<br \/>\nAperfei\u00e7oar o uso e a experi\u00eancia interativa durante a navega\u00e7\u00e3o do usu\u00e1rio no aplicativo e demais ferramentas e plataformas lan\u00e7adas pelo Retina Grand Rounds;<\/li>\n<li style=\"text-align: justify;\">Atender a necessidades de auditoria interna e\/ou externa, esta \u00faltima realizada ou exigida por \u00f3rg\u00e3o da administra\u00e7\u00e3o p\u00fablica direta ou indireta ou por terceiro imparcial.<\/li>\n<\/ul>\n<p>O Retina Grand Rounds n\u00e3o comercializar\u00e1 dados do Usu\u00e1rio. O Retina Grand Rounds somente compartilhar\u00e1 dados do Usu\u00e1rio com terceiros nos casos previstos nestes Termos de Uso e Pol\u00edtica de Privacidade.<\/p>\n<h4 style=\"text-align: justify;\">Cookies\u00a0e outras tecnologias de rastreamento<\/h4>\n<p style=\"text-align: justify;\">O website pode usar cookies e outras tecnologias de rastreamento, como\u00a0pixel, tags\u00a0e\u00a0beacons. Essas tecnologias de rastreamento s\u00e3o sistemas capazes de coletar e armazenar informa\u00e7\u00f5es sobre a navega\u00e7\u00e3o no equipamento do Usu\u00e1rio e atividades em an\u00fancios exibidos no aplicativo. O Retina Grand Rounds pode utilizar essas informa\u00e7\u00f5es para oferecimento de conte\u00fado e ofertas personalizados de acordo com os interesses do Usu\u00e1rio, e para an\u00e1lise de tr\u00e1fego no website.<\/p>\n<h4 style=\"text-align: justify;\">An\u00fancios<\/h4>\n<p style=\"text-align: justify;\">Este site n\u00e3o aceita propagandas. Os autores do Retina Grand Rounds n\u00e3o recomendam nem endossam os produtos ou servi\u00e7os de terceiros. N\u00e3o recomendamos nem endossamos nenhum teste, medicamento, dispositivo, produto, servi\u00e7o, m\u00e9dico ou institui\u00e7\u00e3o m\u00e9dica espec\u00edfica que possa ser mencionada ou referenciada neste site. Quaisquer anunciantes que ap\u00f3iam este site n\u00e3o influenciam o conte\u00fado ou a apresenta\u00e7\u00e3o editorial e esses an\u00fancios n\u00e3o s\u00e3o impl\u00edcitos ou expressam endossos a qualquer produto, servi\u00e7o ou empresa.<\/p>\n<h4 style=\"text-align: justify;\">Disposi\u00e7\u00f5es finais<\/h4>\n<p style=\"text-align: justify;\">Os dados do Usu\u00e1rio disponibilizados por meio do website ou aplicativo somente poder\u00e3o ser acessados e processados por profissionais autorizados pelo Retina Grand Rounds. O Retina Grand Rounds se reserva do direito de, a qualquer tempo, promover altera\u00e7\u00f5es a estes Termos de Uso e Pol\u00edtica de Privacidade. Essas altera\u00e7\u00f5es ser\u00e3o informadas ao Usu\u00e1rio no pr\u00f3prio aplicativo e\/ou no site do Retina Grand Rounds e o Usu\u00e1rio que se opuser a qualquer das modifica\u00e7\u00f5es a esse documento poder\u00e1 cessar o uso dos mesmos. A vers\u00e3o mais recente destes Termos de Uso e Privacidade estar\u00e1 sempre dispon\u00edvel para consulta do Usu\u00e1rio no pr\u00f3prio aplicativo e\/ou no site do Retina Grand Rounds. Para fins de opera\u00e7\u00e3o e manuten\u00e7\u00e3o do aplicativo, o Retina Grand Rounds e\/ou terceiros por ela autorizados podem coletar arquivos que registram intera\u00e7\u00e3o com o aplicativo (logs do sistema) ou usam outros dados do Usu\u00e1rio (tais como endere\u00e7o de protocolo da internet \u2013 \u201cIP\u201d). Esses dados estar\u00e3o tamb\u00e9m sujeitos \u00e0s regras de privacidade estabelecidas nestes Termos de Uso e Pol\u00edtica de Privacidade.<\/p>\n<p style=\"text-align: justify;\">Ao concordar, o Usu\u00e1rio submeter-se-\u00e1 automaticamente aos termos e condi\u00e7\u00f5es estabelecidos pelo presente \u201cTermos de Uso e Pol\u00edtica de Privacidade\u201d.<\/p>\n","protected":false},"excerpt":{"rendered":"<p>Termos de Uso e Pol\u00edtica de Privacidade O Retina Grand Rounds estabelece neste Termo de Uso e Pol\u00edtica de Privacidade as condi\u00e7\u00f5es para acesso e utiliza\u00e7\u00e3o do Retina Grand Rounds, atrav\u00e9s do qual os Usu\u00e1rios poder\u00e3o conectar-se a diversos conte\u00fados de car\u00e1ter educacional. Aceite do Termo de Uso pelo Usu\u00e1rio O Usu\u00e1rio deve ler atentamente [&hellip;]<\/p>\n","protected":false},"author":635,"featured_media":0,"parent":0,"menu_order":0,"comment_status":"closed","ping_status":"closed","template":"","meta":{"ocean_post_layout":"","ocean_both_sidebars_style":"","ocean_both_sidebars_content_width":0,"ocean_both_sidebars_sidebars_width":0,"ocean_sidebar":"0","ocean_second_sidebar":"0","ocean_disable_margins":"enable","ocean_add_body_class":"","ocean_shortcode_before_top_bar":"","ocean_shortcode_after_top_bar":"","ocean_shortcode_before_header":"","ocean_shortcode_after_header":"","ocean_has_shortcode":"","ocean_shortcode_after_title":"","ocean_shortcode_before_footer_widgets":"","ocean_shortcode_after_footer_widgets":"","ocean_shortcode_before_footer_bottom":"","ocean_shortcode_after_footer_bottom":"","ocean_display_top_bar":"default","ocean_display_header":"default","ocean_header_style":"","ocean_center_header_left_menu":"0","ocean_custom_header_template":"0","ocean_custom_logo":0,"ocean_custom_retina_logo":0,"ocean_custom_logo_max_width":0,"ocean_custom_logo_tablet_max_width":0,"ocean_custom_logo_mobile_max_width":0,"ocean_custom_logo_max_height":0,"ocean_custom_logo_tablet_max_height":0,"ocean_custom_logo_mobile_max_height":0,"ocean_header_custom_menu":"0","ocean_menu_typo_font_family":"0","ocean_menu_typo_font_subset":"","ocean_menu_typo_font_size":0,"ocean_menu_typo_font_size_tablet":0,"ocean_menu_typo_font_size_mobile":0,"ocean_menu_typo_font_size_unit":"px","ocean_menu_typo_font_weight":"","ocean_menu_typo_font_weight_tablet":"","ocean_menu_typo_font_weight_mobile":"","ocean_menu_typo_transform":"","ocean_menu_typo_transform_tablet":"","ocean_menu_typo_transform_mobile":"","ocean_menu_typo_line_height":0,"ocean_menu_typo_line_height_tablet":0,"ocean_menu_typo_line_height_mobile":0,"ocean_menu_typo_line_height_unit":"","ocean_menu_typo_spacing":0,"ocean_menu_typo_spacing_tablet":0,"ocean_menu_typo_spacing_mobile":0,"ocean_menu_typo_spacing_unit":"","ocean_menu_link_color":"","ocean_menu_link_color_hover":"","ocean_menu_link_color_active":"","ocean_menu_link_background":"","ocean_menu_link_hover_background":"","ocean_menu_link_active_background":"","ocean_menu_social_links_bg":"","ocean_menu_social_hover_links_bg":"","ocean_menu_social_links_color":"","ocean_menu_social_hover_links_color":"","ocean_disable_title":"default","ocean_disable_heading":"default","ocean_post_title":"","ocean_post_subheading":"","ocean_post_title_style":"","ocean_post_title_background_color":"","ocean_post_title_background":0,"ocean_post_title_bg_image_position":"","ocean_post_title_bg_image_attachment":"","ocean_post_title_bg_image_repeat":"","ocean_post_title_bg_image_size":"","ocean_post_title_height":0,"ocean_post_title_bg_overlay":0.5,"ocean_post_title_bg_overlay_color":"","ocean_disable_breadcrumbs":"default","ocean_breadcrumbs_color":"","ocean_breadcrumbs_separator_color":"","ocean_breadcrumbs_links_color":"","ocean_breadcrumbs_links_hover_color":"","ocean_display_footer_widgets":"default","ocean_display_footer_bottom":"default","ocean_custom_footer_template":"0","footnotes":"","_links_to":"","_links_to_target":""},"class_list":["post-38","page","type-page","status-publish","hentry","entry"],"_links":{"self":[{"href":"https:\/\/sites.usp.br\/retina\/wp-json\/wp\/v2\/pages\/38","targetHints":{"allow":["GET"]}}],"collection":[{"href":"https:\/\/sites.usp.br\/retina\/wp-json\/wp\/v2\/pages"}],"about":[{"href":"https:\/\/sites.usp.br\/retina\/wp-json\/wp\/v2\/types\/page"}],"author":[{"embeddable":true,"href":"https:\/\/sites.usp.br\/retina\/wp-json\/wp\/v2\/users\/635"}],"replies":[{"embeddable":true,"href":"https:\/\/sites.usp.br\/retina\/wp-json\/wp\/v2\/comments?post=38"}],"version-history":[{"count":3,"href":"https:\/\/sites.usp.br\/retina\/wp-json\/wp\/v2\/pages\/38\/revisions"}],"predecessor-version":[{"id":50,"href":"https:\/\/sites.usp.br\/retina\/wp-json\/wp\/v2\/pages\/38\/revisions\/50"}],"wp:attachment":[{"href":"https:\/\/sites.usp.br\/retina\/wp-json\/wp\/v2\/media?parent=38"}],"curies":[{"name":"wp","href":"https:\/\/api.w.org\/{rel}","templated":true}]}}