{"id":9,"date":"2022-06-21T11:31:55","date_gmt":"2022-06-21T14:31:55","guid":{"rendered":"https:\/\/sites.usp.br\/retina\/?page_id=9"},"modified":"2022-06-22T09:53:16","modified_gmt":"2022-06-22T12:53:16","slug":"home","status":"publish","type":"page","link":"https:\/\/sites.usp.br\/retina\/","title":{"rendered":"Home"},"content":{"rendered":"\t\t<div data-elementor-type=\"wp-page\" data-elementor-id=\"9\" class=\"elementor elementor-9\" data-elementor-post-type=\"page\">\n\t\t\t\t\t\t<section class=\"elementor-section elementor-top-section elementor-element elementor-element-a115c70 elementor-section-stretched elementor-section-boxed elementor-section-height-default elementor-section-height-default\" data-id=\"a115c70\" data-element_type=\"section\" data-settings=\"{&quot;stretch_section&quot;:&quot;section-stretched&quot;,&quot;background_background&quot;:&quot;classic&quot;}\">\n\t\t\t\t\t\t<div class=\"elementor-container elementor-column-gap-default\">\n\t\t\t\t\t<div class=\"elementor-column elementor-col-100 elementor-top-column elementor-element elementor-element-f819f4f\" data-id=\"f819f4f\" data-element_type=\"column\">\n\t\t\t<div class=\"elementor-widget-wrap elementor-element-populated\">\n\t\t\t\t\t\t<div class=\"elementor-element elementor-element-f2aa529 elementor-widget elementor-widget-image\" data-id=\"f2aa529\" data-element_type=\"widget\" data-widget_type=\"image.default\">\n\t\t\t\t<div class=\"elementor-widget-container\">\n\t\t\t\t\t\t\t\t\t\t\t\t\t<img fetchpriority=\"high\" decoding=\"async\" width=\"600\" height=\"230\" src=\"https:\/\/sites.usp.br\/retina\/wp-content\/uploads\/sites\/1120\/2022\/06\/Retina.png\" class=\"attachment-large size-large wp-image-31\" alt=\"\" srcset=\"https:\/\/sites.usp.br\/retina\/wp-content\/uploads\/sites\/1120\/2022\/06\/Retina.png 600w, https:\/\/sites.usp.br\/retina\/wp-content\/uploads\/sites\/1120\/2022\/06\/Retina-300x115.png 300w\" sizes=\"(max-width: 600px) 100vw, 600px\" \/>\t\t\t\t\t\t\t\t\t\t\t\t\t<\/div>\n\t\t\t\t<\/div>\n\t\t\t\t<section class=\"elementor-section elementor-inner-section elementor-element elementor-element-e45f254 elementor-section-boxed elementor-section-height-default elementor-section-height-default\" data-id=\"e45f254\" data-element_type=\"section\">\n\t\t\t\t\t\t<div class=\"elementor-container elementor-column-gap-default\">\n\t\t\t\t\t<div class=\"elementor-column elementor-col-50 elementor-inner-column elementor-element elementor-element-878fd99\" data-id=\"878fd99\" data-element_type=\"column\">\n\t\t\t<div class=\"elementor-widget-wrap elementor-element-populated\">\n\t\t\t\t\t\t<div class=\"elementor-element elementor-element-0c23814 elementor-widget elementor-widget-image\" data-id=\"0c23814\" data-element_type=\"widget\" data-widget_type=\"image.default\">\n\t\t\t\t<div class=\"elementor-widget-container\">\n\t\t\t\t\t\t\t\t\t\t\t\t\t<img decoding=\"async\" width=\"347\" height=\"62\" src=\"https:\/\/sites.usp.br\/retina\/wp-content\/uploads\/sites\/1120\/2022\/06\/Grand.png\" class=\"attachment-large size-large wp-image-32\" alt=\"\" srcset=\"https:\/\/sites.usp.br\/retina\/wp-content\/uploads\/sites\/1120\/2022\/06\/Grand.png 347w, https:\/\/sites.usp.br\/retina\/wp-content\/uploads\/sites\/1120\/2022\/06\/Grand-300x54.png 300w\" sizes=\"(max-width: 347px) 100vw, 347px\" \/>\t\t\t\t\t\t\t\t\t\t\t\t\t<\/div>\n\t\t\t\t<\/div>\n\t\t\t\t\t<\/div>\n\t\t<\/div>\n\t\t\t\t<div class=\"elementor-column elementor-col-50 elementor-inner-column elementor-element elementor-element-b20ff0b\" data-id=\"b20ff0b\" data-element_type=\"column\">\n\t\t\t<div class=\"elementor-widget-wrap elementor-element-populated\">\n\t\t\t\t\t\t<div class=\"elementor-element elementor-element-1ede951 elementor-widget elementor-widget-image\" data-id=\"1ede951\" data-element_type=\"widget\" data-widget_type=\"image.default\">\n\t\t\t\t<div class=\"elementor-widget-container\">\n\t\t\t\t\t\t\t\t\t\t\t\t\t<img decoding=\"async\" width=\"405\" height=\"62\" src=\"https:\/\/sites.usp.br\/retina\/wp-content\/uploads\/sites\/1120\/2022\/06\/Rounds.png\" class=\"attachment-large size-large wp-image-33\" alt=\"\" srcset=\"https:\/\/sites.usp.br\/retina\/wp-content\/uploads\/sites\/1120\/2022\/06\/Rounds.png 405w, https:\/\/sites.usp.br\/retina\/wp-content\/uploads\/sites\/1120\/2022\/06\/Rounds-300x46.png 300w\" sizes=\"(max-width: 405px) 100vw, 405px\" \/>\t\t\t\t\t\t\t\t\t\t\t\t\t<\/div>\n\t\t\t\t<\/div>\n\t\t\t\t\t<\/div>\n\t\t<\/div>\n\t\t\t\t\t<\/div>\n\t\t<\/section>\n\t\t\t\t<div class=\"elementor-element elementor-element-bd06c55 elementor-widget elementor-widget-text-editor\" data-id=\"bd06c55\" data-element_type=\"widget\" data-widget_type=\"text-editor.default\">\n\t\t\t\t<div class=\"elementor-widget-container\">\n\t\t\t\t\t\t\t<p style=\"text-align: justify;\">Aulas, casos cl\u00ednicos, trabalhos cient\u00edficos e discuss\u00f5es sobre temas desafiadores da Oftalmologia. O conte\u00fado \u00e9 cl\u00ednico e cir\u00fargico, com foco em RETINA. As aulas e os casos s\u00e3o atuais e interessantes, estimulando a plateia virtual e os convidados a comentarem sobre diagn\u00f3stico, tratamento, evolu\u00e7\u00e3o e novas informa\u00e7\u00f5es sobre pesquisa de vanguarda.<br \/>\u00a0<br \/>Cada evento abrange um tema espec\u00edfico em Retina e V\u00edtreo e \u00e1reas afins.\u00a0 No final da apresenta\u00e7\u00e3o, a discuss\u00e3o de casos e questionamentos \u00e9 aberta aos participantes. Renomados especialistas em oftalmologia de todo Brasil, e do mundo, s\u00e3o convidados a apresentar enriquecendo a din\u00e2mica de aprendizado cont\u00ednuo e interc\u00e2mbio de informa\u00e7\u00f5es em sa\u00fade.<\/p>\t\t\t\t\t\t<\/div>\n\t\t\t\t<\/div>\n\t\t\t\t<div class=\"elementor-element elementor-element-f2ba117 elementor-widget elementor-widget-video\" data-id=\"f2ba117\" data-element_type=\"widget\" data-settings=\"{&quot;video_type&quot;:&quot;hosted&quot;,&quot;autoplay&quot;:&quot;yes&quot;,&quot;mute&quot;:&quot;yes&quot;,&quot;loop&quot;:&quot;yes&quot;,&quot;controls&quot;:&quot;yes&quot;}\" data-widget_type=\"video.default\">\n\t\t\t\t<div class=\"elementor-widget-container\">\n\t\t\t\t\t<div class=\"e-hosted-video elementor-wrapper elementor-open-inline\">\n\t\t\t\t\t<video class=\"elementor-video\" src=\"https:\/\/sites.usp.br\/retina\/wp-content\/uploads\/sites\/1120\/2022\/06\/Video-home.mp4\" autoplay=\"\" loop=\"\" controls=\"\" muted=\"muted\" controlsList=\"nodownload\" poster=\"https:\/\/sites.usp.br\/retina\/wp-content\/uploads\/sites\/1120\/2022\/06\/logo.png\"><\/video>\n\t\t\t\t<\/div>\n\t\t\t\t<\/div>\n\t\t\t\t<\/div>\n\t\t\t\t\t<\/div>\n\t\t<\/div>\n\t\t\t\t\t<\/div>\n\t\t<\/section>\n\t\t\t\t<\/div>\n\t\t","protected":false},"excerpt":{"rendered":"<p>Aulas, casos cl\u00ednicos, trabalhos cient\u00edficos e discuss\u00f5es sobre temas desafiadores da Oftalmologia. O conte\u00fado \u00e9 cl\u00ednico e cir\u00fargico, com foco em RETINA. As aulas e os casos s\u00e3o atuais e interessantes, estimulando a plateia virtual e os convidados a comentarem sobre diagn\u00f3stico, tratamento, evolu\u00e7\u00e3o e novas informa\u00e7\u00f5es sobre pesquisa de vanguarda.\u00a0Cada evento abrange um tema [&hellip;]<\/p>\n","protected":false},"author":635,"featured_media":0,"parent":0,"menu_order":0,"comment_status":"closed","ping_status":"closed","template":"","meta":{"ocean_post_layout":"","ocean_both_sidebars_style":"","ocean_both_sidebars_content_width":0,"ocean_both_sidebars_sidebars_width":0,"ocean_sidebar":"0","ocean_second_sidebar":"0","ocean_disable_margins":"enable","ocean_add_body_class":"","ocean_shortcode_before_top_bar":"","ocean_shortcode_after_top_bar":"","ocean_shortcode_before_header":"","ocean_shortcode_after_header":"","ocean_has_shortcode":"","ocean_shortcode_after_title":"","ocean_shortcode_before_footer_widgets":"","ocean_shortcode_after_footer_widgets":"","ocean_shortcode_before_footer_bottom":"","ocean_shortcode_after_footer_bottom":"","ocean_display_top_bar":"default","ocean_display_header":"default","ocean_header_style":"","ocean_center_header_left_menu":"0","ocean_custom_header_template":"0","ocean_custom_logo":0,"ocean_custom_retina_logo":0,"ocean_custom_logo_max_width":0,"ocean_custom_logo_tablet_max_width":0,"ocean_custom_logo_mobile_max_width":0,"ocean_custom_logo_max_height":0,"ocean_custom_logo_tablet_max_height":0,"ocean_custom_logo_mobile_max_height":0,"ocean_header_custom_menu":"0","ocean_menu_typo_font_family":"0","ocean_menu_typo_font_subset":"","ocean_menu_typo_font_size":0,"ocean_menu_typo_font_size_tablet":0,"ocean_menu_typo_font_size_mobile":0,"ocean_menu_typo_font_size_unit":"px","ocean_menu_typo_font_weight":"","ocean_menu_typo_font_weight_tablet":"","ocean_menu_typo_font_weight_mobile":"","ocean_menu_typo_transform":"","ocean_menu_typo_transform_tablet":"","ocean_menu_typo_transform_mobile":"","ocean_menu_typo_line_height":0,"ocean_menu_typo_line_height_tablet":0,"ocean_menu_typo_line_height_mobile":0,"ocean_menu_typo_line_height_unit":"","ocean_menu_typo_spacing":0,"ocean_menu_typo_spacing_tablet":0,"ocean_menu_typo_spacing_mobile":0,"ocean_menu_typo_spacing_unit":"","ocean_menu_link_color":"","ocean_menu_link_color_hover":"","ocean_menu_link_color_active":"","ocean_menu_link_background":"","ocean_menu_link_hover_background":"","ocean_menu_link_active_background":"","ocean_menu_social_links_bg":"","ocean_menu_social_hover_links_bg":"","ocean_menu_social_links_color":"","ocean_menu_social_hover_links_color":"","ocean_disable_title":"on","ocean_disable_heading":"default","ocean_post_title":"","ocean_post_subheading":"","ocean_post_title_style":"","ocean_post_title_background_color":"","ocean_post_title_background":0,"ocean_post_title_bg_image_position":"","ocean_post_title_bg_image_attachment":"","ocean_post_title_bg_image_repeat":"","ocean_post_title_bg_image_size":"","ocean_post_title_height":0,"ocean_post_title_bg_overlay":0.5,"ocean_post_title_bg_overlay_color":"","ocean_disable_breadcrumbs":"default","ocean_breadcrumbs_color":"","ocean_breadcrumbs_separator_color":"","ocean_breadcrumbs_links_color":"","ocean_breadcrumbs_links_hover_color":"","ocean_display_footer_widgets":"default","ocean_display_footer_bottom":"default","ocean_custom_footer_template":"0","footnotes":"","_links_to":"","_links_to_target":""},"class_list":["post-9","page","type-page","status-publish","hentry","entry"],"_links":{"self":[{"href":"https:\/\/sites.usp.br\/retina\/wp-json\/wp\/v2\/pages\/9","targetHints":{"allow":["GET"]}}],"collection":[{"href":"https:\/\/sites.usp.br\/retina\/wp-json\/wp\/v2\/pages"}],"about":[{"href":"https:\/\/sites.usp.br\/retina\/wp-json\/wp\/v2\/types\/page"}],"author":[{"embeddable":true,"href":"https:\/\/sites.usp.br\/retina\/wp-json\/wp\/v2\/users\/635"}],"replies":[{"embeddable":true,"href":"https:\/\/sites.usp.br\/retina\/wp-json\/wp\/v2\/comments?post=9"}],"version-history":[{"count":5,"href":"https:\/\/sites.usp.br\/retina\/wp-json\/wp\/v2\/pages\/9\/revisions"}],"predecessor-version":[{"id":593,"href":"https:\/\/sites.usp.br\/retina\/wp-json\/wp\/v2\/pages\/9\/revisions\/593"}],"wp:attachment":[{"href":"https:\/\/sites.usp.br\/retina\/wp-json\/wp\/v2\/media?parent=9"}],"curies":[{"name":"wp","href":"https:\/\/api.w.org\/{rel}","templated":true}]}}