{"id":64,"date":"2014-02-12T11:28:54","date_gmt":"2014-02-12T13:28:54","guid":{"rendered":"http:\/\/sites.usp.brretrovirus\/?page_id=64"},"modified":"2014-12-15T11:39:57","modified_gmt":"2014-12-15T13:39:57","slug":"impactos","status":"publish","type":"page","link":"https:\/\/sites.usp.br\/retrovirus\/impactos\/","title":{"rendered":"Impactos"},"content":{"rendered":"<p>Apesar dos grupos envolvidos apresentarem um bom n\u00famero de publica\u00e7\u00f5es e em revistas de bom impacto, a possibilidade de trabalho em rede, sistematizado, com prontu\u00e1rio eletr\u00f4nico para obten\u00e7\u00e3o e atualiza\u00e7\u00e3o em tempo real dos bancos de dados, poder\u00e1 trazer um ganho substancial na qualidade e quantidade da produ\u00e7\u00e3o cientifica.<\/p>\n<p>O NAP ir\u00e1 facilitar um interc\u00e2mbio mais integrado entre os grupos da USP e os externos, com maior acesso aos laborat\u00f3rios, disciplinas e cursos na USP por parte do Grupo de Neuroci\u00eancias do IIER, j\u00e1 ativo h\u00e1 mais de uma d\u00e9cada, e com uma coorte de HTLV com mais de 17 anos contando com 700 pacientes. Por sua vez, esse Grupo trar\u00e1 uma experi\u00eancia cl\u00ednica, com acesso a diversos ambulat\u00f3rios de refer\u00eancia que poder\u00e3o contribui com perguntas e problem\u00e1ticas em doen\u00e7as infecciosas, geralmente negligenciadas em nosso meio. Ademais, a institucionaliza\u00e7\u00e3o contribuir\u00e1 para o fortalecimento do interc\u00e2mbio entre as colabora\u00e7\u00f5es j\u00e1 estabelecidas.<\/p>\n<p>Os laborat\u00f3rios da FMUSP (LIM52, LIM56, Depart. Medicina Preventiva, entre outros) e Medicina Tropical diretamente envolvidos no N\u00facleo tem tradi\u00e7\u00e3o em pesquisa e diagn\u00f3stico, e fazem parte de um dos mais importantes p\u00f3los brasileiros de dissemina\u00e7\u00e3o de informa\u00e7\u00f5es t\u00e9cnico-cient\u00edficas. O Laborat\u00f3rio de Virologia do Instituto de Medicina Tropical de S\u00e3o Paulo (LIM52), por exemplo, \u00e9 um centro de pesquisa e assist\u00eancia voltado para o estudo das doen\u00e7as virais e sua rela\u00e7\u00e3o com a sa\u00fade individual e coletiva. O principal foco de interesse do grupo \u00e9 o estudo de doen\u00e7as virais em pacientes imunocomprometidos, em seus aspectos cl\u00ednicos, epidemiol\u00f3gicos, diagn\u00f3sticos, patogen\u00e9ticos, profil\u00e1ticos e terap\u00eauticos. A participa\u00e7\u00e3o dessas unidades no NAP ser\u00e1 importante na organiza\u00e7\u00e3o dos bio-bancos e agrega\u00e7\u00e3o novos pesquisadores, nacionais e internacionais, que possuem expertise em an\u00e1lise de dados moleculares, imunol\u00f3gicos e virol\u00f3gicos. A agrega\u00e7\u00e3o do n\u00facleo contempla alguns aspectos de abrang\u00eancia nacional, com a coopera\u00e7\u00e3o entre a Univ. de Bras\u00edlia (Prof. Luiz Kansaki) e Univ. da Amaz\u00f4nia (Prof. Alexandre Casseb) and Centro de Primatas (Dr. Menezes) para o estudo da retrovirologia de import\u00e2ncia zoon\u00f3tica e evolutiva.<\/p>\n","protected":false},"excerpt":{"rendered":"<p>Apesar dos grupos envolvidos apresentarem um bom n\u00famero de publica\u00e7\u00f5es e em revistas de bom impacto, a possibilidade de trabalho em rede, sistematizado, com prontu\u00e1rio eletr\u00f4nico para obten\u00e7\u00e3o e atualiza\u00e7\u00e3o em tempo real dos bancos de dados, poder\u00e1 trazer um ganho substancial na qualidade e quantidade da produ\u00e7\u00e3o cientifica. O NAP ir\u00e1 facilitar um interc\u00e2mbio [&hellip;]<\/p>\n","protected":false},"author":1,"featured_media":0,"parent":0,"menu_order":0,"comment_status":"closed","ping_status":"closed","template":"","meta":{"footnotes":"","_links_to":"","_links_to_target":""},"class_list":["post-64","page","type-page","status-publish","hentry"],"_links":{"self":[{"href":"https:\/\/sites.usp.br\/retrovirus\/wp-json\/wp\/v2\/pages\/64","targetHints":{"allow":["GET"]}}],"collection":[{"href":"https:\/\/sites.usp.br\/retrovirus\/wp-json\/wp\/v2\/pages"}],"about":[{"href":"https:\/\/sites.usp.br\/retrovirus\/wp-json\/wp\/v2\/types\/page"}],"author":[{"embeddable":true,"href":"https:\/\/sites.usp.br\/retrovirus\/wp-json\/wp\/v2\/users\/1"}],"replies":[{"embeddable":true,"href":"https:\/\/sites.usp.br\/retrovirus\/wp-json\/wp\/v2\/comments?post=64"}],"version-history":[{"count":4,"href":"https:\/\/sites.usp.br\/retrovirus\/wp-json\/wp\/v2\/pages\/64\/revisions"}],"predecessor-version":[{"id":100,"href":"https:\/\/sites.usp.br\/retrovirus\/wp-json\/wp\/v2\/pages\/64\/revisions\/100"}],"wp:attachment":[{"href":"https:\/\/sites.usp.br\/retrovirus\/wp-json\/wp\/v2\/media?parent=64"}],"curies":[{"name":"wp","href":"https:\/\/api.w.org\/{rel}","templated":true}]}}