{"id":79,"date":"2014-02-24T16:51:20","date_gmt":"2014-02-24T18:51:20","guid":{"rendered":"http:\/\/sites.usp.brretrovirus\/?page_id=79"},"modified":"2014-12-15T11:41:06","modified_gmt":"2014-12-15T13:41:06","slug":"pagina-inicial","status":"publish","type":"page","link":"https:\/\/sites.usp.br\/retrovirus\/","title":{"rendered":"Introdu\u00e7\u00e3o"},"content":{"rendered":"<p>As pesquisas b\u00e1sicas nas \u00e1reas de virologia, e mais especificamente, retrovirologia, t\u00eam sido negligenciadas de certa forma no Brasil. Enquanto \u00e9 not\u00e1vel um crescente esfor\u00e7o\u00a0 em estudos epidemiol\u00f3gicos, h\u00e1 uma certa defasagem na pesquisa b\u00e1sica fundamental nas \u00e1reas de imunologia, biologia molecular, prote\u00f4mica e filogen\u00e9tica. Nesse aspecto, o N\u00facleo visa o entendimento dos mecanismos b\u00e1sicos das patologias virais infecciosas, e tamb\u00e9m as virais n\u00e3o infecciosas, que incluem os Retrov\u00edrus End\u00f3genos. Assim, essa proposta tamb\u00e9m ir\u00e1 estudar alguns aspectos pouco abordados em nosso meio, como a atividade dos retrov\u00edrus end\u00f3genos e seu papel na patog\u00eanese,\u00a0 aspectos cl\u00ednicos, psicossociais de pessoas vivendo com retrov\u00edrus (HIV, HTLV), intera\u00e7\u00e3o entre retrov\u00edrus e reativa\u00e7\u00e3o de v\u00edrus latentes durante infec\u00e7\u00f5es retrovirais. Os resultados obtidos com esse tipo de estudo dever\u00e3o produzir ganhos no desenvolvimento de novos insumos, assim como servir\u00e3o como bio-marcadores de progress\u00e3o, controle dessas doen\u00e7as e impacto na qualidade de vida. Nos aspectos epidemiol\u00f3gicos e evolutivos ser\u00e3o abordadas quest\u00f5es como mimetismo molecular, preval\u00eancia de STLV em primatas n\u00e3o-humanos, determina\u00e7\u00e3o da import\u00e2ncia da diversidade do HIV no tropismo celular e estudos de variabilidade gen\u00e9tica viral inter e intra-indiv\u00edduo.<\/p>\n<p>No \u00e2mbito da pesquisa e tratamento de pacientes com HTLV, um dos principais focos desse N\u00facleo \u00e9 promover a integra\u00e7\u00e3o dos tr\u00eas principais centros de atendimento de pacientes com HTLV da cidade de S\u00e3o Paulo, A unifica\u00e7\u00e3o desse sistema seria de beneficio mutuo. Na perspectiva dos mais de 1200 pacientes, que desfrutariam de um protocolo \u00fanico e integrado, e tamb\u00e9m na perspectiva dos m\u00e9dicos e pesquisadores envolvidos, que se beneficiar\u00e3o da obten\u00e7\u00e3o de dados epidemiol\u00f3gicos e cl\u00ednicos sobre a infec\u00e7\u00e3o pelo HTLV. Em ultima an\u00e1lise, essa integra\u00e7\u00e3o dos centros de atendimento acabar\u00e1 proporcionando melhora na capacidade de interven\u00e7\u00e3o, tanto na esfera pr\u00e1tica, quanto nas estrat\u00e9gias de investiga\u00e7\u00e3o de terapias mais resolutivas, ainda distantes.<\/p>\n<p>Fundamentalmente, o\u00a0 NAP-Retrov\u00edrus-USP \u00a0tem como proposta principal integrar\u00a0 diversas linhas de pesquisa e\u00a0 organizar processos que podem resultar em melhorias no cuidado \u00e0 sa\u00fade de pessoas infectadas por retrov\u00edrus.\u00a0 Al\u00e9m disso, o n\u00facleo visa capacitar pessoal em aprimoramento de tecnologias de investiga\u00e7\u00e3o e no cuidado aos pacientes com retroviroses. A vis\u00e3o complementar dos pesquisadores envolvidos oferecer\u00e1 a oportunidade de, dentro de uma abordagem evolutiva e comparada, agregar conhecimentos b\u00e1sicos e avan\u00e7ados. Finalmente, a integra\u00e7\u00e3o de diferentes expertises nas diversas \u00e1reas contribuir\u00e1 para o desenvolvimento cient\u00edfico-tecnol\u00f3gico no pa\u00eds, o que pode permitir uma significativa melhora no atendimento cl\u00ednico, diagn\u00f3stico e tratamento das pessoas vivendo com retrov\u00edrus.<\/p>\n","protected":false},"excerpt":{"rendered":"<p>As pesquisas b\u00e1sicas nas \u00e1reas de virologia, e mais especificamente, retrovirologia, t\u00eam sido negligenciadas de certa forma no Brasil. Enquanto \u00e9 not\u00e1vel um crescente esfor\u00e7o\u00a0 em estudos epidemiol\u00f3gicos, h\u00e1 uma certa defasagem na pesquisa b\u00e1sica fundamental nas \u00e1reas de imunologia, biologia molecular, prote\u00f4mica e filogen\u00e9tica. Nesse aspecto, o N\u00facleo visa o entendimento dos mecanismos b\u00e1sicos [&hellip;]<\/p>\n","protected":false},"author":1,"featured_media":0,"parent":0,"menu_order":0,"comment_status":"closed","ping_status":"closed","template":"","meta":{"footnotes":"","_links_to":"","_links_to_target":""},"class_list":["post-79","page","type-page","status-publish","hentry"],"_links":{"self":[{"href":"https:\/\/sites.usp.br\/retrovirus\/wp-json\/wp\/v2\/pages\/79","targetHints":{"allow":["GET"]}}],"collection":[{"href":"https:\/\/sites.usp.br\/retrovirus\/wp-json\/wp\/v2\/pages"}],"about":[{"href":"https:\/\/sites.usp.br\/retrovirus\/wp-json\/wp\/v2\/types\/page"}],"author":[{"embeddable":true,"href":"https:\/\/sites.usp.br\/retrovirus\/wp-json\/wp\/v2\/users\/1"}],"replies":[{"embeddable":true,"href":"https:\/\/sites.usp.br\/retrovirus\/wp-json\/wp\/v2\/comments?post=79"}],"version-history":[{"count":6,"href":"https:\/\/sites.usp.br\/retrovirus\/wp-json\/wp\/v2\/pages\/79\/revisions"}],"predecessor-version":[{"id":102,"href":"https:\/\/sites.usp.br\/retrovirus\/wp-json\/wp\/v2\/pages\/79\/revisions\/102"}],"wp:attachment":[{"href":"https:\/\/sites.usp.br\/retrovirus\/wp-json\/wp\/v2\/media?parent=79"}],"curies":[{"name":"wp","href":"https:\/\/api.w.org\/{rel}","templated":true}]}}