{"id":111,"date":"2019-10-04T00:01:13","date_gmt":"2019-10-04T02:01:13","guid":{"rendered":"http:\/\/sites.usp.br\/revistabalburdia\/?page_id=111"},"modified":"2025-09-26T11:42:25","modified_gmt":"2025-09-26T13:42:25","slug":"submissao","status":"publish","type":"page","link":"https:\/\/sites.usp.br\/revistabalburdia\/submissao\/","title":{"rendered":"Submiss\u00e3o"},"content":{"rendered":"<div id=\"pl-111\"  class=\"panel-layout\" ><div id=\"pg-111-0\"  class=\"panel-grid panel-no-style\" ><div id=\"pgc-111-0-0\"  class=\"panel-grid-cell\" ><div id=\"panel-111-0-0-0\" class=\"so-panel widget widget_sow-editor panel-first-child panel-last-child\" data-index=\"0\" ><div\n\t\t\t\n\t\t\tclass=\"so-widget-sow-editor so-widget-sow-editor-base\"\n\t\t\t\n\t\t>\n<div class=\"siteorigin-widget-tinymce textwidget\">\n\t<div class=\"siteorigin-widget-tinymce textwidget\">\n<div id=\"comp-imlmlvb5\" class=\"txtNew\" data-packed=\"true\">\n<p><b>ESCOPO DA REVISTA E PERIODICIDADE DE PUBLICA\u00c7\u00c3O<\/b><\/p>\n<p><span style=\"font-weight: 400;\">Tem interesse em balburdiar? S\u00e3o considerados para publica\u00e7\u00e3o na BALB\u00daRDIA - Revista de Divulga\u00e7\u00e3o Cient\u00edfica dos Discentes do PIEC-USP, produ\u00e7\u00f5es textuais alinhadas com o objetivo da divulga\u00e7\u00e3o cient\u00edfica, em particular, <strong>de t\u00f3picos relacionados ao Ensino de Ci\u00eancias (F\u00edsica, Biologia e Qu\u00edmica)<\/strong>.<\/span><\/p>\n<p><span style=\"font-weight: 400;\">A revista aceita textos em fluxo cont\u00ednuo atrav\u00e9s de <span style=\"text-decoration: underline;\"><a href=\"https:\/\/docs.google.com\/forms\/d\/e\/1FAIpQLSfF7TW3FbO3wjSYh0uTKxX_isO0J9E5p5ZzFeLNsQnV-31OKg\/viewform\"><span style=\"color: #000000; text-decoration: underline;\">formul\u00e1rio (<\/span><\/a><a href=\"https:\/\/docs.google.com\/forms\/d\/e\/1FAIpQLSfF7TW3FbO3wjSYh0uTKxX_isO0J9E5p5ZzFeLNsQnV-31OKg\/viewform\"><em>link<\/em><\/a><em><a href=\"https:\/\/docs.google.com\/forms\/d\/e\/1FAIpQLSfF7TW3FbO3wjSYh0uTKxX_isO0J9E5p5ZzFeLNsQnV-31OKg\/viewform\"><span style=\"color: #000000; text-decoration: underline;\">)<\/span><\/a><\/em><\/span><\/span>\u00a0e a publica\u00e7\u00e3o ser\u00e1 feita de forma constante, sendo publicado <em>online<\/em> assim que aceito. Al\u00e9m disso, a depender da data de publica\u00e7\u00e3o, o texto ser\u00e1 indexado em um dos dois n\u00fameros organizados anualmente: janeiro-junho ou julho-dezembro.<\/p>\n<p><span style=\"font-weight: 400;\">Os textos s\u00e3o aceitos para publica\u00e7\u00e3o nas seguintes se\u00e7\u00f5es:<\/span><\/p>\n<p><b>Textos de divulga\u00e7\u00e3o cient\u00edfica (TDC):<\/b><\/p>\n<p><span style=\"font-weight: 400;\">Refere-se aos textos cujo objetivo \u00e9 noticiar de forma clara e objetiva pesquisas j\u00e1 validadas na comunidade cient\u00edfica. S\u00e3o eleg\u00edveis para ser noticiados: artigos originais de pesquisa, relatos de experi\u00eancias, ensaios te\u00f3ricos e disserta\u00e7\u00f5es ou teses. Chama-se a aten\u00e7\u00e3o para que o(a) autor(a) selecione uma publica\u00e7\u00e3o de pesquisa (artigo, tese, disserta\u00e7\u00e3o...) que <strong>n\u00e3o seja de sua pr\u00f3pria autoria<\/strong>. A ideia \u00e9 divulgar trabalhos de outros(as) pesquisadores(as), <strong>e n\u00e3o o pr\u00f3prio<\/strong>. A raz\u00e3o do formato de TDC publicado na BALB\u00daRDIA ser o de uma not\u00edcia \u00e9 para que se busque dar visibilidade \u00e0 pesquisas que s\u00e3o consideradas relevantes pela comunidade de pesquisadores da \u00e1rea de Ensino para o desenvolvimento da \u00e1rea e para a sociedade em geral. O texto deve ser de f\u00e1cil compreens\u00e3o para pessoas que n\u00e3o possuam qualquer forma\u00e7\u00e3o acad\u00eamica em \u00e1reas relacionadas \u00e0 pesquisa em Ensino de Ci\u00eancias, e podem versar sobre temas como: alfabetiza\u00e7\u00e3o cient\u00edfica; forma\u00e7\u00e3o de professores de ci\u00eancias; pluralidade cultural e ensino de ci\u00eancias; hist\u00f3ria, filosofia e sociologia da ci\u00eancia; ensino-aprendizagem; recursos did\u00e1ticos; educa\u00e7\u00e3o em espa\u00e7os n\u00e3o formais; Ci\u00eancia e Cultura; entre outros. Para maiores informa\u00e7\u00f5es acesse a aba <span style=\"text-decoration: underline;\"><a href=\"https:\/\/sites.usp.br\/revistabalburdia\/diretrizes-para-textos-de-divulgacao\/\"><span style=\"color: #000000; text-decoration: underline;\">Diretrizes para os Textos de Divulga\u00e7\u00e3o (dispon\u00edvel no <\/span><em>link<span style=\"color: #000000; text-decoration: underline;\">).<\/span><\/em><\/a><\/span><\/span><\/p>\n<p><b>Orienta\u00e7\u00f5es para submiss\u00e3o<\/b><span style=\"font-weight: 400;\">: Sugere-se que os textos de divulga\u00e7\u00e3o cient\u00edfica sejam escritos em papel A4, fonte Arial 12 e disposto em <strong>3 (tr\u00eas) a 4 (quatro) p\u00e1ginas<\/strong> ou aproximadamente <strong>6200 caracteres (sem espa\u00e7o)<\/strong>. Modelo de texto: <\/span><span style=\"font-weight: 400;\"><span style=\"text-decoration: underline;\"><span style=\"color: #000000; text-decoration: underline;\">Template (dispon\u00edvel no <a href=\"https:\/\/sites.usp.br\/revistabalburdia\/wp-content\/uploads\/sites\/615\/2021\/06\/Template-texto-de-divulgacao-cientifica-BALBURDIA.docx\"><em>link<\/em><\/a><\/span><\/span><em><span style=\"color: #000000;\">).<\/span><\/em><\/span><\/p>\n<p><b>Resenhas de materiais:<\/b><\/p>\n<p><span style=\"font-weight: 400;\">Refere-se \u00e0 apresenta\u00e7\u00e3o, de <em>forma cr\u00edtica<\/em>, de uma obra relacionada \u00e0 Educa\u00e7\u00e3o ou ao Ensino de Ci\u00eancias mais especificamente (como livros paradid\u00e1ticos, livros acad\u00eamicos, document\u00e1rios, filmes). O(a) divulgador(a) poder\u00e1 apresentar uma obra que n\u00e3o seja diretamente relacionada \u00e0 Educa\u00e7\u00e3o e\/ou ao Ensino de Ci\u00eancias, desde que deixe claro na resenha a <em>justificativa da import\u00e2ncia da obra para se pensar Educa\u00e7\u00e3o\/Ensino de Ci\u00eancias<\/em>. A resenha deve conter uma s\u00edntese do conte\u00fado presente no material, bem como alguma considera\u00e7\u00e3o do resenhista a seu respeito. Essa considera\u00e7\u00e3o deve ser pensada de modo a convidar o leitor que n\u00e3o tem necessariamente conhecimentos a respeito das pesquisas em Ensino de Ci\u00eancias, para a leitura da obra original.<\/span><\/p>\n<p><b>Orienta\u00e7\u00f5es para submiss\u00e3o<\/b><span style=\"font-weight: 400;\">: Sugere-se que as resenhas sejam elaboradas em papel A4, fonte Arial 12, e n\u00e3o excedam o m\u00e1ximo de <strong>2 (duas) p\u00e1ginas<\/strong> ou aproximadamente <strong>4100 caracteres (com espa\u00e7o)<\/strong>. Para acessar exemplos de resenhas publicados pela BALB\u00daRDIA acesse o <a href=\"https:\/\/sites.usp.br\/revistabalburdia\/category\/tipologias\/resenhas\/\"><em>link<\/em><\/a>.<\/span><\/p>\n<p><b>Espa\u00e7o aberto<\/b><\/p>\n<p><span style=\"font-weight: 400;\">Refere-se \u00e0 divulga\u00e7\u00e3o de temas que devido a sua pertin\u00eancia e relev\u00e2ncia no contexto econ\u00f4mico, social, ambiental e\/ou pol\u00edtico englobam a \u00e1rea do Ensino de Ci\u00eancias. Assim sendo, embora tais temas n\u00e3o estejam relacionados primariamente com pesquisas na \u00e1rea, busca-se com eles ampliar, junto \u00e0 popula\u00e7\u00e3o, o debate a respeito das mais variadas tem\u00e1ticas que a aflige diretamente. Indica-se que a rela\u00e7\u00e3o com o ensino de ci\u00eancias e suas contribui\u00e7\u00f5es sejam explicitadas. O formato do texto dessa se\u00e7\u00e3o pode seguir o do TDC ou ser readequado de acordo com as inten\u00e7\u00f5es do autor. Assim, o texto poder\u00e1 ser um relato pessoal, um ensaio cr\u00edtico do(a) divulgador(a), uma cr\u00f4nica, uma poesia.<\/span><\/p>\n<p><b>Orienta\u00e7\u00f5es para submiss\u00e3o<\/b><span style=\"font-weight: 400;\">: Sugere-se que o manuscrito seja escrito em papel A4, fonte Arial 12, e n\u00e3o exceda o m\u00e1ximo de <strong>3 (tr\u00eas) p\u00e1ginas<\/strong> ou aproximadamente <strong>6200 caracteres (com espa\u00e7o)<\/strong>. Para acessar exemplos de textos de espa\u00e7o aberto publicados pela BALB\u00daRDIA acesse o <a href=\"https:\/\/sites.usp.br\/revistabalburdia\/category\/tipologias\/espaco-aberto\/\"><em>link<\/em><\/a>.<\/span><\/p>\n<\/div>\n<p><b>Pol\u00edtica de verifica\u00e7\u00e3o de pl\u00e1gio\/IA<\/b><\/p>\n<p>A revista Balb\u00fardia adota crit\u00e9rios rigorosos para a verifica\u00e7\u00e3o de pl\u00e1gio e o uso de Intelig\u00eancia Artificial (IA) em textos submetidos. O software <a href=\"https:\/\/copyspider.com.br\/main\/\">CopySpider<\/a>\u00a0ser\u00e1 utilizado para detec\u00e7\u00e3o de pl\u00e1gio, sendo admitido o limite\u00a0<strong>m\u00e1ximo<\/strong>\u00a0de\u00a0<strong>5%<\/strong>\u00a0de similaridade. Quanto \u00e0 produ\u00e7\u00e3o por IA, ser\u00e1 aplicado detector espec\u00edfico, permitindo\u00a0<strong>at\u00e9 30%<\/strong>\u00a0de conte\u00fado gerado por esse meio. A identifica\u00e7\u00e3o de padr\u00e3o de escrita por IA dever\u00e1 ser mencionada no parecer, cabendo a(o) autor(a) apresentar justificativa.<\/p>\n<p>&nbsp;<\/p>\n<\/div>\n<div id=\"comp-imlmlvb5\" class=\"txtNew\" data-packed=\"true\">\n<h3 class=\"font_2\" style=\"text-align: left;\"><span style=\"text-align: justify; color: #333333;\"><b>ORIENTA\u00c7\u00d5ES PARA OS DIVULGADORES<\/b><\/span><\/h3>\n<p class=\"font_2\" style=\"text-align: left;\"><a style=\"color: #333333;\" href=\"https:\/\/sites.usp.br\/revistabalburdia\/diretrizes-para-textos-de-divulgacao\/\"><span style=\"text-decoration: underline;\">Diretrizes para os Textos de Divulga\u00e7\u00e3o<\/span><\/a><\/p>\n<p class=\"font_2\" style=\"text-align: left;\"><span style=\"text-decoration: underline;\"><a style=\"color: #333333; text-decoration: underline;\" href=\"https:\/\/sites.usp.br\/revistabalburdia\/descricao-dos-divulgadores\/\">Descri\u00e7\u00e3o dos Divulgadores<\/a><\/span><\/p>\n<\/div>\n<\/div>\n<\/div><\/div><\/div><\/div><\/div>","protected":false},"excerpt":{"rendered":"<p>ESCOPO DA REVISTA E PERIODICIDADE DE PUBLICA\u00c7\u00c3O Tem interesse em balburdiar? S\u00e3o considerados para publica\u00e7\u00e3o na BALB\u00daRDIA &#8211; Revista de Divulga\u00e7\u00e3o Cient\u00edfica dos Discentes do PIEC-USP, produ\u00e7\u00f5es textuais alinhadas com o objetivo da divulga\u00e7\u00e3o cient\u00edfica, em particular, de t\u00f3picos relacionados ao Ensino de Ci\u00eancias (F\u00edsica, Biologia e Qu\u00edmica). A revista aceita textos em fluxo cont\u00ednuo<a href=\"https:\/\/sites.usp.br\/revistabalburdia\/submissao\/\">[&#8230;]<\/a><\/p>\n","protected":false},"author":1179,"featured_media":0,"parent":0,"menu_order":0,"comment_status":"closed","ping_status":"closed","template":"","meta":{"_monsterinsights_skip_tracking":false,"_monsterinsights_sitenote_active":false,"_monsterinsights_sitenote_note":"","_monsterinsights_sitenote_category":0,"footnotes":"","_links_to":"","_links_to_target":""},"class_list":["post-111","page","type-page","status-publish","hentry"],"_links":{"self":[{"href":"https:\/\/sites.usp.br\/revistabalburdia\/wp-json\/wp\/v2\/pages\/111","targetHints":{"allow":["GET"]}}],"collection":[{"href":"https:\/\/sites.usp.br\/revistabalburdia\/wp-json\/wp\/v2\/pages"}],"about":[{"href":"https:\/\/sites.usp.br\/revistabalburdia\/wp-json\/wp\/v2\/types\/page"}],"author":[{"embeddable":true,"href":"https:\/\/sites.usp.br\/revistabalburdia\/wp-json\/wp\/v2\/users\/1179"}],"replies":[{"embeddable":true,"href":"https:\/\/sites.usp.br\/revistabalburdia\/wp-json\/wp\/v2\/comments?post=111"}],"version-history":[{"count":5,"href":"https:\/\/sites.usp.br\/revistabalburdia\/wp-json\/wp\/v2\/pages\/111\/revisions"}],"predecessor-version":[{"id":4783,"href":"https:\/\/sites.usp.br\/revistabalburdia\/wp-json\/wp\/v2\/pages\/111\/revisions\/4783"}],"wp:attachment":[{"href":"https:\/\/sites.usp.br\/revistabalburdia\/wp-json\/wp\/v2\/media?parent=111"}],"curies":[{"name":"wp","href":"https:\/\/api.w.org\/{rel}","templated":true}]}}