{"id":426,"date":"2019-10-21T18:59:48","date_gmt":"2019-10-21T20:59:48","guid":{"rendered":"https:\/\/sites.usp.br\/revistabalburdia\/?page_id=426"},"modified":"2023-09-23T19:18:08","modified_gmt":"2023-09-23T21:18:08","slug":"contato","status":"publish","type":"page","link":"https:\/\/sites.usp.br\/revistabalburdia\/contato\/","title":{"rendered":"Contato"},"content":{"rendered":"<div id=\"pl-426\" class=\"panel-layout\">\n<div id=\"pg-426-0\" class=\"panel-grid panel-no-style\">\n<div id=\"pgc-426-0-0\" class=\"panel-grid-cell\" data-weight=\"1\">\n<div id=\"panel-426-0-0-0\" class=\"so-panel widget widget_sow-editor panel-first-child\" data-index=\"0\">\n<div class=\"so-widget-sow-editor so-widget-sow-editor-base\">\n<div class=\"siteorigin-widget-tinymce textwidget\">\n<h2 class=\"font_2\" style=\"text-align: center;\">Siga-nos nas Redes Sociais<\/h2>\n<p>&nbsp;<\/p>\n<\/div>\n<p style=\"text-align: center;\"><a href=\"https:\/\/www.facebook.com\/piecbalburdia\"><img decoding=\"async\" src=\"https:\/\/static.wixstatic.com\/media\/e316f544f9094143b9eac01f1f19e697.png\/v1\/fill\/w_50,h_50,al_c,q_80,usm_0.66_1.00_0.01\/e316f544f9094143b9eac01f1f19e697.webp\" alt=\"Facebook\" \/><\/a>\u00a0 \u00a0 \u00a0 \u00a0 \u00a0\u00a0<a href=\"https:\/\/twitter.com\/balburdiapiec\"><img decoding=\"async\" src=\"https:\/\/static.wixstatic.com\/media\/9c4b521dd2404cd5a05ed6115f3a0dc8.png\/v1\/fill\/w_50,h_50,al_c,q_80,usm_0.66_1.00_0.01\/9c4b521dd2404cd5a05ed6115f3a0dc8.webp\" alt=\"Twitter\" \/><\/a>\u00a0 \u00a0 \u00a0 \u00a0 \u00a0 <a href=\"https:\/\/www.youtube.com\/c\/balburdiapiec\"><img decoding=\"async\" src=\"https:\/\/static.wixstatic.com\/media\/a1b09fe8b7f04378a9fe076748ad4a6a.png\/v1\/fill\/w_50,h_50,al_c,q_80,usm_0.66_1.00_0.01\/a1b09fe8b7f04378a9fe076748ad4a6a.webp\" alt=\"YouTube\" \/><\/a>\u00a0 \u00a0 \u00a0 \u00a0 <a href=\"https:\/\/www.instagram.com\/revista.balburdia\"><img decoding=\"async\" class=\"alignnone\" src=\"https:\/\/static.wixstatic.com\/media\/8d6893330740455c96d218258a458aa4.png\/v1\/fill\/w_50,h_50,al_c,q_80,usm_0.66_1.00_0.01\/8d6893330740455c96d218258a458aa4.webp\" alt=\"Instagram\" width=\"50\" height=\"50\" \/><\/a>\u00a0 \u00a0 \u00a0 \u00a0 <a href=\"https:\/\/www.tiktok.com\/@revista.balburdia\"><img decoding=\"async\" class=\"alignnone wp-image-3811\" src=\"https:\/\/sites.usp.br\/revistabalburdia\/wp-content\/uploads\/sites\/615\/2023\/09\/tiktok-icon-logo-1CB398A1BD-seeklogo.com_.png\" alt=\"\" width=\"48\" height=\"48\" srcset=\"https:\/\/sites.usp.br\/revistabalburdia\/wp-content\/uploads\/sites\/615\/2023\/09\/tiktok-icon-logo-1CB398A1BD-seeklogo.com_.png 300w, https:\/\/sites.usp.br\/revistabalburdia\/wp-content\/uploads\/sites\/615\/2023\/09\/tiktok-icon-logo-1CB398A1BD-seeklogo.com_-150x150.png 150w, https:\/\/sites.usp.br\/revistabalburdia\/wp-content\/uploads\/sites\/615\/2023\/09\/tiktok-icon-logo-1CB398A1BD-seeklogo.com_-250x250.png 250w, https:\/\/sites.usp.br\/revistabalburdia\/wp-content\/uploads\/sites\/615\/2023\/09\/tiktok-icon-logo-1CB398A1BD-seeklogo.com_-174x174.png 174w, https:\/\/sites.usp.br\/revistabalburdia\/wp-content\/uploads\/sites\/615\/2023\/09\/tiktok-icon-logo-1CB398A1BD-seeklogo.com_-45x45.png 45w, https:\/\/sites.usp.br\/revistabalburdia\/wp-content\/uploads\/sites\/615\/2023\/09\/tiktok-icon-logo-1CB398A1BD-seeklogo.com_-200x200.png 200w\" sizes=\"(max-width: 48px) 100vw, 48px\" \/><\/a><\/p>\n<p>&nbsp;<\/p>\n<\/div>\n<div class=\"siteorigin-widget-tinymce textwidget\">\n<h2 class=\"font_2\" style=\"text-align: center;\">Contate-nos<\/h2>\n<\/div>\n<p style=\"text-align: center;\">Mande d\u00favidas, sugest\u00f5es e coment\u00e1rios sobre a <em>Revista.<\/em><\/p>\n<\/div>\n<div id=\"panel-426-0-0-1\" class=\"so-panel widget widget_sow-contact-form panel-last-child\" style=\"text-align: center;\" data-index=\"1\" data-style=\"{&quot;background_image_attachment&quot;:false,&quot;background_display&quot;:&quot;tile&quot;}\"><div\n\t\t\t\n\t\t\tclass=\"so-widget-sow-contact-form so-widget-sow-contact-form-default-18d99326bf8e\"\n\t\t\t\n\t\t>\t<form\n\t\taction=\"\/revistabalburdia\/wp-json\/wp\/v2\/pages\/426\"\n\t\tmethod=\"POST\"\n\t\tclass=\"sow-contact-form\"\n\t\tid=\"contact-form-5496\"\n\t>\n\n\t\t\n\t\t\t\t\t<div class=\"sow-form-field sow-form-field-name\">\n\t\t\t\t<label class=\"sow-form-field-label-above\" for=\"sow-contact-form-field-seu-nome-1\">\n\t\t\t\t<strong>\n\t\t\t\t\tSeu nome\t\t\t\t\t\t\t\t\t<\/strong>\n\t\t\t<\/label>\n\t\t\t\t\t\t\t<div class=\"sow-field-container\">\n\t\t\t\t\t\t\t<input\n\t\t\ttype=\"text\"\n\t\t\tname=\"seu-nome-1\"\n\t\t\tid=\"sow-contact-form-field-seu-nome-1\"\n\t\t\tvalue=\"\"\n\t\t\tclass=\"sow-text-field\"\n\t\t\t\t\t\t\t\t\/>\n\t\t\t\t\t\t<\/div>\n\t\t\t\t\t\t\t<\/div>\n\t\t\t\t\t\t<div class=\"sow-form-field sow-form-field-email\">\n\t\t\t\t<label class=\"sow-form-field-label-above\" for=\"sow-contact-form-field-o-seu-e-mail-1\">\n\t\t\t\t<strong>\n\t\t\t\t\tO seu e-mail\t\t\t\t\t\t\t\t\t<\/strong>\n\t\t\t<\/label>\n\t\t\t\t\t\t\t<div class=\"sow-field-container\">\n\t\t\t\t\t\t\t<input\n\t\t\ttype=\"email\"\n\t\t\tname=\"o-seu-e-mail-1\"\n\t\t\tid=\"sow-contact-form-field-o-seu-e-mail-1\"\n\t\t\tvalue=\"\"\n\t\t\tclass=\"sow-text-field\"\t\t\t\t\t\t\t\t\/>\n\t\t\t\t\t\t<\/div>\n\t\t\t\t\t\t\t<\/div>\n\t\t\t\t\t\t<div class=\"sow-form-field sow-form-field-subject\">\n\t\t\t\t<label class=\"sow-form-field-label-above\" for=\"sow-contact-form-field-assunto-1\">\n\t\t\t\t<strong>\n\t\t\t\t\tAssunto\t\t\t\t\t\t\t\t\t<\/strong>\n\t\t\t<\/label>\n\t\t\t\t\t\t\t<div class=\"sow-field-container\">\n\t\t\t\t\t\t\t<input\n\t\t\ttype=\"text\"\n\t\t\tname=\"assunto-1\"\n\t\t\tid=\"sow-contact-form-field-assunto-1\"\n\t\t\tvalue=\"\"\n\t\t\tclass=\"sow-text-field\"\n\t\t\t\t\t\t\t\t\/>\n\t\t\t\t\t\t<\/div>\n\t\t\t\t\t\t\t<\/div>\n\t\t\t\t\t\t<div class=\"sow-form-field sow-form-field-textarea\">\n\t\t\t\t<label class=\"sow-form-field-label-above\" for=\"sow-contact-form-field-mensagem-1\">\n\t\t\t\t<strong>\n\t\t\t\t\tMensagem\t\t\t\t\t\t\t\t\t<\/strong>\n\t\t\t<\/label>\n\t\t\t\t\t\t\t<div class=\"sow-field-container\">\n\t\t\t\t\t\t\t<textarea\n\t\t\tname=\"mensagem-1\"\n\t\t\tid=\"sow-contact-form-field-mensagem-1\"\n\t\t\trows=\"10\"\n\t\t\t\t\t\t\t\t><\/textarea>\n\t\t\t\t\t\t<\/div>\n\t\t\t\t\t\t\t<\/div>\n\t\t\t\n\t\t\n\t\t<div class=\"sow-submit-wrapper \n\t\tsow-submit-styled\t\t\">\n\n\t\t\t<button\n\t\t\t\ttype=\"submit\"\n\t\t\t\tclass=\"sow-submit\n\t\t\t\t\t\t\t\t\"\n\t\t\t\t\t\t\t>\n\t\t\t\tEntre em contato\t\t\t<\/button>\n\t\t<\/div>\n\t\t\t\t<input\n\t\t\ttype=\"hidden\"\n\t\t\tname=\"instance_hash-1\"\n\t\t\tvalue=\"5496eb07\"\n\t\t\/>\n\n\t\t<input type=\"hidden\" id=\"_wpnonce\" name=\"_wpnonce\" value=\"b88dbb8b17\" \/><input type=\"hidden\" name=\"_wp_http_referer\" value=\"\/revistabalburdia\/wp-json\/wp\/v2\/pages\/426\" \/>\t<\/form>\n\t<\/div><\/div>\n<\/div>\n<\/div>\n<\/div>\n","protected":false},"excerpt":{"rendered":"<p>Siga-nos nas Redes Sociais &nbsp; \u00a0 \u00a0 \u00a0 \u00a0 \u00a0\u00a0\u00a0 \u00a0 \u00a0 \u00a0 \u00a0 \u00a0 \u00a0 \u00a0 \u00a0 \u00a0 \u00a0 \u00a0 \u00a0 &nbsp; Contate-nos Mande d\u00favidas, sugest\u00f5es e coment\u00e1rios sobre a Revista.<\/p>\n","protected":false},"author":1179,"featured_media":0,"parent":0,"menu_order":0,"comment_status":"closed","ping_status":"closed","template":"","meta":{"_monsterinsights_skip_tracking":false,"_monsterinsights_sitenote_active":false,"_monsterinsights_sitenote_note":"","_monsterinsights_sitenote_category":0,"footnotes":"","_links_to":"","_links_to_target":""},"class_list":["post-426","page","type-page","status-publish","hentry"],"_links":{"self":[{"href":"https:\/\/sites.usp.br\/revistabalburdia\/wp-json\/wp\/v2\/pages\/426","targetHints":{"allow":["GET"]}}],"collection":[{"href":"https:\/\/sites.usp.br\/revistabalburdia\/wp-json\/wp\/v2\/pages"}],"about":[{"href":"https:\/\/sites.usp.br\/revistabalburdia\/wp-json\/wp\/v2\/types\/page"}],"author":[{"embeddable":true,"href":"https:\/\/sites.usp.br\/revistabalburdia\/wp-json\/wp\/v2\/users\/1179"}],"replies":[{"embeddable":true,"href":"https:\/\/sites.usp.br\/revistabalburdia\/wp-json\/wp\/v2\/comments?post=426"}],"version-history":[{"count":5,"href":"https:\/\/sites.usp.br\/revistabalburdia\/wp-json\/wp\/v2\/pages\/426\/revisions"}],"predecessor-version":[{"id":3812,"href":"https:\/\/sites.usp.br\/revistabalburdia\/wp-json\/wp\/v2\/pages\/426\/revisions\/3812"}],"wp:attachment":[{"href":"https:\/\/sites.usp.br\/revistabalburdia\/wp-json\/wp\/v2\/media?parent=426"}],"curies":[{"name":"wp","href":"https:\/\/api.w.org\/{rel}","templated":true}]}}