{"id":1474,"date":"2025-04-10T23:27:05","date_gmt":"2025-04-11T01:27:05","guid":{"rendered":"https:\/\/sites.usp.br\/riec\/?page_id=1474"},"modified":"2025-04-22T10:58:46","modified_gmt":"2025-04-22T12:58:46","slug":"seja-voluntario","status":"publish","type":"page","link":"https:\/\/sites.usp.br\/riec\/seja-voluntario\/","title":{"rendered":"Seja Volunt\u00e1rio"},"content":{"rendered":"\t\t<div data-elementor-type=\"wp-page\" data-elementor-id=\"1474\" class=\"elementor elementor-1474\" data-elementor-post-type=\"page\">\n\t\t\t\t\t\t<section class=\"elementor-section elementor-top-section elementor-element elementor-element-32581d2 elementor-section-boxed elementor-section-height-default elementor-section-height-default\" data-id=\"32581d2\" data-element_type=\"section\">\n\t\t\t\t\t\t<div class=\"elementor-container elementor-column-gap-default\">\n\t\t\t\t\t<div class=\"elementor-column elementor-col-100 elementor-top-column elementor-element elementor-element-de30f3a\" data-id=\"de30f3a\" data-element_type=\"column\">\n\t\t\t<div class=\"elementor-widget-wrap elementor-element-populated\">\n\t\t\t\t\t\t<div class=\"elementor-element elementor-element-96648a2 elementor-widget elementor-widget-text-editor\" data-id=\"96648a2\" data-element_type=\"widget\" data-widget_type=\"text-editor.default\">\n\t\t\t\t<div class=\"elementor-widget-container\">\n\t\t\t\t\t\t\t<p>Seja Volunt\u00e1rio<\/p>\t\t\t\t\t\t<\/div>\n\t\t\t\t<\/div>\n\t\t\t\t\t<\/div>\n\t\t<\/div>\n\t\t\t\t\t<\/div>\n\t\t<\/section>\n\t\t\t\t<section class=\"elementor-section elementor-top-section elementor-element elementor-element-b92063c elementor-section-boxed elementor-section-height-default elementor-section-height-default\" data-id=\"b92063c\" data-element_type=\"section\">\n\t\t\t\t\t\t<div class=\"elementor-container elementor-column-gap-default\">\n\t\t\t\t\t<div class=\"elementor-column elementor-col-33 elementor-top-column elementor-element elementor-element-2d91581\" data-id=\"2d91581\" data-element_type=\"column\">\n\t\t\t<div class=\"elementor-widget-wrap elementor-element-populated\">\n\t\t\t\t\t\t<div class=\"elementor-element elementor-element-13b89bd elementor-widget elementor-widget-spacer\" data-id=\"13b89bd\" data-element_type=\"widget\" data-widget_type=\"spacer.default\">\n\t\t\t\t<div class=\"elementor-widget-container\">\n\t\t\t\t\t<div class=\"elementor-spacer\">\n\t\t\t<div class=\"elementor-spacer-inner\"><\/div>\n\t\t<\/div>\n\t\t\t\t<\/div>\n\t\t\t\t<\/div>\n\t\t\t\t\t<\/div>\n\t\t<\/div>\n\t\t\t\t<div class=\"elementor-column elementor-col-33 elementor-top-column elementor-element elementor-element-8e120e3\" data-id=\"8e120e3\" data-element_type=\"column\">\n\t\t\t<div class=\"elementor-widget-wrap elementor-element-populated\">\n\t\t\t\t\t\t<div class=\"elementor-element elementor-element-105a136 elementor-widget elementor-widget-text-editor\" data-id=\"105a136\" data-element_type=\"widget\" data-widget_type=\"text-editor.default\">\n\t\t\t\t<div class=\"elementor-widget-container\">\n\t\t\t\t\t\t\t<p>Estamos selecionando estudantes para atuarem como monitores(as) e volunt\u00e1rios(as) no 5\u00ba Congresso da Rede Internacional de Estudos Culturais (RIEC) e no II Semin\u00e1rio Internacional de Estudos Culturais da EACH-USP. A participa\u00e7\u00e3o \u00e9 volunt\u00e1ria e dar\u00e1 direito \u00e0 certifica\u00e7\u00e3o e isen\u00e7\u00e3o da taxa de inscri\u00e7\u00e3o nos dias de atua\u00e7\u00e3o. Todas as informa\u00e7\u00f5es est\u00e3o dispon\u00edveis no edital abaixo.<\/p>\t\t\t\t\t\t<\/div>\n\t\t\t\t<\/div>\n\t\t\t\t<section class=\"elementor-section elementor-inner-section elementor-element elementor-element-8a5bb2a elementor-section-boxed elementor-section-height-default elementor-section-height-default\" data-id=\"8a5bb2a\" data-element_type=\"section\">\n\t\t\t\t\t\t<div class=\"elementor-container elementor-column-gap-default\">\n\t\t\t\t\t<div class=\"elementor-column elementor-col-50 elementor-inner-column elementor-element elementor-element-896ba47\" data-id=\"896ba47\" data-element_type=\"column\">\n\t\t\t<div class=\"elementor-widget-wrap elementor-element-populated\">\n\t\t\t\t\t\t<div class=\"elementor-element elementor-element-f0e58c0 elementor-align-center elementor-widget elementor-widget-button\" data-id=\"f0e58c0\" data-element_type=\"widget\" data-widget_type=\"button.default\">\n\t\t\t\t<div class=\"elementor-widget-container\">\n\t\t\t\t\t\t\t<div class=\"elementor-button-wrapper\">\n\t\t\t\t\t<a class=\"elementor-button elementor-button-link elementor-size-sm\" href=\"https:\/\/sites.usp.br\/riec\/wp-content\/uploads\/sites\/1561\/2025\/04\/EDITAL-DE-CHAMAMENTO-E-SELECAO-DE-MONITORES_AS-1.pdf\" target=\"_blank\">\n\t\t\t\t\t\t<span class=\"elementor-button-content-wrapper\">\n\t\t\t\t\t\t\t\t\t<span class=\"elementor-button-text\">Edital de Chamamento<\/span>\n\t\t\t\t\t<\/span>\n\t\t\t\t\t<\/a>\n\t\t\t\t<\/div>\n\t\t\t\t\t\t<\/div>\n\t\t\t\t<\/div>\n\t\t\t\t\t<\/div>\n\t\t<\/div>\n\t\t\t\t<div class=\"elementor-column elementor-col-50 elementor-inner-column elementor-element elementor-element-b44c394\" data-id=\"b44c394\" data-element_type=\"column\">\n\t\t\t<div class=\"elementor-widget-wrap elementor-element-populated\">\n\t\t\t\t\t\t<div class=\"elementor-element elementor-element-4142530 elementor-align-center elementor-widget elementor-widget-button\" data-id=\"4142530\" data-element_type=\"widget\" data-widget_type=\"button.default\">\n\t\t\t\t<div class=\"elementor-widget-container\">\n\t\t\t\t\t\t\t<div class=\"elementor-button-wrapper\">\n\t\t\t\t\t<a class=\"elementor-button elementor-button-link elementor-size-sm\" href=\"https:\/\/docs.google.com\/forms\/d\/e\/1FAIpQLSfJ_tAxXtjvmSatR3k-MAmqcrtG4pQXf7kXxdj20SI5GA3A9w\/viewform\" target=\"_blank\">\n\t\t\t\t\t\t<span class=\"elementor-button-content-wrapper\">\n\t\t\t\t\t\t\t\t\t<span class=\"elementor-button-text\">Inscri\u00e7\u00e3o<\/span>\n\t\t\t\t\t<\/span>\n\t\t\t\t\t<\/a>\n\t\t\t\t<\/div>\n\t\t\t\t\t\t<\/div>\n\t\t\t\t<\/div>\n\t\t\t\t\t<\/div>\n\t\t<\/div>\n\t\t\t\t\t<\/div>\n\t\t<\/section>\n\t\t\t\t\t<\/div>\n\t\t<\/div>\n\t\t\t\t<div class=\"elementor-column elementor-col-33 elementor-top-column elementor-element elementor-element-42c9e7b\" data-id=\"42c9e7b\" data-element_type=\"column\">\n\t\t\t<div class=\"elementor-widget-wrap elementor-element-populated\">\n\t\t\t\t\t\t<div class=\"elementor-element elementor-element-0f14d80 elementor-widget elementor-widget-spacer\" data-id=\"0f14d80\" data-element_type=\"widget\" data-widget_type=\"spacer.default\">\n\t\t\t\t<div class=\"elementor-widget-container\">\n\t\t\t\t\t<div class=\"elementor-spacer\">\n\t\t\t<div class=\"elementor-spacer-inner\"><\/div>\n\t\t<\/div>\n\t\t\t\t<\/div>\n\t\t\t\t<\/div>\n\t\t\t\t\t<\/div>\n\t\t<\/div>\n\t\t\t\t\t<\/div>\n\t\t<\/section>\n\t\t\t\t<\/div>\n\t\t","protected":false},"excerpt":{"rendered":"<p>Seja Volunt\u00e1rio Estamos selecionando estudantes para atuarem como monitores(as) e volunt\u00e1rios(as) no 5\u00ba Congresso da Rede Internacional de Estudos Culturais (RIEC) e no II Semin\u00e1rio Internacional de Estudos Culturais da EACH-USP. A participa\u00e7\u00e3o \u00e9 volunt\u00e1ria e dar\u00e1 direito \u00e0 certifica\u00e7\u00e3o e isen\u00e7\u00e3o da taxa de inscri\u00e7\u00e3o nos dias de atua\u00e7\u00e3o. Todas as informa\u00e7\u00f5es est\u00e3o dispon\u00edveis [&hellip;]<\/p>\n","protected":false},"author":24190,"featured_media":0,"parent":0,"menu_order":0,"comment_status":"closed","ping_status":"closed","template":"","meta":{"footnotes":"","_links_to":"","_links_to_target":""},"class_list":["post-1474","page","type-page","status-publish","hentry"],"_links":{"self":[{"href":"https:\/\/sites.usp.br\/riec\/wp-json\/wp\/v2\/pages\/1474","targetHints":{"allow":["GET"]}}],"collection":[{"href":"https:\/\/sites.usp.br\/riec\/wp-json\/wp\/v2\/pages"}],"about":[{"href":"https:\/\/sites.usp.br\/riec\/wp-json\/wp\/v2\/types\/page"}],"author":[{"embeddable":true,"href":"https:\/\/sites.usp.br\/riec\/wp-json\/wp\/v2\/users\/24190"}],"replies":[{"embeddable":true,"href":"https:\/\/sites.usp.br\/riec\/wp-json\/wp\/v2\/comments?post=1474"}],"version-history":[{"count":4,"href":"https:\/\/sites.usp.br\/riec\/wp-json\/wp\/v2\/pages\/1474\/revisions"}],"predecessor-version":[{"id":1512,"href":"https:\/\/sites.usp.br\/riec\/wp-json\/wp\/v2\/pages\/1474\/revisions\/1512"}],"wp:attachment":[{"href":"https:\/\/sites.usp.br\/riec\/wp-json\/wp\/v2\/media?parent=1474"}],"curies":[{"name":"wp","href":"https:\/\/api.w.org\/{rel}","templated":true}]}}