{"id":394,"date":"2024-10-23T11:19:54","date_gmt":"2024-10-23T13:19:54","guid":{"rendered":"https:\/\/sites.usp.br\/riec\/?page_id=394"},"modified":"2024-11-25T08:55:56","modified_gmt":"2024-11-25T10:55:56","slug":"apresentacao","status":"publish","type":"page","link":"https:\/\/sites.usp.br\/riec\/apresentacao\/","title":{"rendered":"Apresenta\u00e7\u00e3o"},"content":{"rendered":"\t\t<div data-elementor-type=\"wp-page\" data-elementor-id=\"394\" class=\"elementor elementor-394\" data-elementor-post-type=\"page\">\n\t\t\t\t\t\t<section class=\"elementor-section elementor-top-section elementor-element elementor-element-b395e6d elementor-section-boxed elementor-section-height-default elementor-section-height-default\" data-id=\"b395e6d\" data-element_type=\"section\">\n\t\t\t\t\t\t<div class=\"elementor-container elementor-column-gap-default\">\n\t\t\t\t\t<div class=\"elementor-column elementor-col-100 elementor-top-column elementor-element elementor-element-479ad46\" data-id=\"479ad46\" data-element_type=\"column\">\n\t\t\t<div class=\"elementor-widget-wrap elementor-element-populated\">\n\t\t\t\t\t\t<div class=\"elementor-element elementor-element-c835267 elementor-widget elementor-widget-text-editor\" data-id=\"c835267\" data-element_type=\"widget\" data-widget_type=\"text-editor.default\">\n\t\t\t\t<div class=\"elementor-widget-container\">\n\t\t\t\t\t\t\t<p>Apresenta\u00e7\u00e3o<\/p>\t\t\t\t\t\t<\/div>\n\t\t\t\t<\/div>\n\t\t\t\t\t<\/div>\n\t\t<\/div>\n\t\t\t\t\t<\/div>\n\t\t<\/section>\n\t\t\t\t<section class=\"elementor-section elementor-top-section elementor-element elementor-element-c9f3c5d elementor-section-boxed elementor-section-height-default elementor-section-height-default\" data-id=\"c9f3c5d\" data-element_type=\"section\">\n\t\t\t\t\t\t<div class=\"elementor-container elementor-column-gap-default\">\n\t\t\t\t\t<div class=\"elementor-column elementor-col-33 elementor-top-column elementor-element elementor-element-4a1b77d\" data-id=\"4a1b77d\" data-element_type=\"column\">\n\t\t\t<div class=\"elementor-widget-wrap\">\n\t\t\t\t\t\t\t<\/div>\n\t\t<\/div>\n\t\t\t\t<div class=\"elementor-column elementor-col-33 elementor-top-column elementor-element elementor-element-2e60920\" data-id=\"2e60920\" data-element_type=\"column\">\n\t\t\t<div class=\"elementor-widget-wrap elementor-element-populated\">\n\t\t\t\t\t\t<div class=\"elementor-element elementor-element-b5ea834 elementor-widget elementor-widget-text-editor\" data-id=\"b5ea834\" data-element_type=\"widget\" data-widget_type=\"text-editor.default\">\n\t\t\t\t<div class=\"elementor-widget-container\">\n\t\t\t\t\t\t\t<p>Em 2025, o 5\u00ba Congresso da Rede Internacional de Estudos Culturais (RIEC) ser\u00e1 realizado junto com o II Semin\u00e1rio Internacional de Estudos Culturais da Escola de Artes, Ci\u00eancias e Humanidades da Universidade de S\u00e3o Paulo (EACH-USP), em S\u00e3o Paulo \u2013 SP, Brasil. O tema, \u201cEstudos Culturais contempor\u00e2neos: novas fronteiras tem\u00e1ticas, velhos dilemas e complexidades atuais\u201d, reflete uma continuidade das discuss\u00f5es iniciadas em 2015 no <a href=\"https:\/\/plataforma9.com\/congressos\/each-usp-seminario-internacional-de-estudos-culturais.htm\">I Semin\u00e1rio Internacional de Estudos Culturais da EACH-USP<\/a>. Naquela ocasi\u00e3o, celebraram-se os cinco anos do Programa de P\u00f3s-Gradua\u00e7\u00e3o em Estudos Culturais da USP, com \u00eanfase nos projetos pedag\u00f3gicos, epist\u00eamicos e pol\u00edticos, destacando os desafios e caminhos para consolidar o campo no Brasil e na Am\u00e9rica Latina.<br \/>O tema proposto para o 5\u00ba Congresso e o II Semin\u00e1rio \u00e9 um aprofundamento dessas reflex\u00f5es, trazendo \u00e0 tona as novas fronteiras tem\u00e1ticas emergentes, como as humanidades digitais, os novos movimentos sociais, as mudan\u00e7as no cen\u00e1rio pol\u00edtico e os desafios ambientais. Contudo, essas quest\u00f5es est\u00e3o interligadas aos velhos dilemas do campo, como poder, representa\u00e7\u00e3o, identidade e diferen\u00e7a, que continuam a desafiar pesquisadores e a pr\u00e1tica dos Estudos Culturais.<br \/>Os eventos abordar\u00e3o as complexidades atuais, incluindo a acelera\u00e7\u00e3o das mudan\u00e7as globais e as novas configura\u00e7\u00f5es de poder e resist\u00eancia. Busca-se examinar como essas din\u00e2micas moldam as experi\u00eancias contempor\u00e2neas e de que forma os Estudos Culturais podem contribuir para compreend\u00ea-las e intervir nelas. A realiza\u00e7\u00e3o do II Semin\u00e1rio tamb\u00e9m celebra a aprova\u00e7\u00e3o pela CAPES do doutorado do Programa de P\u00f3s-Gradua\u00e7\u00e3o em Estudos Culturais da EACH-USP, consolidando-o como refer\u00eancia no Brasil.<br \/>Esses eventos refor\u00e7am a import\u00e2ncia da troca internacional de conhecimento, especialmente entre Brasil, Angola e outras na\u00e7\u00f5es africanas, ampliando a coopera\u00e7\u00e3o entre pa\u00edses da Am\u00e9rica do Sul e o Sul Global.<\/p>\t\t\t\t\t\t<\/div>\n\t\t\t\t<\/div>\n\t\t\t\t\t<\/div>\n\t\t<\/div>\n\t\t\t\t<div class=\"elementor-column elementor-col-33 elementor-top-column elementor-element elementor-element-5534257\" data-id=\"5534257\" data-element_type=\"column\">\n\t\t\t<div class=\"elementor-widget-wrap\">\n\t\t\t\t\t\t\t<\/div>\n\t\t<\/div>\n\t\t\t\t\t<\/div>\n\t\t<\/section>\n\t\t\t\t<section class=\"elementor-section elementor-top-section elementor-element elementor-element-8925c94 elementor-section-boxed elementor-section-height-default elementor-section-height-default\" data-id=\"8925c94\" data-element_type=\"section\">\n\t\t\t\t\t\t<div class=\"elementor-container elementor-column-gap-default\">\n\t\t\t\t\t<div class=\"elementor-column elementor-col-100 elementor-top-column elementor-element elementor-element-53a9adf\" data-id=\"53a9adf\" data-element_type=\"column\">\n\t\t\t<div class=\"elementor-widget-wrap elementor-element-populated\">\n\t\t\t\t\t\t<div class=\"elementor-element elementor-element-832efa7 elementor-widget elementor-widget-spacer\" data-id=\"832efa7\" data-element_type=\"widget\" data-widget_type=\"spacer.default\">\n\t\t\t\t<div class=\"elementor-widget-container\">\n\t\t\t\t\t<div class=\"elementor-spacer\">\n\t\t\t<div class=\"elementor-spacer-inner\"><\/div>\n\t\t<\/div>\n\t\t\t\t<\/div>\n\t\t\t\t<\/div>\n\t\t\t\t\t<\/div>\n\t\t<\/div>\n\t\t\t\t\t<\/div>\n\t\t<\/section>\n\t\t\t\t<section class=\"elementor-section elementor-top-section elementor-element elementor-element-48f1788 elementor-section-boxed elementor-section-height-default elementor-section-height-default\" data-id=\"48f1788\" data-element_type=\"section\">\n\t\t\t\t\t\t<div class=\"elementor-container elementor-column-gap-default\">\n\t\t\t\t\t<div class=\"elementor-column elementor-col-100 elementor-top-column elementor-element elementor-element-a7f25f4\" data-id=\"a7f25f4\" data-element_type=\"column\">\n\t\t\t<div class=\"elementor-widget-wrap elementor-element-populated\">\n\t\t\t\t\t\t<div class=\"elementor-element elementor-element-25141d9 elementor-widget elementor-widget-text-editor\" data-id=\"25141d9\" data-element_type=\"widget\" data-widget_type=\"text-editor.default\">\n\t\t\t\t<div class=\"elementor-widget-container\">\n\t\t\t\t\t\t\t<p>Sobre a\u00a0<a href=\"https:\/\/riec.info\/\">RIEC<\/a><\/p>\t\t\t\t\t\t<\/div>\n\t\t\t\t<\/div>\n\t\t\t\t\t<\/div>\n\t\t<\/div>\n\t\t\t\t\t<\/div>\n\t\t<\/section>\n\t\t\t\t<section class=\"elementor-section elementor-top-section elementor-element elementor-element-25e8855 elementor-section-boxed elementor-section-height-default elementor-section-height-default\" data-id=\"25e8855\" data-element_type=\"section\" data-settings=\"{&quot;shape_divider_bottom&quot;:&quot;triangle-asymmetrical&quot;}\">\n\t\t\t\t\t<div class=\"elementor-shape elementor-shape-bottom\" data-negative=\"false\">\n\t\t\t<svg xmlns=\"http:\/\/www.w3.org\/2000\/svg\" viewBox=\"0 0 1000 100\" preserveAspectRatio=\"none\">\n\t<path class=\"elementor-shape-fill\" d=\"M738,99l262-93V0H0v5.6L738,99z\"\/>\n<\/svg>\t\t<\/div>\n\t\t\t\t\t<div class=\"elementor-container elementor-column-gap-default\">\n\t\t\t\t\t<div class=\"elementor-column elementor-col-33 elementor-top-column elementor-element elementor-element-209d3a3\" data-id=\"209d3a3\" data-element_type=\"column\">\n\t\t\t<div class=\"elementor-widget-wrap\">\n\t\t\t\t\t\t\t<\/div>\n\t\t<\/div>\n\t\t\t\t<div class=\"elementor-column elementor-col-33 elementor-top-column elementor-element elementor-element-7e7b78f\" data-id=\"7e7b78f\" data-element_type=\"column\">\n\t\t\t<div class=\"elementor-widget-wrap elementor-element-populated\">\n\t\t\t\t\t\t<div class=\"elementor-element elementor-element-fe5d434 elementor-widget elementor-widget-text-editor\" data-id=\"fe5d434\" data-element_type=\"widget\" data-widget_type=\"text-editor.default\">\n\t\t\t\t<div class=\"elementor-widget-container\">\n\t\t\t\t\t\t\t<p>A Rede Internacional em Estudos Culturais \u2013&nbsp;RIEC&nbsp;\u00e9 composta por 10 universidades de 5 pa\u00edses (Angola, Brasil, Cabo Verde, Mo\u00e7ambique e Portugal). Criada em 2020, a rede se constituiu a partir de a\u00e7\u00f5es colaborativas j\u00e1 estabelecidas entre pesquisadores e institui\u00e7\u00f5es por meio de projetos em comum de pesquisa e forma\u00e7\u00e3o, interc\u00e2mbios de pesquisadores, publica\u00e7\u00f5es e outras iniciativas pensadas e realizadas para contribuir com o desenvolvimento dos Estudos Culturais e com a descentraliza\u00e7\u00e3o da produ\u00e7\u00e3o cient\u00edfica.<\/p>\t\t\t\t\t\t<\/div>\n\t\t\t\t<\/div>\n\t\t\t\t\t<\/div>\n\t\t<\/div>\n\t\t\t\t<div class=\"elementor-column elementor-col-33 elementor-top-column elementor-element elementor-element-e6799ec\" data-id=\"e6799ec\" data-element_type=\"column\">\n\t\t\t<div class=\"elementor-widget-wrap\">\n\t\t\t\t\t\t\t<\/div>\n\t\t<\/div>\n\t\t\t\t\t<\/div>\n\t\t<\/section>\n\t\t\t\t<section class=\"elementor-section elementor-top-section elementor-element elementor-element-f3f2de6 elementor-section-boxed elementor-section-height-default elementor-section-height-default\" data-id=\"f3f2de6\" data-element_type=\"section\" data-settings=\"{&quot;background_background&quot;:&quot;classic&quot;}\">\n\t\t\t\t\t\t<div class=\"elementor-container elementor-column-gap-default\">\n\t\t\t\t\t<div class=\"elementor-column elementor-col-33 elementor-top-column elementor-element elementor-element-59cc46f\" data-id=\"59cc46f\" data-element_type=\"column\">\n\t\t\t<div class=\"elementor-widget-wrap\">\n\t\t\t\t\t\t\t<\/div>\n\t\t<\/div>\n\t\t\t\t<div class=\"elementor-column elementor-col-33 elementor-top-column elementor-element elementor-element-f9b9cea\" data-id=\"f9b9cea\" data-element_type=\"column\">\n\t\t\t<div class=\"elementor-widget-wrap elementor-element-populated\">\n\t\t\t\t\t\t<div class=\"elementor-element elementor-element-9f87353 elementor-widget elementor-widget-text-editor\" data-id=\"9f87353\" data-element_type=\"widget\" data-widget_type=\"text-editor.default\">\n\t\t\t\t<div class=\"elementor-widget-container\">\n\t\t\t\t\t\t\t<p>Desde 2021, temos realizado nossos congressos em edi\u00e7\u00f5es anuais, cada uma organizada em uma institui\u00e7\u00e3o parceira e num pa\u00eds diferente. O primeiro, realizado no Centro de L\u00ednguas, Literaturas e Culturas da Universidade de Aveiro \u2013 CLLC-UA, em Portugal, teve como tema\u00a0<a href=\"https:\/\/riec.estudosculturais.com\/\">Cartografias e Perspectivas de Futuro<\/a>.<\/p><p>A segunda edi\u00e7\u00e3o aconteceu em 2022, organizada no Departamento de Educa\u00e7\u00e3o F\u00edsica da Escola de Educa\u00e7\u00e3o F\u00edsica, Fisioterapia e Terapia Ocupacional da Universidade Federal de Minas Gerais \u2013 EEFTO-UFMG, Brasil, com o tema\u00a0<a href=\"https:\/\/riec2022.riec.info\/\">Lazer, Corpos e Estudos Culturais<\/a>.<\/p><p><span style=\"color: var( --e-global-color-48d2c46 ); font-family: var( --e-global-typography-text-font-family ), Sans-serif; font-weight: var( --e-global-typography-text-font-weight ); font-size: 1rem;\">Em 2023, fomos a Lubango, Angola, para o 3\u00ba Congresso RIEC, que tratou de\u00a0<a href=\"https:\/\/riec2023.riec.info\/\">Interculturalidade e Movimentos Sociais: Ra\u00e7a, Classe e G\u00eanero<\/a>. O evento aconteceu no Centro de Estudos Multidisciplinar e do Departamento de Ci\u00eancias Sociais e Humanas \u2013 DCSH do Instituto Superior Polit\u00e9cnico Independente\u00a0\u2013 ISPI.<\/span><\/p><p>A quarta edi\u00e7\u00e3o, teve como tema <a href=\"https:\/\/riec2024.riec.info\/\">Corpos, Artes e Culturas: entre margens e fronteiras<\/a>, e foi realizada no Instituto de Ci\u00eancias da Arte, e foi realizada junto ao Programa de P\u00f3s-Gradua\u00e7\u00e3o em Artes da Escola de Teatro e Dan\u00e7a da Universidade Federal do Par\u00e1 (UFPA), em Bel\u00e9m (PA).<\/p>\t\t\t\t\t\t<\/div>\n\t\t\t\t<\/div>\n\t\t\t\t\t<\/div>\n\t\t<\/div>\n\t\t\t\t<div class=\"elementor-column elementor-col-33 elementor-top-column elementor-element elementor-element-ad3d051\" data-id=\"ad3d051\" data-element_type=\"column\">\n\t\t\t<div class=\"elementor-widget-wrap\">\n\t\t\t\t\t\t\t<\/div>\n\t\t<\/div>\n\t\t\t\t\t<\/div>\n\t\t<\/section>\n\t\t\t\t<section class=\"elementor-section elementor-top-section elementor-element elementor-element-709c0c5 elementor-section-boxed elementor-section-height-default elementor-section-height-default\" data-id=\"709c0c5\" data-element_type=\"section\" data-settings=\"{&quot;shape_divider_top&quot;:&quot;triangle-asymmetrical&quot;}\">\n\t\t\t\t\t<div class=\"elementor-shape elementor-shape-top\" data-negative=\"false\">\n\t\t\t<svg xmlns=\"http:\/\/www.w3.org\/2000\/svg\" viewBox=\"0 0 1000 100\" preserveAspectRatio=\"none\">\n\t<path class=\"elementor-shape-fill\" d=\"M738,99l262-93V0H0v5.6L738,99z\"\/>\n<\/svg>\t\t<\/div>\n\t\t\t\t\t<div class=\"elementor-container elementor-column-gap-default\">\n\t\t\t\t\t<div class=\"elementor-column elementor-col-100 elementor-top-column elementor-element elementor-element-d845fd9\" data-id=\"d845fd9\" data-element_type=\"column\">\n\t\t\t<div class=\"elementor-widget-wrap elementor-element-populated\">\n\t\t\t\t\t\t<div class=\"elementor-element elementor-element-ce2f83b elementor-widget elementor-widget-spacer\" data-id=\"ce2f83b\" data-element_type=\"widget\" data-widget_type=\"spacer.default\">\n\t\t\t\t<div class=\"elementor-widget-container\">\n\t\t\t\t\t<div class=\"elementor-spacer\">\n\t\t\t<div class=\"elementor-spacer-inner\"><\/div>\n\t\t<\/div>\n\t\t\t\t<\/div>\n\t\t\t\t<\/div>\n\t\t\t\t\t<\/div>\n\t\t<\/div>\n\t\t\t\t\t<\/div>\n\t\t<\/section>\n\t\t\t\t<\/div>\n\t\t","protected":false},"excerpt":{"rendered":"<p>Apresenta\u00e7\u00e3o Em 2025, o 5\u00ba Congresso da Rede Internacional de Estudos Culturais (RIEC) ser\u00e1 realizado junto com o II Semin\u00e1rio Internacional de Estudos Culturais da Escola de Artes, Ci\u00eancias e Humanidades da Universidade de S\u00e3o Paulo (EACH-USP), em S\u00e3o Paulo \u2013 SP, Brasil. O tema, \u201cEstudos Culturais contempor\u00e2neos: novas fronteiras tem\u00e1ticas, velhos dilemas e complexidades [&hellip;]<\/p>\n","protected":false},"author":24190,"featured_media":0,"parent":0,"menu_order":0,"comment_status":"closed","ping_status":"closed","template":"","meta":{"footnotes":"","_links_to":"","_links_to_target":""},"class_list":["post-394","page","type-page","status-publish","hentry"],"_links":{"self":[{"href":"https:\/\/sites.usp.br\/riec\/wp-json\/wp\/v2\/pages\/394","targetHints":{"allow":["GET"]}}],"collection":[{"href":"https:\/\/sites.usp.br\/riec\/wp-json\/wp\/v2\/pages"}],"about":[{"href":"https:\/\/sites.usp.br\/riec\/wp-json\/wp\/v2\/types\/page"}],"author":[{"embeddable":true,"href":"https:\/\/sites.usp.br\/riec\/wp-json\/wp\/v2\/users\/24190"}],"replies":[{"embeddable":true,"href":"https:\/\/sites.usp.br\/riec\/wp-json\/wp\/v2\/comments?post=394"}],"version-history":[{"count":4,"href":"https:\/\/sites.usp.br\/riec\/wp-json\/wp\/v2\/pages\/394\/revisions"}],"predecessor-version":[{"id":987,"href":"https:\/\/sites.usp.br\/riec\/wp-json\/wp\/v2\/pages\/394\/revisions\/987"}],"wp:attachment":[{"href":"https:\/\/sites.usp.br\/riec\/wp-json\/wp\/v2\/media?parent=394"}],"curies":[{"name":"wp","href":"https:\/\/api.w.org\/{rel}","templated":true}]}}