{"id":330,"date":"2019-10-15T16:58:01","date_gmt":"2019-10-15T18:58:01","guid":{"rendered":"https:\/\/sites.usp.br\/rnpavc\/?page_id=330"},"modified":"2023-01-25T17:48:15","modified_gmt":"2023-01-25T19:48:15","slug":"instituicoes-vinculadas","status":"publish","type":"page","link":"https:\/\/sites.usp.br\/rnpavc\/instituicoes-vinculadas\/","title":{"rendered":"Institui\u00e7\u00f5es Vinculadas"},"content":{"rendered":"<p>&nbsp;<\/p>\n<h3>Centro Coordenador<\/h3>\n<p><a href=\"https:\/\/site.hcrp.usp.br\/unidade-de-pesquisa-clinica\/\" target=\"_blank\" rel=\"noopener noreferrer\">Hospital das Cl\u00ednicas de Ribeir\u00e3o Preto (SP)<\/a><\/p>\n<hr \/>\n<p>&nbsp;<\/p>\n<h3>Centro Participantes<\/h3>\n<p><a href=\"https:\/\/www.hcpa.edu.br\/pesquisa\/pesquisa-infraestrutura\/pesquisa-infraestrutura-centro-de-pesquisa-clinica\" target=\"_blank\" rel=\"noopener noreferrer\">Hospital de Cl\u00ednicas de Porto Alegre (RS)<\/a><\/p>\n<hr \/>\n<p><a href=\"https:\/\/www.fcm.unicamp.br\/fcm\/centro-de-pesquisa-clinica-cpc\" target=\"_blank\" rel=\"noopener noreferrer\">Universidade Estadual de Campinas (SP)<\/a><\/p>\n<hr \/>\n<p><a href=\"http:\/\/www.hcfmb.unesp.br\/nucleo-de-pesquisa\/#1506174367074-eb442f67-854c\">Hospital das Cl\u00ednicas de Botucatu (SP)<\/a><\/p>\n<hr \/>\n<p><a href=\"http:\/\/www.hospitaldebase.com.br\/cip\">Hospital da Base de Rio Preto (SP)<\/a><\/p>\n<hr \/>\n<p><a href=\"http:\/\/www.pucrs.br\/pesquisa\/cpc\/\" target=\"_blank\" rel=\"noopener noreferrer\">Pont\u00edficia Universidade Cat\u00f3lica do Rio Grande do Sul (RS)<\/a><\/p>\n<hr \/>\n<p><a href=\"https:\/\/www.hsjose.com.br\/pesquisa\" target=\"_blank\" rel=\"noopener noreferrer\">Confer\u00eancia S\u00e3o Jos\u00e9 do Ava\u00ed (RJ)<\/a><\/p>\n<hr \/>\n<p><a href=\"http:\/\/www2.ebserh.gov.br\/web\/hupes-ufba\/pesquisa-e-inovacao-tecnologica\/centro-de-pesquisa-clinica-necba\" target=\"_blank\" rel=\"noopener noreferrer\">Universidade Federal da Bahia (BA)<\/a><\/p>\n<hr \/>\n<p><a href=\"http:\/\/www.hucff.ufrj.br\/pesquisa\/divisao-de-pesquisa\/upc\" target=\"_blank\" rel=\"noopener noreferrer\">Universidade Federal do Rio de Janeiro (RJ)<\/a><\/p>\n<hr \/>\n<p><a href=\"https:\/\/www.hcor.com.br\/instituto-de-pesquisa\/\" target=\"_blank\" rel=\"noopener noreferrer\">Hcor (SP)<\/a><\/p>\n<hr \/>\n<p><a href=\"https:\/\/www.univille.edu.br\/\/pt-br\/institucional\/proreitorias\/prppg\/pesquisa-univille\/index\/879151\">Univille (SC)<\/a><\/p>\n<hr \/>\n<p>Universidade Federal de S\u00e3o Paulo (SP)<\/p>\n<hr \/>\n<p>Hospital Estadual Central (SC)<\/p>\n<hr \/>\n<p>Hospital das Cl\u00ednicas de Curitiba (PR)<\/p>\n<hr \/>\n<p><a href=\"http:\/\/www.hgf.ce.gov.br\/index.php\/comite-de-etica-em-pesquisa\">Hospital Geral de Fortaleza (CE)<\/a><\/p>\n<hr \/>\n<p><a href=\"https:\/\/igesdf.org.br\/pesquisa-e-inovacao\/centro-de-pesquisa\/\">Hospital de Base do Distrito Federal (DF)<\/a><\/p>\n<hr \/>\n<div class=\"page\" title=\"Page 4\">\n<div class=\"section\">\n<div class=\"layoutArea\">\n<div class=\"column\">\n<p><a href=\"https:\/\/www.ufpr.br\/portalufpr\/noticias\/etica-em-pesquisa\">Hospital de Cl\u00ednicas da Universidade Federal do Paran\u00e1 (PR)<\/a><\/p>\n<hr \/>\n<p>Cl\u00ednica Neurologia e Neurocir\u00fargica de Joinville (SC)<\/p>\n<hr \/>\n<\/div>\n<\/div>\n<\/div>\n<\/div>\n<p><a href=\"https:\/\/www.hc.fm.usp.br\/hc\/portal\/\">Hospital das Cl\u00ednicas da Faculdade de Medicina da USP (SP)<\/a><\/p>\n","protected":false},"excerpt":{"rendered":"<p>&nbsp; Centro Coordenador Hospital das Cl\u00ednicas de Ribeir\u00e3o Preto (SP) &nbsp; Centro Participantes Hospital de Cl\u00ednicas de Porto Alegre (RS) Universidade Estadual de Campinas (SP) Hospital das Cl\u00ednicas de Botucatu (SP) Hospital da Base de Rio Preto (SP) Pont\u00edficia Universidade Cat\u00f3lica do Rio Grande do Sul (RS) Confer\u00eancia S\u00e3o Jos\u00e9 do Ava\u00ed (RJ) Universidade Federal<a href=\"https:\/\/sites.usp.br\/rnpavc\/instituicoes-vinculadas\/\">[&#8230;]<\/a><\/p>\n","protected":false},"author":906,"featured_media":0,"parent":0,"menu_order":0,"comment_status":"closed","ping_status":"closed","template":"","meta":{"footnotes":"","_links_to":"","_links_to_target":""},"class_list":["post-330","page","type-page","status-publish","hentry"],"_links":{"self":[{"href":"https:\/\/sites.usp.br\/rnpavc\/wp-json\/wp\/v2\/pages\/330","targetHints":{"allow":["GET"]}}],"collection":[{"href":"https:\/\/sites.usp.br\/rnpavc\/wp-json\/wp\/v2\/pages"}],"about":[{"href":"https:\/\/sites.usp.br\/rnpavc\/wp-json\/wp\/v2\/types\/page"}],"author":[{"embeddable":true,"href":"https:\/\/sites.usp.br\/rnpavc\/wp-json\/wp\/v2\/users\/906"}],"replies":[{"embeddable":true,"href":"https:\/\/sites.usp.br\/rnpavc\/wp-json\/wp\/v2\/comments?post=330"}],"version-history":[{"count":5,"href":"https:\/\/sites.usp.br\/rnpavc\/wp-json\/wp\/v2\/pages\/330\/revisions"}],"predecessor-version":[{"id":1017,"href":"https:\/\/sites.usp.br\/rnpavc\/wp-json\/wp\/v2\/pages\/330\/revisions\/1017"}],"wp:attachment":[{"href":"https:\/\/sites.usp.br\/rnpavc\/wp-json\/wp\/v2\/media?parent=330"}],"curies":[{"name":"wp","href":"https:\/\/api.w.org\/{rel}","templated":true}]}}