{"id":386,"date":"2019-10-25T16:51:41","date_gmt":"2019-10-25T18:51:41","guid":{"rendered":"https:\/\/sites.usp.br\/rnpavc\/?page_id=386"},"modified":"2020-12-17T22:32:38","modified_gmt":"2020-12-18T00:32:38","slug":"publicacoes-e-estudos-dos-centros-da-rnpavc","status":"publish","type":"page","link":"https:\/\/sites.usp.br\/rnpavc\/publicacoes-e-estudos-dos-centros-da-rnpavc\/","title":{"rendered":"Profissionais"},"content":{"rendered":"<p>&nbsp;<\/p>\n<h3><\/h3>\n<h3><b>Links para saber mais sobre o Acidente Vascular Cerebral em escala nacional e internacional:<\/b><\/h3>\n<p style=\"text-align: justify;\"><a href=\"http:\/\/www.abneuro.org.br\/\" target=\"_blank\" rel=\"noopener noreferrer\"><span style=\"font-weight: 400;\">Academia Brasileira de Neurologia<\/span><\/a><\/p>\n<hr \/>\n<p style=\"text-align: justify;\"><a href=\"http:\/\/www.aan.com\/\" target=\"_blank\" rel=\"noopener noreferrer\"><span style=\"font-weight: 400;\">Academia Americana de Neurologia<\/span><\/a><\/p>\n<hr \/>\n<p style=\"text-align: justify;\"><a href=\"http:\/\/www.world-stroke.org\/\" target=\"_blank\" rel=\"noopener noreferrer\"><span style=\"font-weight: 400;\">World Stroke Organization<\/span><\/a><\/p>\n<hr \/>\n<p style=\"text-align: justify;\"><a href=\"http:\/\/eso-stroke.org\/\" target=\"_blank\" rel=\"noopener noreferrer\"><span style=\"font-weight: 400;\">European Stroke Organization<\/span><\/a><\/p>\n<hr \/>\n<p style=\"text-align: justify;\"><a href=\"http:\/\/www.strokeassociation.org\/\" target=\"_blank\" rel=\"noopener noreferrer\"><span style=\"font-weight: 400;\">American Stroke Association<\/span><\/a><\/p>\n<hr \/>\n<p style=\"text-align: justify;\"><a href=\"http:\/\/www.redebrasilavc.org.br\/\" target=\"_blank\" rel=\"noopener noreferrer\"><span style=\"font-weight: 400;\">Rede Brasil AVC<\/span><\/a><\/p>\n<hr \/>\n<h3><\/h3>\n<p>&nbsp;<\/p>\n<h3 style=\"text-align: justify;\"><b>Escala NIHSS &#8211; <\/b><b>National Institute of Health Stroke Scale\u00a0<\/b><\/h3>\n<p style=\"text-align: justify;\"><span style=\"font-weight: 400;\">O NIHSS (escala para avalia\u00e7\u00e3o do paciente com AVC) \u00e9 a escala mais utilizada para avalia\u00e7\u00e3o da gravidade e para acompanhamento da evolu\u00e7\u00e3o cl\u00ednica do AVC. Enfatiza os mais importantes t\u00f3picos do exame neurol\u00f3gico e tem como objetivo uniformizar a linguagem dos profissionais de sa\u00fade e tem sido relacionada com gravidade, defini\u00e7\u00e3o de tratamento e progn\u00f3stico. O treinamento e certifica\u00e7\u00e3o s\u00e3o gratuitos e podem ser realizados atrav\u00e9s do seguinte link:\u00a0<\/span><\/p>\n<p style=\"text-align: justify;\"><a href=\"https:\/\/secure.trainingcampus.net\/uas\/modules\/trees\/windex.aspx?rx=nihss-portuguese.trainingcampus.net&amp;\"><span style=\"font-weight: 400;\">https:\/\/secure.trainingcampus.net\/uas\/modules\/trees\/windex.aspx?rx=nihss-portuguese.trainingcampus.net&amp;<\/span><\/a><\/p>\n<h3><\/h3>\n<p>&nbsp;<\/p>\n<h3 style=\"text-align: justify;\"><b>Pr\u00f3ximos eventos voltados a profissionais que se interessam pela \u00e1rea:<\/b><\/h3>\n<p><em>Em breve&#8230;<\/em><br \/>\n&nbsp;<\/p>\n<p style=\"text-align: justify;\"><em><b>Para mais informa\u00e7\u00f5es e links de acesso a manuais, treinamentos em AVC, Guidelines e muito mais, acesse o site da Rede Brasil AVC atrav\u00e9s da aba `Para Profissionais de Sa\u00fade`:<\/b><\/em><\/p>\n<p style=\"text-align: justify;\"><em><a href=\"http:\/\/www.redebrasilavc.org.br\/para-profissionais-de-saude\/cadastro-rbavc\/\"><span style=\"font-weight: 400;\">http:\/\/www.redebrasilavc.org.br\/para-profissionais-de-saude\/cadastro-rbavc\/<\/span><\/a><\/em><\/p>\n<p>&nbsp;<\/p>\n","protected":false},"excerpt":{"rendered":"<p>&nbsp; Links para saber mais sobre o Acidente Vascular Cerebral em escala nacional e internacional: Academia Brasileira de Neurologia Academia Americana de Neurologia World Stroke Organization European Stroke Organization American Stroke Association Rede Brasil AVC &nbsp; Escala NIHSS &#8211; National Institute of Health Stroke Scale\u00a0 O NIHSS (escala para avalia\u00e7\u00e3o do paciente com AVC) \u00e9<a href=\"https:\/\/sites.usp.br\/rnpavc\/publicacoes-e-estudos-dos-centros-da-rnpavc\/\">[&#8230;]<\/a><\/p>\n","protected":false},"author":906,"featured_media":0,"parent":0,"menu_order":0,"comment_status":"closed","ping_status":"closed","template":"","meta":{"footnotes":"","_links_to":"","_links_to_target":""},"class_list":["post-386","page","type-page","status-publish","hentry"],"_links":{"self":[{"href":"https:\/\/sites.usp.br\/rnpavc\/wp-json\/wp\/v2\/pages\/386","targetHints":{"allow":["GET"]}}],"collection":[{"href":"https:\/\/sites.usp.br\/rnpavc\/wp-json\/wp\/v2\/pages"}],"about":[{"href":"https:\/\/sites.usp.br\/rnpavc\/wp-json\/wp\/v2\/types\/page"}],"author":[{"embeddable":true,"href":"https:\/\/sites.usp.br\/rnpavc\/wp-json\/wp\/v2\/users\/906"}],"replies":[{"embeddable":true,"href":"https:\/\/sites.usp.br\/rnpavc\/wp-json\/wp\/v2\/comments?post=386"}],"version-history":[{"count":4,"href":"https:\/\/sites.usp.br\/rnpavc\/wp-json\/wp\/v2\/pages\/386\/revisions"}],"predecessor-version":[{"id":909,"href":"https:\/\/sites.usp.br\/rnpavc\/wp-json\/wp\/v2\/pages\/386\/revisions\/909"}],"wp:attachment":[{"href":"https:\/\/sites.usp.br\/rnpavc\/wp-json\/wp\/v2\/media?parent=386"}],"curies":[{"name":"wp","href":"https:\/\/api.w.org\/{rel}","templated":true}]}}