{"id":558,"date":"2020-03-07T14:56:47","date_gmt":"2020-03-07T16:56:47","guid":{"rendered":"https:\/\/sites.usp.br\/rnpavc\/?page_id=558"},"modified":"2020-03-07T15:10:36","modified_gmt":"2020-03-07T17:10:36","slug":"headpost","status":"publish","type":"page","link":"https:\/\/sites.usp.br\/rnpavc\/headpost\/","title":{"rendered":"HeadPoST"},"content":{"rendered":"<p>&nbsp;<\/p>\n<p style=\"text-align: justify;\"><span style=\"font-weight: 400;\">Um estudo iniciado e conduzido por pesquisador, com coopera\u00e7\u00e3o internacional, organizado regionalmente, multic\u00eantrico, prospectivo, aleatorizado em grupos, cruzado, com avalia\u00e7\u00e3o cega de resultados que comparou a efic\u00e1cia da posi\u00e7\u00e3o de cabe\u00e7a plana (0\u00b0) com a posi\u00e7\u00e3o semi sentada (\u226530\u00b0) nas primeiras 24 horas de interna\u00e7\u00e3o hospitalar em pacientes com AVC agudo no pior resultado de morte ou invalidez nos 90 dias seguintes. Este estudo foi finalizado e seus resultados principais foram publicados em 22 de junho de 2017 na <\/span><i><span style=\"font-weight: 400;\">New England Journal of Medicine<\/span><\/i><span style=\"font-weight: 400;\">. Observamos aus\u00eancia de diferen\u00e7a das duas posi\u00e7\u00f5es analisadas em rela\u00e7\u00e3o aos desfechos funcionais e de \u00f3bito em 3 meses. Os resultados do HeadPoST influenciar\u00e3o diretrizes da pr\u00e1tica cl\u00ednica no manejo de pacientes com AVC agudo.<\/span><\/p>\n<p style=\"text-align: justify;\"><span style=\"font-weight: 400;\">Clinical Trials: <\/span><a href=\"https:\/\/clinicaltrials.gov\/ct2\/show\/NCT01706094\"><span style=\"font-weight: 400;\">https:\/\/clinicaltrials.gov\/ct2\/show\/NCT01706094<\/span><\/a><\/p>\n<p style=\"text-align: justify;\"><b><i>Destaques da produ\u00e7\u00e3o cient\u00edfica:<\/i><\/b><\/p>\n<p style=\"text-align: justify;\"><b>1: Mu\u00f1oz Venturelli P, Li X, Middleton S, Watkins C, Lavados PM, Olavarr\u00eda VV, Brunser A, Pontes-Neto O, Santos TEG, Arima H, Billot L, Hackett ML, Song L, Robinson T, Anderson CS; HEADPOST (Head Positioning in Acute Stroke Trial) Investigators. Impact of Evidence-Based Stroke Care on Patient Outcomes: A Multilevel Analysis of an International Study. J Am Heart Assoc. 2019 Jul 2;8(13):e012640. doi: 10.1161\/JAHA.119.012640. Epub 2019 Jun 25. PMID: 31237173; PMCID: PMC6662356.<\/b><\/p>\n<p style=\"text-align: justify;\"><b>Link:<\/b> <a href=\"https:\/\/www.ncbi.nlm.nih.gov\/pmc\/articles\/PMC6662356\/pdf\/JAH3-8-e012640.pdf\"><b>https:\/\/www.ncbi.nlm.nih.gov\/pmc\/articles\/PMC6662356\/pdf\/JAH3-8-e012640.pdf<\/b><\/a><\/p>\n<p style=\"text-align: justify;\"><b>2: Anderson CS, Arima H, Lavados P, Billot L, Hackett ML, Olavarr\u00eda VV, Mu\u00f1oz Venturelli P, Brunser A, Peng B, Cui L, Song L, Rogers K, Middleton S, Lim JY, Forshaw D, Lightbody CE, Woodward M, Pontes-Neto O, De Silva HA, Lin RT, Lee TH,\u00a0 Pandian JD, Mead GE, Robinson T, Watkins C; HeadPoST Investigators and Coordinators. Cluster-Randomized, Crossover Trial of Head Positioning in Acute Stroke. N Engl J Med. 2017 Jun 22;376(25):2437-2447. doi: 10.1056\/NEJMoa1615715. PubMed PMID: 28636854.<\/b><\/p>\n<p style=\"text-align: justify;\"><b>Link:<\/b> <a href=\"https:\/\/www.nejm.org\/doi\/pdf\/10.1056\/NEJMoa1615715?articleTools=true\"><b>https:\/\/www.nejm.org\/doi\/pdf\/10.1056\/NEJMoa1615715?articleTools=true<\/b><\/a><\/p>\n","protected":false},"excerpt":{"rendered":"<p>&nbsp; Um estudo iniciado e conduzido por pesquisador, com coopera\u00e7\u00e3o internacional, organizado regionalmente, multic\u00eantrico, prospectivo, aleatorizado em grupos, cruzado, com avalia\u00e7\u00e3o cega de resultados que comparou a efic\u00e1cia da posi\u00e7\u00e3o de cabe\u00e7a plana (0\u00b0) com a posi\u00e7\u00e3o semi sentada (\u226530\u00b0) nas primeiras 24 horas de interna\u00e7\u00e3o hospitalar em pacientes com AVC agudo no pior resultado<a href=\"https:\/\/sites.usp.br\/rnpavc\/headpost\/\">[&#8230;]<\/a><\/p>\n","protected":false},"author":906,"featured_media":0,"parent":0,"menu_order":0,"comment_status":"closed","ping_status":"closed","template":"","meta":{"footnotes":"","_links_to":"","_links_to_target":""},"class_list":["post-558","page","type-page","status-publish","hentry"],"_links":{"self":[{"href":"https:\/\/sites.usp.br\/rnpavc\/wp-json\/wp\/v2\/pages\/558","targetHints":{"allow":["GET"]}}],"collection":[{"href":"https:\/\/sites.usp.br\/rnpavc\/wp-json\/wp\/v2\/pages"}],"about":[{"href":"https:\/\/sites.usp.br\/rnpavc\/wp-json\/wp\/v2\/types\/page"}],"author":[{"embeddable":true,"href":"https:\/\/sites.usp.br\/rnpavc\/wp-json\/wp\/v2\/users\/906"}],"replies":[{"embeddable":true,"href":"https:\/\/sites.usp.br\/rnpavc\/wp-json\/wp\/v2\/comments?post=558"}],"version-history":[{"count":3,"href":"https:\/\/sites.usp.br\/rnpavc\/wp-json\/wp\/v2\/pages\/558\/revisions"}],"predecessor-version":[{"id":580,"href":"https:\/\/sites.usp.br\/rnpavc\/wp-json\/wp\/v2\/pages\/558\/revisions\/580"}],"wp:attachment":[{"href":"https:\/\/sites.usp.br\/rnpavc\/wp-json\/wp\/v2\/media?parent=558"}],"curies":[{"name":"wp","href":"https:\/\/api.w.org\/{rel}","templated":true}]}}