{"id":562,"date":"2020-03-07T14:57:14","date_gmt":"2020-03-07T16:57:14","guid":{"rendered":"https:\/\/sites.usp.br\/rnpavc\/?page_id=562"},"modified":"2020-12-18T22:17:26","modified_gmt":"2020-12-19T00:17:26","slug":"basics","status":"publish","type":"page","link":"https:\/\/sites.usp.br\/rnpavc\/basics\/","title":{"rendered":"BASICS"},"content":{"rendered":"<p>&nbsp;<\/p>\n<p style=\"text-align: justify;\"><span style=\"font-weight: 400;\">O estudo BASICS \u00e9 um ensaio cl\u00ednico fase III acad\u00eamico, organizado e conduzido por investigadores independentes em colabora\u00e7\u00e3o internacional multic\u00eantrica, controlado e randomizado, aberto com avalia\u00e7\u00e3o cega de desfechos, com o objetivo de fornecer analisar se o tratamento endovascular (TE) adicional ao tratamento cl\u00ednico otimizado (incluindo tromb\u00f3lise endovenosa) em pacientes com oclus\u00e3o de art\u00e9ria basilar(OAB) \u00e9 mais eficaz e seguro do que o melhor tratamento cl\u00ednico otimizado em pacientes eleg\u00edveis para terapias de recanaliza\u00e7\u00e3o na fase aguda do AVC isqu\u00eamico secund\u00e1rio a OAB.O desfecho principal consiste no escore de Rankin modificado (eRm) avaliado 90 dias ap\u00f3s o ictus. Este estudo est\u00e1 em fase de recrutamento e tem dura\u00e7\u00e3o prevista at\u00e9 o final de 2018. Globalmente, o estudo BASICS \u00e9 coordenado pelo Prof. WouterSchoneville da Universidade de Utrecht. At\u00e9 dezembro de 2019 foram inclu\u00eddos 300 pacientes em 23 centros.<\/span><\/p>\n<p style=\"text-align: justify;\"><span style=\"font-weight: 400;\">Mais informa\u00e7\u00f5es sobre o estudo: <\/span><a href=\"http:\/\/www.basicstrial.com\/Main.html\"><span style=\"font-weight: 400;\">http:\/\/www.basicstrial.com\/Main.html<\/span><\/a><\/p>\n<p style=\"text-align: justify;\"><b><i>Destaques da produ\u00e7\u00e3o cient\u00edfica:<\/i><\/b><\/p>\n<p style=\"text-align: justify;\"><b>1: Dias FA, Abud DG, Pontes-Neto OM. The history of basilar artery occlusion: when art aids science. Arq Neuropsiquiatr. 2018 May;76(5):355-357. doi: 10.1590\/0004-282X20180030. PubMed PMID: 29898084.<\/b><\/p>\n<p style=\"text-align: justify;\"><b>Link:<\/b> <a href=\"http:\/\/www.scielo.br\/pdf\/anp\/v76n5\/0004-282X-anp-76-05-0355.pdf\"><b>http:\/\/www.scielo.br\/pdf\/anp\/v76n5\/0004-282X-anp-76-05-0355.pdf<\/b><\/a><\/p>\n<p style=\"text-align: justify;\"><b>2: Dias FA, Alessio-Alves FF, Castro-Afonso LH, Cougo PT, Barreira CMA, Camilo MR, Nakiri GS, Abud DG, Pontes-Neto OM. Clinical Outcomes of Patients with Acute\u00a0 Basilar Artery Occlusion in Brazil: An Observational Study. J Stroke Cerebrovasc Dis. 2017 Oct;26(10):2191-2198. doi: 10.1016\/j.jstrokecerebrovasdis.2017.04.043.\u00a0 Epub 2017 May 24. PubMed PMID: 28551292.<\/b><\/p>\n<p style=\"text-align: justify;\"><b>Link:<\/b><a href=\"https:\/\/www.ncbi.nlm.nih.gov\/pubmed\/?term=Clinical+Outcomes+of+Patients+with+Acute++Basilar+Artery+Occlusion+in+Brazil%3A+An+Observational+Study\"><b>https:\/\/www.ncbi.nlm.nih.gov\/pubmed\/term=Clinical+Outcomes+of+Patients+with+Acute++Basilar+Artery+Occlusion+in+Brazil%3A+An+Observational+Study<\/b><\/a><b>.<\/b><\/p>\n<p style=\"text-align: justify;\"><b>3: Dias FA, Alessio-Alves FF, Castro-Afonso LH, Zotin MCZ, Alessio-Alves FF, Martins Filho RKDV, Camilo MR, Nakiri GS, Abud DG, Pontes-Neto OM. Collateral Scores and Outcomes after Endovascular Treatment for Basilar Artery Occlusion. Cerebrovasc Dis. 2019;47(5-6):285-290. doi: 10.1159\/000502083. Epub 2019 Aug 21.<\/b><\/p>\n<p style=\"text-align: justify;\"><b>Link:<\/b> <a href=\"https:\/\/www.karger.com\/Article\/Pdf\/502083\"><b>https:\/\/www.karger.com\/Article\/Pdf\/502083<\/b><\/a><\/p>\n<p>&nbsp;<\/p>\n","protected":false},"excerpt":{"rendered":"<p>&nbsp; O estudo BASICS \u00e9 um ensaio cl\u00ednico fase III acad\u00eamico, organizado e conduzido por investigadores independentes em colabora\u00e7\u00e3o internacional multic\u00eantrica, controlado e randomizado, aberto com avalia\u00e7\u00e3o cega de desfechos, com o objetivo de fornecer analisar se o tratamento endovascular (TE) adicional ao tratamento cl\u00ednico otimizado (incluindo tromb\u00f3lise endovenosa) em pacientes com oclus\u00e3o de art\u00e9ria<a href=\"https:\/\/sites.usp.br\/rnpavc\/basics\/\">[&#8230;]<\/a><\/p>\n","protected":false},"author":906,"featured_media":0,"parent":0,"menu_order":0,"comment_status":"closed","ping_status":"closed","template":"","meta":{"footnotes":"","_links_to":"","_links_to_target":""},"class_list":["post-562","page","type-page","status-publish","hentry"],"_links":{"self":[{"href":"https:\/\/sites.usp.br\/rnpavc\/wp-json\/wp\/v2\/pages\/562","targetHints":{"allow":["GET"]}}],"collection":[{"href":"https:\/\/sites.usp.br\/rnpavc\/wp-json\/wp\/v2\/pages"}],"about":[{"href":"https:\/\/sites.usp.br\/rnpavc\/wp-json\/wp\/v2\/types\/page"}],"author":[{"embeddable":true,"href":"https:\/\/sites.usp.br\/rnpavc\/wp-json\/wp\/v2\/users\/906"}],"replies":[{"embeddable":true,"href":"https:\/\/sites.usp.br\/rnpavc\/wp-json\/wp\/v2\/comments?post=562"}],"version-history":[{"count":4,"href":"https:\/\/sites.usp.br\/rnpavc\/wp-json\/wp\/v2\/pages\/562\/revisions"}],"predecessor-version":[{"id":956,"href":"https:\/\/sites.usp.br\/rnpavc\/wp-json\/wp\/v2\/pages\/562\/revisions\/956"}],"wp:attachment":[{"href":"https:\/\/sites.usp.br\/rnpavc\/wp-json\/wp\/v2\/media?parent=562"}],"curies":[{"name":"wp","href":"https:\/\/api.w.org\/{rel}","templated":true}]}}