{"id":584,"date":"2020-03-07T15:14:27","date_gmt":"2020-03-07T17:14:27","guid":{"rendered":"https:\/\/sites.usp.br\/rnpavc\/?page_id=584"},"modified":"2020-03-07T15:14:27","modified_gmt":"2020-03-07T17:14:27","slug":"thales","status":"publish","type":"page","link":"https:\/\/sites.usp.br\/rnpavc\/thales\/","title":{"rendered":"THALES"},"content":{"rendered":"<p style=\"text-align: justify;\"><span style=\"font-weight: 400;\">Este \u00e9 um estudo fase III, randomizado, controlado por placebo, duplo-cego, de grupos paralelos, internacional, multic\u00eantrico para testar a hip\u00f3tese de que ticagrelor e \u00e1cido acetilsalic\u00edlico (AAS) s\u00e3o superiores a AAS na preven\u00e7\u00e3o de acidente vascular cerebral (AVC) e \u00f3bito em participantes da pesquisa com AVC isqu\u00eamico agudo (AIS) ou ataqueisqu\u00eamico transit\u00f3rio (AIT).<\/span><\/p>\n<p style=\"text-align: left;\"><span style=\"font-weight: 400;\">Mais informa\u00e7\u00f5es sobre o estudo: <\/span><a href=\"https:\/\/clinicaltrials.gov\/ct2\/show\/NCT03354429\"><span style=\"font-weight: 400;\">https:\/\/clinicaltrials.gov\/ct2\/show\/NCT03354429<\/span><\/a><\/p>\n","protected":false},"excerpt":{"rendered":"<p>Este \u00e9 um estudo fase III, randomizado, controlado por placebo, duplo-cego, de grupos paralelos, internacional, multic\u00eantrico para testar a hip\u00f3tese de que ticagrelor e \u00e1cido acetilsalic\u00edlico (AAS) s\u00e3o superiores a AAS na preven\u00e7\u00e3o de acidente vascular cerebral (AVC) e \u00f3bito em participantes da pesquisa com AVC isqu\u00eamico agudo (AIS) ou ataqueisqu\u00eamico transit\u00f3rio (AIT). Mais informa\u00e7\u00f5es<a href=\"https:\/\/sites.usp.br\/rnpavc\/thales\/\">[&#8230;]<\/a><\/p>\n","protected":false},"author":906,"featured_media":0,"parent":0,"menu_order":0,"comment_status":"closed","ping_status":"closed","template":"","meta":{"footnotes":"","_links_to":"","_links_to_target":""},"class_list":["post-584","page","type-page","status-publish","hentry"],"_links":{"self":[{"href":"https:\/\/sites.usp.br\/rnpavc\/wp-json\/wp\/v2\/pages\/584","targetHints":{"allow":["GET"]}}],"collection":[{"href":"https:\/\/sites.usp.br\/rnpavc\/wp-json\/wp\/v2\/pages"}],"about":[{"href":"https:\/\/sites.usp.br\/rnpavc\/wp-json\/wp\/v2\/types\/page"}],"author":[{"embeddable":true,"href":"https:\/\/sites.usp.br\/rnpavc\/wp-json\/wp\/v2\/users\/906"}],"replies":[{"embeddable":true,"href":"https:\/\/sites.usp.br\/rnpavc\/wp-json\/wp\/v2\/comments?post=584"}],"version-history":[{"count":1,"href":"https:\/\/sites.usp.br\/rnpavc\/wp-json\/wp\/v2\/pages\/584\/revisions"}],"predecessor-version":[{"id":585,"href":"https:\/\/sites.usp.br\/rnpavc\/wp-json\/wp\/v2\/pages\/584\/revisions\/585"}],"wp:attachment":[{"href":"https:\/\/sites.usp.br\/rnpavc\/wp-json\/wp\/v2\/media?parent=584"}],"curies":[{"name":"wp","href":"https:\/\/api.w.org\/{rel}","templated":true}]}}