{"id":586,"date":"2020-03-07T15:15:31","date_gmt":"2020-03-07T17:15:31","guid":{"rendered":"https:\/\/sites.usp.br\/rnpavc\/?page_id=586"},"modified":"2020-12-18T22:18:37","modified_gmt":"2020-12-19T00:18:37","slug":"ethichs","status":"publish","type":"page","link":"https:\/\/sites.usp.br\/rnpavc\/ethichs\/","title":{"rendered":"ETHICHS"},"content":{"rendered":"<p style=\"text-align: justify;\">Estudo randomizado, explorat\u00f3rio, aberto, fase IV, com desfecho cego (PROBE design), multic\u00eantrico e prospectivo para avaliar comparativamente o efeito da adi\u00e7\u00e3o de esmolol no esquema terap\u00eautico vigente utilizado para o tratamento de Acidente Vascular Cerebral Hemorr\u00e1gico.<\/p>\n<p style=\"text-align: justify;\">Mais informa\u00e7\u00f5es sobre o estudo:<\/p>\n<p style=\"text-align: justify;\"><a href=\"https:\/\/clinicaltrials.gov\/ct2\/show\/NCT03743103?term=ETHICHS&amp;cond=Stroke&amp;draw=2&amp;rank=1\">https:\/\/clinicaltrials.gov\/ct2\/show\/NCT03743103?term=ETHICHS&amp;cond=Stroke&amp;draw=2&amp;rank=1<\/a><\/p>\n<p>&nbsp;<\/p>\n<p>&nbsp;<\/p>\n<p>&nbsp;<\/p>\n","protected":false},"excerpt":{"rendered":"<p>Estudo randomizado, explorat\u00f3rio, aberto, fase IV, com desfecho cego (PROBE design), multic\u00eantrico e prospectivo para avaliar comparativamente o efeito da adi\u00e7\u00e3o de esmolol no esquema terap\u00eautico vigente utilizado para o tratamento de Acidente Vascular Cerebral Hemorr\u00e1gico. Mais informa\u00e7\u00f5es sobre o estudo: https:\/\/clinicaltrials.gov\/ct2\/show\/NCT03743103?term=ETHICHS&amp;cond=Stroke&amp;draw=2&amp;rank=1 &nbsp; &nbsp; &nbsp;<\/p>\n","protected":false},"author":906,"featured_media":0,"parent":0,"menu_order":0,"comment_status":"closed","ping_status":"closed","template":"","meta":{"footnotes":"","_links_to":"","_links_to_target":""},"class_list":["post-586","page","type-page","status-publish","hentry"],"_links":{"self":[{"href":"https:\/\/sites.usp.br\/rnpavc\/wp-json\/wp\/v2\/pages\/586","targetHints":{"allow":["GET"]}}],"collection":[{"href":"https:\/\/sites.usp.br\/rnpavc\/wp-json\/wp\/v2\/pages"}],"about":[{"href":"https:\/\/sites.usp.br\/rnpavc\/wp-json\/wp\/v2\/types\/page"}],"author":[{"embeddable":true,"href":"https:\/\/sites.usp.br\/rnpavc\/wp-json\/wp\/v2\/users\/906"}],"replies":[{"embeddable":true,"href":"https:\/\/sites.usp.br\/rnpavc\/wp-json\/wp\/v2\/comments?post=586"}],"version-history":[{"count":4,"href":"https:\/\/sites.usp.br\/rnpavc\/wp-json\/wp\/v2\/pages\/586\/revisions"}],"predecessor-version":[{"id":958,"href":"https:\/\/sites.usp.br\/rnpavc\/wp-json\/wp\/v2\/pages\/586\/revisions\/958"}],"wp:attachment":[{"href":"https:\/\/sites.usp.br\/rnpavc\/wp-json\/wp\/v2\/media?parent=586"}],"curies":[{"name":"wp","href":"https:\/\/api.w.org\/{rel}","templated":true}]}}