{"id":588,"date":"2020-03-07T15:16:17","date_gmt":"2020-03-07T17:16:17","guid":{"rendered":"https:\/\/sites.usp.br\/rnpavc\/?page_id=588"},"modified":"2020-12-18T22:18:58","modified_gmt":"2020-12-19T00:18:58","slug":"588-2","status":"publish","type":"page","link":"https:\/\/sites.usp.br\/rnpavc\/588-2\/","title":{"rendered":"OPTIMAL STROKE"},"content":{"rendered":"<p style=\"text-align: justify;\"><span style=\"font-weight: 400;\">Ensaio cl\u00ednico randomizado, controlado, com aloca\u00e7\u00e3o 1:1, aberta, com avalia\u00e7\u00e3o cega de desfechos cl\u00ednicos. Os objetivos prim\u00e1rios s\u00e3o determinar se o controle press\u00f3rico mais intenso na popula\u00e7\u00e3o com AVC impacta na redu\u00e7\u00e3o de eventos cardiovasculares maiores e determinar se uma estrat\u00e9gia intensiva de redu\u00e7\u00e3o da PA versus um alvo de tratamento padr\u00e3o produzir\u00e1 uma maior redu\u00e7\u00e3o na incid\u00eancia de mortalidade total e em eventos cardiovasculares maiores (mortalidade cardiovascular, IAM n\u00e3o fatal, AVC n\u00e3o fatal,) individualmente.<\/span><\/p>\n<p style=\"text-align: justify;\"><span style=\"font-weight: 400;\">Mais informa\u00e7\u00f5es sobre o estudo: \u00a0<\/span><a href=\"https:\/\/clinicaltrials.gov\/ct2\/show\/NCT04036409\"><span style=\"font-weight: 400;\">https:\/\/clinicaltrials.gov\/ct2\/show\/NCT04036409<\/span><\/a><\/p>\n<p>&nbsp;<\/p>\n","protected":false},"excerpt":{"rendered":"<p>Ensaio cl\u00ednico randomizado, controlado, com aloca\u00e7\u00e3o 1:1, aberta, com avalia\u00e7\u00e3o cega de desfechos cl\u00ednicos. Os objetivos prim\u00e1rios s\u00e3o determinar se o controle press\u00f3rico mais intenso na popula\u00e7\u00e3o com AVC impacta na redu\u00e7\u00e3o de eventos cardiovasculares maiores e determinar se uma estrat\u00e9gia intensiva de redu\u00e7\u00e3o da PA versus um alvo de tratamento padr\u00e3o produzir\u00e1 uma maior<a href=\"https:\/\/sites.usp.br\/rnpavc\/588-2\/\">[&#8230;]<\/a><\/p>\n","protected":false},"author":906,"featured_media":0,"parent":0,"menu_order":0,"comment_status":"closed","ping_status":"closed","template":"","meta":{"footnotes":"","_links_to":"","_links_to_target":""},"class_list":["post-588","page","type-page","status-publish","hentry"],"_links":{"self":[{"href":"https:\/\/sites.usp.br\/rnpavc\/wp-json\/wp\/v2\/pages\/588","targetHints":{"allow":["GET"]}}],"collection":[{"href":"https:\/\/sites.usp.br\/rnpavc\/wp-json\/wp\/v2\/pages"}],"about":[{"href":"https:\/\/sites.usp.br\/rnpavc\/wp-json\/wp\/v2\/types\/page"}],"author":[{"embeddable":true,"href":"https:\/\/sites.usp.br\/rnpavc\/wp-json\/wp\/v2\/users\/906"}],"replies":[{"embeddable":true,"href":"https:\/\/sites.usp.br\/rnpavc\/wp-json\/wp\/v2\/comments?post=588"}],"version-history":[{"count":4,"href":"https:\/\/sites.usp.br\/rnpavc\/wp-json\/wp\/v2\/pages\/588\/revisions"}],"predecessor-version":[{"id":959,"href":"https:\/\/sites.usp.br\/rnpavc\/wp-json\/wp\/v2\/pages\/588\/revisions\/959"}],"wp:attachment":[{"href":"https:\/\/sites.usp.br\/rnpavc\/wp-json\/wp\/v2\/media?parent=588"}],"curies":[{"name":"wp","href":"https:\/\/api.w.org\/{rel}","templated":true}]}}