{"id":590,"date":"2020-03-07T15:18:02","date_gmt":"2020-03-07T17:18:02","guid":{"rendered":"https:\/\/sites.usp.br\/rnpavc\/?page_id=590"},"modified":"2020-12-18T22:19:18","modified_gmt":"2020-12-19T00:19:18","slug":"trident","status":"publish","type":"page","link":"https:\/\/sites.usp.br\/rnpavc\/trident\/","title":{"rendered":"TRIDENT"},"content":{"rendered":"<p style=\"text-align: justify;\">Estudo multic\u00eantrico, internacional, duplo-cego, controlado por placebo, em grupo paralelo, controlado e randomizado de uma combina\u00e7\u00e3o de dose baixa e fixa com efeito anti-hipertensivo (P\u00edlula Tripla) como tratamento padr\u00e3o em pacientes com hist\u00f3ria de HIP aguda e n\u00edveis de press\u00e3o arterial sist\u00f3lica (PAS) definidos como pelo menos; normal elevada para lim\u00edtrofe elevada (130 mmHg), e em tratamento m\u00ednimo ou sem tratamento para a redu\u00e7\u00e3o da PA de acordo com as diretrizes atuais. Delineamento em duas fases. Fase 1: Determinar a efic\u00e1cia, a toler\u00e2ncia, a seguran\u00e7a e a ades\u00e3o a uma \u00fanica p\u00edlula de dosagem baixa e combina\u00e7\u00e3o fixa com efeito anti-hipertensivo (P\u00edlula &#8211; telmisartana 20 mg, anlodipina 2,5mg e indapamida 1,25mg) em compara\u00e7\u00e3o ao placebo em pacientes com Acidente Vascular Cerebral agudo (AVC) recente devido \u00e0 hemorragia cerebral intraparenquimatosa espont\u00e2nea (HIP). Fase 2: Determinar a efic\u00e1cia da redu\u00e7\u00e3o mais intensiva da press\u00e3o arterial (PA) fornecida por uma estrat\u00e9gia de como tratamento padr\u00e3o, no momento da primeira ocorr\u00eancia de AVC recorrente ap\u00f3s HIP.<\/p>\n<p style=\"text-align: justify;\">Mais informa\u00e7\u00f5es sobre o estudo: <a href=\"https:\/\/www.tridentstudy.org\/\">https:\/\/www.tridentstudy.org\/<\/a><\/p>\n<p>&nbsp;<\/p>\n","protected":false},"excerpt":{"rendered":"<p>Estudo multic\u00eantrico, internacional, duplo-cego, controlado por placebo, em grupo paralelo, controlado e randomizado de uma combina\u00e7\u00e3o de dose baixa e fixa com efeito anti-hipertensivo (P\u00edlula Tripla) como tratamento padr\u00e3o em pacientes com hist\u00f3ria de HIP aguda e n\u00edveis de press\u00e3o arterial sist\u00f3lica (PAS) definidos como pelo menos; normal elevada para lim\u00edtrofe elevada (130 mmHg), e<a href=\"https:\/\/sites.usp.br\/rnpavc\/trident\/\">[&#8230;]<\/a><\/p>\n","protected":false},"author":906,"featured_media":0,"parent":0,"menu_order":0,"comment_status":"closed","ping_status":"closed","template":"","meta":{"footnotes":"","_links_to":"","_links_to_target":""},"class_list":["post-590","page","type-page","status-publish","hentry"],"_links":{"self":[{"href":"https:\/\/sites.usp.br\/rnpavc\/wp-json\/wp\/v2\/pages\/590","targetHints":{"allow":["GET"]}}],"collection":[{"href":"https:\/\/sites.usp.br\/rnpavc\/wp-json\/wp\/v2\/pages"}],"about":[{"href":"https:\/\/sites.usp.br\/rnpavc\/wp-json\/wp\/v2\/types\/page"}],"author":[{"embeddable":true,"href":"https:\/\/sites.usp.br\/rnpavc\/wp-json\/wp\/v2\/users\/906"}],"replies":[{"embeddable":true,"href":"https:\/\/sites.usp.br\/rnpavc\/wp-json\/wp\/v2\/comments?post=590"}],"version-history":[{"count":2,"href":"https:\/\/sites.usp.br\/rnpavc\/wp-json\/wp\/v2\/pages\/590\/revisions"}],"predecessor-version":[{"id":960,"href":"https:\/\/sites.usp.br\/rnpavc\/wp-json\/wp\/v2\/pages\/590\/revisions\/960"}],"wp:attachment":[{"href":"https:\/\/sites.usp.br\/rnpavc\/wp-json\/wp\/v2\/media?parent=590"}],"curies":[{"name":"wp","href":"https:\/\/api.w.org\/{rel}","templated":true}]}}