{"id":817,"date":"2020-12-17T20:51:48","date_gmt":"2020-12-17T22:51:48","guid":{"rendered":"http:\/\/sites.usp.br\/rnpavc\/?page_id=817"},"modified":"2021-05-14T19:38:06","modified_gmt":"2021-05-14T21:38:06","slug":"team","status":"publish","type":"page","link":"https:\/\/sites.usp.br\/rnpavc\/language\/en\/team\/","title":{"rendered":"Team"},"content":{"rendered":"<p>&nbsp;<\/p>\n<h3>Coordination<\/h3>\n<p><a href=\"http:\/\/lattes.cnpq.br\/4843505847115221\" target=\"_blank\" rel=\"noopener noreferrer\">Prof. Dr. Octa\u0301vio Marques Pontes-Neto \u2013 Hospital das Cl\u00ednicas da Faculdade de Medicina de Ribeir\u00e3o Preto (SP)<\/a><\/p>\n<hr \/>\n<p>&nbsp;<\/p>\n<h4><\/h4>\n<h3 class=\"LC20lb DKV0Md\">Principal Investigators<\/h3>\n<div class=\"page\" title=\"Page 4\">\n<div class=\"section\">\n<div class=\"layoutArea\">\n<div class=\"column\">\n<div class=\"page\" title=\"Page 4\">\n<div class=\"section\">\n<div class=\"layoutArea\">\n<div class=\"column\">\n<p><a href=\"http:\/\/lattes.cnpq.br\/7101717955870394\" target=\"_blank\" rel=\"noopener noreferrer\">Dra. Sheila Cristina Ouriques Martins \u2013 Universidade Federal de Porto Alegre (RS)<\/a><\/p>\n<\/div>\n<\/div>\n<\/div>\n<\/div>\n<hr \/>\n<p><a href=\"https:\/\/lattes.cnpq.br\/0078761969684137\" target=\"_blank\" rel=\"noopener noreferrer\">Dr. Jamary Oliveira Filho \u2013 Universidade Federal de Bahia (BA)<\/a><\/p>\n<hr \/>\n<p><a href=\"http:\/\/lattes.cnpq.br\/6812788681744190\" target=\"_blank\" rel=\"noopener noreferrer\">Dra. Gisele Sampaio Silva \u2013 Universidade Federal de S\u00e3o Paulo (SP)<\/a><\/p>\n<hr \/>\n<p><a href=\"http:\/\/lattes.cnpq.br\/4611620015544610\" target=\"_blank\" rel=\"noopener noreferrer\">Dr. Jos\u00e9 Antonio Fiorot Junior \u2013 Hospital Estadual Central (SC)<\/a><\/p>\n<hr \/>\n<p><a href=\"http:\/\/lattes.cnpq.br\/7884065757129773\" target=\"_blank\" rel=\"noopener noreferrer\">Dr. Li Li Min \u2013 Universidade Estadual de Campinas (SP)<\/a><\/p>\n<hr \/>\n<p><a href=\"http:\/\/lattes.cnpq.br\/7862086981190726\" target=\"_blank\" rel=\"noopener noreferrer\">Dr. Rodrigo Bazan \u2013 Hospital das Cl\u00ednicas de Botucatu (SP)<\/a><\/p>\n<hr \/>\n<p><a href=\"http:\/\/lattes.cnpq.br\/4134042176854432\" target=\"_blank\" rel=\"noopener noreferrer\">Dra. Viviane De Hiroki Flumignan Z\u00e9tola \u2013 Hospital das Cl\u00ednicas de Curitiba (PR)<\/a><\/p>\n<hr \/>\n<p><a href=\"http:\/\/lattes.cnpq.br\/3815750000882414\" target=\"_blank\" rel=\"noopener noreferrer\">Dr. Jo\u00e3o Jos\u00e9 Freitas de Carvalho \u2013 Hospital Geral de Fortaleza (CE)<\/a><\/p>\n<hr \/>\n<p><a href=\"http:\/\/lattes.cnpq.br\/0385807333094014\" target=\"_blank\" rel=\"noopener noreferrer\">Dr. Fabr\u00edcio Oliveira Lima \u2013 Hospital Geral de Fortaleza (CE)<\/a><\/p>\n<hr \/>\n<p><a href=\"http:\/\/lattes.cnpq.br\/7912727978422447\" target=\"_blank\" rel=\"noopener noreferrer\">Dra. Raquel\u00a0\u00a0Cristina Trovo\u00a0Hidalgo \u2013 Hospital da Base de Rio Preto (SP)<\/a><\/p>\n<hr \/>\n<p><a href=\"http:\/\/lattes.cnpq.br\/0706744072158586\" target=\"_blank\" rel=\"noopener noreferrer\">Dr. Luiz Carlos Porcello Marrone \u2013 Pont\u00edficia Universidade Cat\u00f3lica do Rio Grande do Sul (RS)<\/a><\/p>\n<hr \/>\n<p><a href=\"http:\/\/lattes.cnpq.br\/7884638653934200\" target=\"_blank\" rel=\"noopener noreferrer\">Dra. Let\u00edcia Costa Rebello \u2013 Instituto de Hospital de Base do Distrito Federal (DF)<\/a><\/p>\n<hr \/>\n<p><a href=\"http:\/\/lattes.cnpq.br\/4134042176854432\" target=\"_blank\" rel=\"noopener noreferrer\">Dra. Viviane de Hiroki Flumignan Z\u00eatola \u2013 Hospital de Cl\u00ednicas da Universidade Federal do Paran\u00e1 (PR)<\/a><\/p>\n<hr \/>\n<p><a href=\"http:\/\/lattes.cnpq.br\/3866431186617819\" target=\"_blank\" rel=\"noopener noreferrer\">Dra. Ivete Pillo Gonsalves \u2013 Confer\u00eancia S\u00e3o Jos\u00e9 do Ava\u00ed (RJ)<\/a><\/p>\n<hr \/>\n<p><a href=\"http:\/\/lattes.cnpq.br\/7814868565460295\" target=\"_blank\" rel=\"noopener noreferrer\">Dra. Carla Helo\u00edsa Cabral Moro \u2013 Cl\u00ednica Neurologia e Neurocir\u00fargica de Joinville (SC)<\/a><\/p>\n<hr \/>\n<p><a href=\"http:\/\/lattes.cnpq.br\/5832250655889116\" target=\"_blank\" rel=\"noopener noreferrer\">Dra. Rosalia Mendez-Otero \u2013 Universidade Federal do Rio de Janeiro (RJ)<\/a><\/p>\n<hr \/>\n<div class=\"page\" title=\"Page 4\">\n<div class=\"section\">\n<div class=\"layoutArea\">\n<div class=\"column\">\n<p>Dr. Noberto Luiz Cabral (in memoriam) \u2013 Univille (SC)<\/p>\n<hr \/>\n<p><a href=\"http:\/\/lattes.cnpq.br\/6679496374915631\" target=\"_blank\" rel=\"noopener noreferrer\">Dra. Maria Julia Machline Carrion \u2013 Hcor (SP)<\/a><\/p>\n<\/div>\n<\/div>\n<\/div>\n<\/div>\n<\/div>\n<\/div>\n<\/div>\n<\/div>\n<hr \/>\n<p><a href=\"http:\/\/lattes.cnpq.br\/3530213756774249\" target=\"_blank\" rel=\"noopener noreferrer\">Dra. Taiza Elaine Grespan dos Santos \u2013 Hospital das Cl\u00ednicas da Faculdade de Medicina de Ribeir\u00e3o Preto (SP)<\/a><\/p>\n<div class=\"page\" title=\"Page 4\">\n<div class=\"section\">\n<div class=\"layoutArea\">\n<div class=\"column\">\n<hr \/>\n<\/div>\n<\/div>\n<\/div>\n<\/div>\n<div class=\"page\" title=\"Page 4\">\n<div class=\"section\">\n<div class=\"layoutArea\">\n<div class=\"column\">\n<h3><\/h3>\n<p>&nbsp;<\/p>\n<h3>Coordination Center&#8217;s Team<\/h3>\n<\/div>\n<\/div>\n<\/div>\n<\/div>\n<p class=\"p1\">Brunna Pileggi Rimoli<\/p>\n<hr \/>\n<p class=\"p1\">Flavia Danielle Pontes Campos<\/p>\n<hr \/>\n<p class=\"p1\">Lilian Shizuka Sonobe<\/p>\n<hr \/>\n<p class=\"p1\">Manoela Gomes Domingos da Silva<\/p>\n<hr \/>\n<p class=\"p1\">Karina Tavares Weber<\/p>\n<hr \/>\n<p class=\"p1\">Pamella Hellen Figueiredo de Queluz<\/p>\n<hr \/>\n<p class=\"p1\">Taiza Elaine Grespan dos Santos<\/p>\n<hr \/>\n<p class=\"p1\">Bruna Leite Mecca<\/p>\n<hr \/>\n<p class=\"p1\">Juliana Iris Barbosa de Souza<\/p>\n<hr \/>\n<p class=\"p1\">Lilian Shizuka Sonobe<\/p>\n<hr \/>\n<p class=\"p1\">Rodrigo Barbosa Cer\u00e2ntola<\/p>\n<hr \/>\n<p class=\"p1\">Leila Aparecida Mondin<\/p>\n<hr \/>\n<p class=\"p1\">T\u00e2nia Mara Gomes<\/p>\n<hr \/>\n<p class=\"p1\">Dr. Ot\u00e1vio Vicenzi<\/p>\n<hr \/>\n<p class=\"p1\">Dr. Francisco Antunes Dias<\/p>\n<hr \/>\n<p class=\"p1\">Dr. Frederico Fernandes Alessio Alves<\/p>\n<hr \/>\n<p class=\"p1\">Dr. Guilherme Riccioppo Rodrigues<\/p>\n<hr \/>\n<p class=\"p1\">Dra. Kamila Santos Ferreira<\/p>\n<hr \/>\n<p class=\"p1\">Dr. Rui Kleber do Vale Martins Filho<\/p>\n<hr \/>\n<p class=\"p1\">Dra. Millene Rodrigues Camilo<\/p>\n<hr \/>\n<p class=\"p1\">Aline Cristina Pacheco<\/p>\n<hr \/>\n<p class=\"p1\">Ana Maria Queiroz Norberto<\/p>\n<hr \/>\n<p class=\"p1\">Ana Paula Afonso Camargo<\/p>\n<hr \/>\n<p class=\"p1\">Brunna Pileggi Rimoli<\/p>\n<hr \/>\n<p class=\"p1\">Carlos Eduardo Massote Fontanini<\/p>\n<hr \/>\n<p class=\"p1\">Clara Monteiro Antunes Barreira<\/p>\n<hr \/>\n<p class=\"p1\">Diandra Bosi Favoretto<\/p>\n<hr \/>\n<p class=\"p1\">Eduardo Bergonzoni Junqueira<\/p>\n<hr \/>\n<p class=\"p1\">Fl\u00e1via Danielle Pontes Campos<\/p>\n<hr \/>\n<p class=\"p1\">Karina Tavares Weber<\/p>\n<hr \/>\n<p class=\"p1\">Luan Rafael Aguiar dos Santos<\/p>\n<hr \/>\n<p class=\"p1\">Luiz Henrique Soares Santos Stefano<\/p>\n<hr \/>\n<p class=\"p1\">Manoela Gomes<\/p>\n<hr \/>\n<p class=\"p1\">Matheus Furlan Paulo<\/p>\n<hr \/>\n<p class=\"p1\">Mayara Thays Beckhauser<\/p>\n<hr \/>\n<p class=\"p1\">Pamella Hellen Figueiredo de Queluz<\/p>\n<hr \/>\n<p class=\"p1\">Rodrigo Cerantola<\/p>\n<hr \/>\n<p class=\"p1\">Samira Rafani<\/p>\n<hr \/>\n<p class=\"p1\">Thiago Bronhara<\/p>\n<hr \/>\n<p class=\"p1\">Prof. Dr. Daniel Giansante Abud<\/p>\n<hr \/>\n<p class=\"p1\">Prof. Dr. Jo\u00e3o Pereira Leite<\/p>\n<hr \/>\n<p class=\"p1\">Profa. Renata Leoni<\/p>\n<hr \/>\n<p class=\"p1\">Profa. Taiza Elaine Grespan dos Santos<\/p>\n<hr \/>\n<p class=\"p1\">Karina Fonseca de Souza Leite<\/p>\n<hr \/>\n<h3><\/h3>\n<h3><\/h3>\n<p>&nbsp;<\/p>\n<h3>Former Researchers<\/h3>\n<p class=\"p1\">Dra. Luisa Franciscatto<\/p>\n<hr \/>\n<p class=\"p1\">Larissa Audi Teixeira da Silva<\/p>\n<hr \/>\n<p class=\"p1\">Leticia Melo de Sousa<\/p>\n<hr \/>\n<p class=\"p1\">Luiz Fernando Rodrigues de Oliveira<\/p>\n<hr \/>\n<p class=\"p1\">Dra. Milena Carvalho Libardi<\/p>\n<hr \/>\n<p>Maisa Cabete Pereira Salvetti<\/p>\n<hr \/>\n<p class=\"p1\">Dra. Milena Carvalho Libardi<\/p>\n<hr \/>\n<p class=\"p1\">Thales Andr\u00e9 Silveira Salvetti<\/p>\n<hr \/>\n<p class=\"p1\">Rodrigo de Souza Castro<\/p>\n<hr \/>\n<p class=\"p1\">Rayssa Parente de Deus<\/p>\n<hr \/>\n<p class=\"p1\">Renan Cenize Guardia<\/p>\n<hr \/>\n<p class=\"p1\">Rubia Poliana Crisostomo Miranda<\/p>\n<hr \/>\n<p class=\"p1\">Camila Scavazzini Mendes Pileggi<\/p>\n<hr \/>\n<p class=\"p1\">Luciana Bezerra de Mello Alves<\/p>\n<hr \/>\n<p class=\"p1\">Fernanda Jardinete Del Bem<\/p>\n<hr \/>\n<p class=\"p1\">Maria Rachel de S\u00e1 Mendes dos Santos B\u00f4tto Barbosa<\/p>\n<hr \/>\n<p class=\"p1\">Monica Carvalho Braga<\/p>\n<hr \/>\n<p class=\"p1\">Thatiana Barboza Carnevalli Bueno<\/p>\n<hr \/>\n<p class=\"p1\">Laura Moraes Guimar\u00e3es<\/p>\n<hr \/>\n<p class=\"p1\">Jussara Almeida de Oliveira Baggio<\/p>\n<hr \/>\n<p class=\"p1\">Cl\u00e1udio Souza Figueiredo<\/p>\n<hr \/>\n<p class=\"p1\">Suleimy Mazin<\/p>\n<hr \/>\n<p class=\"p1\">Tiago Aguiar dos Santos<\/p>\n<hr \/>\n<p class=\"p1\">Soraia Ramos Cabette\u00a0Fabio<\/p>\n<hr \/>\n<p class=\"p1\">Dr. Pedro Telles Cougo Pinto<\/p>\n","protected":false},"excerpt":{"rendered":"<p>&nbsp; Coordination Prof. Dr. Octa\u0301vio Marques Pontes-Neto \u2013 Hospital das Cl\u00ednicas da Faculdade de Medicina de Ribeir\u00e3o Preto (SP) &nbsp; Principal Investigators Dra. Sheila Cristina Ouriques Martins \u2013 Universidade Federal de Porto Alegre (RS) Dr. Jamary Oliveira Filho \u2013 Universidade Federal de Bahia (BA) Dra. Gisele Sampaio Silva \u2013 Universidade Federal de S\u00e3o Paulo (SP)<a href=\"https:\/\/sites.usp.br\/rnpavc\/language\/en\/team\/\">[&#8230;]<\/a><\/p>\n","protected":false},"author":906,"featured_media":0,"parent":0,"menu_order":0,"comment_status":"closed","ping_status":"closed","template":"","meta":{"footnotes":"","_links_to":"","_links_to_target":""},"class_list":["post-817","page","type-page","status-publish","hentry"],"_links":{"self":[{"href":"https:\/\/sites.usp.br\/rnpavc\/wp-json\/wp\/v2\/pages\/817","targetHints":{"allow":["GET"]}}],"collection":[{"href":"https:\/\/sites.usp.br\/rnpavc\/wp-json\/wp\/v2\/pages"}],"about":[{"href":"https:\/\/sites.usp.br\/rnpavc\/wp-json\/wp\/v2\/types\/page"}],"author":[{"embeddable":true,"href":"https:\/\/sites.usp.br\/rnpavc\/wp-json\/wp\/v2\/users\/906"}],"replies":[{"embeddable":true,"href":"https:\/\/sites.usp.br\/rnpavc\/wp-json\/wp\/v2\/comments?post=817"}],"version-history":[{"count":4,"href":"https:\/\/sites.usp.br\/rnpavc\/wp-json\/wp\/v2\/pages\/817\/revisions"}],"predecessor-version":[{"id":1010,"href":"https:\/\/sites.usp.br\/rnpavc\/wp-json\/wp\/v2\/pages\/817\/revisions\/1010"}],"wp:attachment":[{"href":"https:\/\/sites.usp.br\/rnpavc\/wp-json\/wp\/v2\/media?parent=817"}],"curies":[{"name":"wp","href":"https:\/\/api.w.org\/{rel}","templated":true}]}}