{"id":1045,"date":"2021-04-18T11:02:13","date_gmt":"2021-04-18T14:02:13","guid":{"rendered":"https:\/\/sites.usp.br\/rodrigueslaboratory\/?page_id=1045"},"modified":"2021-08-17T13:30:11","modified_gmt":"2021-08-17T16:30:11","slug":"equipe-mariana-de-mendonca","status":"publish","type":"page","link":"https:\/\/sites.usp.br\/rodrigueslaboratory\/equipe-mariana-de-mendonca\/","title":{"rendered":"Equipe &#8211; Mariana de Mendon\u00e7a"},"content":{"rendered":"\t\t<div data-elementor-type=\"wp-page\" data-elementor-id=\"1045\" class=\"elementor elementor-1045\" data-elementor-post-type=\"page\">\n\t\t\t\t\t\t<section class=\"elementor-section elementor-top-section elementor-element elementor-element-d39e091 elementor-section-boxed elementor-section-height-default elementor-section-height-default\" data-id=\"d39e091\" data-element_type=\"section\">\n\t\t\t\t\t\t<div class=\"elementor-container elementor-column-gap-default\">\n\t\t\t\t\t<div class=\"elementor-column elementor-col-100 elementor-top-column elementor-element elementor-element-a4c24b8\" data-id=\"a4c24b8\" data-element_type=\"column\">\n\t\t\t<div class=\"elementor-widget-wrap elementor-element-populated\">\n\t\t\t\t\t\t<div class=\"elementor-element elementor-element-f40c310 elementor-widget elementor-widget-heading\" data-id=\"f40c310\" data-element_type=\"widget\" data-widget_type=\"heading.default\">\n\t\t\t\t<div class=\"elementor-widget-container\">\n\t\t\t<h3 class=\"elementor-heading-title elementor-size-default\">Mariana de Mendon\u00e7a<\/h3>\t\t<\/div>\n\t\t\t\t<\/div>\n\t\t\t\t\t<\/div>\n\t\t<\/div>\n\t\t\t\t\t<\/div>\n\t\t<\/section>\n\t\t\t\t<section class=\"elementor-section elementor-top-section elementor-element elementor-element-5904464 elementor-section-boxed elementor-section-height-default elementor-section-height-default\" data-id=\"5904464\" data-element_type=\"section\">\n\t\t\t\t\t\t<div class=\"elementor-container elementor-column-gap-wide\">\n\t\t\t\t\t<div class=\"elementor-column elementor-col-33 elementor-top-column elementor-element elementor-element-1cf5559\" data-id=\"1cf5559\" data-element_type=\"column\">\n\t\t\t<div class=\"elementor-widget-wrap elementor-element-populated\">\n\t\t\t\t\t\t<div class=\"elementor-element elementor-element-515a222 elementor-widget elementor-widget-image\" data-id=\"515a222\" data-element_type=\"widget\" data-widget_type=\"image.default\">\n\t\t\t\t<div class=\"elementor-widget-container\">\n\t\t\t\t\t\t\t\t\t\t\t\t\t<img fetchpriority=\"high\" decoding=\"async\" width=\"640\" height=\"640\" src=\"https:\/\/sites.usp.br\/rodrigueslaboratory\/wp-content\/uploads\/sites\/931\/2021\/08\/Mariana-1024x1024-1-1024x1024.png\" class=\"attachment-large size-large wp-image-1648\" alt=\"\" srcset=\"https:\/\/sites.usp.br\/rodrigueslaboratory\/wp-content\/uploads\/sites\/931\/2021\/08\/Mariana-1024x1024-1.png 1024w, https:\/\/sites.usp.br\/rodrigueslaboratory\/wp-content\/uploads\/sites\/931\/2021\/08\/Mariana-1024x1024-1-300x300.png 300w, https:\/\/sites.usp.br\/rodrigueslaboratory\/wp-content\/uploads\/sites\/931\/2021\/08\/Mariana-1024x1024-1-150x150.png 150w, https:\/\/sites.usp.br\/rodrigueslaboratory\/wp-content\/uploads\/sites\/931\/2021\/08\/Mariana-1024x1024-1-768x768.png 768w, https:\/\/sites.usp.br\/rodrigueslaboratory\/wp-content\/uploads\/sites\/931\/2021\/08\/Mariana-1024x1024-1-45x45.png 45w, https:\/\/sites.usp.br\/rodrigueslaboratory\/wp-content\/uploads\/sites\/931\/2021\/08\/Mariana-1024x1024-1-200x200.png 200w, https:\/\/sites.usp.br\/rodrigueslaboratory\/wp-content\/uploads\/sites\/931\/2021\/08\/Mariana-1024x1024-1-400x400.png 400w\" sizes=\"(max-width: 34.9rem) calc(100vw - 2rem), (max-width: 53rem) calc(8 * (100vw \/ 12)), (min-width: 53rem) calc(6 * (100vw \/ 12)), 100vw\" \/>\t\t\t\t\t\t\t\t\t\t\t\t\t<\/div>\n\t\t\t\t<\/div>\n\t\t\t\t<section class=\"elementor-section elementor-inner-section elementor-element elementor-element-075f1a9 elementor-section-boxed elementor-section-height-default elementor-section-height-default\" data-id=\"075f1a9\" data-element_type=\"section\">\n\t\t\t\t\t\t<div class=\"elementor-container elementor-column-gap-default\">\n\t\t\t\t\t<div class=\"elementor-column elementor-col-25 elementor-inner-column elementor-element elementor-element-aa2c47f\" data-id=\"aa2c47f\" data-element_type=\"column\">\n\t\t\t<div class=\"elementor-widget-wrap elementor-element-populated\">\n\t\t\t\t\t\t<div class=\"elementor-element elementor-element-7afba9f elementor-view-default elementor-widget elementor-widget-icon\" data-id=\"7afba9f\" data-element_type=\"widget\" data-widget_type=\"icon.default\">\n\t\t\t\t<div class=\"elementor-widget-container\">\n\t\t\t\t\t<div class=\"elementor-icon-wrapper\">\n\t\t\t<a class=\"elementor-icon\" href=\"mailto:mariana2.mendonca@usp.br\">\n\t\t\t<i aria-hidden=\"true\" class=\"far fa-envelope\"><\/i>\t\t\t<\/a>\n\t\t<\/div>\n\t\t\t\t<\/div>\n\t\t\t\t<\/div>\n\t\t\t\t\t<\/div>\n\t\t<\/div>\n\t\t\t\t<div class=\"elementor-column elementor-col-25 elementor-inner-column elementor-element elementor-element-2df9a30\" data-id=\"2df9a30\" data-element_type=\"column\">\n\t\t\t<div class=\"elementor-widget-wrap elementor-element-populated\">\n\t\t\t\t\t\t<div class=\"elementor-element elementor-element-5a274d9 elementor-view-default elementor-widget elementor-widget-icon\" data-id=\"5a274d9\" data-element_type=\"widget\" data-widget_type=\"icon.default\">\n\t\t\t\t<div class=\"elementor-widget-container\">\n\t\t\t\t\t<div class=\"elementor-icon-wrapper\">\n\t\t\t<a class=\"elementor-icon\" href=\"http:\/\/lattes.cnpq.br\/2573087217854553\" target=\"_blank\">\n\t\t\t<svg xmlns=\"http:\/\/www.w3.org\/2000\/svg\" width=\"712.000000pt\" height=\"474.000000pt\" viewBox=\"0 0 712.000000 474.000000\" preserveAspectRatio=\"xMidYMid meet\"><g transform=\"translate(0.000000,474.000000) scale(0.100000,-0.100000)\" fill=\"#000000\" stroke=\"none\"><path d=\"M2961 4580 c-361 -35 -631 -149 -833 -353 -161 -163 -292 -407 -346 -647 -68 -299 -53 -769 38 -1129 10 -42 24 -102 30 -133 6 -31 18 -62 25 -68 8 -7 101 -25 207 -40 106 -16 267 -40 358 -54 91 -13 217 -32 280 -41 63 -9 216 -34 340 -56 259 -45 300 -48 300 -20 0 31 -21 39 -135 56 -61 8 -137 20 -170 25 -33 5 -150 23 -260 40 -110 17 -240 37 -290 45 -106 17 -404 62 -524 79 -50 7 -86 17 -89 24 -7 21 19 42 52 43 25 0 27 2 12 8 -24 9 -55 130 -85 331 -38 250 -45 481 -11 349 20 -77 21 -81 36 -75 8 3 14 1 14 -4 0 -6 9 -10 20 -10 11 0 28 -5 38 -10 17 -10 192 -38 292 -46 30 -3 65 -10 77 -16 12 -6 32 -8 44 -5 13 3 38 -2 60 -14 21 -10 45 -19 54 -19 8 0 15 -4 15 -9 0 -5 12 -11 28 -14 46 -9 82 -44 82 -80 0 -18 4 -38 9 -46 6 -9 -4 -44 -26 -100 -19 -47 -41 -101 -47 -118 -7 -18 -15 -36 -19 -39 -15 -16 -5 -22 43 -29 28 -4 74 -16 103 -27 29 -11 67 -25 85 -31 25 -8 32 -15 29 -29 -4 -13 0 -18 14 -18 10 0 19 -5 19 -10 0 -16 55 -36 160 -60 52 -12 97 -25 100 -27 10 -11 -214 14 -470 52 -52 8 -120 17 -150 19 -47 5 -44 3 20 -9 41 -8 185 -33 320 -55 135 -23 304 -52 375 -66 72 -13 131 -24 133 -24 10 0 -5 48 -42 134 -173 397 -274 762 -294 1066 -16 244 18 419 111 557 60 91 124 143 242 199 112 52 236 81 419 96 143 12 244 7 628 -32 143 -15 206 11 160 66 -24 29 -293 146 -477 209 -394 133 -801 194 -1104 165z\"><\/path><path d=\"M3590 3770 c-117 -22 -242 -94 -309 -179 -46 -58 -91 -189 -91 -267 0 -68 37 -211 73 -284 84 -170 271 -336 467 -413 122 -49 187 -62 310 -61 98 1 126 5 189 27 186 67 279 159 312 310 24 105 23 184 0 274 -78 302 -454 581 -803 597 -56 3 -123 1 -148 -4z m-230 -609 c57 -106 236 -288 332 -337 47 -23 68 -44 61 -60 -3 -9 10 -20 40 -33 25 -11 48 -24 51 -30 4 -6 14 -11 22 -11 8 0 31 -7 52 -15 56 -24 23 -34 -56 -18 -68 14 -252 95 -252 110 0 5 -22 26 -50 47 -34 26 -50 45 -50 61 0 14 -12 32 -30 46 -68 53 -180 227 -180 280 0 38 29 18 60 -40z\"><\/path><path d=\"M4675 3659 c-14 -21 8 -103 61 -241 67 -171 93 -273 100 -398 18 -270 -119 -529 -381 -722 -148 -109 -401 -220 -650 -283 -363 -93 -909 -99 -1370 -14 -76 14 -478 105 -525 119 -19 5 -38 6 -43 1 -4 -4 9 -48 29 -97 20 -49 47 -116 60 -149 28 -73 174 -431 359 -885 75 -184 145 -355 155 -380 26 -65 137 -334 162 -392 19 -45 24 -49 47 -44 14 3 51 11 81 17 100 19 401 91 480 114 25 8 72 21 105 31 428 121 896 345 1195 573 247 187 450 399 581 606 51 81 158 313 193 420 68 204 89 419 62 623 -35 262 -166 561 -341 777 -27 33 -101 116 -164 183 -130 138 -177 173 -196 141z m-2503 -1648 c158 -37 304 -65 448 -86 166 -25 153 -13 151 -135 -1 -58 6 -154 14 -215 9 -60 19 -131 22 -157 3 -26 9 -45 14 -42 5 3 7 15 5 27 -24 121 -28 148 -21 164 6 13 11 4 22 -37 8 -30 16 -71 18 -90 2 -19 8 -55 14 -80 20 -78 24 -127 12 -134 -7 -5 -11 3 -11 23 0 17 -5 31 -11 31 -6 0 -8 -8 -5 -17 3 -10 8 -30 12 -46 10 -44 39 -57 134 -58 47 -1 119 -4 160 -8 64 -5 75 -9 72 -23 -5 -28 26 -76 50 -80 l23 -3 -22 -13 c-34 -19 -158 -42 -260 -49 -51 -3 -93 -9 -93 -13 0 -4 14 -38 31 -76 17 -38 46 -109 64 -159 32 -87 66 -166 106 -249 10 -22 19 -43 19 -47 0 -8 -115 -39 -260 -70 -72 -15 -109 -28 -119 -41 -23 -30 -38 -21 -62 39 -12 32 -61 146 -107 253 -110 256 -268 631 -404 960 -60 146 -120 290 -133 320 -68 157 -73 184 -28 155 12 -8 78 -28 145 -44z m1136 -354 c2 -15 10 -27 18 -27 20 0 61 -67 74 -121 10 -39 9 -52 -4 -77 -9 -17 -16 -41 -17 -54 -1 -37 -45 64 -68 157 -30 124 -35 158 -19 153 7 -3 14 -17 16 -31z m-542 -1392 c-30 -16 -43 -14 -31 4 3 6 18 11 33 11 l27 0 -29 -15z\"><\/path><path d=\"M2831 1318 c-1 -16 4 -28 9 -28 12 0 12 8 0 35 -8 18 -9 17 -9 -7z\"><\/path><path d=\"M1988 2343 c7 -3 16 -2 19 1 4 3 -2 6 -13 5 -11 0 -14 -3 -6 -6z\"><\/path><path d=\"M2058 2333 c6 -2 18 -2 25 0 6 3 1 5 -13 5 -14 0 -19 -2 -12 -5z\"><\/path><path d=\"M2118 2323 c7 -3 16 -2 19 1 4 3 -2 6 -13 5 -11 0 -14 -3 -6 -6z\"><\/path><path d=\"M2178 2313 c6 -2 18 -2 25 0 6 3 1 5 -13 5 -14 0 -19 -2 -12 -5z\"><\/path><path d=\"M2318 2293 c7 -3 16 -2 19 1 4 3 -2 6 -13 5 -11 0 -14 -3 -6 -6z\"><\/path><path d=\"M2378 2283 c7 -3 16 -2 19 1 4 3 -2 6 -13 5 -11 0 -14 -3 -6 -6z\"><\/path><\/g><\/svg>\t\t\t<\/a>\n\t\t<\/div>\n\t\t\t\t<\/div>\n\t\t\t\t<\/div>\n\t\t\t\t\t<\/div>\n\t\t<\/div>\n\t\t\t\t<div class=\"elementor-column elementor-col-25 elementor-inner-column elementor-element elementor-element-e8b92b7\" data-id=\"e8b92b7\" data-element_type=\"column\">\n\t\t\t<div class=\"elementor-widget-wrap elementor-element-populated\">\n\t\t\t\t\t\t<div class=\"elementor-element elementor-element-496502a elementor-view-default elementor-widget elementor-widget-icon\" data-id=\"496502a\" data-element_type=\"widget\" data-widget_type=\"icon.default\">\n\t\t\t\t<div class=\"elementor-widget-container\">\n\t\t\t\t\t<div class=\"elementor-icon-wrapper\">\n\t\t\t<a class=\"elementor-icon\" href=\"https:\/\/orcid.org\/0000-0002-8848-6468\" target=\"_blank\">\n\t\t\t<i aria-hidden=\"true\" class=\"fab fa-orcid\"><\/i>\t\t\t<\/a>\n\t\t<\/div>\n\t\t\t\t<\/div>\n\t\t\t\t<\/div>\n\t\t\t\t\t<\/div>\n\t\t<\/div>\n\t\t\t\t<div class=\"elementor-column elementor-col-25 elementor-inner-column elementor-element elementor-element-7f78f79\" data-id=\"7f78f79\" data-element_type=\"column\">\n\t\t\t<div class=\"elementor-widget-wrap elementor-element-populated\">\n\t\t\t\t\t\t<div class=\"elementor-element elementor-element-68603f0 elementor-view-default elementor-widget elementor-widget-icon\" data-id=\"68603f0\" data-element_type=\"widget\" data-widget_type=\"icon.default\">\n\t\t\t\t<div class=\"elementor-widget-container\">\n\t\t\t\t\t<div class=\"elementor-icon-wrapper\">\n\t\t\t<a class=\"elementor-icon\" href=\"https:\/\/scholar.google.com\/citations?user=Bb49w0sAAAAJ&#038;hl=pt-BR&#038;hl=pt-BR\" target=\"_blank\">\n\t\t\t<svg xmlns=\"http:\/\/www.w3.org\/2000\/svg\" width=\"452.000000pt\" height=\"452.000000pt\" viewBox=\"0 0 452.000000 452.000000\" preserveAspectRatio=\"xMidYMid meet\"><g transform=\"translate(0.000000,452.000000) scale(0.100000,-0.100000)\" fill=\"#000000\" stroke=\"none\"><path d=\"M1320 3297 l-755 -472 517 -3 517 -2 -11 -28 c-19 -45 -15 -276 6 -352 69 -250 288 -400 586 -400 l80 0 0 -98 0 -98 40 -39 c33 -32 60 -84 60 -116 0 -3 -53 -9 -117 -12 -536 -28 -833 -238 -833 -587 0 -214 105 -379 302 -474 411 -198 1047 -106 1279 186 148 186 183 472 83 671 -53 103 -126 184 -299 329 -113 96 -140 124 -159 170 -29 69 -18 89 149 253 164 161 199 214 224 333 14 67 14 257 0 342 -11 72 -51 170 -80 195 -17 16 -10 23 138 132 86 63 177 131 202 150 l46 35 3 -206 2 -206 -39 -39 c-54 -54 -64 -96 -59 -256 3 -115 6 -134 26 -168 55 -87 175 -114 263 -58 69 43 83 81 87 232 4 154 -6 197 -59 250 l-39 39 0 275 0 274 140 106 c77 58 140 108 140 110 0 3 -379 5 -842 5 l-843 -1 -755 -472z m1033 -142 c117 -58 232 -215 272 -370 48 -187 17 -383 -77 -489 -144 -164 -372 -121 -520 96 -100 148 -138 335 -103 501 29 138 91 231 180 274 70 33 166 29 248 -12z m162 -1610 c134 -35 265 -125 322 -222 84 -144 54 -306 -82 -439 -227 -223 -683 -235 -908 -26 -62 59 -91 104 -113 177 -56 193 95 404 349 490 43 14 104 30 135 35 75 12 222 4 297 -15z\"><\/path><\/g><\/svg>\t\t\t<\/a>\n\t\t<\/div>\n\t\t\t\t<\/div>\n\t\t\t\t<\/div>\n\t\t\t\t\t<\/div>\n\t\t<\/div>\n\t\t\t\t\t<\/div>\n\t\t<\/section>\n\t\t\t\t\t<\/div>\n\t\t<\/div>\n\t\t\t\t<div class=\"elementor-column elementor-col-66 elementor-top-column elementor-element elementor-element-715c96a\" data-id=\"715c96a\" data-element_type=\"column\">\n\t\t\t<div class=\"elementor-widget-wrap elementor-element-populated\">\n\t\t\t\t\t\t<div class=\"elementor-element elementor-element-d0ff0db elementor-widget elementor-widget-heading\" data-id=\"d0ff0db\" data-element_type=\"widget\" data-widget_type=\"heading.default\">\n\t\t\t\t<div class=\"elementor-widget-container\">\n\t\t\t<h3 class=\"elementor-heading-title elementor-size-default\">Biografia <\/h3>\t\t<\/div>\n\t\t\t\t<\/div>\n\t\t\t\t<div class=\"elementor-element elementor-element-469603c elementor-widget elementor-widget-text-editor\" data-id=\"469603c\" data-element_type=\"widget\" data-widget_type=\"text-editor.default\">\n\t\t\t\t<div class=\"elementor-widget-container\">\n\t\t\t\t\t\t\t<p>Sou formada em Ci\u00eancias Biom\u00e9dicas pela Universidade de S\u00e3o Paulo (2016). Comecei a fazer parte da equipe do Laborat\u00f3rio de Farmacogen\u00f4mica em 2014, como aluna de Inicia\u00e7\u00e3o Cient\u00edfica. Meu projeto consistiu em estudar os mecanismos moleculares envolvidos nos efeitos do tratamento com pioglitazona no m\u00fasculo esquel\u00e9tico e no f\u00edgado. Atualmente, sou aluna de Doutorado e meu projeto tem como objetivo avaliar o papel dos microRNAs contidos em ves\u00edculas extracelulares nas altera\u00e7\u00f5es metab\u00f3licas promovidas pelo exerc\u00edcio f\u00edsico aer\u00f3bio em um modelo animal de obesidade. Entre 2020 e 2021 pude desenvolver parte do meu doutorado na Monash University, sob a orienta\u00e7\u00e3o do Professor Mark Febbraio, onde estudei o papel das ves\u00edculas extracelulares produzidas durante o exerc\u00edcio f\u00edsico na preven\u00e7\u00e3o da esteato-hepatite n\u00e3o alco\u00f3lica. \u00a0<\/p>\t\t\t\t\t\t<\/div>\n\t\t\t\t<\/div>\n\t\t\t\t<div class=\"elementor-element elementor-element-05a3732 elementor-widget elementor-widget-heading\" data-id=\"05a3732\" data-element_type=\"widget\" data-widget_type=\"heading.default\">\n\t\t\t\t<div class=\"elementor-widget-container\">\n\t\t\t<h3 class=\"elementor-heading-title elementor-size-default\">Posi\u00e7\u00e3o anterior no laborat\u00f3rio <\/h3>\t\t<\/div>\n\t\t\t\t<\/div>\n\t\t\t\t<div class=\"elementor-element elementor-element-a8075dd elementor-widget elementor-widget-text-editor\" data-id=\"a8075dd\" data-element_type=\"widget\" data-widget_type=\"text-editor.default\">\n\t\t\t\t<div class=\"elementor-widget-container\">\n\t\t\t\t\t\t\t<ul>\n<li style=\"list-style-type: none;\">\n<ul>\n<li>Inicia\u00e7\u00e3o Cient\u00edfica entre Julho de 2014 a Dezembro de 2016. <p style=\"margin: 4pt 0cm 8pt; background-image: initial; background-position: initial; background-size: initial; background-repeat: initial; background-attachment: initial; background-origin: initial; background-clip: initial;\"><span lang=\"EN-US\" style=\"font-size:12.0pt;font-family:&quot;Times New Roman&quot;,serif;mso-fareast-font-family:\nCalibri;mso-ansi-language:EN-US\"><o:p><\/o:p><\/span><\/p><\/li>\n<\/ul>\n<\/li>\n<\/ul>\t\t\t\t\t\t<\/div>\n\t\t\t\t<\/div>\n\t\t\t\t\t<\/div>\n\t\t<\/div>\n\t\t\t\t\t<\/div>\n\t\t<\/section>\n\t\t\t\t<section class=\"elementor-section elementor-top-section elementor-element elementor-element-b37350e elementor-section-boxed elementor-section-height-default elementor-section-height-default\" data-id=\"b37350e\" data-element_type=\"section\">\n\t\t\t\t\t\t<div class=\"elementor-container elementor-column-gap-default\">\n\t\t\t\t\t<div class=\"elementor-column elementor-col-100 elementor-top-column elementor-element elementor-element-c65039d\" data-id=\"c65039d\" data-element_type=\"column\">\n\t\t\t<div class=\"elementor-widget-wrap elementor-element-populated\">\n\t\t\t\t\t\t<div class=\"elementor-element elementor-element-acc583b elementor-widget elementor-widget-spacer\" data-id=\"acc583b\" data-element_type=\"widget\" data-widget_type=\"spacer.default\">\n\t\t\t\t<div class=\"elementor-widget-container\">\n\t\t\t\t\t<div class=\"elementor-spacer\">\n\t\t\t<div class=\"elementor-spacer-inner\"><\/div>\n\t\t<\/div>\n\t\t\t\t<\/div>\n\t\t\t\t<\/div>\n\t\t\t\t\t<\/div>\n\t\t<\/div>\n\t\t\t\t\t<\/div>\n\t\t<\/section>\n\t\t\t\t<\/div>\n\t\t","protected":false},"excerpt":{"rendered":"<p>Mariana de Mendon\u00e7a Biografia Sou formada em Ci\u00eancias Biom\u00e9dicas pela Universidade de S\u00e3o Paulo (2016). Comecei a fazer parte da equipe do Laborat\u00f3rio de Farmacogen\u00f4mica em 2014, como aluna de Inicia\u00e7\u00e3o Cient\u00edfica. Meu projeto consistiu em estudar os mecanismos moleculares envolvidos nos efeitos do tratamento com pioglitazona no m\u00fasculo esquel\u00e9tico e no f\u00edgado. Atualmente, sou &hellip; <\/p>\n<p class=\"link-more\"><a href=\"https:\/\/sites.usp.br\/rodrigueslaboratory\/equipe-mariana-de-mendonca\/\" class=\"more-link\">Continue lendo<span class=\"screen-reader-text\"> &#8220;Equipe &#8211; Mariana de Mendon\u00e7a&#8221;<\/span><\/a><\/p>\n","protected":false},"author":1200,"featured_media":0,"parent":0,"menu_order":0,"comment_status":"closed","ping_status":"closed","template":"elementor_header_footer","meta":{"footnotes":"","_links_to":"","_links_to_target":""},"class_list":["post-1045","page","type-page","status-publish","hentry","entry"],"_links":{"self":[{"href":"https:\/\/sites.usp.br\/rodrigueslaboratory\/wp-json\/wp\/v2\/pages\/1045","targetHints":{"allow":["GET"]}}],"collection":[{"href":"https:\/\/sites.usp.br\/rodrigueslaboratory\/wp-json\/wp\/v2\/pages"}],"about":[{"href":"https:\/\/sites.usp.br\/rodrigueslaboratory\/wp-json\/wp\/v2\/types\/page"}],"author":[{"embeddable":true,"href":"https:\/\/sites.usp.br\/rodrigueslaboratory\/wp-json\/wp\/v2\/users\/1200"}],"replies":[{"embeddable":true,"href":"https:\/\/sites.usp.br\/rodrigueslaboratory\/wp-json\/wp\/v2\/comments?post=1045"}],"version-history":[{"count":4,"href":"https:\/\/sites.usp.br\/rodrigueslaboratory\/wp-json\/wp\/v2\/pages\/1045\/revisions"}],"predecessor-version":[{"id":1697,"href":"https:\/\/sites.usp.br\/rodrigueslaboratory\/wp-json\/wp\/v2\/pages\/1045\/revisions\/1697"}],"wp:attachment":[{"href":"https:\/\/sites.usp.br\/rodrigueslaboratory\/wp-json\/wp\/v2\/media?parent=1045"}],"curies":[{"name":"wp","href":"https:\/\/api.w.org\/{rel}","templated":true}]}}