{"id":920,"date":"2021-04-17T17:05:15","date_gmt":"2021-04-17T20:05:15","guid":{"rendered":"https:\/\/sites.usp.br\/rodrigueslaboratory\/?page_id=920"},"modified":"2021-08-17T13:27:45","modified_gmt":"2021-08-17T16:27:45","slug":"equipe-erica-de-sousa","status":"publish","type":"page","link":"https:\/\/sites.usp.br\/rodrigueslaboratory\/equipe-erica-de-sousa\/","title":{"rendered":"Equipe &#8211; \u00c9rica de Sousa"},"content":{"rendered":"\t\t<div data-elementor-type=\"wp-page\" data-elementor-id=\"920\" class=\"elementor elementor-920\" data-elementor-post-type=\"page\">\n\t\t\t\t\t\t<section class=\"elementor-section elementor-top-section elementor-element elementor-element-71336d4 elementor-section-boxed elementor-section-height-default elementor-section-height-default\" data-id=\"71336d4\" data-element_type=\"section\">\n\t\t\t\t\t\t<div class=\"elementor-container elementor-column-gap-default\">\n\t\t\t\t\t<div class=\"elementor-column elementor-col-100 elementor-top-column elementor-element elementor-element-4aa388d\" data-id=\"4aa388d\" data-element_type=\"column\">\n\t\t\t<div class=\"elementor-widget-wrap elementor-element-populated\">\n\t\t\t\t\t\t<div class=\"elementor-element elementor-element-b6ad951 elementor-widget elementor-widget-heading\" data-id=\"b6ad951\" data-element_type=\"widget\" data-widget_type=\"heading.default\">\n\t\t\t\t<div class=\"elementor-widget-container\">\n\t\t\t<h3 class=\"elementor-heading-title elementor-size-default\">\u00c9rica de Sousa<\/h3>\t\t<\/div>\n\t\t\t\t<\/div>\n\t\t\t\t\t<\/div>\n\t\t<\/div>\n\t\t\t\t\t<\/div>\n\t\t<\/section>\n\t\t\t\t<section class=\"elementor-section elementor-top-section elementor-element elementor-element-43117ed elementor-section-boxed elementor-section-height-default elementor-section-height-default\" data-id=\"43117ed\" data-element_type=\"section\">\n\t\t\t\t\t\t<div class=\"elementor-container elementor-column-gap-wide\">\n\t\t\t\t\t<div class=\"elementor-column elementor-col-33 elementor-top-column elementor-element elementor-element-4d98a12\" data-id=\"4d98a12\" data-element_type=\"column\">\n\t\t\t<div class=\"elementor-widget-wrap elementor-element-populated\">\n\t\t\t\t\t\t<div class=\"elementor-element elementor-element-1ac1ea2 elementor-widget elementor-widget-image\" data-id=\"1ac1ea2\" data-element_type=\"widget\" data-widget_type=\"image.default\">\n\t\t\t\t<div class=\"elementor-widget-container\">\n\t\t\t\t\t\t\t\t\t\t\t\t\t<img fetchpriority=\"high\" decoding=\"async\" width=\"640\" height=\"640\" src=\"https:\/\/sites.usp.br\/rodrigueslaboratory\/wp-content\/uploads\/sites\/931\/2021\/08\/Erica-1024x1024-1-1024x1024.png\" class=\"attachment-large size-large wp-image-1632\" alt=\"\" srcset=\"https:\/\/sites.usp.br\/rodrigueslaboratory\/wp-content\/uploads\/sites\/931\/2021\/08\/Erica-1024x1024-1.png 1024w, https:\/\/sites.usp.br\/rodrigueslaboratory\/wp-content\/uploads\/sites\/931\/2021\/08\/Erica-1024x1024-1-300x300.png 300w, https:\/\/sites.usp.br\/rodrigueslaboratory\/wp-content\/uploads\/sites\/931\/2021\/08\/Erica-1024x1024-1-150x150.png 150w, https:\/\/sites.usp.br\/rodrigueslaboratory\/wp-content\/uploads\/sites\/931\/2021\/08\/Erica-1024x1024-1-768x768.png 768w, https:\/\/sites.usp.br\/rodrigueslaboratory\/wp-content\/uploads\/sites\/931\/2021\/08\/Erica-1024x1024-1-45x45.png 45w, https:\/\/sites.usp.br\/rodrigueslaboratory\/wp-content\/uploads\/sites\/931\/2021\/08\/Erica-1024x1024-1-200x200.png 200w, https:\/\/sites.usp.br\/rodrigueslaboratory\/wp-content\/uploads\/sites\/931\/2021\/08\/Erica-1024x1024-1-400x400.png 400w\" sizes=\"(max-width: 34.9rem) calc(100vw - 2rem), (max-width: 53rem) calc(8 * (100vw \/ 12)), (min-width: 53rem) calc(6 * (100vw \/ 12)), 100vw\" \/>\t\t\t\t\t\t\t\t\t\t\t\t\t<\/div>\n\t\t\t\t<\/div>\n\t\t\t\t<section class=\"elementor-section elementor-inner-section elementor-element elementor-element-45d1662 elementor-section-boxed elementor-section-height-default elementor-section-height-default\" data-id=\"45d1662\" data-element_type=\"section\">\n\t\t\t\t\t\t<div class=\"elementor-container elementor-column-gap-default\">\n\t\t\t\t\t<div class=\"elementor-column elementor-col-25 elementor-inner-column elementor-element elementor-element-67da9e7\" data-id=\"67da9e7\" data-element_type=\"column\">\n\t\t\t<div class=\"elementor-widget-wrap\">\n\t\t\t\t\t\t\t<\/div>\n\t\t<\/div>\n\t\t\t\t<div class=\"elementor-column elementor-col-25 elementor-inner-column elementor-element elementor-element-c3c913c\" data-id=\"c3c913c\" data-element_type=\"column\">\n\t\t\t<div class=\"elementor-widget-wrap elementor-element-populated\">\n\t\t\t\t\t\t<div class=\"elementor-element elementor-element-8b35585 elementor-view-default elementor-widget elementor-widget-icon\" data-id=\"8b35585\" data-element_type=\"widget\" data-widget_type=\"icon.default\">\n\t\t\t\t<div class=\"elementor-widget-container\">\n\t\t\t\t\t<div class=\"elementor-icon-wrapper\">\n\t\t\t<a class=\"elementor-icon\" href=\"mailto:erica-sousa@usp.br\">\n\t\t\t<i aria-hidden=\"true\" class=\"far fa-envelope\"><\/i>\t\t\t<\/a>\n\t\t<\/div>\n\t\t\t\t<\/div>\n\t\t\t\t<\/div>\n\t\t\t\t\t<\/div>\n\t\t<\/div>\n\t\t\t\t<div class=\"elementor-column elementor-col-25 elementor-inner-column elementor-element elementor-element-a4e949d\" data-id=\"a4e949d\" data-element_type=\"column\">\n\t\t\t<div class=\"elementor-widget-wrap elementor-element-populated\">\n\t\t\t\t\t\t<div class=\"elementor-element elementor-element-5f1b1ee elementor-view-default elementor-widget elementor-widget-icon\" data-id=\"5f1b1ee\" data-element_type=\"widget\" data-widget_type=\"icon.default\">\n\t\t\t\t<div class=\"elementor-widget-container\">\n\t\t\t\t\t<div class=\"elementor-icon-wrapper\">\n\t\t\t<a class=\"elementor-icon\" href=\"http:\/\/lattes.cnpq.br\/3786482819769592\" target=\"_blank\">\n\t\t\t<svg xmlns=\"http:\/\/www.w3.org\/2000\/svg\" width=\"712.000000pt\" height=\"474.000000pt\" viewBox=\"0 0 712.000000 474.000000\" preserveAspectRatio=\"xMidYMid meet\"><g transform=\"translate(0.000000,474.000000) scale(0.100000,-0.100000)\" fill=\"#000000\" stroke=\"none\"><path d=\"M2961 4580 c-361 -35 -631 -149 -833 -353 -161 -163 -292 -407 -346 -647 -68 -299 -53 -769 38 -1129 10 -42 24 -102 30 -133 6 -31 18 -62 25 -68 8 -7 101 -25 207 -40 106 -16 267 -40 358 -54 91 -13 217 -32 280 -41 63 -9 216 -34 340 -56 259 -45 300 -48 300 -20 0 31 -21 39 -135 56 -61 8 -137 20 -170 25 -33 5 -150 23 -260 40 -110 17 -240 37 -290 45 -106 17 -404 62 -524 79 -50 7 -86 17 -89 24 -7 21 19 42 52 43 25 0 27 2 12 8 -24 9 -55 130 -85 331 -38 250 -45 481 -11 349 20 -77 21 -81 36 -75 8 3 14 1 14 -4 0 -6 9 -10 20 -10 11 0 28 -5 38 -10 17 -10 192 -38 292 -46 30 -3 65 -10 77 -16 12 -6 32 -8 44 -5 13 3 38 -2 60 -14 21 -10 45 -19 54 -19 8 0 15 -4 15 -9 0 -5 12 -11 28 -14 46 -9 82 -44 82 -80 0 -18 4 -38 9 -46 6 -9 -4 -44 -26 -100 -19 -47 -41 -101 -47 -118 -7 -18 -15 -36 -19 -39 -15 -16 -5 -22 43 -29 28 -4 74 -16 103 -27 29 -11 67 -25 85 -31 25 -8 32 -15 29 -29 -4 -13 0 -18 14 -18 10 0 19 -5 19 -10 0 -16 55 -36 160 -60 52 -12 97 -25 100 -27 10 -11 -214 14 -470 52 -52 8 -120 17 -150 19 -47 5 -44 3 20 -9 41 -8 185 -33 320 -55 135 -23 304 -52 375 -66 72 -13 131 -24 133 -24 10 0 -5 48 -42 134 -173 397 -274 762 -294 1066 -16 244 18 419 111 557 60 91 124 143 242 199 112 52 236 81 419 96 143 12 244 7 628 -32 143 -15 206 11 160 66 -24 29 -293 146 -477 209 -394 133 -801 194 -1104 165z\"><\/path><path d=\"M3590 3770 c-117 -22 -242 -94 -309 -179 -46 -58 -91 -189 -91 -267 0 -68 37 -211 73 -284 84 -170 271 -336 467 -413 122 -49 187 -62 310 -61 98 1 126 5 189 27 186 67 279 159 312 310 24 105 23 184 0 274 -78 302 -454 581 -803 597 -56 3 -123 1 -148 -4z m-230 -609 c57 -106 236 -288 332 -337 47 -23 68 -44 61 -60 -3 -9 10 -20 40 -33 25 -11 48 -24 51 -30 4 -6 14 -11 22 -11 8 0 31 -7 52 -15 56 -24 23 -34 -56 -18 -68 14 -252 95 -252 110 0 5 -22 26 -50 47 -34 26 -50 45 -50 61 0 14 -12 32 -30 46 -68 53 -180 227 -180 280 0 38 29 18 60 -40z\"><\/path><path d=\"M4675 3659 c-14 -21 8 -103 61 -241 67 -171 93 -273 100 -398 18 -270 -119 -529 -381 -722 -148 -109 -401 -220 -650 -283 -363 -93 -909 -99 -1370 -14 -76 14 -478 105 -525 119 -19 5 -38 6 -43 1 -4 -4 9 -48 29 -97 20 -49 47 -116 60 -149 28 -73 174 -431 359 -885 75 -184 145 -355 155 -380 26 -65 137 -334 162 -392 19 -45 24 -49 47 -44 14 3 51 11 81 17 100 19 401 91 480 114 25 8 72 21 105 31 428 121 896 345 1195 573 247 187 450 399 581 606 51 81 158 313 193 420 68 204 89 419 62 623 -35 262 -166 561 -341 777 -27 33 -101 116 -164 183 -130 138 -177 173 -196 141z m-2503 -1648 c158 -37 304 -65 448 -86 166 -25 153 -13 151 -135 -1 -58 6 -154 14 -215 9 -60 19 -131 22 -157 3 -26 9 -45 14 -42 5 3 7 15 5 27 -24 121 -28 148 -21 164 6 13 11 4 22 -37 8 -30 16 -71 18 -90 2 -19 8 -55 14 -80 20 -78 24 -127 12 -134 -7 -5 -11 3 -11 23 0 17 -5 31 -11 31 -6 0 -8 -8 -5 -17 3 -10 8 -30 12 -46 10 -44 39 -57 134 -58 47 -1 119 -4 160 -8 64 -5 75 -9 72 -23 -5 -28 26 -76 50 -80 l23 -3 -22 -13 c-34 -19 -158 -42 -260 -49 -51 -3 -93 -9 -93 -13 0 -4 14 -38 31 -76 17 -38 46 -109 64 -159 32 -87 66 -166 106 -249 10 -22 19 -43 19 -47 0 -8 -115 -39 -260 -70 -72 -15 -109 -28 -119 -41 -23 -30 -38 -21 -62 39 -12 32 -61 146 -107 253 -110 256 -268 631 -404 960 -60 146 -120 290 -133 320 -68 157 -73 184 -28 155 12 -8 78 -28 145 -44z m1136 -354 c2 -15 10 -27 18 -27 20 0 61 -67 74 -121 10 -39 9 -52 -4 -77 -9 -17 -16 -41 -17 -54 -1 -37 -45 64 -68 157 -30 124 -35 158 -19 153 7 -3 14 -17 16 -31z m-542 -1392 c-30 -16 -43 -14 -31 4 3 6 18 11 33 11 l27 0 -29 -15z\"><\/path><path d=\"M2831 1318 c-1 -16 4 -28 9 -28 12 0 12 8 0 35 -8 18 -9 17 -9 -7z\"><\/path><path d=\"M1988 2343 c7 -3 16 -2 19 1 4 3 -2 6 -13 5 -11 0 -14 -3 -6 -6z\"><\/path><path d=\"M2058 2333 c6 -2 18 -2 25 0 6 3 1 5 -13 5 -14 0 -19 -2 -12 -5z\"><\/path><path d=\"M2118 2323 c7 -3 16 -2 19 1 4 3 -2 6 -13 5 -11 0 -14 -3 -6 -6z\"><\/path><path d=\"M2178 2313 c6 -2 18 -2 25 0 6 3 1 5 -13 5 -14 0 -19 -2 -12 -5z\"><\/path><path d=\"M2318 2293 c7 -3 16 -2 19 1 4 3 -2 6 -13 5 -11 0 -14 -3 -6 -6z\"><\/path><path d=\"M2378 2283 c7 -3 16 -2 19 1 4 3 -2 6 -13 5 -11 0 -14 -3 -6 -6z\"><\/path><\/g><\/svg>\t\t\t<\/a>\n\t\t<\/div>\n\t\t\t\t<\/div>\n\t\t\t\t<\/div>\n\t\t\t\t\t<\/div>\n\t\t<\/div>\n\t\t\t\t<div class=\"elementor-column elementor-col-25 elementor-inner-column elementor-element elementor-element-cc4f026\" data-id=\"cc4f026\" data-element_type=\"column\">\n\t\t\t<div class=\"elementor-widget-wrap\">\n\t\t\t\t\t\t\t<\/div>\n\t\t<\/div>\n\t\t\t\t\t<\/div>\n\t\t<\/section>\n\t\t\t\t\t<\/div>\n\t\t<\/div>\n\t\t\t\t<div class=\"elementor-column elementor-col-66 elementor-top-column elementor-element elementor-element-ef2f5b7\" data-id=\"ef2f5b7\" data-element_type=\"column\">\n\t\t\t<div class=\"elementor-widget-wrap elementor-element-populated\">\n\t\t\t\t\t\t<div class=\"elementor-element elementor-element-0e79e4f elementor-widget elementor-widget-heading\" data-id=\"0e79e4f\" data-element_type=\"widget\" data-widget_type=\"heading.default\">\n\t\t\t\t<div class=\"elementor-widget-container\">\n\t\t\t<h3 class=\"elementor-heading-title elementor-size-default\">Biografia <\/h3>\t\t<\/div>\n\t\t\t\t<\/div>\n\t\t\t\t<div class=\"elementor-element elementor-element-5e030d7 elementor-widget elementor-widget-text-editor\" data-id=\"5e030d7\" data-element_type=\"widget\" data-widget_type=\"text-editor.default\">\n\t\t\t\t<div class=\"elementor-widget-container\">\n\t\t\t\t\t\t\t<p>Sou bacharel em Ci\u00eancia e Tecnologia (2013) e mestre em Neuroci\u00eancia e Cogni\u00e7\u00e3o (2016), ambos os t\u00edtulos obtidos pela UFABC. Neste per\u00edodo atuei em projetos sobre o desenvolvimento e degenera\u00e7\u00e3o de retina. Desde sempre achei o estudo do sistema nervoso muito estimulante, e comecei a me interessar por sua rela\u00e7\u00e3o com o metabolismo energ\u00e9tico. Em busca deste conhecimento, em 2016 iniciei meu doutorado no Laborat\u00f3rio de Farmacogen\u00f4mica, onde estudo como a obesidade materna afeta o desenvolvimento do tecido adiposo e sua comunica\u00e7\u00e3o com o sistema nervoso simp\u00e1tico na prole. Entre 2018 e 2019 realizei est\u00e1gio no laborat\u00f3rio do Professor Da-Zhi Wang (Boston Children&#8217;s Hospital, Harvard Medical School), onde investiguei a participa\u00e7\u00e3o do microRNA-22 no estabelecimento da comunica\u00e7\u00e3o neuro-adiposa. <\/p>\t\t\t\t\t\t<\/div>\n\t\t\t\t<\/div>\n\t\t\t\t\t<\/div>\n\t\t<\/div>\n\t\t\t\t\t<\/div>\n\t\t<\/section>\n\t\t\t\t<section class=\"elementor-section elementor-top-section elementor-element elementor-element-3292151 elementor-section-boxed elementor-section-height-default elementor-section-height-default\" data-id=\"3292151\" data-element_type=\"section\">\n\t\t\t\t\t\t<div class=\"elementor-container elementor-column-gap-default\">\n\t\t\t\t\t<div class=\"elementor-column elementor-col-100 elementor-top-column elementor-element elementor-element-7713867\" data-id=\"7713867\" data-element_type=\"column\">\n\t\t\t<div class=\"elementor-widget-wrap elementor-element-populated\">\n\t\t\t\t\t\t<div class=\"elementor-element elementor-element-8679898 elementor-widget elementor-widget-spacer\" data-id=\"8679898\" data-element_type=\"widget\" data-widget_type=\"spacer.default\">\n\t\t\t\t<div class=\"elementor-widget-container\">\n\t\t\t\t\t<div class=\"elementor-spacer\">\n\t\t\t<div class=\"elementor-spacer-inner\"><\/div>\n\t\t<\/div>\n\t\t\t\t<\/div>\n\t\t\t\t<\/div>\n\t\t\t\t\t<\/div>\n\t\t<\/div>\n\t\t\t\t\t<\/div>\n\t\t<\/section>\n\t\t\t\t<\/div>\n\t\t","protected":false},"excerpt":{"rendered":"<p>\u00c9rica de Sousa Biografia Sou bacharel em Ci\u00eancia e Tecnologia (2013) e mestre em Neuroci\u00eancia e Cogni\u00e7\u00e3o (2016), ambos os t\u00edtulos obtidos pela UFABC. Neste per\u00edodo atuei em projetos sobre o desenvolvimento e degenera\u00e7\u00e3o de retina. Desde sempre achei o estudo do sistema nervoso muito estimulante, e comecei a me interessar por sua rela\u00e7\u00e3o com &hellip; <\/p>\n<p class=\"link-more\"><a href=\"https:\/\/sites.usp.br\/rodrigueslaboratory\/equipe-erica-de-sousa\/\" class=\"more-link\">Continue lendo<span class=\"screen-reader-text\"> &#8220;Equipe &#8211; \u00c9rica de Sousa&#8221;<\/span><\/a><\/p>\n","protected":false},"author":1200,"featured_media":0,"parent":0,"menu_order":0,"comment_status":"closed","ping_status":"closed","template":"elementor_header_footer","meta":{"footnotes":"","_links_to":"","_links_to_target":""},"class_list":["post-920","page","type-page","status-publish","hentry","entry"],"_links":{"self":[{"href":"https:\/\/sites.usp.br\/rodrigueslaboratory\/wp-json\/wp\/v2\/pages\/920","targetHints":{"allow":["GET"]}}],"collection":[{"href":"https:\/\/sites.usp.br\/rodrigueslaboratory\/wp-json\/wp\/v2\/pages"}],"about":[{"href":"https:\/\/sites.usp.br\/rodrigueslaboratory\/wp-json\/wp\/v2\/types\/page"}],"author":[{"embeddable":true,"href":"https:\/\/sites.usp.br\/rodrigueslaboratory\/wp-json\/wp\/v2\/users\/1200"}],"replies":[{"embeddable":true,"href":"https:\/\/sites.usp.br\/rodrigueslaboratory\/wp-json\/wp\/v2\/comments?post=920"}],"version-history":[{"count":5,"href":"https:\/\/sites.usp.br\/rodrigueslaboratory\/wp-json\/wp\/v2\/pages\/920\/revisions"}],"predecessor-version":[{"id":1693,"href":"https:\/\/sites.usp.br\/rodrigueslaboratory\/wp-json\/wp\/v2\/pages\/920\/revisions\/1693"}],"wp:attachment":[{"href":"https:\/\/sites.usp.br\/rodrigueslaboratory\/wp-json\/wp\/v2\/media?parent=920"}],"curies":[{"name":"wp","href":"https:\/\/api.w.org\/{rel}","templated":true}]}}