{"id":111,"date":"2017-03-27T00:01:13","date_gmt":"2017-03-27T02:01:13","guid":{"rendered":"http:\/\/sites.usp.br\/ronseinlab\/?page_id=111"},"modified":"2022-09-06T14:48:37","modified_gmt":"2022-09-06T16:48:37","slug":"quem-somos","status":"publish","type":"page","link":"https:\/\/sites.usp.br\/ronseinlab\/quem-somos\/","title":{"rendered":"Sobre n\u00f3s"},"content":{"rendered":"<p>Em nosso laborat\u00f3rio investigamos os mecanismos inflamat\u00f3rios e oxidantes envolvidos em doen\u00e7as inflamat\u00f3rias cr\u00f4nicas.<\/p>\n<p>\u200bOs projetos de pesquisa em andamento envolvem estudo de c\u00e9lulas prim\u00e1rias e em cultura, tais como neutr\u00f3filos, macr\u00f3fagos e c\u00e9lulas endoteliais, bem como estudos com animais e humanos. Estamos especialmente interessados no papel da lipoprote\u00edna de alta densidade (HDL) na progress\u00e3o de doen\u00e7as inflamat\u00f3rias cr\u00f4nicas, e na rela\u00e7\u00e3o da HDL com o metabolismo lip\u00eddico.<\/p>\n<p>\u200bNossa abordagem utiliza estrat\u00e9gias de prote\u00f4mica qualitativa e quantitativa, associadas a ferramentas de bioinform\u00e1tica e estat\u00edstica. Ensaios funcionais ajudam a confirmar nossas hip\u00f3teses.<\/p>\n<p>\u200bTem interesse em estudar prote\u00f4mica e processos inflamat\u00f3rios? Venha trabalhar conosco!<\/p>\n<p>Para obter informa\u00e7\u00f5es sobre vagas de p\u00f3s-doc, doutorado, mestrado e inicia\u00e7\u00e3o cient\u00edfica, envie um email para ronsein@iq.usp.br<\/p>\n<p>&nbsp;<\/p>\n<p><a href=\"https:\/\/sites.usp.br\/ronseinlab\/wp-content\/uploads\/sites\/1163\/2022\/09\/Figura-workflow-proteomics.png\"><img loading=\"lazy\" decoding=\"async\" class=\"aligncenter wp-image-468 size-full\" src=\"https:\/\/sites.usp.br\/ronseinlab\/wp-content\/uploads\/sites\/1163\/2022\/09\/Figura-workflow-proteomics.png\" alt=\"\" width=\"881\" height=\"198\" srcset=\"https:\/\/sites.usp.br\/ronseinlab\/wp-content\/uploads\/sites\/1163\/2022\/09\/Figura-workflow-proteomics.png 881w, https:\/\/sites.usp.br\/ronseinlab\/wp-content\/uploads\/sites\/1163\/2022\/09\/Figura-workflow-proteomics-300x67.png 300w, https:\/\/sites.usp.br\/ronseinlab\/wp-content\/uploads\/sites\/1163\/2022\/09\/Figura-workflow-proteomics-768x173.png 768w, https:\/\/sites.usp.br\/ronseinlab\/wp-content\/uploads\/sites\/1163\/2022\/09\/Figura-workflow-proteomics-400x90.png 400w\" sizes=\"auto, (max-width: 881px) 100vw, 881px\" \/><\/a><\/p>\n","protected":false},"excerpt":{"rendered":"<p>Em nosso laborat\u00f3rio investigamos os mecanismos inflamat\u00f3rios e oxidantes envolvidos em doen\u00e7as inflamat\u00f3rias cr\u00f4nicas. \u200bOs projetos de pesquisa em andamento envolvem estudo de c\u00e9lulas prim\u00e1rias e em cultura, tais como neutr\u00f3filos, macr\u00f3fagos e c\u00e9lulas endoteliais, bem como estudos com animais e humanos. Estamos especialmente interessados no papel da lipoprote\u00edna de alta densidade (HDL) na progress\u00e3o&hellip;<\/p>\n","protected":false},"author":309,"featured_media":0,"parent":0,"menu_order":4,"comment_status":"closed","ping_status":"closed","template":"","meta":{"footnotes":"","_links_to":"","_links_to_target":""},"class_list":["post-111","page","type-page","status-publish","hentry","post"],"_links":{"self":[{"href":"https:\/\/sites.usp.br\/ronseinlab\/wp-json\/wp\/v2\/pages\/111","targetHints":{"allow":["GET"]}}],"collection":[{"href":"https:\/\/sites.usp.br\/ronseinlab\/wp-json\/wp\/v2\/pages"}],"about":[{"href":"https:\/\/sites.usp.br\/ronseinlab\/wp-json\/wp\/v2\/types\/page"}],"author":[{"embeddable":true,"href":"https:\/\/sites.usp.br\/ronseinlab\/wp-json\/wp\/v2\/users\/309"}],"replies":[{"embeddable":true,"href":"https:\/\/sites.usp.br\/ronseinlab\/wp-json\/wp\/v2\/comments?post=111"}],"version-history":[{"count":4,"href":"https:\/\/sites.usp.br\/ronseinlab\/wp-json\/wp\/v2\/pages\/111\/revisions"}],"predecessor-version":[{"id":469,"href":"https:\/\/sites.usp.br\/ronseinlab\/wp-json\/wp\/v2\/pages\/111\/revisions\/469"}],"wp:attachment":[{"href":"https:\/\/sites.usp.br\/ronseinlab\/wp-json\/wp\/v2\/media?parent=111"}],"curies":[{"name":"wp","href":"https:\/\/api.w.org\/{rel}","templated":true}]}}