{"id":26,"date":"2013-11-21T19:00:33","date_gmt":"2013-11-21T19:00:33","guid":{"rendered":"http:\/\/sites.usp.br\/ronseinlab\/?page_id=26"},"modified":"2022-08-18T15:05:35","modified_gmt":"2022-08-18T17:05:35","slug":"contato","status":"publish","type":"page","link":"https:\/\/sites.usp.br\/ronseinlab\/contato\/","title":{"rendered":"Contato"},"content":{"rendered":"<p>&nbsp;<\/p>\n<p style=\"text-align: left;\"><strong>Laborat\u00f3rio Ronsein de Prote\u00f4mica<\/strong><\/p>\n<p style=\"text-align: left;\">Instituto de Qu\u00edmica<br \/>\nAvenida Professor Lineu Prestes, 748, bloco 9 inferior, salas 904-910.<br \/>\nCidade Universit\u00e1ria &#8211; Butant\u00e3<br \/>\nS\u00e3o Paulo\/SP<br \/>\nCEP 05508-000<br \/>\nBrasil<\/p>\n<p>&nbsp;<\/p>\n<p>Tel: +55 (11) 2648-1739<br \/>\nronsein@iq.usp.br<\/p>\n","protected":false},"excerpt":{"rendered":"<p>&nbsp; Laborat\u00f3rio Ronsein de Prote\u00f4mica Instituto de Qu\u00edmica Avenida Professor Lineu Prestes, 748, bloco 9 inferior, salas 904-910. Cidade Universit\u00e1ria &#8211; Butant\u00e3 S\u00e3o Paulo\/SP CEP 05508-000 Brasil &nbsp; Tel: +55 (11) 2648-1739 ronsein@iq.usp.br<\/p>\n","protected":false},"author":1,"featured_media":0,"parent":0,"menu_order":9,"comment_status":"closed","ping_status":"closed","template":"","meta":{"footnotes":"","_links_to":"","_links_to_target":""},"class_list":["post-26","page","type-page","status-publish","hentry","post"],"_links":{"self":[{"href":"https:\/\/sites.usp.br\/ronseinlab\/wp-json\/wp\/v2\/pages\/26","targetHints":{"allow":["GET"]}}],"collection":[{"href":"https:\/\/sites.usp.br\/ronseinlab\/wp-json\/wp\/v2\/pages"}],"about":[{"href":"https:\/\/sites.usp.br\/ronseinlab\/wp-json\/wp\/v2\/types\/page"}],"author":[{"embeddable":true,"href":"https:\/\/sites.usp.br\/ronseinlab\/wp-json\/wp\/v2\/users\/1"}],"replies":[{"embeddable":true,"href":"https:\/\/sites.usp.br\/ronseinlab\/wp-json\/wp\/v2\/comments?post=26"}],"version-history":[{"count":5,"href":"https:\/\/sites.usp.br\/ronseinlab\/wp-json\/wp\/v2\/pages\/26\/revisions"}],"predecessor-version":[{"id":358,"href":"https:\/\/sites.usp.br\/ronseinlab\/wp-json\/wp\/v2\/pages\/26\/revisions\/358"}],"wp:attachment":[{"href":"https:\/\/sites.usp.br\/ronseinlab\/wp-json\/wp\/v2\/media?parent=26"}],"curies":[{"name":"wp","href":"https:\/\/api.w.org\/{rel}","templated":true}]}}