{"id":533,"date":"2022-09-08T10:45:40","date_gmt":"2022-09-08T12:45:40","guid":{"rendered":"https:\/\/sites.usp.br\/ronseinlab\/?page_id=533"},"modified":"2026-03-18T11:33:42","modified_gmt":"2026-03-18T13:33:42","slug":"cepid-redoxoma-redox-proteomics-core","status":"publish","type":"page","link":"https:\/\/sites.usp.br\/ronseinlab\/cepid-redoxoma-redox-proteomics-core\/","title":{"rendered":"Redox Proteomics Core"},"content":{"rendered":"<h3>Espectr\u00f4metro de massas \u2013\u00a0<strong>Orbitrap Fusion Lumos<\/strong>\u00a0acoplado a um Sistema de Nano LC EASY-nLC 1200<\/h3>\n<p>&nbsp;<\/p>\n<p>Pertencente ao\u00a0<strong>Redox Proteomics Core<\/strong> do CEPID Redoxoma \u2013 Laborat\u00f3rio associado \u00e0 Central Anal\u00edtica do Instituto de Qu\u00edmica da USP.<\/p>\n<p>&nbsp;<\/p>\n<p><a href=\"https:\/\/sites.usp.br\/ronseinlab\/wp-content\/uploads\/sites\/1163\/2022\/09\/espectrometro.png\"><img loading=\"lazy\" decoding=\"async\" class=\"size-full wp-image-538 aligncenter\" src=\"https:\/\/sites.usp.br\/ronseinlab\/wp-content\/uploads\/sites\/1163\/2022\/09\/espectrometro.png\" alt=\"\" width=\"617\" height=\"516\" srcset=\"https:\/\/sites.usp.br\/ronseinlab\/wp-content\/uploads\/sites\/1163\/2022\/09\/espectrometro.png 617w, https:\/\/sites.usp.br\/ronseinlab\/wp-content\/uploads\/sites\/1163\/2022\/09\/espectrometro-300x251.png 300w, https:\/\/sites.usp.br\/ronseinlab\/wp-content\/uploads\/sites\/1163\/2022\/09\/espectrometro-400x335.png 400w\" sizes=\"auto, (max-width: 617px) 100vw, 617px\" \/><\/a><\/p>\n<p><strong>O sistema \u00e9 composto por: <\/strong>tr\u00eas analisadores de massas &#8211; Quadrupolo, Orbitrap e Ion Trap Linear &#8211; integrados por um multipolo independente para roteamento dos \u00edons, permitindo uma paraleliza\u00e7\u00e3o massiva das an\u00e1lises. Permite a utiliza\u00e7\u00e3o das t\u00e9cnicas de CID e HCD de dissocia\u00e7\u00e3o em qualquer est\u00e1gio de MS\/MSn, seguido da an\u00e1lise dos fragmentos tanto no Ion Trap Linear quanto no Orbitrap.<\/p>\n<p><strong>Tipo de an\u00e1lises:<\/strong> Equipamento dedicado para an\u00e1lises prote\u00f4micas.<\/p>\n<p><strong>Custos:<\/strong> Todas as an\u00e1lises realizadas no espectr\u00f4metro de massas s\u00e3o cobradas (ver submenu &#8220;<a href=\"https:\/\/sites.usp.br\/ronseinlab\/custos\/\">custos<\/a>&#8220;). Os pre\u00e7os n\u00e3o incluem preparo de amostra e an\u00e1lise dos dados. As notas e boletos s\u00e3o emitidos pela FUSP, via Central Anal\u00edtica do IQ-USP.<\/p>\n<p><strong>Agendamento:<\/strong>\u00a0O agendamento \u00e9 realizado atrav\u00e9s de contato com a professora Graziella E. Ronsein. E-mail:\u00a0<a href=\"mailto:ronsein@iq.usp.br\" target=\"_blank\" rel=\"noopener\">ronsein@iq.usp.br<\/a><br \/>\nAs amostras s\u00e3o processadas por ordem de entrega, e a confirma\u00e7\u00e3o de in\u00edcio das inje\u00e7\u00f5es \u00e9 divulgada no calend\u00e1rio abaixo com cerca de uma semana de anteced\u00eancia. Para recomenda\u00e7\u00f5es de preparo das amostras, consulte o submenu &#8220;<a href=\"https:\/\/sites.usp.br\/ronseinlab\/preparo-e-entrega-das-amostras\/\">preparo e entrega das amostras<\/a>&#8220;.<\/p>\n<p><strong>Respons\u00e1veis:<\/strong><\/p>\n<div>\n<p>Prof.\u00aa Graziella E. Ronsein. E-mail:\u00a0<a href=\"mailto:ronsein@iq.usp.br\" target=\"_blank\" rel=\"noopener\">ronsein@iq.usp.br<\/a><br \/>\nFernando Rodrigues Coelho \u2013 Especialista dedicada. Email: <a href=\"mailto:mariana@iq.usp.br\" target=\"_blank\" rel=\"noopener\">frcro@iq.usp.br<\/a><\/p>\n<\/div>\n<p><strong>Aquisi\u00e7\u00e3o do equipamento:\u00a0<\/strong>Realizada atrav\u00e9s de recursos provenientes de projeto tem\u00e1tico FAPESP 2012\/12663-1 &#8211; Pesquisador Respons\u00e1vel Prof. Paolo Di Mascio.<\/p>\n<p>&nbsp;<\/p>\n<h2>Calend\u00e1rio<\/h2>\n<p><iframe loading=\"lazy\" style=\"border: 0;\" src=\"https:\/\/calendar.google.com\/calendar\/embed?src=vbtdhven4hoju9dvb61bjtmv4c%40group.calendar.google.com&amp;ctz=America%2FSao_Paulo\" width=\"800\" height=\"600\" frameborder=\"0\" scrolling=\"no\"><\/iframe><\/p>\n<p>&nbsp;<\/p>\n<h2>Contato<\/h2>\n<p><em>Centro de Prote\u00f4mica Redox<\/em><\/p>\n<p>Instituto de Qu\u00edmica \u2013 Universidade de S\u00e3o Paulo<\/p>\n<p>Avenida Professor Lineu Prestes, 748, bloco 3, piso superior, sala 350. Butant\u00e3<\/p>\n<p>S\u00e3o Paulo\/SP<\/p>\n<p>CEP 05508-000<\/p>\n<p>Tel: (11) 3091-3889 \/ (11) 2648-1739<\/p>\n<p>&nbsp;<\/p>\n<p>&nbsp;<\/p>\n<p><a href=\"http:\/\/redoxoma.iq.usp.br\/paginas_view.php?idPagina=1163&amp;idTopico=1534\">Saiba mais<\/a><\/p>\n<p>&nbsp;<\/p>\n","protected":false},"excerpt":{"rendered":"<p>Espectr\u00f4metro de massas \u2013\u00a0Orbitrap Fusion Lumos\u00a0acoplado a um Sistema de Nano LC EASY-nLC 1200 &nbsp; Pertencente ao\u00a0Redox Proteomics Core do CEPID Redoxoma \u2013 Laborat\u00f3rio associado \u00e0 Central Anal\u00edtica do Instituto de Qu\u00edmica da USP. &nbsp; O sistema \u00e9 composto por: tr\u00eas analisadores de massas &#8211; Quadrupolo, Orbitrap e Ion Trap Linear &#8211; integrados por um&hellip;<\/p>\n","protected":false},"author":23183,"featured_media":0,"parent":0,"menu_order":0,"comment_status":"closed","ping_status":"closed","template":"","meta":{"footnotes":"","_links_to":"","_links_to_target":""},"class_list":["post-533","page","type-page","status-publish","hentry","post"],"_links":{"self":[{"href":"https:\/\/sites.usp.br\/ronseinlab\/wp-json\/wp\/v2\/pages\/533","targetHints":{"allow":["GET"]}}],"collection":[{"href":"https:\/\/sites.usp.br\/ronseinlab\/wp-json\/wp\/v2\/pages"}],"about":[{"href":"https:\/\/sites.usp.br\/ronseinlab\/wp-json\/wp\/v2\/types\/page"}],"author":[{"embeddable":true,"href":"https:\/\/sites.usp.br\/ronseinlab\/wp-json\/wp\/v2\/users\/23183"}],"replies":[{"embeddable":true,"href":"https:\/\/sites.usp.br\/ronseinlab\/wp-json\/wp\/v2\/comments?post=533"}],"version-history":[{"count":5,"href":"https:\/\/sites.usp.br\/ronseinlab\/wp-json\/wp\/v2\/pages\/533\/revisions"}],"predecessor-version":[{"id":670,"href":"https:\/\/sites.usp.br\/ronseinlab\/wp-json\/wp\/v2\/pages\/533\/revisions\/670"}],"wp:attachment":[{"href":"https:\/\/sites.usp.br\/ronseinlab\/wp-json\/wp\/v2\/media?parent=533"}],"curies":[{"name":"wp","href":"https:\/\/api.w.org\/{rel}","templated":true}]}}