{"id":558,"date":"2022-09-19T15:58:19","date_gmt":"2022-09-19T17:58:19","guid":{"rendered":"https:\/\/sites.usp.br\/ronseinlab\/?page_id=558"},"modified":"2026-03-19T09:14:42","modified_gmt":"2026-03-19T11:14:42","slug":"custos","status":"publish","type":"page","link":"https:\/\/sites.usp.br\/ronseinlab\/custos\/","title":{"rendered":"Custos"},"content":{"rendered":"<p>O <em>Centro de Prote\u00f4mica Redox<\/em> oferece os servi\u00e7os de:<\/p>\n<ul>\n<li>An\u00e1lise prote\u00f4mica por nanoLC-MS\/MS utilizando-se um espectr\u00f4metro modelo Orbitrap Fusion Lumos acoplado a um sistema de cromatografia l\u00edquida EASY-nLC 1200 (ThermoFisher Scientific).<\/li>\n<\/ul>\n<p><img decoding=\"async\" class=\"aligncenter\" src=\"https:\/\/sites.usp.br\/ronseinlab\/wp-content\/uploads\/sites\/1163\/2022\/09\/espectrometro.png\" \/><\/p>\n<p>Os custos est\u00e3o discriminados a seguir.<\/p>\n<p>&nbsp;<\/p>\n<table width=\"100%\">\n<tbody>\n<tr>\n<td width=\"28%\"><strong>Servi\u00e7o &#8211; para entidades p\u00fablicas<\/strong><\/td>\n<td width=\"21%\"><strong>Pre\u00e7o\/hora (R$)<\/strong><\/td>\n<td width=\"21%\"><strong>Taxa FUSP, 30% (R$)<\/strong><\/td>\n<td width=\"28%\"><strong>Pre\u00e7o total\/hora (R$)*<\/strong><\/td>\n<\/tr>\n<tr>\n<td width=\"28%\">An\u00e1lise por nanoLC-MS\/MS<\/td>\n<td width=\"21%\">210,00<\/td>\n<td width=\"21%\">90,00<\/td>\n<td width=\"28%\"><strong>300,00<\/strong><\/td>\n<\/tr>\n<\/tbody>\n<\/table>\n<p>&nbsp;<\/p>\n<table style=\"width: 100%;\" width=\"100%\">\n<tbody>\n<tr>\n<td width=\"28%\"><strong>Servi\u00e7o &#8211; para iniciativa privada<\/strong><\/td>\n<td width=\"21%\"><strong>Pre\u00e7o\/hora (R$)<\/strong><\/td>\n<td width=\"21%\"><strong>Taxa FUSP, 30% (R$)<\/strong><\/td>\n<td width=\"28%\"><strong>Pre\u00e7o total\/hora (R$)*<\/strong><\/td>\n<\/tr>\n<tr>\n<td width=\"28%\">An\u00e1lise por nanoLC-MS\/MS<\/td>\n<td width=\"21%\">420,00<\/td>\n<td width=\"21%\">180,00<\/td>\n<td width=\"28%\"><strong>600,00<\/strong><\/td>\n<\/tr>\n<\/tbody>\n<\/table>\n<p>&nbsp;<\/p>\n<p>* Considerando-se um gradiente cromatogr\u00e1fico padr\u00e3o, cada inje\u00e7\u00e3o dura em m\u00e9dia 2h. Em condi\u00e7\u00f5es ideais (amostras livres de contaminantes), \u00e9 poss\u00edvel injetar cerca de 8-10 amostras a cada 24h (incluindo a inje\u00e7\u00e3o dos padr\u00f5es de qualidade e <em>setup<\/em> do sistema).<\/p>\n<p>&nbsp;<\/p>\n<ul>\n<li>An\u00e1lise prote\u00f4mica por nanoLC-MS\/MS utilizando-se um espectr\u00f4metro modelo \u00a0Orbitrap Exploris 240 acoplado a um sistema de cromatografia l\u00edquida (ThermoFisher Scientific).<\/li>\n<\/ul>\n<p>&nbsp;<\/p>\n<p><a href=\"http:\/\/sites.usp.br\/ronseinlab\/wp-content\/uploads\/sites\/1163\/2026\/03\/Exploris240.png\"><img loading=\"lazy\" decoding=\"async\" class=\"wp-image-680 size-medium aligncenter\" src=\"http:\/\/sites.usp.br\/ronseinlab\/wp-content\/uploads\/sites\/1163\/2026\/03\/Exploris240-300x300.png\" alt=\"\" width=\"300\" height=\"300\" srcset=\"https:\/\/sites.usp.br\/ronseinlab\/wp-content\/uploads\/sites\/1163\/2026\/03\/Exploris240-300x300.png 300w, https:\/\/sites.usp.br\/ronseinlab\/wp-content\/uploads\/sites\/1163\/2026\/03\/Exploris240-150x150.png 150w, https:\/\/sites.usp.br\/ronseinlab\/wp-content\/uploads\/sites\/1163\/2026\/03\/Exploris240-768x768.png 768w, https:\/\/sites.usp.br\/ronseinlab\/wp-content\/uploads\/sites\/1163\/2026\/03\/Exploris240-45x45.png 45w, https:\/\/sites.usp.br\/ronseinlab\/wp-content\/uploads\/sites\/1163\/2026\/03\/Exploris240-200x200.png 200w, https:\/\/sites.usp.br\/ronseinlab\/wp-content\/uploads\/sites\/1163\/2026\/03\/Exploris240-400x400.png 400w, https:\/\/sites.usp.br\/ronseinlab\/wp-content\/uploads\/sites\/1163\/2026\/03\/Exploris240.png 1024w\" sizes=\"auto, (max-width: 300px) 100vw, 300px\" \/><\/a><\/p>\n<p>Os custos est\u00e3o discriminados a seguir.<\/p>\n<p>&nbsp;<\/p>\n<table style=\"height: 65px; width: 100%;\">\n<tbody>\n<tr>\n<td style=\"width: 28%;\" width=\"28%\"><strong>Servi\u00e7o &#8211; para entidades p\u00fablicas<\/strong><\/td>\n<td style=\"width: 21%;\" width=\"21%\"><strong>Pre\u00e7o\/Amostra (R$)<\/strong><\/td>\n<td style=\"width: 20.8569%;\" width=\"21%\"><strong>Taxa FUSP, 30% (R$)<\/strong><\/td>\n<td style=\"width: 28.1431%;\" width=\"28%\"><strong>Pre\u00e7o total\/Amostra (R$)<\/strong><\/td>\n<\/tr>\n<tr>\n<td style=\"width: 28%;\" width=\"28%\">An\u00e1lise por nanoLC-MS\/MS<\/td>\n<td style=\"width: 21%;\" width=\"21%\">420,00<\/td>\n<td style=\"width: 20.8569%;\" width=\"21%\">180,00<\/td>\n<td style=\"width: 28.1431%;\" width=\"28%\"><strong>600,00<\/strong><\/td>\n<\/tr>\n<\/tbody>\n<\/table>\n<p>&nbsp;<\/p>\n<table style=\"height: 65px; width: 100%;\">\n<tbody>\n<tr>\n<td style=\"width: 28%;\" width=\"28%\"><strong>Servi\u00e7o &#8211; para iniciativa privada<\/strong><\/td>\n<td style=\"width: 21%;\" width=\"21%\"><strong>Pre\u00e7o\/Amostra (R$)<\/strong><\/td>\n<td style=\"width: 20.8569%;\" width=\"21%\"><strong>Taxa FUSP, 30% (R$)<\/strong><\/td>\n<td style=\"width: 28.1431%;\" width=\"28%\"><strong>Pre\u00e7o total\/Amostra (R$)<\/strong><\/td>\n<\/tr>\n<tr>\n<td style=\"width: 28%;\" width=\"28%\">An\u00e1lise por nanoLC-MS\/MS<\/td>\n<td style=\"width: 21%;\" width=\"21%\">840,00<\/td>\n<td style=\"width: 20.8569%;\" width=\"21%\">360,00<\/td>\n<td style=\"width: 28.1431%;\" width=\"28%\"><strong>1200,00<\/strong><\/td>\n<\/tr>\n<\/tbody>\n<\/table>\n<p>A utiliza\u00e7\u00e3o do espectr\u00f4metro de massas acoplado ao sistema da nano-LC tem um <strong>custo m\u00ednimo de utiliza\u00e7\u00e3o de R$ 600,00<\/strong>, independentemente do n\u00famero de amostras analisadas.<\/p>\n<p>N\u00e3o oferecemos servi\u00e7os de an\u00e1lise e tratamento de dados. A identifica\u00e7\u00e3o das prote\u00ednas, modifica\u00e7\u00f5es, etc, e toda a an\u00e1lise estat\u00edstica posterior dever\u00e3o ser realizadas pelos pr\u00f3prios usu\u00e1rios.<\/p>\n<p>Os resultados (arquivos em formato .raw) ser\u00e3o compartilhados com os usu\u00e1rios via link do Google Drive.<\/p>\n<p>Ao t\u00e9rmino das an\u00e1lises, ser\u00e3o emitidos uma nota fiscal de servi\u00e7os e um boleto banc\u00e1rio, que ter\u00e1 vencimento em 30 dias ap\u00f3s a emiss\u00e3o.<\/p>\n<p>&nbsp;<\/p>\n<p>&nbsp;<\/p>\n","protected":false},"excerpt":{"rendered":"<p>O Centro de Prote\u00f4mica Redox oferece os servi\u00e7os de: An\u00e1lise prote\u00f4mica por nanoLC-MS\/MS utilizando-se um espectr\u00f4metro modelo Orbitrap Fusion Lumos acoplado a um sistema de cromatografia l\u00edquida EASY-nLC 1200 (ThermoFisher Scientific). Os custos est\u00e3o discriminados a seguir. &nbsp; Servi\u00e7o &#8211; para entidades p\u00fablicas Pre\u00e7o\/hora (R$) Taxa FUSP, 30% (R$) Pre\u00e7o total\/hora (R$)* An\u00e1lise por nanoLC-MS\/MS&hellip;<\/p>\n","protected":false},"author":23183,"featured_media":0,"parent":0,"menu_order":0,"comment_status":"closed","ping_status":"closed","template":"","meta":{"footnotes":"","_links_to":"","_links_to_target":""},"class_list":["post-558","page","type-page","status-publish","hentry","post"],"_links":{"self":[{"href":"https:\/\/sites.usp.br\/ronseinlab\/wp-json\/wp\/v2\/pages\/558","targetHints":{"allow":["GET"]}}],"collection":[{"href":"https:\/\/sites.usp.br\/ronseinlab\/wp-json\/wp\/v2\/pages"}],"about":[{"href":"https:\/\/sites.usp.br\/ronseinlab\/wp-json\/wp\/v2\/types\/page"}],"author":[{"embeddable":true,"href":"https:\/\/sites.usp.br\/ronseinlab\/wp-json\/wp\/v2\/users\/23183"}],"replies":[{"embeddable":true,"href":"https:\/\/sites.usp.br\/ronseinlab\/wp-json\/wp\/v2\/comments?post=558"}],"version-history":[{"count":3,"href":"https:\/\/sites.usp.br\/ronseinlab\/wp-json\/wp\/v2\/pages\/558\/revisions"}],"predecessor-version":[{"id":684,"href":"https:\/\/sites.usp.br\/ronseinlab\/wp-json\/wp\/v2\/pages\/558\/revisions\/684"}],"wp:attachment":[{"href":"https:\/\/sites.usp.br\/ronseinlab\/wp-json\/wp\/v2\/media?parent=558"}],"curies":[{"name":"wp","href":"https:\/\/api.w.org\/{rel}","templated":true}]}}