{"id":578,"date":"2023-06-05T16:34:59","date_gmt":"2023-06-05T18:34:59","guid":{"rendered":"https:\/\/sites.usp.br\/ronseinlab\/?page_id=578"},"modified":"2026-03-18T11:42:30","modified_gmt":"2026-03-18T13:42:30","slug":"preparo-e-entrega-das-amostras","status":"publish","type":"page","link":"https:\/\/sites.usp.br\/ronseinlab\/preparo-e-entrega-das-amostras\/","title":{"rendered":"Preparo e entrega das amostras"},"content":{"rendered":"<h3>Recomenda\u00e7\u00f5es<\/h3>\n<p>Podemos recomendar protocolos de preparo de amostras para prote\u00f4mica (dosagem de prote\u00ednas, digest\u00e3o, dessaliniza\u00e7\u00e3o, etc). Verifique a nossa p\u00e1gina de <a href=\"https:\/\/sites.usp.br\/ronseinlab\/protocolos\/\">protocolos<\/a> ou entre em contato conosco para maiores informa\u00e7\u00f5es.<\/p>\n<p>As amostras devem ser entregues digeridas, dessalinizadas, secas, armazenadas em microtubos pl\u00e1sticos (Eppendorf\/Axygen) de 1,5 ou 2,0 mL, e devidamente identificadas (preferencialmente com numera\u00e7\u00e3o sequencial que permita f\u00e1cil ordena\u00e7\u00e3o das mesmas).<\/p>\n<p>Fornecer todas as informa\u00e7\u00f5es pertinentes ao preparo das amostras: origem do material, tipo de digest\u00e3o, massa de prote\u00ednas digeridas, tamp\u00f5es empregados, m\u00e9todo de dessaliniza\u00e7\u00e3o, etc.<\/p>\n<p>Para estimativa da massa total de prote\u00ednas, recomenda-se que antes da digest\u00e3o seja feita uma dosagem, via m\u00e9todos BCA ou Bradford.<\/p>\n<p>Informar qual m\u00e9todo de an\u00e1lise dever\u00e1 ser empregado a cada amostra: DDA, DIA, PRM, TMT, etc.<\/p>\n<p>A entrega das amostras dever\u00e1 ser agendada por e-mail com o especialista respons\u00e1vel (frcro@iq.usp.br).<\/p>\n<p>As amostras s\u00e3o processadas por ordem de chegada, e a estimativa de in\u00edcio das inje\u00e7\u00f5es ser\u00e1 informada no momento da entrega.<\/p>\n<p>&nbsp;<\/p>\n<h4>Dicas para o preparo das amostras<\/h4>\n<ul>\n<li>uso de jaleco, luvas limpas, touca e\/ou cabelo preso \u00c9 ESSENCIAL para evitar contamina\u00e7\u00e3o das amostras por queratina e por pol\u00edmeros comumente frequentes em produtos de uso di\u00e1rio, como detergentes, sabonetes, cremes, protetores solares, shampoos\/condicionadores, etc<\/li>\n<li>limpar bancada de trabalho com etanol 70% antes de iniciar os protocolos de preparo das amostras, e manter ambiente de trabalho limpo<\/li>\n<li>a vidraria utilizada para preparo de amostras para prote\u00f4mica n\u00e3o pode ter sido lavada com detergente<\/li>\n<li>evitar compartilhar solu\u00e7\u00f5es utilizadas para outros fins que n\u00e3o a espectrometria de massas de alta resolu\u00e7\u00e3o<\/li>\n<li>utilizar reagentes grau LC-MS<\/li>\n<li>jamais utilizar frascos pl\u00e1sticos para armazenar solu\u00e7\u00f5es contendo \u00e1cido e\/ou acetonitrila. Utilizar frascos de vidro para essas finalidades<\/li>\n<li>n\u00e3o pipetar \u00e1cido concentrado com ponteiras pl\u00e1sticas. Dar prefer\u00eancia a seringas do tipo Hamilton<\/li>\n<li>manter os microtubos abertos pelo menor tempo poss\u00edvel durante as pipetagens<\/li>\n<li>a excis\u00e3o de bandas de gel deve ser feita com bisturi descart\u00e1vel, limpo, sobre superf\u00edcie de vidro limpa e, de prefer\u00eancia, dentro de um fluxo laminar, para evitar a ades\u00e3o de contaminantes ao gel (poeira, etc)<\/li>\n<\/ul>\n","protected":false},"excerpt":{"rendered":"<p>Recomenda\u00e7\u00f5es Podemos recomendar protocolos de preparo de amostras para prote\u00f4mica (dosagem de prote\u00ednas, digest\u00e3o, dessaliniza\u00e7\u00e3o, etc). Verifique a nossa p\u00e1gina de protocolos ou entre em contato conosco para maiores informa\u00e7\u00f5es. As amostras devem ser entregues digeridas, dessalinizadas, secas, armazenadas em microtubos pl\u00e1sticos (Eppendorf\/Axygen) de 1,5 ou 2,0 mL, e devidamente identificadas (preferencialmente com numera\u00e7\u00e3o sequencial&hellip;<\/p>\n","protected":false},"author":23183,"featured_media":0,"parent":0,"menu_order":0,"comment_status":"closed","ping_status":"closed","template":"","meta":{"footnotes":"","_links_to":"","_links_to_target":""},"class_list":["post-578","page","type-page","status-publish","hentry","post"],"_links":{"self":[{"href":"https:\/\/sites.usp.br\/ronseinlab\/wp-json\/wp\/v2\/pages\/578","targetHints":{"allow":["GET"]}}],"collection":[{"href":"https:\/\/sites.usp.br\/ronseinlab\/wp-json\/wp\/v2\/pages"}],"about":[{"href":"https:\/\/sites.usp.br\/ronseinlab\/wp-json\/wp\/v2\/types\/page"}],"author":[{"embeddable":true,"href":"https:\/\/sites.usp.br\/ronseinlab\/wp-json\/wp\/v2\/users\/23183"}],"replies":[{"embeddable":true,"href":"https:\/\/sites.usp.br\/ronseinlab\/wp-json\/wp\/v2\/comments?post=578"}],"version-history":[{"count":4,"href":"https:\/\/sites.usp.br\/ronseinlab\/wp-json\/wp\/v2\/pages\/578\/revisions"}],"predecessor-version":[{"id":673,"href":"https:\/\/sites.usp.br\/ronseinlab\/wp-json\/wp\/v2\/pages\/578\/revisions\/673"}],"wp:attachment":[{"href":"https:\/\/sites.usp.br\/ronseinlab\/wp-json\/wp\/v2\/media?parent=578"}],"curies":[{"name":"wp","href":"https:\/\/api.w.org\/{rel}","templated":true}]}}