{"id":79,"date":"2014-02-24T16:51:20","date_gmt":"2014-02-24T18:51:20","guid":{"rendered":"http:\/\/sites.usp.br\/ronseinlab\/?page_id=79"},"modified":"2022-09-19T12:29:32","modified_gmt":"2022-09-19T14:29:32","slug":"pagina-inicial","status":"publish","type":"page","link":"https:\/\/sites.usp.br\/ronseinlab\/","title":{"rendered":"P\u00e1gina Inicial"},"content":{"rendered":"<div id=\"pl-79\"  class=\"panel-layout\" ><div id=\"pg-79-0\"  class=\"panel-grid panel-has-style\" ><div class=\"siteorigin-panels-stretch panel-row-style panel-row-style-for-79-0\" data-stretch-type=\"full-stretched\" ><div id=\"pgc-79-0-0\"  class=\"panel-grid-cell\" ><div id=\"panel-79-0-0-0\" class=\"so-panel widget widget_sow-hero panel-first-child panel-last-child\" data-index=\"0\" ><div\n\t\t\t\n\t\t\tclass=\"so-widget-sow-hero so-widget-sow-hero-default-d454166817d6-79 so-widget-fittext-wrapper\"\n\t\t\t data-fit-text-compressor=\"0.85\"\n\t\t>\t\t\t\t<div class=\"sow-slider-base\" style=\"display: none\" tabindex=\"0\">\n\t\t\t\t\t<ul\n\t\t\t\t\tclass=\"sow-slider-images\"\n\t\t\t\t\tdata-settings=\"{&quot;pagination&quot;:true,&quot;speed&quot;:800,&quot;timeout&quot;:8000,&quot;paused&quot;:false,&quot;pause_on_hover&quot;:false,&quot;swipe&quot;:true,&quot;nav_always_show_desktop&quot;:&quot;&quot;,&quot;nav_always_show_mobile&quot;:&quot;&quot;,&quot;breakpoint&quot;:&quot;780px&quot;,&quot;unmute&quot;:false,&quot;anchor&quot;:null}\"\n\t\t\t\t\tstyle=\"min-height: 715px\"\t\t\t\t\tdata-anchor-id=\"\"\n\t\t\t\t>\t\t<li class=\"sow-slider-image  sow-slider-image-cover\" style=\"visibility: visible;;background-color: #333333\" >\n\t\t\t\t\t<div class=\"sow-slider-image-container\">\n\t\t\t<div class=\"sow-slider-image-wrapper\">\n\t\t\t\t<h1 style=\"text-align: center\">Laborat\u00f3rio Ronsein<\/h1>\n<h4 style=\"text-align: center\">Prote\u00f4mica<\/h4>\n<div class=\"sow-hero-buttons\" style=\"text-align: center\"><div\n\t\t\t\n\t\t\tclass=\"so-widget-sow-button so-widget-sow-button-wire-4a84ffa12a4c\"\n\t\t\t\n\t\t><div class=\"ow-button-base ow-button-align-center\"\n>\n\t\t\t<a\n\t\t\t\t\thref=\"https:\/\/sites.usp.br\/ronseinlab\/quem-somos\/\"\n\t\t\t\t\tclass=\"sowb-button ow-icon-placement-left ow-button-hover\" \t>\n\t\t<span>\n\t\t\t\n\t\t\tSOBRE N\u00d3S\t\t<\/span>\n\t\t\t<\/a>\n\t<\/div>\n<\/div><\/div>\n\t\t\t<\/div>\n\t\t<\/div>\n\t\t<div class=\"sow-slider-image-overlay sow-slider-image-cover\" style=\"opacity: 0.5;background-image: url(https:\/\/sites.usp.br\/ronseinlab\/wp-content\/uploads\/sites\/1163\/2022\/09\/IMG_0648-scaled.jpg)\"  ><\/div>\t\t<\/li>\n\t\t<\/ul>\t\t\t\t<ol class=\"sow-slider-pagination\">\n\t\t\t\t\t\t\t\t\t\t\t<li><a href=\"#\" data-goto=\"0\" aria-label=\"Display slide 1\"><\/a><\/li>\n\t\t\t\t\t\t\t\t\t<\/ol>\n\n\t\t\t\t<div class=\"sow-slide-nav sow-slide-nav-next\">\n\t\t\t\t\t<a href=\"#\" data-goto=\"next\" aria-label=\"Next slide\" data-action=\"next\">\n\t\t\t\t\t\t<em class=\"sow-sld-icon-thin-right\"><\/em>\n\t\t\t\t\t<\/a>\n\t\t\t\t<\/div>\n\n\t\t\t\t<div class=\"sow-slide-nav sow-slide-nav-prev\">\n\t\t\t\t\t<a href=\"#\" data-goto=\"previous\" aria-label=\"Previous slide\" data-action=\"prev\">\n\t\t\t\t\t\t<em class=\"sow-sld-icon-thin-left\"><\/em>\n\t\t\t\t\t<\/a>\n\t\t\t\t<\/div>\n\t\t\t\t<\/div><\/div><\/div><\/div><\/div><\/div><div id=\"pg-79-1\"  class=\"panel-grid panel-has-style\" ><div class=\"siteorigin-panels-stretch panel-row-style panel-row-style-for-79-1\" id=\"services\" data-stretch-type=\"full\" ><div id=\"pgc-79-1-0\"  class=\"panel-grid-cell\" ><div id=\"panel-79-1-0-0\" class=\"so-panel widget widget_sow-headline panel-first-child\" data-index=\"1\" ><div\n\t\t\t\n\t\t\tclass=\"so-widget-sow-headline so-widget-sow-headline-default-d07e1e83720a-79 so-widget-fittext-wrapper\"\n\t\t\t data-fit-text-compressor=\"0.85\"\n\t\t><div class=\"sow-headline-container \">\n\t\t\t\t\t\t\t<h1 class=\"sow-headline\">\n\t\t\t\t\t\tSOBRE N\u00d3S\t\t\t\t\t\t<\/h1>\n\t\t\t\t\t\t\t\t\t\t\t<div class=\"decoration\">\n\t\t\t\t\t\t<div class=\"decoration-inside\"><\/div>\n\t\t\t\t\t<\/div>\n\t\t\t\t\t\t\t\t\t\t\t<p class=\"sow-sub-headline\">\n\t\t\t\t\t\tEm nosso laborat\u00f3rio investigamos os mecanismos inflamat\u00f3rios e oxidantes envolvidos em doen\u00e7as inflamat\u00f3rias cr\u00f4nicas.  \u200bOs projetos de pesquisa em andamento envolvem estudo de c\u00e9lulas prim\u00e1rias e em cultura, tais como neutr\u00f3filos, macr\u00f3fagos e c\u00e9lulas endoteliais, bem como estudos com animais e humanos. Estamos especialmente interessados no papel da lipoprote\u00edna de alta densidade (HDL) na progress\u00e3o de doen\u00e7as inflamat\u00f3rias cr\u00f4nicas, e na rela\u00e7\u00e3o da HDL com o metabolismo lip\u00eddico.  \u200bNossa abordagem utiliza estrat\u00e9gias de prote\u00f4mica qualitativa e quantitativa, associadas a ferramentas de bioinform\u00e1tica e estat\u00edstica. Ensaios funcionais ajudam a confirmar nossas hip\u00f3teses.\t\t\t\t\t\t<\/p>\n\t\t\t\t\t\t<\/div>\n<\/div><\/div><div id=\"panel-79-1-0-1\" class=\"so-panel widget widget_sow-features panel-last-child\" data-index=\"2\" ><div class=\"panel-widget-style panel-widget-style-for-79-1-0-1\" ><div\n\t\t\t\n\t\t\tclass=\"so-widget-sow-features so-widget-sow-features-default-685524fc2801-79\"\n\t\t\t\n\t\t><ul\n\tclass=\"sow-features-list\n\tsow-features-responsive\">\n\n\t\t\t<li\n\t\t\tclass=\"sow-features-feature sow-icon-container-position-top\"\n\t\t\tstyle=\"display: flex; flex-direction: column; width: calc(33.333% - 25px);\"\n\t\t>\n\t\t\t\n\t\t\t\t\t\t<div\t\t\t\tclass=\"sow-icon-container sow-container-none\"\n\t\t\t\tstyle=\"color: #404040; \"\n\t\t\t\t\n\t\t\t\t\t\t\t>\n\t\t\t\t<span class=\"sow-icon-elegantline\" data-sow-icon=\"&#xe033;\"\n\t\tstyle=\"font-size: 54px; color: #333333\" \n\t\taria-hidden=\"true\"><\/span>\t\t\t<\/div>\n\n\t\t\t<div class=\"textwidget\">\n\t\t\t\t\n\t\t\t\t\t\t\t\t\t<h5 class=\"sow-features-feature-title\">\n\t\t\t\t\t\tDesign experimental\t\t\t\t\t<\/h5>\n\t\t\t\t\n\t\t\t\t\t\t\t\t\t<div class=\"sow-features-feature-text\">\n\t\t\t\t\t<p>O desenvolvimento de nossos projetos inclui desde cultivo de c\u00e9lulas e fracionamento de fluidos biol\u00f3gicos, at\u00e9 processamento dessas amostras para extra\u00e7\u00e3o de prote\u00ednas e subsequente an\u00e1lise por espectrometria de massas.<\/p>\n\t\t\t\t\t<\/div>\n\t\t\t\t\t\t\t\t<\/div>\n\t\t\t\t\t\t\t\t<\/li>\n\n\t\t\t<li\n\t\t\tclass=\"sow-features-feature sow-icon-container-position-top\"\n\t\t\tstyle=\"display: flex; flex-direction: column; width: calc(33.333% - 25px);\"\n\t\t>\n\t\t\t\n\t\t\t\t\t\t<div\t\t\t\tclass=\"sow-icon-container sow-container-none\"\n\t\t\t\tstyle=\"color: #404040; \"\n\t\t\t\t\n\t\t\t\t\t\t\t>\n\t\t\t\t<span class=\"sow-icon-elegantline\" data-sow-icon=\"&#xe00e;\"\n\t\tstyle=\"font-size: 54px; color: #333333\" \n\t\taria-hidden=\"true\"><\/span>\t\t\t<\/div>\n\n\t\t\t<div class=\"textwidget\">\n\t\t\t\t\n\t\t\t\t\t\t\t\t\t<h5 class=\"sow-features-feature-title\">\n\t\t\t\t\t\tM\u00e9todos\t\t\t\t\t<\/h5>\n\t\t\t\t\n\t\t\t\t\t\t\t\t\t<div class=\"sow-features-feature-text\">\n\t\t\t\t\t<p>Realizamos an\u00e1lises prote\u00f4micas qualitativas e quantitativas, sendo estas \u00faltimas utilizando m\u00e9todos com (TMT, SILAC) ou sem (LFQ) marca\u00e7\u00e3o. Para essas an\u00e1lises, empregamos um sistema de cromatografia l\u00edquida (EASY nLC-1200) acoplado a um espectr\u00f4metro de massas de alta resolu\u00e7\u00e3o (Orbitrap Fusion Lumos).<\/p>\n\t\t\t\t\t<\/div>\n\t\t\t\t\t\t\t\t<\/div>\n\t\t\t\t\t\t\t\t<\/li>\n\n\t\t\t<li\n\t\t\tclass=\"sow-features-feature sow-icon-container-position-top\"\n\t\t\tstyle=\"display: flex; flex-direction: column; width: calc(33.333% - 25px);\"\n\t\t>\n\t\t\t\n\t\t\t\t\t\t<div\t\t\t\tclass=\"sow-icon-container sow-container-none\"\n\t\t\t\tstyle=\"color: #404040; \"\n\t\t\t\t\n\t\t\t\t\t\t\t>\n\t\t\t\t<span class=\"sow-icon-elegantline\" data-sow-icon=\"&#xe001;\"\n\t\tstyle=\"font-size: 54px; color: #333333\" \n\t\taria-hidden=\"true\"><\/span>\t\t\t<\/div>\n\n\t\t\t<div class=\"textwidget\">\n\t\t\t\t\n\t\t\t\t\t\t\t\t\t<h5 class=\"sow-features-feature-title\">\n\t\t\t\t\t\tAn\u00e1lise bioinform\u00e1tica\t\t\t\t\t<\/h5>\n\t\t\t\t\n\t\t\t\t\t\t\t\t\t<div class=\"sow-features-feature-text\">\n\t\t\t\t\t<p>O tratamento estat\u00edstico dos dados de prote\u00f4mica envolve a utiliza\u00e7\u00e3o de softwares espec\u00edficos, como MaxQuant, Perseus, Skyline, R.<\/p>\n\t\t\t\t\t<\/div>\n\t\t\t\t\t\t\t\t<\/div>\n\t\t\t\t\t\t\t\t<\/li>\n\n\t<\/ul>\n<\/div><\/div><\/div><\/div><\/div><\/div><div id=\"pg-79-2\"  class=\"panel-grid panel-no-style\" ><div id=\"pgc-79-2-0\"  class=\"panel-grid-cell\" ><div id=\"panel-79-2-0-0\" class=\"so-panel widget widget_sow-headline panel-first-child panel-last-child\" data-index=\"3\" ><div\n\t\t\t\n\t\t\tclass=\"so-widget-sow-headline so-widget-sow-headline-default-d07e1e83720a-79 so-widget-fittext-wrapper\"\n\t\t\t data-fit-text-compressor=\"0.85\"\n\t\t><div class=\"sow-headline-container \">\n\t\t\t\t\t\t\t<h1 class=\"sow-headline\">\n\t\t\t\t\t\t\t\t\t\t\t\t\t<a href=\"https:\/\/sites.usp.br\/ronseinlab\/publicacoes\/\" >\n\t\t\t\t\t\t\t\tPUBLICA\u00c7\u00d5ES<\/a>\t\t\t\t\t\t<\/h1>\n\t\t\t\t\t\t\t\t\t\t\t<div class=\"decoration\">\n\t\t\t\t\t\t<div class=\"decoration-inside\"><\/div>\n\t\t\t\t\t<\/div>\n\t\t\t\t\t\t\t\t\t\t\t<p class=\"sow-sub-headline\">\n\t\t\t\t\t\t\t\t\t\t\t\t\t<a href=\"https:\/\/sites.usp.br\/ronseinlab\/publicacoes\/\" >\n\t\t\t\t\t\t\t\tVeja aqui a lista de publica\u00e7\u00f5es de nosso laborat\u00f3rio<\/a>\t\t\t\t\t\t<\/p>\n\t\t\t\t\t\t<\/div>\n<\/div><\/div><\/div><\/div><div id=\"pg-79-3\"  class=\"panel-grid panel-has-style\" ><div class=\"siteorigin-panels-stretch panel-row-style panel-row-style-for-79-3\" data-stretch-type=\"full-stretched\" ><div id=\"pgc-79-3-0\"  class=\"panel-grid-cell\" ><div id=\"panel-79-3-0-0\" class=\"so-panel widget widget_sow-headline panel-first-child panel-last-child\" data-index=\"4\" ><div class=\"panel-widget-style panel-widget-style-for-79-3-0-0\" ><div\n\t\t\t\n\t\t\tclass=\"so-widget-sow-headline so-widget-sow-headline-default-729a90597780-79 so-widget-fittext-wrapper\"\n\t\t\t data-fit-text-compressor=\"0.85\"\n\t\t><div class=\"sow-headline-container \">\n\t\t\t\t\t\t\t<h3 class=\"sow-sub-headline\">\n\t\t\t\t\t\t\u200bTem interesse em estudar prote\u00f4mica e processos inflamat\u00f3rios? Venha trabalhar conosco!  Para obter informa\u00e7\u00f5es sobre vagas de p\u00f3s-doc, doutorado, mestrado e inicia\u00e7\u00e3o cient\u00edfica, envie um email para ronsein@iq.usp.br\t\t\t\t\t\t<\/h3>\n\t\t\t\t\t\t<\/div>\n<\/div><\/div><\/div><\/div><\/div><\/div><div id=\"pg-79-4\"  class=\"panel-grid panel-has-style\" ><div class=\"siteorigin-panels-stretch panel-row-style panel-row-style-for-79-4\" id=\"contact\" data-stretch-type=\"full\" ><div id=\"pgc-79-4-0\"  class=\"panel-grid-cell\" ><div id=\"panel-79-4-0-0\" class=\"so-panel widget widget_sow-headline panel-first-child panel-last-child\" data-index=\"5\" ><div\n\t\t\t\n\t\t\tclass=\"so-widget-sow-headline so-widget-sow-headline-default-d07e1e83720a-79 so-widget-fittext-wrapper\"\n\t\t\t data-fit-text-compressor=\"0.85\"\n\t\t><div class=\"sow-headline-container \">\n\t\t\t\t\t\t\t<h1 class=\"sow-headline\">\n\t\t\t\t\t\tCONTATO\t\t\t\t\t\t<\/h1>\n\t\t\t\t\t\t\t\t\t\t\t<div class=\"decoration\">\n\t\t\t\t\t\t<div class=\"decoration-inside\"><\/div>\n\t\t\t\t\t<\/div>\n\t\t\t\t\t\t\t\t\t\t\t<p class=\"sow-sub-headline\">\n\t\t\t\t\t\tPara mais informa\u00e7\u00f5es, entre em contato conosco.\t\t\t\t\t\t<\/p>\n\t\t\t\t\t\t<\/div>\n<\/div><\/div><\/div><\/div><\/div><div id=\"pg-79-5\"  class=\"panel-grid panel-has-style\" ><div class=\"siteorigin-panels-stretch panel-row-style panel-row-style-for-79-5\" id=\"contact-2\" data-stretch-type=\"full\" ><div id=\"pgc-79-5-0\"  class=\"panel-grid-cell panel-grid-cell-mobile-last\" ><div id=\"panel-79-5-0-0\" class=\"so-panel widget widget_sow-editor panel-first-child panel-last-child\" data-index=\"6\" ><div class=\"panel-widget-style panel-widget-style-for-79-5-0-0\" ><div\n\t\t\t\n\t\t\tclass=\"so-widget-sow-editor so-widget-sow-editor-base\"\n\t\t\t\n\t\t><h3 class=\"widget-title\">ENDERE\u00c7O<\/h3>\n<div class=\"siteorigin-widget-tinymce textwidget\">\n\t<p>Instituto de Qu\u00edmica<br \/>\nAvenida Professor Lineu Prestes, 748, bloco 9 inferior, salas 904-910.<br \/>\nCidade Universit\u00e1ria - Butant\u00e3<br \/>\nS\u00e3o Paulo\/SP<br \/>\n05508-000<br \/>\nBrasil<\/p>\n<p>Tel: +55 (11) 2648-1739<br \/>\nronsein@iq.usp.br<\/p>\n<\/div>\n<\/div><\/div><\/div><\/div><div id=\"pgc-79-5-1\"  class=\"panel-grid-cell panel-grid-cell-empty\" ><\/div><\/div><\/div><\/div>","protected":false},"excerpt":{"rendered":"<p>Laborat\u00f3rio Ronsein Prote\u00f4mica SOBRE N\u00d3S SOBRE N\u00d3S Em nosso laborat\u00f3rio investigamos os mecanismos inflamat\u00f3rios e oxidantes envolvidos em doen\u00e7as inflamat\u00f3rias cr\u00f4nicas. \u200bOs projetos de pesquisa em andamento envolvem estudo de c\u00e9lulas prim\u00e1rias e em cultura, tais como neutr\u00f3filos, macr\u00f3fagos e c\u00e9lulas endoteliais, bem como estudos com animais e humanos. Estamos especialmente interessados no papel da&hellip;<\/p>\n","protected":false},"author":1,"featured_media":0,"parent":0,"menu_order":1,"comment_status":"closed","ping_status":"closed","template":"","meta":{"footnotes":"","_links_to":"","_links_to_target":""},"class_list":["post-79","page","type-page","status-publish","hentry","post"],"_links":{"self":[{"href":"https:\/\/sites.usp.br\/ronseinlab\/wp-json\/wp\/v2\/pages\/79","targetHints":{"allow":["GET"]}}],"collection":[{"href":"https:\/\/sites.usp.br\/ronseinlab\/wp-json\/wp\/v2\/pages"}],"about":[{"href":"https:\/\/sites.usp.br\/ronseinlab\/wp-json\/wp\/v2\/types\/page"}],"author":[{"embeddable":true,"href":"https:\/\/sites.usp.br\/ronseinlab\/wp-json\/wp\/v2\/users\/1"}],"replies":[{"embeddable":true,"href":"https:\/\/sites.usp.br\/ronseinlab\/wp-json\/wp\/v2\/comments?post=79"}],"version-history":[{"count":7,"href":"https:\/\/sites.usp.br\/ronseinlab\/wp-json\/wp\/v2\/pages\/79\/revisions"}],"predecessor-version":[{"id":553,"href":"https:\/\/sites.usp.br\/ronseinlab\/wp-json\/wp\/v2\/pages\/79\/revisions\/553"}],"wp:attachment":[{"href":"https:\/\/sites.usp.br\/ronseinlab\/wp-json\/wp\/v2\/media?parent=79"}],"curies":[{"name":"wp","href":"https:\/\/api.w.org\/{rel}","templated":true}]}}