{"id":111,"date":"2017-03-27T00:01:13","date_gmt":"2017-03-27T02:01:13","guid":{"rendered":"http:\/\/sites.usp.br\/route\/?page_id=111"},"modified":"2024-02-08T14:15:24","modified_gmt":"2024-02-08T17:15:24","slug":"quem-somos","status":"publish","type":"page","link":"https:\/\/sites.usp.br\/route\/quem-somos\/","title":{"rendered":"Quem somos"},"content":{"rendered":"\t\t<div data-elementor-type=\"wp-page\" data-elementor-id=\"111\" class=\"elementor elementor-111\" data-elementor-post-type=\"page\">\n\t\t\t\t<div class=\"elementor-element elementor-element-f2cf748 e-flex e-con-boxed e-con e-parent\" data-id=\"f2cf748\" data-element_type=\"container\">\n\t\t\t\t\t<div class=\"e-con-inner\">\n\t\t\t\t<div class=\"elementor-element elementor-element-39abb4b elementor-widget elementor-widget-text-editor\" data-id=\"39abb4b\" data-element_type=\"widget\" data-widget_type=\"text-editor.default\">\n\t\t\t\t<div class=\"elementor-widget-container\">\n\t\t\t\t\t\t\t<p><span style=\"font-family: Roboto, sans-serif; font-style: normal; font-weight: 400;\">O RouteLab &#8211; <\/span><strong style=\"font-family: Roboto, sans-serif; font-style: normal;\">R<\/strong><span style=\"font-family: Roboto, sans-serif; font-style: normal; font-weight: 400;\">esearch on\u00a0<\/span><strong style=\"font-family: Roboto, sans-serif; font-style: normal;\">O<\/strong><span style=\"font-family: Roboto, sans-serif; font-style: normal; font-weight: 400;\">ptimization, Sim<\/span><strong style=\"font-family: Roboto, sans-serif; font-style: normal;\">U<\/strong><span style=\"font-family: Roboto, sans-serif; font-style: normal; font-weight: 400;\">lation,\u00a0<\/span><strong style=\"font-family: Roboto, sans-serif; font-style: normal;\">T<\/strong><span style=\"font-family: Roboto, sans-serif; font-style: normal; font-weight: 400;\">ransportation and\u00a0<\/span><strong style=\"font-family: Roboto, sans-serif; font-style: normal;\">E<\/strong><span style=\"font-family: Roboto, sans-serif; font-style: normal; font-weight: 400;\">nvironment Lab &#8211; \u00e9 um laborat\u00f3rio do <a href=\"https:\/\/ppgen.poli.usp.br\/\" target=\"_blank\" rel=\"noopener\">Departamento de Engenharia Naval e Oce\u00e2nica da Universidade de S\u00e3o Paulo (USP)<\/a>, especializado em pesquisa na \u00e1rea de otimiza\u00e7\u00e3o para o planejamento de sistemas de transportes sustent\u00e1veis.<\/span><\/p>\t\t\t\t\t\t<\/div>\n\t\t\t\t<\/div>\n\t\t\t\t\t<\/div>\n\t\t\t\t<\/div>\n\t\t<div class=\"elementor-element elementor-element-61d07dc e-flex e-con-boxed e-con e-parent\" data-id=\"61d07dc\" data-element_type=\"container\">\n\t\t\t\t\t<div class=\"e-con-inner\">\n\t\t<div class=\"elementor-element elementor-element-dc52ff9 e-con-full e-flex e-con e-child\" data-id=\"dc52ff9\" data-element_type=\"container\">\n\t\t\t\t<div class=\"elementor-element elementor-element-bf00039 elementor-widget elementor-widget-image\" data-id=\"bf00039\" data-element_type=\"widget\" data-widget_type=\"image.default\">\n\t\t\t\t<div class=\"elementor-widget-container\">\n\t\t\t\t\t\t\t\t\t\t\t\t\t<img fetchpriority=\"high\" decoding=\"async\" width=\"640\" height=\"594\" src=\"https:\/\/sites.usp.br\/route\/wp-content\/uploads\/sites\/1407\/2024\/01\/route_logo.jpg\" class=\"attachment-large size-large wp-image-480\" alt=\"\" srcset=\"https:\/\/sites.usp.br\/route\/wp-content\/uploads\/sites\/1407\/2024\/01\/route_logo.jpg 872w, https:\/\/sites.usp.br\/route\/wp-content\/uploads\/sites\/1407\/2024\/01\/route_logo-300x279.jpg 300w, https:\/\/sites.usp.br\/route\/wp-content\/uploads\/sites\/1407\/2024\/01\/route_logo-768x713.jpg 768w, https:\/\/sites.usp.br\/route\/wp-content\/uploads\/sites\/1407\/2024\/01\/route_logo-400x372.jpg 400w\" sizes=\"(max-width: 640px) 100vw, 640px\" \/>\t\t\t\t\t\t\t\t\t\t\t\t\t<\/div>\n\t\t\t\t<\/div>\n\t\t\t\t<\/div>\n\t\t<div class=\"elementor-element elementor-element-32a3c71 e-con-full e-flex e-con e-child\" data-id=\"32a3c71\" data-element_type=\"container\">\n\t\t\t\t<div class=\"elementor-element elementor-element-00d2873 elementor-widget elementor-widget-text-editor\" data-id=\"00d2873\" data-element_type=\"widget\" data-widget_type=\"text-editor.default\">\n\t\t\t\t<div class=\"elementor-widget-container\">\n\t\t\t\t\t\t\t<p><span style=\"font-family: Roboto, sans-serif; font-style: normal; font-weight: 400;\">Coordenado pelo <a href=\"https:\/\/sites.usp.br\/route\/equipe\/\">Prof. Dr. Andr\u00e9 Bergsten Mendes<\/a>, o laborat\u00f3rio re\u00fane uma equipe din\u00e2mica de docentes da USP e de outras institui\u00e7\u00f5es acad\u00eamicas renomadas, pesquisadores experientes e alunos engajados de p\u00f3s-gradua\u00e7\u00e3o e gradua\u00e7\u00e3o. Nossa equipe trabalha em estreita colabora\u00e7\u00e3o, unindo diferentes \u00e1reas de especializa\u00e7\u00e3o para enfrentar os desafios do planejamento de sistemas de transportes eficientes e ambientalmente respons\u00e1veis.<\/span><\/p>\t\t\t\t\t\t<\/div>\n\t\t\t\t<\/div>\n\t\t\t\t<\/div>\n\t\t\t\t\t<\/div>\n\t\t\t\t<\/div>\n\t\t<div class=\"elementor-element elementor-element-672eb47 e-flex e-con-boxed e-con e-parent\" data-id=\"672eb47\" data-element_type=\"container\">\n\t\t\t\t\t<div class=\"e-con-inner\">\n\t\t\t\t<div class=\"elementor-element elementor-element-8b717bd elementor-widget elementor-widget-heading\" data-id=\"8b717bd\" data-element_type=\"widget\" data-widget_type=\"heading.default\">\n\t\t\t\t<div class=\"elementor-widget-container\">\n\t\t\t<h2 class=\"elementor-heading-title elementor-size-default\">Refer\u00eancia em navega\u00e7\u00e3o interior e cabotagem<\/h2>\t\t<\/div>\n\t\t\t\t<\/div>\n\t\t\t\t\t<\/div>\n\t\t\t\t<\/div>\n\t\t<div class=\"elementor-element elementor-element-75a3dc1 e-flex e-con-boxed e-con e-parent\" data-id=\"75a3dc1\" data-element_type=\"container\">\n\t\t\t\t\t<div class=\"e-con-inner\">\n\t\t\t\t<div class=\"elementor-element elementor-element-668bbde elementor-widget elementor-widget-text-editor\" data-id=\"668bbde\" data-element_type=\"widget\" data-widget_type=\"text-editor.default\">\n\t\t\t\t<div class=\"elementor-widget-container\">\n\t\t\t\t\t\t\t<p style=\"font-family: Roboto, sans-serif; font-style: normal; font-weight: 400;\">Acreditamos que a sinergia e a diversidade de conhecimentos s\u00e3o essenciais para impulsionar inova\u00e7\u00f5es significativas no campo do transporte sustent\u00e1vel.\u00a0<span style=\"font-family: Roboto, sans-serif; font-style: normal; font-weight: 400; color: var( --e-global-color-text ); font-size: 1.6rem;\">No RouteLab, cada membro contribui com sua perspectiva \u00fanica, enriquecendo nossa pesquisa com uma mistura de experi\u00eancia acad\u00eamica e pr\u00e1tica. Juntos, estamos comprometidos em desenvolver pesquisas que avancem no conhecimento te\u00f3rico e tenham um impacto pr\u00e1tico relevante, contribuindo para um futuro mais sustent\u00e1vel no campo dos transportes.<\/span><\/p>\t\t\t\t\t\t<\/div>\n\t\t\t\t<\/div>\n\t\t\t\t\t<\/div>\n\t\t\t\t<\/div>\n\t\t<div class=\"elementor-element elementor-element-b26fdb2 e-flex e-con-boxed e-con e-parent\" data-id=\"b26fdb2\" data-element_type=\"container\">\n\t\t\t\t\t<div class=\"e-con-inner\">\n\t\t\t\t<div class=\"elementor-element elementor-element-7e7df51 elementor-widget elementor-widget-image\" data-id=\"7e7df51\" data-element_type=\"widget\" data-widget_type=\"image.default\">\n\t\t\t\t<div class=\"elementor-widget-container\">\n\t\t\t\t\t\t\t\t\t\t\t\t\t<img decoding=\"async\" width=\"640\" height=\"640\" src=\"https:\/\/sites.usp.br\/route\/wp-content\/uploads\/sites\/1407\/2024\/02\/wordCloud_LabRoute.jpeg\" class=\"attachment-large size-large wp-image-752\" alt=\"\" srcset=\"https:\/\/sites.usp.br\/route\/wp-content\/uploads\/sites\/1407\/2024\/02\/wordCloud_LabRoute.jpeg 800w, https:\/\/sites.usp.br\/route\/wp-content\/uploads\/sites\/1407\/2024\/02\/wordCloud_LabRoute-300x300.jpeg 300w, https:\/\/sites.usp.br\/route\/wp-content\/uploads\/sites\/1407\/2024\/02\/wordCloud_LabRoute-150x150.jpeg 150w, https:\/\/sites.usp.br\/route\/wp-content\/uploads\/sites\/1407\/2024\/02\/wordCloud_LabRoute-768x768.jpeg 768w, https:\/\/sites.usp.br\/route\/wp-content\/uploads\/sites\/1407\/2024\/02\/wordCloud_LabRoute-250x250.jpeg 250w, https:\/\/sites.usp.br\/route\/wp-content\/uploads\/sites\/1407\/2024\/02\/wordCloud_LabRoute-174x174.jpeg 174w, https:\/\/sites.usp.br\/route\/wp-content\/uploads\/sites\/1407\/2024\/02\/wordCloud_LabRoute-45x45.jpeg 45w, https:\/\/sites.usp.br\/route\/wp-content\/uploads\/sites\/1407\/2024\/02\/wordCloud_LabRoute-200x200.jpeg 200w, https:\/\/sites.usp.br\/route\/wp-content\/uploads\/sites\/1407\/2024\/02\/wordCloud_LabRoute-400x400.jpeg 400w\" sizes=\"(max-width: 640px) 100vw, 640px\" \/>\t\t\t\t\t\t\t\t\t\t\t\t\t<\/div>\n\t\t\t\t<\/div>\n\t\t\t\t\t<\/div>\n\t\t\t\t<\/div>\n\t\t\t\t<\/div>\n\t\t","protected":false},"excerpt":{"rendered":"<p>O RouteLab &#8211; Research on\u00a0Optimization, SimUlation,\u00a0Transportation and\u00a0Environment Lab &#8211; \u00e9 um laborat\u00f3rio do Departamento de Engenharia Naval e Oce\u00e2nica da Universidade de S\u00e3o Paulo (USP), especializado em pesquisa na \u00e1rea de otimiza\u00e7\u00e3o para o planejamento de sistemas de transportes sustent\u00e1veis. Coordenado pelo Prof. Dr. Andr\u00e9 Bergsten Mendes, o laborat\u00f3rio re\u00fane uma equipe din\u00e2mica de docentes<a href=\"https:\/\/sites.usp.br\/route\/quem-somos\/\">[&#8230;]<\/a><\/p>\n","protected":false},"author":309,"featured_media":0,"parent":0,"menu_order":0,"comment_status":"closed","ping_status":"closed","template":"","meta":{"_monsterinsights_skip_tracking":false,"_monsterinsights_sitenote_active":false,"_monsterinsights_sitenote_note":"","_monsterinsights_sitenote_category":0,"footnotes":"","_links_to":"","_links_to_target":""},"class_list":["post-111","page","type-page","status-publish","hentry"],"_links":{"self":[{"href":"https:\/\/sites.usp.br\/route\/wp-json\/wp\/v2\/pages\/111","targetHints":{"allow":["GET"]}}],"collection":[{"href":"https:\/\/sites.usp.br\/route\/wp-json\/wp\/v2\/pages"}],"about":[{"href":"https:\/\/sites.usp.br\/route\/wp-json\/wp\/v2\/types\/page"}],"author":[{"embeddable":true,"href":"https:\/\/sites.usp.br\/route\/wp-json\/wp\/v2\/users\/309"}],"replies":[{"embeddable":true,"href":"https:\/\/sites.usp.br\/route\/wp-json\/wp\/v2\/comments?post=111"}],"version-history":[{"count":4,"href":"https:\/\/sites.usp.br\/route\/wp-json\/wp\/v2\/pages\/111\/revisions"}],"predecessor-version":[{"id":755,"href":"https:\/\/sites.usp.br\/route\/wp-json\/wp\/v2\/pages\/111\/revisions\/755"}],"wp:attachment":[{"href":"https:\/\/sites.usp.br\/route\/wp-json\/wp\/v2\/media?parent=111"}],"curies":[{"name":"wp","href":"https:\/\/api.w.org\/{rel}","templated":true}]}}