{"id":297,"date":"2024-01-25T15:51:51","date_gmt":"2024-01-25T17:51:51","guid":{"rendered":"https:\/\/sites.usp.br\/route\/?page_id=297"},"modified":"2024-01-27T17:06:00","modified_gmt":"2024-01-27T20:06:00","slug":"missao-visao-valores","status":"publish","type":"page","link":"https:\/\/sites.usp.br\/route\/missao-visao-valores\/","title":{"rendered":"Miss\u00e3o, Vis\u00e3o e Valores"},"content":{"rendered":"\t\t<div data-elementor-type=\"wp-page\" data-elementor-id=\"297\" class=\"elementor elementor-297\" data-elementor-post-type=\"page\">\n\t\t\t\t<div class=\"elementor-element elementor-element-e7eab1e e-flex e-con-boxed e-con e-parent\" data-id=\"e7eab1e\" data-element_type=\"container\">\n\t\t\t\t\t<div class=\"e-con-inner\">\n\t\t\t\t<div class=\"elementor-element elementor-element-0d85bb2 elementor-widget elementor-widget-heading\" data-id=\"0d85bb2\" data-element_type=\"widget\" data-widget_type=\"heading.default\">\n\t\t\t\t<div class=\"elementor-widget-container\">\n\t\t\t<h2 class=\"elementor-heading-title elementor-size-default\">Miss\u00e3o<\/h2>\t\t<\/div>\n\t\t\t\t<\/div>\n\t\t\t\t\t<\/div>\n\t\t\t\t<\/div>\n\t\t<div class=\"elementor-element elementor-element-632ad2b e-flex e-con-boxed e-con e-parent\" data-id=\"632ad2b\" data-element_type=\"container\">\n\t\t\t\t\t<div class=\"e-con-inner\">\n\t\t\t\t<div class=\"elementor-element elementor-element-c546c8b elementor-widget elementor-widget-text-editor\" data-id=\"c546c8b\" data-element_type=\"widget\" data-widget_type=\"text-editor.default\">\n\t\t\t\t<div class=\"elementor-widget-container\">\n\t\t\t\t\t\t\t<p style=\"font-family: Roboto, sans-serif; font-style: normal; font-weight: 400;\">No RouteLab, nosso objetivo \u00e9 desenvolver conhecimento avan\u00e7ado no planejamento de sistemas multimodais de transportes, com especial aten\u00e7\u00e3o ao modal aquavi\u00e1rio e ao planejamento estrat\u00e9gico e operacional de terminais portu\u00e1rios e multimodais. Nosso foco est\u00e1 em realizar estudos, pesquisas e projetos que abordem a modelagem e otimiza\u00e7\u00e3o de sistemas log\u00edsticos, englobando aspectos operacionais, econ\u00f4micos, sociais e ambientais, sempre orientados por uma vis\u00e3o de sustentabilidade.<\/p><p style=\"font-family: Roboto, sans-serif; font-style: normal; font-weight: 400;\">Estamos comprometidos em promover a intera\u00e7\u00e3o entre o mercado e a academia, aproximando teoria e pr\u00e1tica para a resolu\u00e7\u00e3o de problemas reais do setor de transportes. Por meio dessa aproxima\u00e7\u00e3o, buscamos n\u00e3o apenas aplicar conhecimentos te\u00f3ricos em contextos pr\u00e1ticos, mas tamb\u00e9m enriquecer o ensino e a pesquisa com desafios e solu\u00e7\u00f5es emergentes do mercado.<\/p><p style=\"font-family: Roboto, sans-serif; font-style: normal; font-weight: 400;\">Al\u00e9m disso, dedicamo-nos \u00e0 dissemina\u00e7\u00e3o do conhecimento por meio de palestras, semin\u00e1rios, entrevistas, cursos de extens\u00e3o, cursos intensivos de p\u00f3s-gradua\u00e7\u00e3o, publica\u00e7\u00f5es de artigos e a organiza\u00e7\u00e3o e participa\u00e7\u00e3o em confer\u00eancias. Estimulamos a forma\u00e7\u00e3o acad\u00eamica de alunos de gradua\u00e7\u00e3o e p\u00f3s-gradua\u00e7\u00e3o, envolvendo-os ativamente em pesquisas cient\u00edficas e projetos pr\u00e1ticos, e fomentamos a integra\u00e7\u00e3o de grupos de pesquisa nacionais e internacionais, visando a cria\u00e7\u00e3o de uma rede de colabora\u00e7\u00e3o robusta e inovadora.<\/p>\t\t\t\t\t\t<\/div>\n\t\t\t\t<\/div>\n\t\t\t\t\t<\/div>\n\t\t\t\t<\/div>\n\t\t<div class=\"elementor-element elementor-element-b29a2f6 e-flex e-con-boxed e-con e-parent\" data-id=\"b29a2f6\" data-element_type=\"container\">\n\t\t\t\t\t<div class=\"e-con-inner\">\n\t\t\t\t<div class=\"elementor-element elementor-element-d120d33 elementor-widget elementor-widget-heading\" data-id=\"d120d33\" data-element_type=\"widget\" data-widget_type=\"heading.default\">\n\t\t\t\t<div class=\"elementor-widget-container\">\n\t\t\t<h2 class=\"elementor-heading-title elementor-size-default\">Vis\u00e3o<\/h2>\t\t<\/div>\n\t\t\t\t<\/div>\n\t\t\t\t\t<\/div>\n\t\t\t\t<\/div>\n\t\t<div class=\"elementor-element elementor-element-1577d87 e-flex e-con-boxed e-con e-parent\" data-id=\"1577d87\" data-element_type=\"container\">\n\t\t\t\t\t<div class=\"e-con-inner\">\n\t\t\t\t<div class=\"elementor-element elementor-element-b48f111 elementor-widget elementor-widget-text-editor\" data-id=\"b48f111\" data-element_type=\"widget\" data-widget_type=\"text-editor.default\">\n\t\t\t\t<div class=\"elementor-widget-container\">\n\t\t\t\t\t\t\t<p style=\"font-family: Roboto, sans-serif; font-style: normal; font-weight: 400;\">Buscamos nos consolidar como um centro de refer\u00eancia tanto no cen\u00e1rio nacional quanto internacional, sendo reconhecidos pela nossa excel\u00eancia, inova\u00e7\u00e3o e impacto significativo no campo dos transportes e log\u00edstica. Aspiramos a ser um farol de conhecimento e pr\u00e1tica avan\u00e7ada, onde solu\u00e7\u00f5es inovadoras para os desafios do transporte sustent\u00e1vel s\u00e3o n\u00e3o apenas imaginadas, mas tamb\u00e9m realizadas.<\/p><p style=\"font-family: Roboto, sans-serif; font-style: normal; font-weight: 400;\">Almejamos liderar e inspirar o setor, estabelecendo novos padr\u00f5es em pesquisa e aplica\u00e7\u00e3o pr\u00e1tica no planejamento de transportes. Nosso foco est\u00e1 em impulsionar avan\u00e7os que n\u00e3o apenas elevem a efici\u00eancia e sustentabilidade dos sistemas de transporte, mas que tamb\u00e9m sirvam como modelo para pr\u00e1ticas inovadoras em todo o mundo.<\/p><p style=\"font-family: Roboto, sans-serif; font-style: normal; font-weight: 400;\">No cora\u00e7\u00e3o da nossa vis\u00e3o est\u00e1 o compromisso de criar um impacto duradouro &#8211; um legado de pesquisa transformadora e colabora\u00e7\u00f5es frut\u00edferas que moldem o futuro dos transportes e log\u00edstica, beneficiando a sociedade como um todo. Buscamos ser um ponto de encontro para mentes brilhantes e ideias revolucion\u00e1rias, estabelecendo o RouteLab como um epicentro de excel\u00eancia e inova\u00e7\u00e3o global.<\/p>\t\t\t\t\t\t<\/div>\n\t\t\t\t<\/div>\n\t\t\t\t\t<\/div>\n\t\t\t\t<\/div>\n\t\t<div class=\"elementor-element elementor-element-274f423 e-flex e-con-boxed e-con e-parent\" data-id=\"274f423\" data-element_type=\"container\">\n\t\t\t\t\t<div class=\"e-con-inner\">\n\t\t\t\t<div class=\"elementor-element elementor-element-71b26c4 elementor-widget elementor-widget-heading\" data-id=\"71b26c4\" data-element_type=\"widget\" data-widget_type=\"heading.default\">\n\t\t\t\t<div class=\"elementor-widget-container\">\n\t\t\t<h2 class=\"elementor-heading-title elementor-size-default\">Valores<\/h2>\t\t<\/div>\n\t\t\t\t<\/div>\n\t\t\t\t\t<\/div>\n\t\t\t\t<\/div>\n\t\t<div class=\"elementor-element elementor-element-9aec473 e-flex e-con-boxed e-con e-parent\" data-id=\"9aec473\" data-element_type=\"container\">\n\t\t\t\t\t<div class=\"e-con-inner\">\n\t\t\t\t<div class=\"elementor-element elementor-element-a1f7dc7 elementor-widget elementor-widget-text-editor\" data-id=\"a1f7dc7\" data-element_type=\"widget\" data-widget_type=\"text-editor.default\">\n\t\t\t\t<div class=\"elementor-widget-container\">\n\t\t\t\t\t\t\t<ol style=\"font-family: Roboto, sans-serif; font-style: normal; font-weight: 400;\"><li><strong>Excel\u00eancia<\/strong>: No RouteLab, a excel\u00eancia \u00e9 a pedra angular de tudo o que fazemos. Estamos comprometidos com a mais alta qualidade e rigor em todas as nossas atividades acad\u00eamicas e de pesquisa. Buscamos constantemente superar os padr\u00f5es estabelecidos, desafiando-nos a alcan\u00e7ar novos patamares de conhecimento e inova\u00e7\u00e3o.<\/li><li><strong>Colabora\u00e7\u00e3o<\/strong>: Acreditamos firmemente que a colabora\u00e7\u00e3o \u00e9 a chave para o sucesso cient\u00edfico e acad\u00eamico. Fomentamos ativamente a coopera\u00e7\u00e3o e a integra\u00e7\u00e3o entre grupos de pesquisa, tanto dentro quanto fora de nossas fronteiras, promovendo uma rede global de conhecimento que transcende disciplinas e geografias.<\/li><li><strong>Sustentabilidade<\/strong>: A sustentabilidade est\u00e1 no cerne de nossa miss\u00e3o. Priorizamos solu\u00e7\u00f5es que equilibram os aspectos econ\u00f4micos, sociais e ambientais, refletindo nosso compromisso com o desenvolvimento de sistemas de transporte que sejam n\u00e3o apenas eficientes, mas tamb\u00e9m respons\u00e1veis e ben\u00e9ficos para as gera\u00e7\u00f5es presentes e futuras.<\/li><li><strong>Dissemina\u00e7\u00e3o do Conhecimento<\/strong>: Estamos dedicados a compartilhar ativamente o conhecimento e as descobertas que emergem de nosso trabalho. Atrav\u00e9s de publica\u00e7\u00f5es, semin\u00e1rios, cursos e colabora\u00e7\u00f5es, nos empenhamos em disseminar nossas pesquisas e insights, contribuindo para o avan\u00e7o coletivo do campo de transportes e log\u00edstica.<\/li><li><strong>Forma\u00e7\u00e3o Acad\u00eamica<\/strong>: A forma\u00e7\u00e3o de futuros l\u00edderes e inovadores \u00e9 uma de nossas maiores paix\u00f5es. Dedicamo-nos a nutrir o desenvolvimento acad\u00eamico e profissional de nossos alunos, integrando-os em pesquisas e projetos relevantes que n\u00e3o apenas enriquecem sua aprendizagem, mas tamb\u00e9m preparam-nos para contribuir significativamente para a sociedade.<\/li><\/ol>\t\t\t\t\t\t<\/div>\n\t\t\t\t<\/div>\n\t\t\t\t\t<\/div>\n\t\t\t\t<\/div>\n\t\t\t\t<\/div>\n\t\t","protected":false},"excerpt":{"rendered":"<p>Miss\u00e3o No RouteLab, nosso objetivo \u00e9 desenvolver conhecimento avan\u00e7ado no planejamento de sistemas multimodais de transportes, com especial aten\u00e7\u00e3o ao modal aquavi\u00e1rio e ao planejamento estrat\u00e9gico e operacional de terminais portu\u00e1rios e multimodais. Nosso foco est\u00e1 em realizar estudos, pesquisas e projetos que abordem a modelagem e otimiza\u00e7\u00e3o de sistemas log\u00edsticos, englobando aspectos operacionais, econ\u00f4micos,<a href=\"https:\/\/sites.usp.br\/route\/missao-visao-valores\/\">[&#8230;]<\/a><\/p>\n","protected":false},"author":23422,"featured_media":0,"parent":0,"menu_order":0,"comment_status":"closed","ping_status":"closed","template":"","meta":{"_monsterinsights_skip_tracking":false,"_monsterinsights_sitenote_active":false,"_monsterinsights_sitenote_note":"","_monsterinsights_sitenote_category":0,"footnotes":"","_links_to":"","_links_to_target":""},"class_list":["post-297","page","type-page","status-publish","hentry"],"_links":{"self":[{"href":"https:\/\/sites.usp.br\/route\/wp-json\/wp\/v2\/pages\/297","targetHints":{"allow":["GET"]}}],"collection":[{"href":"https:\/\/sites.usp.br\/route\/wp-json\/wp\/v2\/pages"}],"about":[{"href":"https:\/\/sites.usp.br\/route\/wp-json\/wp\/v2\/types\/page"}],"author":[{"embeddable":true,"href":"https:\/\/sites.usp.br\/route\/wp-json\/wp\/v2\/users\/23422"}],"replies":[{"embeddable":true,"href":"https:\/\/sites.usp.br\/route\/wp-json\/wp\/v2\/comments?post=297"}],"version-history":[{"count":4,"href":"https:\/\/sites.usp.br\/route\/wp-json\/wp\/v2\/pages\/297\/revisions"}],"predecessor-version":[{"id":557,"href":"https:\/\/sites.usp.br\/route\/wp-json\/wp\/v2\/pages\/297\/revisions\/557"}],"wp:attachment":[{"href":"https:\/\/sites.usp.br\/route\/wp-json\/wp\/v2\/media?parent=297"}],"curies":[{"name":"wp","href":"https:\/\/api.w.org\/{rel}","templated":true}]}}