{"id":299,"date":"2024-01-25T15:52:53","date_gmt":"2024-01-25T17:52:53","guid":{"rendered":"https:\/\/sites.usp.br\/route\/?page_id=299"},"modified":"2024-01-26T13:24:17","modified_gmt":"2024-01-26T16:24:17","slug":"formas-de-atuacao","status":"publish","type":"page","link":"https:\/\/sites.usp.br\/route\/formas-de-atuacao\/","title":{"rendered":"Formas de Atua\u00e7\u00e3o"},"content":{"rendered":"\t\t<div data-elementor-type=\"wp-page\" data-elementor-id=\"299\" class=\"elementor elementor-299\" data-elementor-post-type=\"page\">\n\t\t\t\t<div class=\"elementor-element elementor-element-0c22089 e-flex e-con-boxed e-con e-parent\" data-id=\"0c22089\" data-element_type=\"container\">\n\t\t\t\t\t<div class=\"e-con-inner\">\n\t\t\t\t<div class=\"elementor-element elementor-element-060b391 elementor-widget elementor-widget-text-editor\" data-id=\"060b391\" data-element_type=\"widget\" data-widget_type=\"text-editor.default\">\n\t\t\t\t<div class=\"elementor-widget-container\">\n\t\t\t\t\t\t\t<p><span style=\"font-family: Roboto, sans-serif; font-style: normal; font-weight: 400;\">No RouteLab, nossa atua\u00e7\u00e3o \u00e9 diversificada e din\u00e2mica, refletindo nosso compromisso com a excel\u00eancia em pesquisa e a integra\u00e7\u00e3o entre teoria e pr\u00e1tica. Supervisionamos uma ampla gama de projetos de pesquisa, que v\u00e3o desde iniciativas individuais conduzidas por alunos de gradua\u00e7\u00e3o em inicia\u00e7\u00e3o cient\u00edfica at\u00e9 disserta\u00e7\u00f5es de mestrado e teses de doutorado em Engenharia Naval. Estes projetos n\u00e3o apenas contribuem para o avan\u00e7o acad\u00eamico, mas tamb\u00e9m abordam quest\u00f5es pr\u00e1ticas e inovadoras do setor de transportes.<\/span><\/p>\t\t\t\t\t\t<\/div>\n\t\t\t\t<\/div>\n\t\t\t\t\t<\/div>\n\t\t\t\t<\/div>\n\t\t<div class=\"elementor-element elementor-element-e5ac9c7 e-flex e-con-boxed e-con e-parent\" data-id=\"e5ac9c7\" data-element_type=\"container\">\n\t\t\t\t\t<div class=\"e-con-inner\">\n\t\t<div class=\"elementor-element elementor-element-6961491 e-con-full e-flex e-con e-child\" data-id=\"6961491\" data-element_type=\"container\">\n\t\t\t\t<div class=\"elementor-element elementor-element-0130516 elementor-widget elementor-widget-image\" data-id=\"0130516\" data-element_type=\"widget\" data-widget_type=\"image.default\">\n\t\t\t\t<div class=\"elementor-widget-container\">\n\t\t\t\t\t\t\t\t\t\t\t\t\t<img decoding=\"async\" src=\"https:\/\/crossculture2go.com\/wp-content\/uploads\/2021\/10\/negotiations-in-France.png\" title=\"\" alt=\"\" loading=\"lazy\" \/>\t\t\t\t\t\t\t\t\t\t\t\t\t<\/div>\n\t\t\t\t<\/div>\n\t\t\t\t<\/div>\n\t\t<div class=\"elementor-element elementor-element-0c65bf0 e-con-full e-flex e-con e-child\" data-id=\"0c65bf0\" data-element_type=\"container\">\n\t\t\t\t<div class=\"elementor-element elementor-element-3eeaf15 elementor-widget elementor-widget-text-editor\" data-id=\"3eeaf15\" data-element_type=\"widget\" data-widget_type=\"text-editor.default\">\n\t\t\t\t<div class=\"elementor-widget-container\">\n\t\t\t\t\t\t\t<p><span style=\"font-family: Roboto, sans-serif; font-style: normal; font-weight: 400;\">Al\u00e9m disso, realizamos projetos de pesquisa apoiados por ag\u00eancias de fomento de renome, como FAPESP, CNPq e FINEP, e mantemos parcerias estrat\u00e9gicas com empresas do setor, atrav\u00e9s de conv\u00eanios firmados com a Universidade de S\u00e3o Paulo. Essas colabora\u00e7\u00f5es s\u00e3o fundamentais para a aproxima\u00e7\u00e3o entre a academia e o mercado, permitindo que nossas pesquisas abordem desafios reais do setor e contribuam para solu\u00e7\u00f5es inovadoras e sustent\u00e1veis.<\/span><\/p>\t\t\t\t\t\t<\/div>\n\t\t\t\t<\/div>\n\t\t\t\t<\/div>\n\t\t\t\t\t<\/div>\n\t\t\t\t<\/div>\n\t\t<div class=\"elementor-element elementor-element-3d6972d e-flex e-con-boxed e-con e-parent\" data-id=\"3d6972d\" data-element_type=\"container\">\n\t\t\t\t\t<div class=\"e-con-inner\">\n\t\t\t\t<div class=\"elementor-element elementor-element-de081b8 elementor-widget elementor-widget-text-editor\" data-id=\"de081b8\" data-element_type=\"widget\" data-widget_type=\"text-editor.default\">\n\t\t\t\t<div class=\"elementor-widget-container\">\n\t\t\t\t\t\t\t<p><span style=\"font-family: Roboto, sans-serif; font-style: normal; font-weight: 400;\">O RouteLab tamb\u00e9m se dedica \u00e0 dissemina\u00e7\u00e3o do conhecimento atrav\u00e9s da oferta de cursos e palestras nas \u00e1reas de nossa atua\u00e7\u00e3o. Estes eventos s\u00e3o oportunidades valiosas para compartilhar insights, fomentar discuss\u00f5es e fortalecer a rede de colabora\u00e7\u00e3o entre acad\u00eamicos, profissionais da ind\u00fastria e estudantes, promovendo um interc\u00e2mbio enriquecedor de ideias e experi\u00eancias.<\/span><\/p>\t\t\t\t\t\t<\/div>\n\t\t\t\t<\/div>\n\t\t\t\t\t<\/div>\n\t\t\t\t<\/div>\n\t\t\t\t<\/div>\n\t\t","protected":false},"excerpt":{"rendered":"<p>No RouteLab, nossa atua\u00e7\u00e3o \u00e9 diversificada e din\u00e2mica, refletindo nosso compromisso com a excel\u00eancia em pesquisa e a integra\u00e7\u00e3o entre teoria e pr\u00e1tica. Supervisionamos uma ampla gama de projetos de pesquisa, que v\u00e3o desde iniciativas individuais conduzidas por alunos de gradua\u00e7\u00e3o em inicia\u00e7\u00e3o cient\u00edfica at\u00e9 disserta\u00e7\u00f5es de mestrado e teses de doutorado em Engenharia Naval.<a href=\"https:\/\/sites.usp.br\/route\/formas-de-atuacao\/\">[&#8230;]<\/a><\/p>\n","protected":false},"author":23422,"featured_media":0,"parent":0,"menu_order":0,"comment_status":"closed","ping_status":"closed","template":"","meta":{"_monsterinsights_skip_tracking":false,"_monsterinsights_sitenote_active":false,"_monsterinsights_sitenote_note":"","_monsterinsights_sitenote_category":0,"footnotes":"","_links_to":"","_links_to_target":""},"class_list":["post-299","page","type-page","status-publish","hentry"],"_links":{"self":[{"href":"https:\/\/sites.usp.br\/route\/wp-json\/wp\/v2\/pages\/299","targetHints":{"allow":["GET"]}}],"collection":[{"href":"https:\/\/sites.usp.br\/route\/wp-json\/wp\/v2\/pages"}],"about":[{"href":"https:\/\/sites.usp.br\/route\/wp-json\/wp\/v2\/types\/page"}],"author":[{"embeddable":true,"href":"https:\/\/sites.usp.br\/route\/wp-json\/wp\/v2\/users\/23422"}],"replies":[{"embeddable":true,"href":"https:\/\/sites.usp.br\/route\/wp-json\/wp\/v2\/comments?post=299"}],"version-history":[{"count":4,"href":"https:\/\/sites.usp.br\/route\/wp-json\/wp\/v2\/pages\/299\/revisions"}],"predecessor-version":[{"id":443,"href":"https:\/\/sites.usp.br\/route\/wp-json\/wp\/v2\/pages\/299\/revisions\/443"}],"wp:attachment":[{"href":"https:\/\/sites.usp.br\/route\/wp-json\/wp\/v2\/media?parent=299"}],"curies":[{"name":"wp","href":"https:\/\/api.w.org\/{rel}","templated":true}]}}