{"id":79,"date":"2014-02-24T16:51:20","date_gmt":"2014-02-24T18:51:20","guid":{"rendered":"http:\/\/sites.usp.br\/route\/?page_id=79"},"modified":"2024-08-01T13:34:21","modified_gmt":"2024-08-01T16:34:21","slug":"pagina-inicial","status":"publish","type":"page","link":"https:\/\/sites.usp.br\/route\/","title":{"rendered":"Bem-vindos ao RouteLab"},"content":{"rendered":"\t\t<div data-elementor-type=\"wp-page\" data-elementor-id=\"79\" class=\"elementor elementor-79\" data-elementor-post-type=\"page\">\n\t\t\t\t<div class=\"elementor-element elementor-element-3c742e06 e-con-full e-flex e-con e-parent\" data-id=\"3c742e06\" data-element_type=\"container\">\n\t\t\t\t<div class=\"elementor-element elementor-element-6e5fd8e elementor-widget elementor-widget-image\" data-id=\"6e5fd8e\" data-element_type=\"widget\" data-widget_type=\"image.default\">\n\t\t\t\t<div class=\"elementor-widget-container\">\n\t\t\t\t\t\t\t\t\t\t\t\t\t<img decoding=\"async\" src=\"https:\/\/blog.buyco.co\/hubfs\/blog-min.jpg\" title=\"\" alt=\"\" loading=\"lazy\" \/>\t\t\t\t\t\t\t\t\t\t\t\t\t<\/div>\n\t\t\t\t<\/div>\n\t\t\t\t<\/div>\n\t\t<div class=\"elementor-element elementor-element-b28e43c e-grid e-con-boxed e-con e-parent\" data-id=\"b28e43c\" data-element_type=\"container\">\n\t\t\t\t\t<div class=\"e-con-inner\">\n\t\t\t\t<div class=\"elementor-element elementor-element-f8072c9 elementor-widget elementor-widget-text-editor\" data-id=\"f8072c9\" data-element_type=\"widget\" data-widget_type=\"text-editor.default\">\n\t\t\t\t<div class=\"elementor-widget-container\">\n\t\t\t\t\t\t\t<div data-style=\"{&quot;padding&quot;:&quot;25px&quot;,&quot;background_display&quot;:&quot;tile&quot;}\"><div><div data-weight=\"0.33333333333333\"><div data-index=\"2\" data-style=\"{&quot;background_image_attachment&quot;:false,&quot;background_display&quot;:&quot;tile&quot;}\"><div><h3 style=\"box-sizing: border-box; font-family: inherit; font-weight: bold; line-height: normal; color: #1597ab; margin: 30px 0px 0px; font-size: 20px; border: 0px; font-style: inherit; outline: 0px; padding: 0px; vertical-align: baseline; clear: both; font-variant: inherit; font-stretch: inherit; font-optical-sizing: inherit; font-kerning: inherit; font-feature-settings: inherit; font-variation-settings: inherit; display: block; text-transform: none; position: relative; text-align: left; float: none;\">Conhe\u00e7a-nos!<\/h3><div style=\"font-family: Roboto, sans-serif; font-style: normal; font-weight: 400; color: #7a7a7a; font-size: 16px;\" data-weight=\"0.33333333333333\"><div data-index=\"4\" data-style=\"{&quot;background_image_attachment&quot;:false,&quot;background_display&quot;:&quot;tile&quot;}\"><div><div><p>Somos um laborat\u00f3rio focado na otimiza\u00e7\u00e3o de sistemas de transportes multimodais com \u00eanfase no modal aquavi\u00e1rio e na sustentabilidade. <span style=\"color: #f39c12;\"><a style=\"color: #1597ab;\" href=\"https:\/\/sites.usp.br\/route\/quem-somos\/\">Leia mais<\/a><\/span><\/p><\/div><\/div><\/div><\/div><\/div><\/div><\/div><\/div><\/div>\t\t\t\t\t\t<\/div>\n\t\t\t\t<\/div>\n\t\t\t\t<div class=\"elementor-element elementor-element-1dd550c elementor-widget elementor-widget-text-editor\" data-id=\"1dd550c\" data-element_type=\"widget\" data-widget_type=\"text-editor.default\">\n\t\t\t\t<div class=\"elementor-widget-container\">\n\t\t\t\t\t\t\t<div id=\"pg-79-1\" class=\"panel-grid panel-has-style\" data-style=\"{&quot;padding&quot;:&quot;25px&quot;,&quot;background_display&quot;:&quot;tile&quot;}\"><div class=\"panel-row-style panel-row-style-for-79-1\"><div id=\"pgc-79-1-1\" class=\"panel-grid-cell\" data-weight=\"0.33333333333333\"><div id=\"panel-79-1-1-1\" class=\"so-panel widget widget_sow-editor panel-last-child\" data-index=\"4\" data-style=\"{&quot;background_image_attachment&quot;:false,&quot;background_display&quot;:&quot;tile&quot;}\"><div class=\"so-widget-sow-editor so-widget-sow-editor-base\"><h3 class=\"widget-title\">O time<\/h3><div class=\"siteorigin-widget-tinymce textwidget\"><p>Nosso time \u00e9 formado por professores e pesquisadores de diferentes gera\u00e7\u00f5es, que valorizaram a engenharia naval nos cen\u00e1rios nacional e sul-americano, atentando para o contexto internacional. <span style=\"color: #f39c12;\"><a href=\"https:\/\/sites.usp.br\/route\/equipe\/\">Leia mais<\/a> <\/span>ou <a href=\"https:\/\/sites.usp.br\/route\/contato\/\">entre em contato<\/a>!<\/p><\/div><\/div><\/div><\/div><\/div><\/div>\t\t\t\t\t\t<\/div>\n\t\t\t\t<\/div>\n\t\t\t\t<div class=\"elementor-element elementor-element-5352fa6 elementor-widget elementor-widget-text-editor\" data-id=\"5352fa6\" data-element_type=\"widget\" data-widget_type=\"text-editor.default\">\n\t\t\t\t<div class=\"elementor-widget-container\">\n\t\t\t\t\t\t\t<div id=\"pg-79-1\" class=\"panel-grid panel-has-style\" data-style=\"{&quot;padding&quot;:&quot;25px&quot;,&quot;background_display&quot;:&quot;tile&quot;}\"><div class=\"panel-row-style panel-row-style-for-79-1\"><div id=\"pgc-79-1-2\" class=\"panel-grid-cell\" data-weight=\"0.33333333333333\"><div id=\"panel-79-1-2-1\" class=\"so-panel widget widget_sow-editor panel-last-child\" data-index=\"6\" data-style=\"{&quot;background_display&quot;:&quot;tile&quot;}\"><div class=\"so-widget-sow-editor so-widget-sow-editor-base\"><h3 class=\"widget-title\">Projetos<\/h3><div class=\"siteorigin-widget-tinymce textwidget\"><p>Confira os projetos em andamento! Al\u00e9m disso, geramos conhecimento por meio das nossas publica\u00e7\u00f5es cient\u00edficas.<\/p><\/div><\/div><\/div><\/div><\/div><\/div>\t\t\t\t\t\t<\/div>\n\t\t\t\t<\/div>\n\t\t\t\t\t<\/div>\n\t\t\t\t<\/div>\n\t\t\t\t<\/div>\n\t\t","protected":false},"excerpt":{"rendered":"<p>Conhe\u00e7a-nos! Somos um laborat\u00f3rio focado na otimiza\u00e7\u00e3o de sistemas de transportes multimodais com \u00eanfase no modal aquavi\u00e1rio e na sustentabilidade. Leia mais O time Nosso time \u00e9 formado por professores e pesquisadores de diferentes gera\u00e7\u00f5es, que valorizaram a engenharia naval nos cen\u00e1rios nacional e sul-americano, atentando para o contexto internacional. Leia mais ou entre em<a href=\"https:\/\/sites.usp.br\/route\/\">[&#8230;]<\/a><\/p>\n","protected":false},"author":1,"featured_media":0,"parent":0,"menu_order":0,"comment_status":"closed","ping_status":"closed","template":"","meta":{"_monsterinsights_skip_tracking":false,"_monsterinsights_sitenote_active":false,"_monsterinsights_sitenote_note":"","_monsterinsights_sitenote_category":0,"footnotes":"","_links_to":"","_links_to_target":""},"class_list":["post-79","page","type-page","status-publish","hentry"],"_links":{"self":[{"href":"https:\/\/sites.usp.br\/route\/wp-json\/wp\/v2\/pages\/79","targetHints":{"allow":["GET"]}}],"collection":[{"href":"https:\/\/sites.usp.br\/route\/wp-json\/wp\/v2\/pages"}],"about":[{"href":"https:\/\/sites.usp.br\/route\/wp-json\/wp\/v2\/types\/page"}],"author":[{"embeddable":true,"href":"https:\/\/sites.usp.br\/route\/wp-json\/wp\/v2\/users\/1"}],"replies":[{"embeddable":true,"href":"https:\/\/sites.usp.br\/route\/wp-json\/wp\/v2\/comments?post=79"}],"version-history":[{"count":4,"href":"https:\/\/sites.usp.br\/route\/wp-json\/wp\/v2\/pages\/79\/revisions"}],"predecessor-version":[{"id":908,"href":"https:\/\/sites.usp.br\/route\/wp-json\/wp\/v2\/pages\/79\/revisions\/908"}],"wp:attachment":[{"href":"https:\/\/sites.usp.br\/route\/wp-json\/wp\/v2\/media?parent=79"}],"curies":[{"name":"wp","href":"https:\/\/api.w.org\/{rel}","templated":true}]}}