{"id":125,"date":"2023-01-29T17:43:48","date_gmt":"2023-01-29T20:43:48","guid":{"rendered":"https:\/\/sites.usp.br\/safecare\/?page_id=125"},"modified":"2023-04-16T21:57:07","modified_gmt":"2023-04-17T00:57:07","slug":"contato","status":"publish","type":"page","link":"https:\/\/sites.usp.br\/safecare\/contato\/","title":{"rendered":"Contato"},"content":{"rendered":"\t\t<div data-elementor-type=\"wp-page\" data-elementor-id=\"125\" class=\"elementor elementor-125\">\n\t\t\t\t\t\t<section class=\"elementor-section elementor-top-section elementor-element elementor-element-885825f elementor-section-stretched elementor-section-boxed elementor-section-height-default elementor-section-height-default\" data-id=\"885825f\" data-element_type=\"section\" data-settings=\"{&quot;stretch_section&quot;:&quot;section-stretched&quot;}\">\n\t\t\t\t\t\t<div class=\"elementor-container elementor-column-gap-default\">\n\t\t\t\t\t<div class=\"elementor-column elementor-col-100 elementor-top-column elementor-element elementor-element-6a51011\" data-id=\"6a51011\" data-element_type=\"column\">\n\t\t\t<div class=\"elementor-widget-wrap elementor-element-populated\">\n\t\t\t\t\t\t<section class=\"elementor-section elementor-inner-section elementor-element elementor-element-d0c093d elementor-section-boxed elementor-section-height-default elementor-section-height-default\" data-id=\"d0c093d\" data-element_type=\"section\">\n\t\t\t\t\t\t<div class=\"elementor-container elementor-column-gap-default\">\n\t\t\t\t\t<div class=\"elementor-column elementor-col-50 elementor-inner-column elementor-element elementor-element-3735cb6\" data-id=\"3735cb6\" data-element_type=\"column\">\n\t\t\t<div class=\"elementor-widget-wrap elementor-element-populated\">\n\t\t\t\t\t\t<div class=\"elementor-element elementor-element-eff186e elementor-widget-laptop__width-initial elementor-widget elementor-widget-text-editor\" data-id=\"eff186e\" data-element_type=\"widget\" data-widget_type=\"text-editor.default\">\n\t\t\t\t<div class=\"elementor-widget-container\">\n\t\t\t\t\t\t\t<p><strong>ENDERE\u00c7O:\u00a0<\/strong><\/p><p>Avenida Professor Luciano Gualberto, 158, Travessa do Polit\u00e9cnico , Butant\u00e3, S\u00e3o Paulo, CEP: 05508-010,\u00a0 Pr\u00e9dio da Engenharia El\u00e9trica, Bloco C, sala C1-02<\/p>\t\t\t\t\t\t<\/div>\n\t\t\t\t<\/div>\n\t\t\t\t\t<\/div>\n\t\t<\/div>\n\t\t\t\t<div class=\"elementor-column elementor-col-50 elementor-inner-column elementor-element elementor-element-10087dd\" data-id=\"10087dd\" data-element_type=\"column\">\n\t\t\t<div class=\"elementor-widget-wrap elementor-element-populated\">\n\t\t\t\t\t\t<div class=\"elementor-element elementor-element-20b0b79 elementor-widget-laptop__width-initial elementor-widget elementor-widget-text-editor\" data-id=\"20b0b79\" data-element_type=\"widget\" data-widget_type=\"text-editor.default\">\n\t\t\t\t<div class=\"elementor-widget-container\">\n\t\t\t\t\t\t\t<p><strong>Telefones:<\/strong><\/p><p>(11) 3091-5652 \/ 5651 \/ 5541<\/p><p>e-mails: edison.silva2@usp.br\u00a0<\/p><p>hyoguy@hotmail.com\u00a0 \u00a0 \u00a0 \u00a0 \u00a0<\/p>\t\t\t\t\t\t<\/div>\n\t\t\t\t<\/div>\n\t\t\t\t\t<\/div>\n\t\t<\/div>\n\t\t\t\t\t<\/div>\n\t\t<\/section>\n\t\t\t\t\t<\/div>\n\t\t<\/div>\n\t\t\t\t\t<\/div>\n\t\t<\/section>\n\t\t\t\t<section class=\"elementor-section elementor-top-section elementor-element elementor-element-c849c2d elementor-section-boxed elementor-section-height-default elementor-section-height-default\" data-id=\"c849c2d\" data-element_type=\"section\">\n\t\t\t\t\t\t<div class=\"elementor-container elementor-column-gap-default\">\n\t\t\t\t\t<div class=\"elementor-column elementor-col-100 elementor-top-column elementor-element elementor-element-2b52454\" data-id=\"2b52454\" data-element_type=\"column\">\n\t\t\t<div class=\"elementor-widget-wrap elementor-element-populated\">\n\t\t\t\t\t\t<div class=\"elementor-element elementor-element-3e18276 elementor-widget elementor-widget-spacer\" data-id=\"3e18276\" data-element_type=\"widget\" data-widget_type=\"spacer.default\">\n\t\t\t\t<div class=\"elementor-widget-container\">\n\t\t\t\t\t<div class=\"elementor-spacer\">\n\t\t\t<div class=\"elementor-spacer-inner\"><\/div>\n\t\t<\/div>\n\t\t\t\t<\/div>\n\t\t\t\t<\/div>\n\t\t\t\t\t<\/div>\n\t\t<\/div>\n\t\t\t\t\t<\/div>\n\t\t<\/section>\n\t\t\t\t<section class=\"elementor-section elementor-top-section elementor-element elementor-element-0a50b38 elementor-section-stretched elementor-section-boxed elementor-section-height-default elementor-section-height-default\" data-id=\"0a50b38\" data-element_type=\"section\" data-settings=\"{&quot;stretch_section&quot;:&quot;section-stretched&quot;}\">\n\t\t\t\t\t\t<div class=\"elementor-container elementor-column-gap-default\">\n\t\t\t\t\t<div class=\"elementor-column elementor-col-100 elementor-top-column elementor-element elementor-element-6d3b752\" data-id=\"6d3b752\" data-element_type=\"column\">\n\t\t\t<div class=\"elementor-widget-wrap elementor-element-populated\">\n\t\t\t\t\t\t<div class=\"elementor-element elementor-element-c790525 elementor-widget elementor-widget-google_maps\" data-id=\"c790525\" data-element_type=\"widget\" data-widget_type=\"google_maps.default\">\n\t\t\t\t<div class=\"elementor-widget-container\">\n\t\t\t\t\t<div class=\"elementor-custom-embed\">\n\t\t\t<iframe loading=\"lazy\"\n\t\t\t\t\tsrc=\"https:\/\/maps.google.com\/maps?q=Engenharia%20el%C3%A9trica%20da%20USP&#038;t=m&#038;z=15&#038;output=embed&#038;iwloc=near\"\n\t\t\t\t\ttitle=\"Engenharia el\u00e9trica da USP\"\n\t\t\t\t\taria-label=\"Engenharia el\u00e9trica da USP\"\n\t\t\t><\/iframe>\n\t\t<\/div>\n\t\t\t\t<\/div>\n\t\t\t\t<\/div>\n\t\t\t\t\t<\/div>\n\t\t<\/div>\n\t\t\t\t\t<\/div>\n\t\t<\/section>\n\t\t\t\t<\/div>\n\t\t","protected":false},"excerpt":{"rendered":"<p>ENDERE\u00c7O:\u00a0 Avenida Professor Luciano Gualberto, 158, Travessa do Polit\u00e9cnico , Butant\u00e3, S\u00e3o Paulo, CEP: 05508-010,\u00a0 Pr\u00e9dio da Engenharia El\u00e9trica, Bloco C, sala C1-02 Telefones: (11) 3091-5652 \/ 5651 \/ 5541 e-mails: edison.silva2@usp.br\u00a0 hyoguy@hotmail.com\u00a0 \u00a0 \u00a0 \u00a0 \u00a0<\/p>\n","protected":false},"author":23330,"featured_media":0,"parent":0,"menu_order":0,"comment_status":"closed","ping_status":"closed","template":"","meta":{"inline_featured_image":false,"footnotes":"","_links_to":"","_links_to_target":""},"class_list":["post-125","page","type-page","status-publish","hentry"],"_links":{"self":[{"href":"https:\/\/sites.usp.br\/safecare\/wp-json\/wp\/v2\/pages\/125","targetHints":{"allow":["GET"]}}],"collection":[{"href":"https:\/\/sites.usp.br\/safecare\/wp-json\/wp\/v2\/pages"}],"about":[{"href":"https:\/\/sites.usp.br\/safecare\/wp-json\/wp\/v2\/types\/page"}],"author":[{"embeddable":true,"href":"https:\/\/sites.usp.br\/safecare\/wp-json\/wp\/v2\/users\/23330"}],"replies":[{"embeddable":true,"href":"https:\/\/sites.usp.br\/safecare\/wp-json\/wp\/v2\/comments?post=125"}],"version-history":[{"count":4,"href":"https:\/\/sites.usp.br\/safecare\/wp-json\/wp\/v2\/pages\/125\/revisions"}],"predecessor-version":[{"id":948,"href":"https:\/\/sites.usp.br\/safecare\/wp-json\/wp\/v2\/pages\/125\/revisions\/948"}],"wp:attachment":[{"href":"https:\/\/sites.usp.br\/safecare\/wp-json\/wp\/v2\/media?parent=125"}],"curies":[{"name":"wp","href":"https:\/\/api.w.org\/{rel}","templated":true}]}}