{"id":134,"date":"2023-01-29T18:00:18","date_gmt":"2023-01-29T21:00:18","guid":{"rendered":"https:\/\/sites.usp.br\/safecare\/?page_id=134"},"modified":"2023-04-16T21:51:20","modified_gmt":"2023-04-17T00:51:20","slug":"dados","status":"publish","type":"page","link":"https:\/\/sites.usp.br\/safecare\/dados\/","title":{"rendered":"Dados"},"content":{"rendered":"\t\t<div data-elementor-type=\"wp-page\" data-elementor-id=\"134\" class=\"elementor elementor-134\">\n\t\t\t\t\t\t<section class=\"elementor-section elementor-top-section elementor-element elementor-element-dc3db10 elementor-section-boxed elementor-section-height-default elementor-section-height-default\" data-id=\"dc3db10\" data-element_type=\"section\">\n\t\t\t\t\t\t<div class=\"elementor-container elementor-column-gap-default\">\n\t\t\t\t\t<div class=\"elementor-column elementor-col-100 elementor-top-column elementor-element elementor-element-9036729\" data-id=\"9036729\" data-element_type=\"column\">\n\t\t\t<div class=\"elementor-widget-wrap elementor-element-populated\">\n\t\t\t\t\t\t<div class=\"elementor-element elementor-element-a9235f8 elementor-widget elementor-widget-spacer\" data-id=\"a9235f8\" data-element_type=\"widget\" data-widget_type=\"spacer.default\">\n\t\t\t\t<div class=\"elementor-widget-container\">\n\t\t\t\t\t<div class=\"elementor-spacer\">\n\t\t\t<div class=\"elementor-spacer-inner\"><\/div>\n\t\t<\/div>\n\t\t\t\t<\/div>\n\t\t\t\t<\/div>\n\t\t\t\t\t<\/div>\n\t\t<\/div>\n\t\t\t\t\t<\/div>\n\t\t<\/section>\n\t\t\t\t<section class=\"elementor-section elementor-top-section elementor-element elementor-element-527d931 elementor-section-stretched elementor-section-boxed elementor-section-height-default elementor-section-height-default\" data-id=\"527d931\" data-element_type=\"section\" data-settings=\"{&quot;stretch_section&quot;:&quot;section-stretched&quot;}\">\n\t\t\t\t\t\t<div class=\"elementor-container elementor-column-gap-default\">\n\t\t\t\t\t<div class=\"elementor-column elementor-col-100 elementor-top-column elementor-element elementor-element-18ef387\" data-id=\"18ef387\" data-element_type=\"column\">\n\t\t\t<div class=\"elementor-widget-wrap elementor-element-populated\">\n\t\t\t\t\t\t<div class=\"elementor-element elementor-element-86684de elementor-widget elementor-widget-text-editor\" data-id=\"86684de\" data-element_type=\"widget\" data-widget_type=\"text-editor.default\">\n\t\t\t\t<div class=\"elementor-widget-container\">\n\t\t\t\t\t\t\t<p><b>Base de Dados\u00a0<\/b><\/p><p align=\"justify\">Na base de dados trabalhada aqui est\u00e3o dispon\u00edveis informa\u00e7\u00f5es sobre as notifica\u00e7\u00f5es de Tecnovigil\u00e2ncia feitas pelo sistema de informa\u00e7\u00e3o Notivisa. Os dados dispon\u00edveis s\u00e3o extra\u00eddos do banco de dados do sistema Notivisa, provenientes de notifica\u00e7\u00f5es realizadas por servi\u00e7os que comp\u00f5em a Rede Sentinela, outros servi\u00e7os de sa\u00fade, profissionais, empresas detentoras de registro de produto, dentre outros. O sistema Notivisa \u00e9 uma importante ferramenta para que as atividades de Tecnovigil\u00e2ncia e das demais vigil\u00e2ncias de p\u00f3s-comercializa\u00e7\u00e3o sejam gradativamente descentralizadas e incorporadas de maneira efetiva nas atividades dos estados e munic\u00edpios<\/p><p align=\"justify\">Os dados se referem \u00e0 categoria do dispositivo m\u00e9dico envolvido na notifica\u00e7\u00e3o, tipo de ocorr\u00eancia, codifica\u00e7\u00e3o da ocorr\u00eancia (Who-Art. para evento adverso; c\u00f3digo da falha segundo a norma ABNT NBR ISO 19.218-1, para queixa t\u00e9cnica), nome t\u00e9cnico do dispositivo m\u00e9dico, classe de risco intr\u00ednseco, localiza\u00e7\u00e3o geogr\u00e1fica do notificante e da empresa detentora do registro. A tabela abaixo mostra a organiza\u00e7\u00e3o do arquivo de dados.<\/p><p>\u00a0<\/p><table width=\"803\" cellspacing=\"0\" cellpadding=\"5\"><tbody><tr><td bgcolor=\"#b4c7dc\" width=\"310\" height=\"31\"><p align=\"center\"><span style=\"color: #000000;\"><span style=\"font-family: Liberation Serif, serif;\"><span style=\"font-size: medium;\"><b>Campo <\/b><\/span><\/span><\/span><\/p><\/td><td bgcolor=\"#b4c7dc\" width=\"471\"><p align=\"center\"><span style=\"color: #000000;\"> <span style=\"font-family: Liberation Serif, serif;\"><span style=\"font-size: medium;\"><b>Descri\u00e7\u00e3o<\/b><\/span><\/span><\/span><\/p><\/td><\/tr><tr><td bgcolor=\"#dde8cb\" width=\"310\"><p align=\"left\"><span style=\"color: #000000;\"><span style=\"font-family: Liberation Serif, serif;\"><span style=\"font-size: medium;\">ANO_NOTIFICACAO <\/span><\/span><\/span><\/p><\/td><td bgcolor=\"#dde8cb\" width=\"471\"><p align=\"left\"><span style=\"color: #000000;\"><span style=\"font-family: Liberation Serif, serif;\"><span style=\"font-size: medium;\">Ano da notifica\u00e7\u00e3o no sistema Notivisa. <\/span><\/span><\/span><\/p><\/td><\/tr><tr><td bgcolor=\"#dde8cb\" width=\"310\"><p align=\"left\"><span style=\"color: #000000;\"><span style=\"font-family: Liberation Serif, serif;\"><span style=\"font-size: medium;\">DATA_NOTIFICACAO <\/span><\/span><\/span><\/p><\/td><td bgcolor=\"#dde8cb\" width=\"471\"><p align=\"left\"><span style=\"color: #000000;\"><span style=\"font-family: Liberation Serif, serif;\"><span style=\"font-size: medium;\">Data da notifica\u00e7\u00e3o no sistema Notivisa. <\/span><\/span><\/span><\/p><\/td><\/tr><tr><td bgcolor=\"#dde8cb\" width=\"310\"><p align=\"left\"><span style=\"color: #000000;\"><span style=\"font-family: Liberation Serif, serif;\"><span style=\"font-size: medium;\">NU_NOTIFICACAO <\/span><\/span><\/span><\/p><\/td><td bgcolor=\"#dde8cb\" width=\"471\"><p align=\"left\"><span style=\"color: #000000;\"><span style=\"font-family: Liberation Serif, serif;\"><span style=\"font-size: medium;\">N\u00famero de identifica\u00e7\u00e3o da notifica\u00e7\u00e3o gerado pelo sistema Notivisa.<\/span><\/span><\/span><\/p><\/td><\/tr><tr><td bgcolor=\"#dde8cb\" width=\"310\"><p align=\"left\"><span style=\"color: #000000;\"><span style=\"font-family: Liberation Serif, serif;\"><span style=\"font-size: medium;\">TIPO_NOTIFICACAO <\/span><\/span><\/span><\/p><\/td><td bgcolor=\"#dde8cb\" width=\"471\"><p align=\"left\"><span style=\"color: #000000;\">\u2022 <span style=\"font-family: Liberation Serif, serif;\"><span style=\"font-size: medium;\">TP_NOTIFICACAO = Queixa T\u00e9cnica; <\/span><\/span><\/span><\/p><p align=\"left\"><span style=\"color: #000000;\">\u2022 <span style=\"font-family: Liberation Serif, serif;\"><span style=\"font-size: medium;\">TP_NOTIFICACAO = Evento Adverso. <\/span><\/span><\/span><\/p><\/td><\/tr><tr><td bgcolor=\"#dde8cb\" width=\"310\"><p align=\"left\"><span style=\"color: #000000;\"><span style=\"font-family: Liberation Serif, serif;\"><span style=\"font-size: medium;\">SUBTIPO_QUEIXA <\/span><\/span><\/span><\/p><\/td><td bgcolor=\"#dde8cb\" width=\"471\"><p align=\"left\"><span style=\"color: #000000;\"><span style=\"font-family: Liberation Serif, serif;\"><span style=\"font-size: medium;\">Informa\u00e7\u00e3o sobre o subtipo da queixa t\u00e9cnica <\/span><\/span><\/span><\/p><\/td><\/tr><tr><td bgcolor=\"#dde8cb\" width=\"310\"><p align=\"left\"><span style=\"color: #000000;\"><span style=\"font-family: Liberation Serif, serif;\"><span style=\"font-size: medium;\">CATEGORIA_DISPOSITIVO <\/span><\/span><\/span><\/p><\/td><td bgcolor=\"#dde8cb\" width=\"471\"><p align=\"left\"><span style=\"color: #000000;\">\u2022 <span style=\"font-family: Liberation Serif, serif;\"><span style=\"font-size: medium;\">Artigo M\u00e9dico Hospitalar<\/span><\/span><\/span><\/p><p align=\"left\"><span style=\"color: #000000;\">\u2022 <span style=\"font-family: Liberation Serif, serif;\"><span style=\"font-size: medium;\">Equipamento M\u00e9dico Hospitalar <\/span><\/span><\/span><\/p><p align=\"left\"><span style=\"color: #000000;\">\u2022 <span style=\"font-family: Liberation Serif, serif;\"><span style=\"font-size: medium;\">Produto para Diagn\u00f3stico in vitro <\/span><\/span><\/span><\/p><\/td><\/tr><tr><td bgcolor=\"#dde8cb\" width=\"310\"><p align=\"left\"><span style=\"color: #000000;\"><span style=\"font-family: Liberation Serif, serif;\"><span style=\"font-size: medium;\">CODIFICACAO_EVENTO ADVERSO <\/span><\/span><\/span><\/p><\/td><td bgcolor=\"#dde8cb\" width=\"471\"><p align=\"left\"><span style=\"color: #000000;\"><span style=\"font-family: Liberation Serif, serif;\"><span style=\"font-size: medium;\">Descri\u00e7\u00e3o do c\u00f3digo WHOART correspondente \u00e0 ocorr\u00eancia relatada na notifica\u00e7\u00e3o. <\/span><\/span><\/span><\/p><\/td><\/tr><tr><td width=\"310\"><p align=\"left\"><span style=\"color: #000000;\"><span style=\"font-family: Liberation Serif, serif;\"><span style=\"font-size: medium;\">UF_EMPRESA_NOTIFICANTE <\/span><\/span><\/span><\/p><\/td><td bgcolor=\"#ffffff\" width=\"471\"><p align=\"left\"><span style=\"color: #000000;\"><span style=\"font-family: Liberation Serif, serif;\"><span style=\"font-size: medium;\">Unidade Federativa do endere\u00e7o da institui\u00e7\u00e3o respons\u00e1vel pela notifica\u00e7\u00e3o. <\/span><\/span><\/span><\/p><\/td><\/tr><tr><td width=\"310\"><p align=\"left\"><span style=\"color: #000000;\"><span style=\"font-family: Liberation Serif, serif;\"><span style=\"font-size: medium;\">MUNICIPIO_EMP_NOTIFICANTE <\/span><\/span><\/span><\/p><\/td><td bgcolor=\"#ffffff\" width=\"471\"><p align=\"left\"><span style=\"color: #000000;\"><span style=\"font-family: Liberation Serif, serif;\"><span style=\"font-size: medium;\">Munic\u00edpio do endere\u00e7o da institui\u00e7\u00e3o respons\u00e1vel pela notifica\u00e7\u00e3o <\/span><\/span><\/span><\/p><\/td><\/tr><tr><td bgcolor=\"#dde8cb\" width=\"310\"><p align=\"left\"><span style=\"color: #000000;\"><span style=\"font-family: Liberation Serif, serif;\"><span style=\"font-size: medium;\">UF_OCORRENCIA <\/span><\/span><\/span><\/p><\/td><td bgcolor=\"#dde8cb\" width=\"471\"><p align=\"left\"><span style=\"color: #000000;\"><span style=\"font-family: Liberation Serif, serif;\"><span style=\"font-size: medium;\">Unidade Federativa do endere\u00e7o da institui\u00e7\u00e3o onde ocorreu o evento adverso\/queixa t\u00e9cnica <\/span><\/span><\/span><\/p><\/td><\/tr><tr><td bgcolor=\"#dde8cb\" width=\"310\"><p align=\"left\"><span style=\"color: #000000;\"><span style=\"font-family: Liberation Serif, serif;\"><span style=\"font-size: medium;\">MUNICIPIO_OCORRENCIA <\/span><\/span><\/span><\/p><\/td><td bgcolor=\"#dde8cb\" width=\"471\"><p align=\"left\"><span style=\"color: #000000;\"><span style=\"font-family: Liberation Serif, serif;\"><span style=\"font-size: medium;\">Munic\u00edpio do endere\u00e7o da institui\u00e7\u00e3o onde ocorreu o evento adverso\/queixa t\u00e9cnica <\/span><\/span><\/span><\/p><\/td><\/tr><tr><td bgcolor=\"#dde8cb\" width=\"310\"><p align=\"left\"><span style=\"color: #000000;\"><span style=\"font-family: Liberation Serif, serif;\"><span style=\"font-size: medium;\">CLASSE_RISCO <\/span><\/span><\/span><\/p><\/td><td bgcolor=\"#dde8cb\" width=\"471\"><p align=\"left\"><span style=\"color: #000000;\"><span style=\"font-family: Liberation Serif, serif;\"><span style=\"font-size: medium;\">Classe de risco do produto envolvido na notifica\u00e7\u00e3o. <\/span><\/span><\/span><\/p><\/td><\/tr><tr><td bgcolor=\"#dde8cb\" width=\"310\"><p align=\"left\"><span style=\"color: #000000;\"><span style=\"font-family: Liberation Serif, serif;\"><span style=\"font-size: medium;\">NOME_TECNICO_PRODUTO <\/span><\/span><\/span><\/p><\/td><td bgcolor=\"#dde8cb\" width=\"471\"><p align=\"left\"><span style=\"color: #000000;\"><span style=\"font-family: Liberation Serif, serif;\"><span style=\"font-size: medium;\">Nome T\u00e9cnico do produto envolvido na notifica\u00e7\u00e3o <\/span><\/span><\/span><\/p><\/td><\/tr><tr><td bgcolor=\"#dde8cb\" width=\"310\"><p align=\"left\"><span style=\"color: #000000;\"><span style=\"font-family: Liberation Serif, serif;\"><span style=\"font-size: medium;\">OCORRENCIA_NIVEL1 <\/span><\/span><\/span><\/p><\/td><td bgcolor=\"#dde8cb\" width=\"471\"><p align=\"left\"><span style=\"color: #000000;\"><span style=\"font-family: Liberation Serif, serif;\"><span style=\"font-size: medium;\">Descri\u00e7\u00e3o da classifica\u00e7\u00e3o de ocorr\u00eancia de n\u00edvel 1, segundo a norma ABNT NBR ISO 19.218-1 <\/span><\/span><\/span><\/p><\/td><\/tr><tr><td bgcolor=\"#dde8cb\" width=\"310\"><p align=\"left\"><span style=\"color: #000000;\"><span style=\"font-family: Liberation Serif, serif;\"><span style=\"font-size: medium;\">OCORRENCIA_NIVEL2 <\/span><\/span><\/span><\/p><\/td><td bgcolor=\"#dde8cb\" width=\"471\"><p align=\"left\"><span style=\"color: #000000;\"><span style=\"font-family: Liberation Serif, serif;\"><span style=\"font-size: medium;\">Descri\u00e7\u00e3o da classifica\u00e7\u00e3o de ocorr\u00eancia de n\u00edvel 2, segundo a norma ABNT NBR ISO 19.218-2 <\/span><\/span><\/span><\/p><\/td><\/tr><tr><td width=\"310\"><p align=\"left\"><span style=\"color: #000000;\"><span style=\"font-family: Liberation Serif, serif;\"><span style=\"font-size: medium;\">UF_EMPRESA_REGISTRO <\/span><\/span><\/span><\/p><\/td><td bgcolor=\"#ffffff\" width=\"471\"><p align=\"left\"><span style=\"color: #000000;\"><span style=\"font-family: Liberation Serif, serif;\"><span style=\"font-size: medium;\">Unidade Federativa do endere\u00e7o da empresa detentora do registro do produto envolvido na notifica\u00e7\u00e3o. <\/span><\/span><\/span><\/p><\/td><\/tr><tr><td width=\"310\"><p align=\"left\"><span style=\"color: #000000;\"><span style=\"font-family: Liberation Serif, serif;\"><span style=\"font-size: medium;\">MUNICIPIO_EMPRESA_<\/span><\/span><\/span><\/p><p align=\"left\"><span style=\"color: #000000;\"><span style=\"font-family: Liberation Serif, serif;\"><span style=\"font-size: medium;\">REGISTRO <\/span><\/span><\/span><\/p><\/td><td bgcolor=\"#ffffff\" width=\"471\"><p align=\"left\"><span style=\"color: #000000;\"><span style=\"font-family: Liberation Serif, serif;\"><span style=\"font-size: medium;\">Munic\u00edpio do endere\u00e7o da empresa detentora do registro do produto envolvido na notifica\u00e7\u00e3o. <\/span><\/span><\/span><\/p><\/td><\/tr><\/tbody><\/table><p>\u00a0<\/p><p>\u00a0<\/p><p align=\"justify\">Para a finalidade do projeto, os dados analidados correspondem aos que est\u00e3o destacados em verde na tabela. Foram considerados dados do intervalo de tempo de 2010 at\u00e9 fevereiro de 2023. Al\u00e9m disso, foram excluidos produtos para sa\u00fade de Classe I pelo baixo n\u00edvel de risco e mantido os dados para as Classes II (m\u00e9dio risco), III (alto risco) e IV (m\u00e1ximo risco). A saber, os dispositivos m\u00e9dicos enquadrados nas classes de risco III e IV s\u00e3o sujeitos a registro para comercializa\u00e7\u00e3o.<\/p><p align=\"justify\">\u00a0<\/p><p align=\"justify\">Cique no mapa abaixo ou na aba Dados\/Estados para ver as informa\u00e7\u00f5es de cada Estado brasileiro.<\/p>\t\t\t\t\t\t<\/div>\n\t\t\t\t<\/div>\n\t\t\t\t\t<\/div>\n\t\t<\/div>\n\t\t\t\t\t<\/div>\n\t\t<\/section>\n\t\t\t\t<section class=\"elementor-section elementor-top-section elementor-element elementor-element-023741a elementor-section-stretched elementor-section-boxed elementor-section-height-default elementor-section-height-default\" data-id=\"023741a\" data-element_type=\"section\" data-settings=\"{&quot;stretch_section&quot;:&quot;section-stretched&quot;}\">\n\t\t\t\t\t\t<div class=\"elementor-container elementor-column-gap-default\">\n\t\t\t\t\t<div class=\"elementor-column elementor-col-100 elementor-top-column elementor-element elementor-element-b9ec1b8\" data-id=\"b9ec1b8\" data-element_type=\"column\">\n\t\t\t<div class=\"elementor-widget-wrap elementor-element-populated\">\n\t\t\t\t\t\t<div class=\"elementor-element elementor-element-e93d844 elementor-widget elementor-widget-igmap\" data-id=\"e93d844\" data-element_type=\"widget\" data-widget_type=\"igmap.default\">\n\t\t\t\t<div class=\"elementor-widget-container\">\n\t\t\t<div class=\"igmap-elementor-widget\"><div class=\"map_wrapper\" id=\"map_wrapper_238\">\n<div class=\"map_box\" style=\"max-width:2000px\">\n<div class=\"map_aspect_ratio\" style=\"padding-top:56%\" data-padding-top=\"56%\" data-padding-top-mobile=\"0%\">\n<div class=\"map_container\">\n<div class=\"map_render map_loading\" id=\"map_238\"><\/div>\n<\/div>\n<\/div>\n<\/div>\n<\/div><\/div>\t\t<\/div>\n\t\t\t\t<\/div>\n\t\t\t\t\t<\/div>\n\t\t<\/div>\n\t\t\t\t\t<\/div>\n\t\t<\/section>\n\t\t\t\t<\/div>\n\t\t","protected":false},"excerpt":{"rendered":"<p>Base de Dados\u00a0 Na base de dados trabalhada aqui est\u00e3o dispon\u00edveis informa\u00e7\u00f5es sobre as notifica\u00e7\u00f5es de Tecnovigil\u00e2ncia feitas pelo sistema de informa\u00e7\u00e3o Notivisa. Os dados dispon\u00edveis s\u00e3o extra\u00eddos do banco de dados do sistema Notivisa, provenientes de notifica\u00e7\u00f5es realizadas por servi\u00e7os que comp\u00f5em a Rede Sentinela, outros servi\u00e7os de sa\u00fade, profissionais, empresas detentoras de registro &hellip; <\/p>\n<p class=\"link-more\"><a href=\"https:\/\/sites.usp.br\/safecare\/dados\/\" class=\"more-link\">Continue lendo<span class=\"screen-reader-text\"> &#8220;Dados&#8221;<\/span><\/a><\/p>\n","protected":false},"author":23330,"featured_media":0,"parent":0,"menu_order":0,"comment_status":"closed","ping_status":"closed","template":"","meta":{"inline_featured_image":false,"footnotes":"","_links_to":"","_links_to_target":""},"class_list":["post-134","page","type-page","status-publish","hentry"],"_links":{"self":[{"href":"https:\/\/sites.usp.br\/safecare\/wp-json\/wp\/v2\/pages\/134","targetHints":{"allow":["GET"]}}],"collection":[{"href":"https:\/\/sites.usp.br\/safecare\/wp-json\/wp\/v2\/pages"}],"about":[{"href":"https:\/\/sites.usp.br\/safecare\/wp-json\/wp\/v2\/types\/page"}],"author":[{"embeddable":true,"href":"https:\/\/sites.usp.br\/safecare\/wp-json\/wp\/v2\/users\/23330"}],"replies":[{"embeddable":true,"href":"https:\/\/sites.usp.br\/safecare\/wp-json\/wp\/v2\/comments?post=134"}],"version-history":[{"count":4,"href":"https:\/\/sites.usp.br\/safecare\/wp-json\/wp\/v2\/pages\/134\/revisions"}],"predecessor-version":[{"id":945,"href":"https:\/\/sites.usp.br\/safecare\/wp-json\/wp\/v2\/pages\/134\/revisions\/945"}],"wp:attachment":[{"href":"https:\/\/sites.usp.br\/safecare\/wp-json\/wp\/v2\/media?parent=134"}],"curies":[{"name":"wp","href":"https:\/\/api.w.org\/{rel}","templated":true}]}}