{"id":2348,"date":"2025-04-22T11:41:17","date_gmt":"2025-04-22T14:41:17","guid":{"rendered":"https:\/\/sites.usp.br\/saudecoletivafmusp\/?page_id=2348"},"modified":"2025-12-09T12:29:38","modified_gmt":"2025-12-09T15:29:38","slug":"programacao","status":"publish","type":"page","link":"https:\/\/sites.usp.br\/saudecoletivafmusp\/en\/programacao\/","title":{"rendered":"(Portugu\u00eas) Programa\u00e7\u00e3o"},"content":{"rendered":"<p class=\"qtranxs-available-languages-message qtranxs-available-languages-message-en\">Sorry, this entry is only available in <a href=\"https:\/\/sites.usp.br\/saudecoletivafmusp\/pt\/wp-json\/wp\/v2\/pages\/2348\" class=\"qtranxs-available-language-link qtranxs-available-language-link-pt\" title=\"Portugu\u00eas\">Portugu\u00eas<\/a>.<\/p>","protected":false},"excerpt":{"rendered":"<p>Sorry, this entry is only available in Portugu\u00eas.<\/p>\n","protected":false},"author":24368,"featured_media":0,"parent":0,"menu_order":0,"comment_status":"closed","ping_status":"closed","template":"","meta":{"footnotes":"","_links_to":"","_links_to_target":""},"class_list":["post-2348","page","type-page","status-publish","hentry"],"_links":{"self":[{"href":"https:\/\/sites.usp.br\/saudecoletivafmusp\/en\/wp-json\/wp\/v2\/pages\/2348","targetHints":{"allow":["GET"]}}],"collection":[{"href":"https:\/\/sites.usp.br\/saudecoletivafmusp\/en\/wp-json\/wp\/v2\/pages"}],"about":[{"href":"https:\/\/sites.usp.br\/saudecoletivafmusp\/en\/wp-json\/wp\/v2\/types\/page"}],"author":[{"embeddable":true,"href":"https:\/\/sites.usp.br\/saudecoletivafmusp\/en\/wp-json\/wp\/v2\/users\/24368"}],"replies":[{"embeddable":true,"href":"https:\/\/sites.usp.br\/saudecoletivafmusp\/en\/wp-json\/wp\/v2\/comments?post=2348"}],"version-history":[{"count":4,"href":"https:\/\/sites.usp.br\/saudecoletivafmusp\/en\/wp-json\/wp\/v2\/pages\/2348\/revisions"}],"predecessor-version":[{"id":2654,"href":"https:\/\/sites.usp.br\/saudecoletivafmusp\/en\/wp-json\/wp\/v2\/pages\/2348\/revisions\/2654"}],"wp:attachment":[{"href":"https:\/\/sites.usp.br\/saudecoletivafmusp\/en\/wp-json\/wp\/v2\/media?parent=2348"}],"curies":[{"name":"wp","href":"https:\/\/api.w.org\/{rel}","templated":true}]}}