{"id":574,"date":"2021-03-19T17:23:39","date_gmt":"2021-03-19T19:23:39","guid":{"rendered":"https:\/\/sites.usp.br\/saudecoletivafmusp\/?page_id=574"},"modified":"2021-03-30T12:41:16","modified_gmt":"2021-03-30T14:41:16","slug":"2017-3","status":"publish","type":"page","link":"https:\/\/sites.usp.br\/saudecoletivafmusp\/es\/2017-3\/","title":{"rendered":"2017"},"content":{"rendered":"<p>Gouveia, Nelson<span style=\"font-weight: 400;\">; et al . <a href=\"https:\/\/doi.org\/10.1016\/j.envpol.2017.08.125\" target=\"_blank\" rel=\"noopener\">Effects of air pollution on infant and children respiratory mortality in four large Latin-American cities<\/a>. ENVIRONMENTAL POLLUTION<\/span><span style=\"font-weight: 400;\">, v. 232, p. 385-391, 2017.\u00a0<\/span><\/p>\n<p>de Rezende, Leandro F\u00f3rnias Machado, et al. \u00ab<a href=\"http:\/\/dx.doi.org\/10.1136\/bjsports-2017-098391\" target=\"_blank\" rel=\"noopener\">Physical activity and cancer: an umbrella review of the literature including 22 major anatomical sites and 770 000 cancer cases<\/a>.\u00bb\u00a0<i>British journal of sports medicine<\/i>\u00a052.13 (2018): 826-833.<\/p>\n<p>Barros CR, Schraiber LB. <a href=\"https:\/\/doi.org\/10.1590\/S1518-8787.2017051006385\" target=\"_blank\" rel=\"noopener\">Intimate partner violence reported by female and male users of healthcare units<\/a>. Revista de saude publica. 2017 Feb 16;51:7.<\/p>\n<p>Azeredo, Catarina Machado, et al. \u00ab<a href=\"https:\/\/doi.org\/10.1002\/da.22662\" target=\"_blank\" rel=\"noopener\">Maternal depression and bullying victimization among adolescents: results from the 2004 Pelotas cohort study.<\/a>\u00bb\u00a0<i>Depression and anxiety<\/i>\u00a034.10 (2017): 897-907.<\/p>\n<p>Modesto, Ant\u00f4nio Augusto Dall\u2019Agnol, and Marcia Thereza Couto. \u00ab<a href=\"https:\/\/doi.org\/10.1177\/1557988317736174\" target=\"_blank\" rel=\"noopener\">Erectile Dysfunction in Brazilian Primary Health Care: Dealing with Medicalization<\/a>.\u00bb\u00a0<i>American journal of men&#8217;s health<\/i>\u00a012.2 (2018): 431-440.<\/p>\n<p>Scheffer, M\u00e1rio C., et al. \u00ab<a href=\"https:\/\/doi.org\/10.1016\/j.surg.2016.09.008\" target=\"_blank\" rel=\"noopener\">The state of the surgical workforce in Brazil<\/a>.\u00bb\u00a0<i>Surgery<\/i>\u00a0161.2 (2017): 556-561.<\/p>\n<p>Bonini, B. B., et al. \u00ab<a href=\"https:\/\/doi.org\/10.1017\/gmh.2016.32\" target=\"_blank\" rel=\"noopener\">LATIN-MH: a model for building research capacity within Latin America.<\/a>\u00bb\u00a0<i>Global Mental Health<\/i>\u00a04 (2017).<\/p>\n<p>Vitule C, Machin R, Couto MT. <a href=\"https:\/\/doi.org\/10.1590\/1413-812320172212.06722016\" target=\"_blank\" rel=\"noopener\">Pr\u00e1ticas reprodutivas l\u00e9sbicas: reflex\u00f5es sobre gen\u00e9tica e sa\u00fade<\/a>. Ci\u00eancia &amp; Sa\u00fade Coletiva. 2017;22:4031-40.<\/p>\n<p>Santos, In\u00e1 S., et al. \u00ab<a href=\"https:\/\/bmcpediatr.biomedcentral.com\/articles\/10.1186\/s12887-017-0936-3\" target=\"_blank\" rel=\"noopener\">Gestational age at birth and behavioral problems from four to 11 years of age: birth cohort study<\/a>.\u00bb\u00a0<i>BMC pediatrics<\/i>\u00a017.1 (2017): 1-10.<\/p>\n<p>Machado PP, Claro RM, Martins AP, Costa JC, Levy RB. <a href=\"https:\/\/doi.org\/10.1017\/S1368980017001410\" target=\"_blank\" rel=\"noopener\">Is food store type associated with the consumption of ultra-processed food and drink products in Brazil?<\/a>. Public health nutrition. 2018 Jan;21(1):201-9.<\/p>\n<p>Couto MT, Grangeiro A, Venturi G, Levy RB. <a href=\"https:\/\/doi.org\/10.1177\/0011392117735360\" target=\"_blank\" rel=\"noopener\">Rendering visible heterosexually active men in Brazil: A national study on sexual behaviour, masculinities and HIV risk<\/a>. Current Sociology. 2018 Sep;66(5):704-23.<\/p>\n<p>Gilchrist, Gail, et al. \u00abControlling behaviours and technology\u2010facilitated abuse perpetrated by men receiving substance use treatment in England and Brazil: Prevalence and risk factors.\u00bb\u00a0<i>Drug and alcohol review<\/i>\u00a036.1 (2017): 52-63.<\/p>\n<p>Ribeiro MR, Silva AA, Alves MT, Batista RF, Ribeiro CC, Schraiber LB, Bettiol H, Barbieri MA. <a href=\"https:\/\/doi.org\/10.1371\/journal.pone.0170469\" target=\"_blank\" rel=\"noopener\">Effects of socioeconomic status and social support on violence against pregnant women: a structural equation modeling analysis<\/a>. PLoS one. 2017 Jan 20;12(1):e0170469.<\/p>\n","protected":false},"excerpt":{"rendered":"<p>Gouveia, Nelson; et al . Effects of air pollution on infant and children respiratory mortality in four large Latin-American cities. ENVIRONMENTAL POLLUTION, v. 232, p. 385-391, 2017.\u00a0 de Rezende, Leandro F\u00f3rnias Machado, et al. \u00abPhysical activity and cancer: an umbrella review of the literature including 22 major anatomical sites and 770 000 cancer cases.\u00bb\u00a0British journal [&hellip;]<\/p>\n","protected":false},"author":22325,"featured_media":0,"parent":0,"menu_order":0,"comment_status":"closed","ping_status":"closed","template":"","meta":{"footnotes":"","_links_to":"","_links_to_target":""},"class_list":["post-574","page","type-page","status-publish","hentry"],"_links":{"self":[{"href":"https:\/\/sites.usp.br\/saudecoletivafmusp\/es\/wp-json\/wp\/v2\/pages\/574","targetHints":{"allow":["GET"]}}],"collection":[{"href":"https:\/\/sites.usp.br\/saudecoletivafmusp\/es\/wp-json\/wp\/v2\/pages"}],"about":[{"href":"https:\/\/sites.usp.br\/saudecoletivafmusp\/es\/wp-json\/wp\/v2\/types\/page"}],"author":[{"embeddable":true,"href":"https:\/\/sites.usp.br\/saudecoletivafmusp\/es\/wp-json\/wp\/v2\/users\/22325"}],"replies":[{"embeddable":true,"href":"https:\/\/sites.usp.br\/saudecoletivafmusp\/es\/wp-json\/wp\/v2\/comments?post=574"}],"version-history":[{"count":5,"href":"https:\/\/sites.usp.br\/saudecoletivafmusp\/es\/wp-json\/wp\/v2\/pages\/574\/revisions"}],"predecessor-version":[{"id":618,"href":"https:\/\/sites.usp.br\/saudecoletivafmusp\/es\/wp-json\/wp\/v2\/pages\/574\/revisions\/618"}],"wp:attachment":[{"href":"https:\/\/sites.usp.br\/saudecoletivafmusp\/es\/wp-json\/wp\/v2\/media?parent=574"}],"curies":[{"name":"wp","href":"https:\/\/api.w.org\/{rel}","templated":true}]}}