{"id":79,"date":"2014-02-24T16:51:20","date_gmt":"2014-02-24T18:51:20","guid":{"rendered":"http:\/\/sites.usp.br\/saudecoletivafmusp\/?page_id=79"},"modified":"2025-09-18T11:12:41","modified_gmt":"2025-09-18T14:12:41","slug":"pagina-inicial","status":"publish","type":"page","link":"https:\/\/sites.usp.br\/saudecoletivafmusp\/es\/","title":{"rendered":"\u00a1Bienvenidos!"},"content":{"rendered":"El Programa de Pos Graduaci\u00f3n en Ciencias \u2013 Salud Colectiva de la Facultad de Medicina de la Universidad de S\u00e3o Paulo (PPGSC), creado en 1972, es uno de los m\u00e1s tradicionales del Brasil. Ofrece Maestr\u00edas y Doctorados Acad\u00e9micos para profesionales que act\u00faan y\/o tienen intereses en el \u00e1rea de la Salud Colectiva, independientemente de su formaci\u00f3n universitaria original.<\/p>\n<p>Su destacada trayectoria lo habilita como programa de excelencia en el Brasil, habiendo recibido nota m\u00e1xima (siete) en la evaluaci\u00f3n de la CAPES (Coordinaci\u00f3n de la formaci\u00f3n del personal de nivel superior), para el trienio: 2010-2012; el cuadrienio 2013-2016; y el cuadrienio 2017-2020.<\/p>\n<p>El programa se organiza alrededor de tres grandes \u00e1reas de conocimiento que componen la Salud Colectiva: Epidemiologia; Ciencias Sociales y Humanas en Salud y Pol\u00edtica; Planificaci\u00f3n, Gesti\u00f3n y Evaluaci\u00f3n en Salud.<\/p>\n<p>El ambiente interdisciplinario del PPGSC est\u00e1 conformado por profesores destacados en la producci\u00f3n acad\u00e9mica nacional e internacional. El programa mantiene una tradicional cooperaci\u00f3n con organizaciones y universidades nacionales e internacionales del campo de la salud y estimula intercambios internacionales, ya sea a trav\u00e9s de pasant\u00edas de investigaci\u00f3n en el exterior para discentes como por convenios de titulaci\u00f3n doble.<\/p>\n<p><iframe loading=\"lazy\" title=\"PPG-USP Sa\u00fade Coletiva  - Profa. Dra. Patr\u00edcia Coelho de Soares - Coordenadora do Programa\" width=\"604\" height=\"340\" src=\"https:\/\/www.youtube.com\/embed\/a6AOq3q8ITg?feature=oembed\" frameborder=\"0\" allow=\"accelerometer; autoplay; clipboard-write; encrypted-media; gyroscope; picture-in-picture; web-share\" referrerpolicy=\"strict-origin-when-cross-origin\" allowfullscreen><\/iframe><\/p>\n<p>&nbsp;<\/p>\n<p>&nbsp;","protected":false},"excerpt":{"rendered":"<p>El Programa de Pos Graduaci\u00f3n en Ciencias \u2013 Salud Colectiva de la Facultad de Medicina de la Universidad de S\u00e3o Paulo (PPGSC), creado en 1972, es uno de los m\u00e1s tradicionales del Brasil. Ofrece Maestr\u00edas y Doctorados Acad\u00e9micos para profesionales que act\u00faan y\/o tienen intereses en el \u00e1rea de la Salud Colectiva, independientemente de su [&hellip;]<\/p>\n","protected":false},"author":1,"featured_media":0,"parent":0,"menu_order":0,"comment_status":"closed","ping_status":"closed","template":"","meta":{"footnotes":"","_links_to":"","_links_to_target":""},"class_list":["post-79","page","type-page","status-publish","hentry"],"_links":{"self":[{"href":"https:\/\/sites.usp.br\/saudecoletivafmusp\/es\/wp-json\/wp\/v2\/pages\/79","targetHints":{"allow":["GET"]}}],"collection":[{"href":"https:\/\/sites.usp.br\/saudecoletivafmusp\/es\/wp-json\/wp\/v2\/pages"}],"about":[{"href":"https:\/\/sites.usp.br\/saudecoletivafmusp\/es\/wp-json\/wp\/v2\/types\/page"}],"author":[{"embeddable":true,"href":"https:\/\/sites.usp.br\/saudecoletivafmusp\/es\/wp-json\/wp\/v2\/users\/1"}],"replies":[{"embeddable":true,"href":"https:\/\/sites.usp.br\/saudecoletivafmusp\/es\/wp-json\/wp\/v2\/comments?post=79"}],"version-history":[{"count":5,"href":"https:\/\/sites.usp.br\/saudecoletivafmusp\/es\/wp-json\/wp\/v2\/pages\/79\/revisions"}],"predecessor-version":[{"id":2455,"href":"https:\/\/sites.usp.br\/saudecoletivafmusp\/es\/wp-json\/wp\/v2\/pages\/79\/revisions\/2455"}],"wp:attachment":[{"href":"https:\/\/sites.usp.br\/saudecoletivafmusp\/es\/wp-json\/wp\/v2\/media?parent=79"}],"curies":[{"name":"wp","href":"https:\/\/api.w.org\/{rel}","templated":true}]}}