{"id":1172,"date":"2022-10-21T11:26:42","date_gmt":"2022-10-21T14:26:42","guid":{"rendered":"https:\/\/sites.usp.br\/saudecoletivafmusp\/simcol-2022\/trabalhos\/"},"modified":"2022-12-05T22:33:36","modified_gmt":"2022-12-06T01:33:36","slug":"trabalhos","status":"publish","type":"page","link":"https:\/\/sites.usp.br\/saudecoletivafmusp\/simcol-3\/trabalhos\/","title":{"rendered":"Trabalhos"},"content":{"rendered":"<a href=\"https:\/\/sites.usp.br\/saudecoletivafmusp\/wp-content\/uploads\/sites\/829\/2022\/10\/completo_cinza-1.png\"><img loading=\"lazy\" decoding=\"async\" class=\"aligncenter wp-image-1168 size-full\" src=\"https:\/\/sites.usp.br\/saudecoletivafmusp\/wp-content\/uploads\/sites\/829\/2022\/10\/completo_cinza-1.png\" alt=\"\" width=\"3789\" height=\"1480\" srcset=\"https:\/\/sites.usp.br\/saudecoletivafmusp\/wp-content\/uploads\/sites\/829\/2022\/10\/completo_cinza-1.png 3789w, https:\/\/sites.usp.br\/saudecoletivafmusp\/wp-content\/uploads\/sites\/829\/2022\/10\/completo_cinza-1-300x117.png 300w, https:\/\/sites.usp.br\/saudecoletivafmusp\/wp-content\/uploads\/sites\/829\/2022\/10\/completo_cinza-1-1024x400.png 1024w, https:\/\/sites.usp.br\/saudecoletivafmusp\/wp-content\/uploads\/sites\/829\/2022\/10\/completo_cinza-1-768x300.png 768w, https:\/\/sites.usp.br\/saudecoletivafmusp\/wp-content\/uploads\/sites\/829\/2022\/10\/completo_cinza-1-1536x600.png 1536w, https:\/\/sites.usp.br\/saudecoletivafmusp\/wp-content\/uploads\/sites\/829\/2022\/10\/completo_cinza-1-2048x800.png 2048w, https:\/\/sites.usp.br\/saudecoletivafmusp\/wp-content\/uploads\/sites\/829\/2022\/10\/completo_cinza-1-400x156.png 400w\" sizes=\"auto, (max-width: 3789px) 100vw, 3789px\" \/><\/a><\/p>\n<hr \/>\n<p><span style=\"font-weight: 400;\">As inscric\u0327o\u0303es estara\u0303o abertas no peri\u0301odo de <\/span><b>07\/11\/2022 a <del>18\/11\/2022<\/del><\/b><span style=\"font-weight: 400;\"><span style=\"color: #ff0000;\"><strong> [PRORROGADO AT\u00c9 27\/11\/2022]<\/strong><\/span> e ser\u00e3o aceitas exclusivamente no link: <\/span><a href=\"https:\/\/docs.google.com\/forms\/d\/e\/1FAIpQLSdPfahFko3yu1Zet54d0ufMFb12eJ_xD0Ltav3O-teK0-hWyA\/viewform\" target=\"_blank\" rel=\"noopener\"><span style=\"font-weight: 400;\">https:\/\/bit.ly\/submissao-SIMCOL2022<\/span><\/a><span style=\"font-weight: 400;\">. Os trabalhos podem ser relativos a alguma das tre\u0302s suba\u0301reas da Sau\u0301de Coletiva: 1) Epidemiologia, 2) Cie\u0302ncias Sociais e Humanas em Sau\u0301de ou 3) Poli\u0301tica, Planejamento, Gesta\u0303o e Avaliac\u0327a\u0303o em Sau\u0301de ou a\u0301reas de interface. Mais informa\u00e7\u00f5es sobre o p\u00fablico e modalidades de resumo no edital:<\/span><\/p>\n<ul>\n<li>[download id=&#8221;1232&#8243;]<\/li>\n<li>[download id=&#8221;1200&#8243; template=&#8221;EDITAL PARA SUBMISS\u00c3O DE RESUMOS (COMUNICA\u00c7\u00c3O ORAL CURTA)&#8221;]<\/li>\n<li><a href=\"https:\/\/docs.google.com\/document\/d\/1abGJEnsa0WFoGTe-lLUbTkVcXM2Ka4PI\/edit?usp=share_link&amp;ouid=103224159438442049954&amp;rtpof=true&amp;sd=true\" target=\"_blank\" rel=\"noopener\">MODELO DE RESUMO &#8211; MODALIDADE 3.1 &#8211; RESULTADOS DE PESQUISA<\/a><\/li>\n<li><a href=\"https:\/\/docs.google.com\/document\/d\/1Hsi8pe09MhadX13yPd_FoA2Mv9HaOpt8\/edit?usp=sharing&amp;ouid=103224159438442049954&amp;rtpof=true&amp;sd=true\" target=\"_blank\" rel=\"noopener\">MODELO DE RESUMO &#8211; MODALIDADE 3.2 &#8211; RELATO DE EXPERI\u00caNCIA<\/a><\/li>\n<li><a href=\"https:\/\/docs.google.com\/document\/d\/1OSiBi0at5QpBT7skGNj1Mkj7DEX0bc_3\/edit?usp=share_link&amp;ouid=103224159438442049954&amp;rtpof=true&amp;sd=true\" target=\"_blank\" rel=\"noopener\">MODELO DE RESUMO &#8211; MODALIDADE 3.3 &#8211; ENSAIOS<\/a><\/li>\n<\/ul>\n<p>E-mail: simcol.usp@gmail.com","protected":false},"excerpt":{"rendered":"<p>As inscric\u0327o\u0303es estara\u0303o abertas no peri\u0301odo de 07\/11\/2022 a 18\/11\/2022 [PRORROGADO AT\u00c9 27\/11\/2022] e ser\u00e3o aceitas exclusivamente no link: https:\/\/bit.ly\/submissao-SIMCOL2022. Os trabalhos podem ser relativos a alguma das tre\u0302s suba\u0301reas da Sau\u0301de Coletiva: 1) Epidemiologia, 2) Cie\u0302ncias Sociais e Humanas em Sau\u0301de ou 3) Poli\u0301tica, Planejamento, Gesta\u0303o e Avaliac\u0327a\u0303o em Sau\u0301de ou a\u0301reas de interface. [&hellip;]<\/p>\n","protected":false},"author":23310,"featured_media":0,"parent":930,"menu_order":4,"comment_status":"closed","ping_status":"closed","template":"","meta":{"footnotes":"","_links_to":"","_links_to_target":""},"class_list":["post-1172","page","type-page","status-publish","hentry"],"_links":{"self":[{"href":"https:\/\/sites.usp.br\/saudecoletivafmusp\/wp-json\/wp\/v2\/pages\/1172","targetHints":{"allow":["GET"]}}],"collection":[{"href":"https:\/\/sites.usp.br\/saudecoletivafmusp\/wp-json\/wp\/v2\/pages"}],"about":[{"href":"https:\/\/sites.usp.br\/saudecoletivafmusp\/wp-json\/wp\/v2\/types\/page"}],"author":[{"embeddable":true,"href":"https:\/\/sites.usp.br\/saudecoletivafmusp\/wp-json\/wp\/v2\/users\/23310"}],"replies":[{"embeddable":true,"href":"https:\/\/sites.usp.br\/saudecoletivafmusp\/wp-json\/wp\/v2\/comments?post=1172"}],"version-history":[{"count":4,"href":"https:\/\/sites.usp.br\/saudecoletivafmusp\/wp-json\/wp\/v2\/pages\/1172\/revisions"}],"predecessor-version":[{"id":1234,"href":"https:\/\/sites.usp.br\/saudecoletivafmusp\/wp-json\/wp\/v2\/pages\/1172\/revisions\/1234"}],"up":[{"embeddable":true,"href":"https:\/\/sites.usp.br\/saudecoletivafmusp\/wp-json\/wp\/v2\/pages\/930"}],"wp:attachment":[{"href":"https:\/\/sites.usp.br\/saudecoletivafmusp\/wp-json\/wp\/v2\/media?parent=1172"}],"curies":[{"name":"wp","href":"https:\/\/api.w.org\/{rel}","templated":true}]}}