{"id":1287,"date":"2023-09-26T14:29:11","date_gmt":"2023-09-26T17:29:11","guid":{"rendered":"https:\/\/sites.usp.br\/saudecoletivafmusp\/?page_id=1287"},"modified":"2025-09-19T09:28:32","modified_gmt":"2025-09-19T12:28:32","slug":"2022-4","status":"publish","type":"page","link":"https:\/\/sites.usp.br\/saudecoletivafmusp\/2022-4\/","title":{"rendered":"2022"},"content":{"rendered":"Bombana HS, Bogstrand ST, Gjerde H, Jamt REG, Carvalho HB, Andreuccetti G, et al. Use of alcohol and illicit drugs by trauma patients in Sao Paulo, Brazil. <em>Injury<\/em>. 2022 Jan;53(1):30-6. doi:10.1016\/j.injury.2021.10.032<\/p>\n<p>Bourget MMM, Cassenote AJF, Scheffer MC. Physician turnover in primary health care services in the East Zone of S\u00e3o Paulo City, Brazil: incidence and associated factors. <em>BMC Health Serv Res<\/em>. 2022 Feb 4;22(1):147. doi:10.1186\/s12913-022-07517-1<\/p>\n<p>de Almeida RJ, de Moraes Luizaga CT, Eluf-Neto J, de Carvalho Nunes HR, Pessoa EC, Murta-Nascimento C. Impact of educational level and travel burden on breast cancer stage at diagnosis in the state of Sao Paulo, Brazil. <em>Sci Rep<\/em>. 2022 May 19;12(1):8357. doi:10.1038\/s41598-022-12487-9<\/p>\n<p>Faisal-Cury A, Ziebold C, Rodrigues DMO, Matijasevich A. Depression underdiagnosis: prevalence and associated factors. A population-based study. <em>J Psychiatr Res<\/em>. 2022 Jul;151:157-65. doi:10.1016\/j.jpsychires.2022.04.025<\/p>\n<p>Paulino DB, Pastor-Valero M, Machin R. \u201cThis family rejection harmed my health as well\u201d: intersections between the meanings of family and health for trans people and family members in a trans healthcare service in Brazil. <em>Glob Public Health<\/em>. 2022 Jul;17(7):1330-42. doi:10.1080\/17441692.2021.1924222<\/p>\n<p>Kephart JL, S\u00e1nchez BN, Moore J, Schinasi LH, Bakhtsiyarava M, Ju Y, et al. City-level impact of extreme temperatures and mortality in Latin America. <em>Nat Med<\/em>. 2022 Aug;28(8):1700-5. doi:10.1038\/s41591-022-01872-6<\/p>\n<p>Scheffer M, Cassenote A, de Britto E Alves MTSS, Russo G. The multiple uses of telemedicine during the pandemic: evidence from a cross-sectional survey of medical doctors in Brazil. <em>Glob Health<\/em>. 2022 Sep 19;18(1):81. doi:10.1186\/s12992-022-00875-9<\/p>\n<p>Nascimento-Ferreira MV, Marin KA, Abr\u00e3o Ferreira RK, Oliveira LF, Bandeira AC, Silva Sousa P, et al. 24 h movement behavior and metabolic syndrome study protocol: a prospective cohort study on lifestyle and risk of developing metabolic syndrome in undergraduate students from low-income regions during a pandemic. <em>Front Epidemiol<\/em>. 2022 Sep 29;2:1010832. doi:10.3389\/fepid.2022.1010832<\/p>\n<p>Bonilla C, Sortica VA, Schuler-Faccini L, Matijasevich A, Scheffer MC. Medical geneticists, genetic diseases and services in Brazil in the age of personalized medicine. <em>Pers Med<\/em>. 2022;19:549-63. doi:10.2217\/pme-2021-0153<\/p>\n<p>Moraes JC, Riediger IN, Crosewski F, Garrett DO, Fantinato FF, Ribeiro KB, et al. A case-control study to determine the effectiveness of a tetravalent dengue vaccine in the state of Paran\u00e1, Brazil. <em>Lancet Reg Health Am<\/em>. 2022;7:100141. doi:10.1016\/j.lana.2021.100141<\/p>\n<p>Neri D, Steele EM, Khandpur N, Cediel G, Zapata ME, Rauber F, et al. Ultraprocessed food consumption and dietary nutrient profiles associated with obesity: a multicountry study of children and adolescents. <em>Obes Rev<\/em>. 2022;23(6):e13426. doi:10.1111\/obr.13426<\/p>\n<p>Trubetskoy V, Pardi\u00f1as AF, Qi T, Panagiotaropoulou G, Awasthi S, Bigdeli TB, et al. Mapping genomic loci implicates genes and synaptic biology in schizophrenia. <em>Nature<\/em>. 2022 Apr;604:502-8. doi:10.1038\/s41586-022-04434-5<\/p>\n<p>Levy RB, Andrade GC, Cruz GL, Rauber F, Louzada MLC, Claro RM, et al. Three decades of household food availability according to the NOVA classification, Brazil 1987\u20132018. <em>Rev Saude Publica<\/em>. 2022;56:1-20. doi:10.11606\/s1518-8787.2022056003910<\/p>\n<p>Ayres JRCM. Health and human rights: contributions of hermeneutics to a necessary dialogue. <em>Glob Public Health<\/em>. 2022;17(12):3098-108. doi:10.1080\/17441692.2021.1931582<\/p>\n<p>Bauer A, Fairchild G, Hammerton G, Murray J, Santos IS, Tovo Rodrigues L, et al. Associations between childhood trauma and childhood psychiatric disorders in Brazil: a population-based, prospective birth cohort study. <em>Lancet Psychiatry<\/em>. 2022 Dec;9(12):969-77. doi:10.1016\/S2215-0366(22)00337-6<\/p>\n<p>Shannon G, Morgan R, Zeinali Z, Brady L, Couto MT, Devakumar D, et al. Intersectional insights into racism and health: not just a question of identity. <em>Lancet<\/em>. 2022 Dec 10;400(10368):2125-36. doi:10.1016\/S0140-6736(22)02304-2<\/p>\n<p>Braga CP, D\u2019Oliveira AFPL. Motivos e mecanismos de interna\u00e7\u00e3o de crian\u00e7as e adolescentes em hospital psiqui\u00e1trico: o circuito do controle. Cad Saude Publica. 2022;38:1-1.<\/p>\n<p>Machin R, Paulino DB, Pontes JC, Rodrigues RN. Diversity and difference: health professional training challenges. Cien Saude Colet. 2022;27:3797-806.<\/p>\n<p>Mota A, Ecar AL, Batista RS, editors. Educa\u00e7\u00e3o sanit\u00e1ria: fontes, ambientes escolares, a\u00e7\u00f5es estatais e intelectuais mediadores. 1st ed. S\u00e3o Paulo; 2022.<\/p>\n<p>Akerman M, Germani ACCG, Oliveira AAP, Broucke SVD, Chiou S, Fracolli L, et al., editors. International handbook of teaching and learning in health promotion: Practices and reflections from around the world. 1st ed. Cham: Springer; 2022. 761 p.","protected":false},"excerpt":{"rendered":"<p>Bombana HS, Bogstrand ST, Gjerde H, Jamt REG, Carvalho HB, Andreuccetti G, et al. Use of alcohol and illicit drugs by trauma patients in Sao Paulo, Brazil. Injury. 2022 Jan;53(1):30-6. doi:10.1016\/j.injury.2021.10.032 Bourget MMM, Cassenote AJF, Scheffer MC. Physician turnover in primary health care services in the East Zone of S\u00e3o Paulo City, Brazil: incidence and [&hellip;]<\/p>\n","protected":false},"author":22930,"featured_media":0,"parent":0,"menu_order":0,"comment_status":"closed","ping_status":"closed","template":"","meta":{"footnotes":"","_links_to":"","_links_to_target":""},"class_list":["post-1287","page","type-page","status-publish","hentry"],"_links":{"self":[{"href":"https:\/\/sites.usp.br\/saudecoletivafmusp\/wp-json\/wp\/v2\/pages\/1287","targetHints":{"allow":["GET"]}}],"collection":[{"href":"https:\/\/sites.usp.br\/saudecoletivafmusp\/wp-json\/wp\/v2\/pages"}],"about":[{"href":"https:\/\/sites.usp.br\/saudecoletivafmusp\/wp-json\/wp\/v2\/types\/page"}],"author":[{"embeddable":true,"href":"https:\/\/sites.usp.br\/saudecoletivafmusp\/wp-json\/wp\/v2\/users\/22930"}],"replies":[{"embeddable":true,"href":"https:\/\/sites.usp.br\/saudecoletivafmusp\/wp-json\/wp\/v2\/comments?post=1287"}],"version-history":[{"count":2,"href":"https:\/\/sites.usp.br\/saudecoletivafmusp\/wp-json\/wp\/v2\/pages\/1287\/revisions"}],"predecessor-version":[{"id":2469,"href":"https:\/\/sites.usp.br\/saudecoletivafmusp\/wp-json\/wp\/v2\/pages\/1287\/revisions\/2469"}],"wp:attachment":[{"href":"https:\/\/sites.usp.br\/saudecoletivafmusp\/wp-json\/wp\/v2\/media?parent=1287"}],"curies":[{"name":"wp","href":"https:\/\/api.w.org\/{rel}","templated":true}]}}