{"id":1338,"date":"2023-10-10T17:10:09","date_gmt":"2023-10-10T20:10:09","guid":{"rendered":"https:\/\/sites.usp.br\/saudecoletivafmusp\/?page_id=1338"},"modified":"2025-04-05T22:55:42","modified_gmt":"2025-04-06T01:55:42","slug":"2022-5","status":"publish","type":"page","link":"https:\/\/sites.usp.br\/saudecoletivafmusp\/2022-5\/","title":{"rendered":"SIMCOL 2022"},"content":{"rendered":"<h3 style=\"text-align: center;\"><strong>GOVERNOS DA SA\u00daDE NO BRASIL: BALAN\u00c7OS E PERSPECTIVAS PARA A SA\u00daDE COLETIVA<\/strong><\/h3>\n<p><a href=\"https:\/\/sites.usp.br\/saudecoletivafmusp\/wp-content\/uploads\/sites\/829\/2022\/10\/completo_cinza-1.png\"><img loading=\"lazy\" decoding=\"async\" class=\"aligncenter wp-image-1168 size-full\" src=\"https:\/\/sites.usp.br\/saudecoletivafmusp\/wp-content\/uploads\/sites\/829\/2022\/10\/completo_cinza-1.png\" alt=\"\" width=\"3789\" height=\"1480\" srcset=\"https:\/\/sites.usp.br\/saudecoletivafmusp\/wp-content\/uploads\/sites\/829\/2022\/10\/completo_cinza-1.png 3789w, https:\/\/sites.usp.br\/saudecoletivafmusp\/wp-content\/uploads\/sites\/829\/2022\/10\/completo_cinza-1-300x117.png 300w, https:\/\/sites.usp.br\/saudecoletivafmusp\/wp-content\/uploads\/sites\/829\/2022\/10\/completo_cinza-1-1024x400.png 1024w, https:\/\/sites.usp.br\/saudecoletivafmusp\/wp-content\/uploads\/sites\/829\/2022\/10\/completo_cinza-1-768x300.png 768w, https:\/\/sites.usp.br\/saudecoletivafmusp\/wp-content\/uploads\/sites\/829\/2022\/10\/completo_cinza-1-1536x600.png 1536w, https:\/\/sites.usp.br\/saudecoletivafmusp\/wp-content\/uploads\/sites\/829\/2022\/10\/completo_cinza-1-2048x800.png 2048w, https:\/\/sites.usp.br\/saudecoletivafmusp\/wp-content\/uploads\/sites\/829\/2022\/10\/completo_cinza-1-400x156.png 400w\" sizes=\"auto, (max-width: 3789px) 100vw, 3789px\" \/><\/a><\/p>\n<hr \/>\n<pre style=\"text-align: center;\"><strong>15 e 16 de dezembro de 2022<\/strong><\/pre>\n<hr \/>\n<ul>\n<li><a href=\"https:\/\/sites.usp.br\/saudecoletivafmusp\/simcol-2022\/trabalhos\/\"><strong>TRABALHOS (EDITAL E INSCRI\u00c7\u00d5ES<\/strong><\/a>)<\/li>\n<li><a href=\"https:\/\/sites.usp.br\/saudecoletivafmusp\/simcol-2022\/inscricoes\/\"><strong>INSCRI\u00c7\u00d5ES (PARTICIPANTES)<\/strong><\/a><\/li>\n<li><strong><a href=\"https:\/\/sites.usp.br\/saudecoletivafmusp\/simcol-2022\/programacao\/\">PROGRAMA\u00c7\u00c3O<\/a><\/strong><\/li>\n<li><a href=\"https:\/\/sites.usp.br\/saudecoletivafmusp\/simcol-2022\/entrevistas\/\"><strong>ENTREVISTAS<\/strong><\/a><\/li>\n<li><strong><a href=\"https:\/\/sites.usp.br\/saudecoletivafmusp\/simcol-2022\/premio-cecilia-donnangelo\/\">PR\u00caMIO CEC\u00cdLIA DONNANGELO<\/a><\/strong><\/li>\n<\/ul>\n<hr \/>\n<p><strong>E-mail:<\/strong>\u00a0simcol.usp@gmail.com<\/p>\n<hr \/>\n<p><strong>APOIO:<\/strong><\/p>\n<p><a href=\"https:\/\/sites.usp.br\/saudecoletivafmusp\/wp-content\/uploads\/sites\/829\/2022\/10\/MARCA-110-ANO-FMUSP_P-RGB.png\"><img loading=\"lazy\" decoding=\"async\" class=\"alignnone wp-image-1176\" src=\"https:\/\/sites.usp.br\/saudecoletivafmusp\/wp-content\/uploads\/sites\/829\/2022\/10\/MARCA-110-ANO-FMUSP_P-RGB-300x185.png\" alt=\"\" width=\"198\" height=\"122\" srcset=\"https:\/\/sites.usp.br\/saudecoletivafmusp\/wp-content\/uploads\/sites\/829\/2022\/10\/MARCA-110-ANO-FMUSP_P-RGB-300x185.png 300w, https:\/\/sites.usp.br\/saudecoletivafmusp\/wp-content\/uploads\/sites\/829\/2022\/10\/MARCA-110-ANO-FMUSP_P-RGB-1024x631.png 1024w, https:\/\/sites.usp.br\/saudecoletivafmusp\/wp-content\/uploads\/sites\/829\/2022\/10\/MARCA-110-ANO-FMUSP_P-RGB-768x473.png 768w, https:\/\/sites.usp.br\/saudecoletivafmusp\/wp-content\/uploads\/sites\/829\/2022\/10\/MARCA-110-ANO-FMUSP_P-RGB-1536x946.png 1536w, https:\/\/sites.usp.br\/saudecoletivafmusp\/wp-content\/uploads\/sites\/829\/2022\/10\/MARCA-110-ANO-FMUSP_P-RGB-2048x1262.png 2048w, https:\/\/sites.usp.br\/saudecoletivafmusp\/wp-content\/uploads\/sites\/829\/2022\/10\/MARCA-110-ANO-FMUSP_P-RGB-400x246.png 400w\" sizes=\"auto, (max-width: 198px) 100vw, 198px\" \/><\/a><a href=\"https:\/\/sites.usp.br\/saudecoletivafmusp\/wp-content\/uploads\/sites\/829\/2022\/10\/LIM.png\"><img loading=\"lazy\" decoding=\"async\" class=\"alignnone wp-image-1177\" src=\"https:\/\/sites.usp.br\/saudecoletivafmusp\/wp-content\/uploads\/sites\/829\/2022\/10\/LIM-300x87.png\" alt=\"\" width=\"245\" height=\"71\" srcset=\"https:\/\/sites.usp.br\/saudecoletivafmusp\/wp-content\/uploads\/sites\/829\/2022\/10\/LIM-300x87.png 300w, https:\/\/sites.usp.br\/saudecoletivafmusp\/wp-content\/uploads\/sites\/829\/2022\/10\/LIM.png 373w\" sizes=\"auto, (max-width: 245px) 100vw, 245px\" \/><\/a>","protected":false},"excerpt":{"rendered":"<p>GOVERNOS DA SA\u00daDE NO BRASIL: BALAN\u00c7OS E PERSPECTIVAS PARA A SA\u00daDE COLETIVA 15 e 16 de dezembro de 2022 TRABALHOS (EDITAL E INSCRI\u00c7\u00d5ES) INSCRI\u00c7\u00d5ES (PARTICIPANTES) PROGRAMA\u00c7\u00c3O ENTREVISTAS PR\u00caMIO CEC\u00cdLIA DONNANGELO E-mail:\u00a0simcol.usp@gmail.com APOIO:<\/p>\n","protected":false},"author":23763,"featured_media":0,"parent":0,"menu_order":0,"comment_status":"closed","ping_status":"closed","template":"","meta":{"footnotes":"","_links_to":"","_links_to_target":""},"class_list":["post-1338","page","type-page","status-publish","hentry"],"_links":{"self":[{"href":"https:\/\/sites.usp.br\/saudecoletivafmusp\/wp-json\/wp\/v2\/pages\/1338","targetHints":{"allow":["GET"]}}],"collection":[{"href":"https:\/\/sites.usp.br\/saudecoletivafmusp\/wp-json\/wp\/v2\/pages"}],"about":[{"href":"https:\/\/sites.usp.br\/saudecoletivafmusp\/wp-json\/wp\/v2\/types\/page"}],"author":[{"embeddable":true,"href":"https:\/\/sites.usp.br\/saudecoletivafmusp\/wp-json\/wp\/v2\/users\/23763"}],"replies":[{"embeddable":true,"href":"https:\/\/sites.usp.br\/saudecoletivafmusp\/wp-json\/wp\/v2\/comments?post=1338"}],"version-history":[{"count":3,"href":"https:\/\/sites.usp.br\/saudecoletivafmusp\/wp-json\/wp\/v2\/pages\/1338\/revisions"}],"predecessor-version":[{"id":2290,"href":"https:\/\/sites.usp.br\/saudecoletivafmusp\/wp-json\/wp\/v2\/pages\/1338\/revisions\/2290"}],"wp:attachment":[{"href":"https:\/\/sites.usp.br\/saudecoletivafmusp\/wp-json\/wp\/v2\/media?parent=1338"}],"curies":[{"name":"wp","href":"https:\/\/api.w.org\/{rel}","templated":true}]}}