{"id":1344,"date":"2023-10-10T17:14:36","date_gmt":"2023-10-10T20:14:36","guid":{"rendered":"https:\/\/sites.usp.br\/saudecoletivafmusp\/?page_id=1344"},"modified":"2025-04-05T22:53:00","modified_gmt":"2025-04-06T01:53:00","slug":"2023-5","status":"publish","type":"page","link":"https:\/\/sites.usp.br\/saudecoletivafmusp\/2023-5\/","title":{"rendered":"SIMCOL 2023"},"content":{"rendered":"<h3 style=\"text-align: center;\">A TERCEIRA MARGEM DA SA\u00daDE COLETIVA:<\/h3>\n<h3 style=\"text-align: center;\">PARA ONDE VAMOS?<a href=\"https:\/\/sites.usp.br\/saudecoletivafmusp\/wp-content\/uploads\/sites\/829\/2023\/10\/Untitled-1-03.png\"><br \/>\n<img loading=\"lazy\" decoding=\"async\" class=\"wp-image-1351 aligncenter\" src=\"https:\/\/sites.usp.br\/saudecoletivafmusp\/wp-content\/uploads\/sites\/829\/2023\/10\/Untitled-1-03-300x300.png\" alt=\"\" width=\"332\" height=\"332\" srcset=\"https:\/\/sites.usp.br\/saudecoletivafmusp\/wp-content\/uploads\/sites\/829\/2023\/10\/Untitled-1-03-300x300.png 300w, https:\/\/sites.usp.br\/saudecoletivafmusp\/wp-content\/uploads\/sites\/829\/2023\/10\/Untitled-1-03-1024x1024.png 1024w, https:\/\/sites.usp.br\/saudecoletivafmusp\/wp-content\/uploads\/sites\/829\/2023\/10\/Untitled-1-03-150x150.png 150w, https:\/\/sites.usp.br\/saudecoletivafmusp\/wp-content\/uploads\/sites\/829\/2023\/10\/Untitled-1-03-768x768.png 768w, https:\/\/sites.usp.br\/saudecoletivafmusp\/wp-content\/uploads\/sites\/829\/2023\/10\/Untitled-1-03-1536x1536.png 1536w, https:\/\/sites.usp.br\/saudecoletivafmusp\/wp-content\/uploads\/sites\/829\/2023\/10\/Untitled-1-03-2048x2048.png 2048w, https:\/\/sites.usp.br\/saudecoletivafmusp\/wp-content\/uploads\/sites\/829\/2023\/10\/Untitled-1-03-45x45.png 45w, https:\/\/sites.usp.br\/saudecoletivafmusp\/wp-content\/uploads\/sites\/829\/2023\/10\/Untitled-1-03-200x200.png 200w, https:\/\/sites.usp.br\/saudecoletivafmusp\/wp-content\/uploads\/sites\/829\/2023\/10\/Untitled-1-03-400x400.png 400w\" sizes=\"auto, (max-width: 332px) 100vw, 332px\" \/><\/a><\/h3>\n<pre style=\"text-align: center;\"><strong>30 de novembro e 01 de dezembro de 2023<\/strong><\/pre>\n<p>Nos dias 30 de novembro e 1 de dezembro de 2023, realizamos o <strong>XI Simp\u00f3sio Discente do Programa de P\u00f3s-Gradua\u00e7\u00e3o em Sa\u00fade Coletiva<\/strong> (SIMCOL) da Faculdade de Medicina da Universidade de S\u00e3o Paulo (FMUSP), uma edi\u00e7\u00e3o mais que especial, que teve como tema \u201c<strong>A Terceira Margem da Sa\u00fade Coletiva: Para Onde Vamos?<\/strong>\u201d. Inspirados pelo conto &#8220;A Terceira Margem do Rio&#8221; de Guimar\u00e3es Rosa, o evento nos convidou a refletir sobre os caminhos que percorremos no campo da Sa\u00fade Coletiva, revisitando nosso passado e pensando os nossos pr\u00f3ximos passos.<\/p>\n<p>No XI SIMCOL, celebramos um marco hist\u00f3rico: os <strong>50 anos<\/strong> do nosso Programa de P\u00f3s-Gradua\u00e7\u00e3o, cuja primeira turma teve in\u00edcio em 1973. Foi uma oportunidade para revisitar as conquistas e os desafios que enfrentamos ao longo dessas cinco d\u00e9cadas e promovermos a discuss\u00e3o sobre a integra\u00e7\u00e3o das tr\u00eas grandes \u00e1reas que comp\u00f5em o campo da Sa\u00fade Coletiva: Ci\u00eancias Sociais e Humanas em Sa\u00fade; Pol\u00edtica, Planejamento, Gest\u00e3o e Avalia\u00e7\u00e3o em Sa\u00fade, e Epidemiologia.<\/p>\n<p>A programa\u00e7\u00e3o foi elaborada para celebrar essa trajet\u00f3ria e discutir quest\u00f5es contempor\u00e2neas e futuras do campo. A primeira mesa, &#8220;<strong>Senta que vem l\u00e1 hist\u00f3ria: como tudo come\u00e7ou e o caminho percorrido at\u00e9 aqui<\/strong>&#8220;, trouxe \u00e0 tona os principais momentos da trajet\u00f3ria do programa, com um resgate hist\u00f3rico de seus 50 anos. Em seguida, tivemos uma discuss\u00e3o sobre a sa\u00fade da popula\u00e7\u00e3o negra no Brasil, a segunda mesa \u201c<strong>Integrando \u00e1reas: um di\u00e1logo da sa\u00fade coletiva sobre a sa\u00fade da popula\u00e7\u00e3o negra no Brasil<\/strong>\u201d, buscou estimular o olhar interdisciplinar para esse tema de grande relev\u00e2ncia social.<\/p>\n<p>Outro destaque foi a roda de conversa \u201c<strong>Bora Conversar?<\/strong>\u201d, que promoveu um di\u00e1logo entre discentes e docentes sobre a produ\u00e7\u00e3o acad\u00eamica dos novos atores do campo, refletindo sobre os caminhos trilhados na p\u00f3s-gradua\u00e7\u00e3o e ampliando o debate sobre a interdisciplinaridade na Sa\u00fade Coletiva. A terceira mesa, &#8220;Um olhar para o futuro: perspectivas e sonhos dos novos atores do PPGSC&#8221;, encerrou o evento com uma reflex\u00e3o da Professora Dra. Aylene Bousquet, coordenadora adjunta da \u00e1rea da Sa\u00fade Coletiva na Capes, sobre os horizontes que se apresentam para a Sa\u00fade Coletiva; com a palestra do Professor Dr. Rodrigo do Tocantins Calado de Saloma Rodrigues, Pr\u00f3-reitor de P\u00f3s-Gradua\u00e7\u00e3o da Universidade de S\u00e3o Paulo sobre papel da p\u00f3s-gradua\u00e7\u00e3o e os desafios contempor\u00e2neos nesse processo de constru\u00e7\u00e3o social coletiva e do discente de doutorado, C\u00e9zar Luquine, que refletiu sobre o papel dos discentes enquanto futuros atores da sa\u00fade coletiva.<\/p>\n<p>Al\u00e9m das mesas e roda de conversa, o XI SIMCOL contou com a <strong>apresenta\u00e7\u00e3o de trabalhos cient\u00edficos<\/strong> de seus participantes. Ao final, os tr\u00eas melhores trabalhos receberam o <strong>Pr\u00eamio Cec\u00edlia Donnangelo<\/strong>. Al\u00e9m disso, contamos com uma <strong>homenagem ao Professor Dr. J\u00falio Litvoc<\/strong>, em reconhecimento \u00e0 sua inestim\u00e1vel contribui\u00e7\u00e3o para o nosso Programa de P\u00f3s-Gradua\u00e7\u00e3o e para o campo da Sa\u00fade Coletiva.<\/p>\n<p>O simp\u00f3sio proporcionou um espa\u00e7o de celebra\u00e7\u00e3o e troca, conectando passado, presente e o futuro do campo da Sa\u00fade Coletiva e seus atores. No XI SIMCOL <strong>reafirmamos o nosso compromisso com a Sa\u00fade Coletiva<\/strong> e sua interdisciplinaridade, em busca da Terceira Margem da Sa\u00fade Coletiva.<\/p>\n<hr \/>\n<ul>\n<li><a href=\"https:\/\/drive.google.com\/file\/d\/1kvssVBb4qJtaZqJm11nZY7VTymxOiKEd\/view?usp=sharing\" target=\"_blank\" rel=\"noopener\"><strong>TRABALHOS (EDITAL E INSCRI\u00c7\u00d5ES<\/strong>)<\/a><\/li>\n<li><a href=\"https:\/\/drive.google.com\/file\/d\/1JbSFk84yb-ZISDAUaYdw-TzO77-EkIKv\/view?usp=sharing\" target=\"_blank\" rel=\"noopener\"><b>I ANEXO E RETIFICA\u00c7\u00c3O DO EDITAL<\/b><\/a><\/li>\n<li><a href=\"https:\/\/drive.google.com\/file\/d\/1neoBC3rz8onH4rdZgkBN5sTtT5Yok8Ag\/view?usp=sharing\" target=\"_blank\" rel=\"noopener\"><b>II RETIFICA\u00c7\u00c3O &#8211; PRORROGA\u00c7\u00c3O<\/b><\/a><\/li>\n<li><a href=\"https:\/\/forms.gle\/gKXQ8GyirnDtCmgw6\" target=\"_blank\" rel=\"noopener\"><strong>INSCRI\u00c7\u00d5ES (PARTICIPANTES)<\/strong><\/a><\/li>\n<li><a href=\"https:\/\/drive.google.com\/file\/d\/1mq_tbLjJm4AuitPDEFaiNZShIdwkbTfj\/view?usp=sharing\" target=\"_blank\" rel=\"noopener\"><strong>PROGRAMA\u00c7\u00c3O<\/strong><\/a><\/li>\n<li><a href=\"https:\/\/drive.google.com\/file\/d\/1vccRuDG7WtNubOO0KTMKoTKKdVeNVq7i\/view?usp=sharing\" target=\"_blank\" rel=\"noopener\"><b>LISTA DE TRABALHOS APROVADOS<\/b><\/a><\/li>\n<li><a href=\"https:\/\/drive.google.com\/file\/d\/1Q6JGr_af2s5w2DHzvXzEAgt9eaMvldnx\/view?usp=sharing\" target=\"_blank\" rel=\"noopener\"><b>HOR\u00c1RIOS DAS APRESENTA\u00c7\u00d5ES DOS TRABALHOS APROVADOS<\/b><\/a><\/li>\n<li><a href=\"https:\/\/drive.google.com\/drive\/folders\/1bOfZ033cb-6GTJ4tPis9NKZKasIjtgLl?usp=sharing\" target=\"_blank\" rel=\"noopener\"><strong>FOTOS DO EVENTO<\/strong><\/a><\/li>\n<\/ul>\n<hr \/>\n<p><strong>E-mail:<\/strong> simcol.usp@gmail.com |\u00a0<strong>Instagram:\u00a0<\/strong><a href=\"http:\/\/instagram.com\/simcol.usp\" target=\"_blank\" rel=\"noopener\">@simcol.usp<\/a><\/p>\n<hr \/>\n<p><strong>APOIO:<\/strong><\/p>\n<p><a href=\"https:\/\/sites.usp.br\/saudecoletivafmusp\/wp-content\/uploads\/sites\/829\/2022\/10\/MARCA-110-ANO-FMUSP_P-RGB.png\"><img loading=\"lazy\" decoding=\"async\" class=\"alignnone wp-image-1176\" src=\"https:\/\/sites.usp.br\/saudecoletivafmusp\/wp-content\/uploads\/sites\/829\/2022\/10\/MARCA-110-ANO-FMUSP_P-RGB-300x185.png\" alt=\"\" width=\"198\" height=\"122\" srcset=\"https:\/\/sites.usp.br\/saudecoletivafmusp\/wp-content\/uploads\/sites\/829\/2022\/10\/MARCA-110-ANO-FMUSP_P-RGB-300x185.png 300w, https:\/\/sites.usp.br\/saudecoletivafmusp\/wp-content\/uploads\/sites\/829\/2022\/10\/MARCA-110-ANO-FMUSP_P-RGB-1024x631.png 1024w, https:\/\/sites.usp.br\/saudecoletivafmusp\/wp-content\/uploads\/sites\/829\/2022\/10\/MARCA-110-ANO-FMUSP_P-RGB-768x473.png 768w, https:\/\/sites.usp.br\/saudecoletivafmusp\/wp-content\/uploads\/sites\/829\/2022\/10\/MARCA-110-ANO-FMUSP_P-RGB-1536x946.png 1536w, https:\/\/sites.usp.br\/saudecoletivafmusp\/wp-content\/uploads\/sites\/829\/2022\/10\/MARCA-110-ANO-FMUSP_P-RGB-2048x1262.png 2048w, https:\/\/sites.usp.br\/saudecoletivafmusp\/wp-content\/uploads\/sites\/829\/2022\/10\/MARCA-110-ANO-FMUSP_P-RGB-400x246.png 400w\" sizes=\"auto, (max-width: 198px) 100vw, 198px\" \/><\/a><a href=\"https:\/\/sites.usp.br\/saudecoletivafmusp\/wp-content\/uploads\/sites\/829\/2022\/10\/LIM.png\"><img loading=\"lazy\" decoding=\"async\" class=\"alignnone wp-image-1177\" src=\"https:\/\/sites.usp.br\/saudecoletivafmusp\/wp-content\/uploads\/sites\/829\/2022\/10\/LIM-300x87.png\" alt=\"\" width=\"245\" height=\"71\" srcset=\"https:\/\/sites.usp.br\/saudecoletivafmusp\/wp-content\/uploads\/sites\/829\/2022\/10\/LIM-300x87.png 300w, https:\/\/sites.usp.br\/saudecoletivafmusp\/wp-content\/uploads\/sites\/829\/2022\/10\/LIM.png 373w\" sizes=\"auto, (max-width: 245px) 100vw, 245px\" \/><\/a><\/p>\n<p>&nbsp;","protected":false},"excerpt":{"rendered":"<p>A TERCEIRA MARGEM DA SA\u00daDE COLETIVA: PARA ONDE VAMOS? 30 de novembro e 01 de dezembro de 2023 Nos dias 30 de novembro e 1 de dezembro de 2023, realizamos o XI Simp\u00f3sio Discente do Programa de P\u00f3s-Gradua\u00e7\u00e3o em Sa\u00fade Coletiva (SIMCOL) da Faculdade de Medicina da Universidade de S\u00e3o Paulo (FMUSP), uma edi\u00e7\u00e3o mais [&hellip;]<\/p>\n","protected":false},"author":23763,"featured_media":0,"parent":0,"menu_order":0,"comment_status":"closed","ping_status":"closed","template":"","meta":{"footnotes":"","_links_to":"","_links_to_target":""},"class_list":["post-1344","page","type-page","status-publish","hentry"],"_links":{"self":[{"href":"https:\/\/sites.usp.br\/saudecoletivafmusp\/wp-json\/wp\/v2\/pages\/1344","targetHints":{"allow":["GET"]}}],"collection":[{"href":"https:\/\/sites.usp.br\/saudecoletivafmusp\/wp-json\/wp\/v2\/pages"}],"about":[{"href":"https:\/\/sites.usp.br\/saudecoletivafmusp\/wp-json\/wp\/v2\/types\/page"}],"author":[{"embeddable":true,"href":"https:\/\/sites.usp.br\/saudecoletivafmusp\/wp-json\/wp\/v2\/users\/23763"}],"replies":[{"embeddable":true,"href":"https:\/\/sites.usp.br\/saudecoletivafmusp\/wp-json\/wp\/v2\/comments?post=1344"}],"version-history":[{"count":4,"href":"https:\/\/sites.usp.br\/saudecoletivafmusp\/wp-json\/wp\/v2\/pages\/1344\/revisions"}],"predecessor-version":[{"id":2288,"href":"https:\/\/sites.usp.br\/saudecoletivafmusp\/wp-json\/wp\/v2\/pages\/1344\/revisions\/2288"}],"wp:attachment":[{"href":"https:\/\/sites.usp.br\/saudecoletivafmusp\/wp-json\/wp\/v2\/media?parent=1344"}],"curies":[{"name":"wp","href":"https:\/\/api.w.org\/{rel}","templated":true}]}}