{"id":1453,"date":"2024-10-24T15:28:47","date_gmt":"2024-10-24T18:28:47","guid":{"rendered":"https:\/\/sites.usp.br\/saudecoletivafmusp\/?page_id=1453"},"modified":"2024-12-10T11:50:00","modified_gmt":"2024-12-10T14:50:00","slug":"programacao-do-simcol-2024","status":"publish","type":"page","link":"https:\/\/sites.usp.br\/saudecoletivafmusp\/programacao-do-simcol-2024\/","title":{"rendered":"Programa\u00e7\u00e3o"},"content":{"rendered":"<h2><a href=\"https:\/\/docs.google.com\/forms\/d\/e\/1FAIpQLSeAEjcehVxibXEWtW3ocUPandSvgDSnHnOhIF-QytVS07Ct5Q\/viewform\" target=\"_blank\" rel=\"noopener\"><img loading=\"lazy\" decoding=\"async\" class=\"aligncenter size-full wp-image-1488\" src=\"https:\/\/sites.usp.br\/saudecoletivafmusp\/wp-content\/uploads\/sites\/829\/2024\/10\/Site-Logo.png\" alt=\"\" width=\"1754\" height=\"1144\" srcset=\"https:\/\/sites.usp.br\/saudecoletivafmusp\/wp-content\/uploads\/sites\/829\/2024\/10\/Site-Logo.png 1754w, https:\/\/sites.usp.br\/saudecoletivafmusp\/wp-content\/uploads\/sites\/829\/2024\/10\/Site-Logo-300x196.png 300w, https:\/\/sites.usp.br\/saudecoletivafmusp\/wp-content\/uploads\/sites\/829\/2024\/10\/Site-Logo-1024x668.png 1024w, https:\/\/sites.usp.br\/saudecoletivafmusp\/wp-content\/uploads\/sites\/829\/2024\/10\/Site-Logo-768x501.png 768w, https:\/\/sites.usp.br\/saudecoletivafmusp\/wp-content\/uploads\/sites\/829\/2024\/10\/Site-Logo-1536x1002.png 1536w, https:\/\/sites.usp.br\/saudecoletivafmusp\/wp-content\/uploads\/sites\/829\/2024\/10\/Site-Logo-400x261.png 400w\" sizes=\"auto, (max-width: 1754px) 100vw, 1754px\" \/><\/a><\/h2>\n<h2 style=\"text-align: center;\"><strong>Dia 12 de dezembro<\/strong><\/h2>\n<h3><strong>MANH\u00c3<\/strong><\/h3>\n<p><strong>Hor\u00e1rio:<\/strong> 08:30 &#8211; 12:00<br \/>\n<strong>Local:<\/strong> Anfiteatro M\u00e1rio Camargo &#8211; IMT (dentro do complexo da FMUSP)<\/p>\n<ul>\n<li><strong>08:30 &#8211; 08:55 | Abertura e Credenciamento<\/strong><\/li>\n<\/ul>\n<ul>\n<li><strong>09:00 &#8211; 09:30 | Mesa de Abertura<\/strong><\/li>\n<\/ul>\n<ul>\n<li><strong><strong><strong><strong><strong><strong>09:30 &#8211; 09:40 | Fala de Abertura Oficial<\/strong><\/strong><\/strong><\/strong><\/strong><\/strong><\/li>\n<\/ul>\n<ul>\n<li><strong>09:40 &#8211; 12:00 | Mesa 01: Panorama Geral das Iniquidades em Sa\u00fade: Contextos, Cen\u00e1rios e Diferentes Olhares<\/strong><\/li>\n<\/ul>\n<p style=\"padding-left: 40px;\"><strong>12:00 &#8211; 14:00 | Almo\u00e7o<\/strong><\/p>\n<h3><strong>TARDE<\/strong><\/h3>\n<p><strong>Hor\u00e1rio:<\/strong> 14:00 &#8211; 18:00<br \/>\n<strong>Local:<\/strong> Anfiteatro M\u00e1rio Camargo &#8211; IMT + Sala 1306 \u00a0+ Sala 2220 (de acordo com ensalamento \u2013 <a href=\"https:\/\/docs.google.com\/document\/d\/e\/2PACX-1vSYVQ4PHfakMCaS_Gx56JttJT3pvoX4ORh9rjAkK0q0g8Uk93NLhHam9gJhVz_IAi0Q4RQM0a-YXTP1\/pub\" target=\"_blank\" rel=\"noopener\">clique aqui para conferir a divis\u00e3o dos trabalhos<\/a>)<\/p>\n<ul>\n<li><strong>14:00 &#8211; 18:00 | Apresenta\u00e7\u00e3o de Trabalhos<\/strong><\/li>\n<\/ul>\n<hr \/>\n<h2 style=\"text-align: center;\"><strong>Dia 13 de dezembro<\/strong><\/h2>\n<h3><strong>MANH\u00c3<\/strong><\/h3>\n<p><strong>Hor\u00e1rio:<\/strong> 09:00 &#8211; 12:00<br \/>\n<strong>Local:<\/strong> Anfiteatro M\u00e1rio Camargo \u2013 IMT (dentro do complexo da FMUSP)<\/p>\n<ul>\n<li><strong>09:00 &#8211; 09:10 | Abertura do Segundo Dia<\/strong><\/li>\n<\/ul>\n<ul>\n<li><strong>09:10 &#8211; 09:55 | Encontro Cultural<\/strong><\/li>\n<\/ul>\n<ul>\n<li><strong>10:00 &#8211; 12:00 | Mesa 02: Iniquidades em Sa\u00fade: Interseccionalidade, Acesso e Estrat\u00e9gias de Enfrentamento em Contextos de Crise<\/strong><\/li>\n<\/ul>\n<p style=\"padding-left: 40px;\"><strong>12:00 &#8211; 14:00 | Almo\u00e7o<\/strong><\/p>\n<h3><strong>TARDE<\/strong><\/h3>\n<p><strong>Hor\u00e1rio:<\/strong> 14:00 &#8211; 18:00<br \/>\n<strong>Local:<\/strong> FMUSP, conforme ensalamento a seguir:<\/p>\n<ul>\n<li><strong>14:00 &#8211; 16:00 | Grupos de Trabalho (GT\u2019s) \u2192 <a href=\"https:\/\/docs.google.com\/forms\/d\/e\/1FAIpQLSdIeF3y1t0r4c1HueBvnCybnqqRPv_JgrcPkkMfWMJG2Tfe3g\/viewform\" target=\"_blank\" rel=\"noopener\">INSCREVA-SE NOS GT&#8217;s AQUI<\/a><\/strong>\n<ul>\n<li><strong>GT1:<\/strong> Desafios e Iniquidades na Sa\u00fade Coletiva Frente \u00e0s Mudan\u00e7as Clim\u00e1ticas<\/li>\n<li><strong>Local:<\/strong> Sala do Futuro (2\u00ba andar do pr\u00e9dio principal da FMUSP, ao final do corredor central, \u00e0 direita)<\/li>\n<\/ul>\n<\/li>\n<\/ul>\n<ul>\n<li style=\"list-style-type: none;\">\n<ul>\n<li><strong>GT2:<\/strong> Marcadores Sociais da Diferen\u00e7a e Interseccionalidade em Sa\u00fade<\/li>\n<li><strong>Local:<\/strong> Sala do Futuro (2\u00ba andar do pr\u00e9dio principal da FMUSP, ao final do corredor central, \u00e0 direita)<\/li>\n<\/ul>\n<\/li>\n<\/ul>\n<ul>\n<li style=\"list-style-type: none;\">\n<ul>\n<li><strong>GT3:<\/strong> Acesso aos Servi\u00e7os de Sa\u00fade: Grupos Mais Impactados<\/li>\n<li><strong>Local:<\/strong> SALA 2220<\/li>\n<\/ul>\n<\/li>\n<\/ul>\n<ul>\n<li style=\"list-style-type: none;\">\n<ul>\n<li><strong>GT4:<\/strong> For\u00e7a de Trabalho e Estrat\u00e9gias de Enfrentamento das Iniquidades<\/li>\n<li><strong>Local:<\/strong> Sala 2353<\/li>\n<\/ul>\n<\/li>\n<\/ul>\n<ul>\n<li><strong>16:00 &#8211; 16:15 | Intervalo &amp; S\u00edntese para Plen\u00e1ria<\/strong><\/li>\n<\/ul>\n<ul>\n<li><strong>16:20 &#8211; 16:35 | Premia\u00e7\u00e3o de Trabalhos<\/strong><br \/>\n<strong>Local:<\/strong>\u00a0 Anfiteatro Mario Camargo \u2013 IMT (dentro do complexo FMUSP)<\/li>\n<\/ul>\n<ul>\n<li><strong>16:35 &#8211; 17:45 | Plen\u00e1ria Final<\/strong><br \/>\n<strong>Local:<\/strong> Anfiteatro Mario Camargo \u2013 IMT (dentro do complexo FMUSP)<\/li>\n<\/ul>\n<ul>\n<li><strong>17:45 &#8211; 18:00 | Encerramento do SIMCOL 2024<\/strong><br \/>\n<strong>Local:<\/strong> Anfiteatro Mario Camargo \u2013 IMT (dentro do complexo FMUSP)<\/li>\n<\/ul>\n<p>&nbsp;<\/p>\n<h3 style=\"text-align: center;\"><a href=\"https:\/\/sites.usp.br\/saudecoletivafmusp\/programacao-completa\/\">CONFIRA A PROGRAMA\u00c7\u00c3O DETALHADA\u00a0 AQUI<\/a><\/h3>\n<p>&nbsp;<\/p>\n<p style=\"text-align: center;\"><strong><em>*A programa\u00e7\u00e3o do SIMCOL 2024 pode ser alterada a qualquer momento.<\/em><\/strong><\/p>","protected":false},"excerpt":{"rendered":"<p>Dia 12 de dezembro MANH\u00c3 Hor\u00e1rio: 08:30 &#8211; 12:00 Local: Anfiteatro M\u00e1rio Camargo &#8211; IMT (dentro do complexo da FMUSP) 08:30 &#8211; 08:55 | Abertura e Credenciamento 09:00 &#8211; 09:30 | Mesa de Abertura 09:30 &#8211; 09:40 | Fala de Abertura Oficial 09:40 &#8211; 12:00 | Mesa 01: Panorama Geral das Iniquidades em Sa\u00fade: Contextos, [&hellip;]<\/p>\n","protected":false},"author":24368,"featured_media":0,"parent":0,"menu_order":0,"comment_status":"closed","ping_status":"closed","template":"","meta":{"footnotes":"","_links_to":"","_links_to_target":""},"class_list":["post-1453","page","type-page","status-publish","hentry"],"_links":{"self":[{"href":"https:\/\/sites.usp.br\/saudecoletivafmusp\/wp-json\/wp\/v2\/pages\/1453","targetHints":{"allow":["GET"]}}],"collection":[{"href":"https:\/\/sites.usp.br\/saudecoletivafmusp\/wp-json\/wp\/v2\/pages"}],"about":[{"href":"https:\/\/sites.usp.br\/saudecoletivafmusp\/wp-json\/wp\/v2\/types\/page"}],"author":[{"embeddable":true,"href":"https:\/\/sites.usp.br\/saudecoletivafmusp\/wp-json\/wp\/v2\/users\/24368"}],"replies":[{"embeddable":true,"href":"https:\/\/sites.usp.br\/saudecoletivafmusp\/wp-json\/wp\/v2\/comments?post=1453"}],"version-history":[{"count":4,"href":"https:\/\/sites.usp.br\/saudecoletivafmusp\/wp-json\/wp\/v2\/pages\/1453\/revisions"}],"predecessor-version":[{"id":1566,"href":"https:\/\/sites.usp.br\/saudecoletivafmusp\/wp-json\/wp\/v2\/pages\/1453\/revisions\/1566"}],"wp:attachment":[{"href":"https:\/\/sites.usp.br\/saudecoletivafmusp\/wp-json\/wp\/v2\/media?parent=1453"}],"curies":[{"name":"wp","href":"https:\/\/api.w.org\/{rel}","templated":true}]}}