{"id":582,"date":"2021-03-19T17:14:31","date_gmt":"2021-03-19T19:14:31","guid":{"rendered":"https:\/\/sites.usp.br\/saudecoletivafmusp\/?page_id=582"},"modified":"2025-09-19T09:26:15","modified_gmt":"2025-09-19T12:26:15","slug":"2021-2","status":"publish","type":"page","link":"https:\/\/sites.usp.br\/saudecoletivafmusp\/2021-2\/","title":{"rendered":"2021"},"content":{"rendered":"Gilchrist, G., Canfield, M., Radcliffe, P., &amp; d&#8217;Oliveira, A. F. P. L. (2017).<a href=\"doi:\u00a0https:\/\/doi.org\/10.1136\/bmj.n722\"> Controlling behaviours and technology\u2010facilitated abuse perpetrated by men receiving substance use treatment in England and Brazil: Prevalence and risk factors<\/a>.\u00a0<i>Drug and alcohol review<\/i>,\u00a0<i>36<\/i>(1), 52-63.<\/p>\n<p>Rauber F, Martins CA, Azeredo CM, Leffa PS, Louzada ML, Levy RB. <a href=\"https:\/\/doi.org\/10.1017\/S0007114521000854\" target=\"_blank\" rel=\"noopener\">Eating context and ultra-processed food consumption among UK adolescents<\/a>. British Journal of Nutrition. 2021 Mar 11:1-30.<\/p>\n<p>Bozzini AB, Maruyama JM, Munhoz TN, Barros AJ, Barros FC, Santos IS, Matijasevich A. <a href=\"https:\/\/bmcpsychiatry.biomedcentral.com\/articles\/10.1186\/s12888-020-03026-9\" target=\"_blank\" rel=\"noopener\">Trajectories of maternal depressive symptoms and offspring\u2019s risk behavior in early adolescence: data from the 2004 Pelotas birth cohort study<\/a>. BMC psychiatry. 2021 Dec;21(1):1-9.<\/p>\n<p>Feder G, Lucas d&#8217;Oliveira AF, Rishal P, Johnson M. <a href=\"http:\/\/10.1136\/bmj.n722\">Domestic violence during the pandemic<\/a>. BMJ. 2021;372:n722-.<\/p>\n<p>Fernandes EG, Sartori AM, de So\u00e1rez PC, Amaku M, de Azevedo Neto RS, Novaes HM. <a href=\"https:\/\/doi.org\/10.1016\/j.vaccine.2019.09.100\" target=\"_blank\" rel=\"noopener\">Cost-effectiveness analysis of universal adult immunization with tetanus-diphtheria-acellular pertussis vaccine (Tdap) versus current practice in Brazil.<\/a> Vaccine. 2020 Jan 3;38(1):46-53.<\/p>\n<p>Infante V, Miyaji KT, Soarez PC, Sartori AM. <a href=\"https:\/\/doi.org\/10.1080\/14760584.2021.1889375\" target=\"_blank\" rel=\"noopener\">Systematic review and meta-analysis of HPV vaccination in women with systemic lupus erythematosus (SLE)<\/a>. Expert Review of Vaccines. 2021 Mar 4.<\/p>\n<p>Ferraz D, Dourado I, Zucchi EM, Mabire X, Magno L, Grangeiro AD, Couto MT, Ferguson L, Westin M, Dos Santos LA, Pr\u00e9au M. <a href=\"http:\/\/dx.doi.org\/10.1136\/bmjopen-2020-045258\" target=\"_blank\" rel=\"noopener\">Effects of the COVID-19 pandemic on the sexual and mental health of adolescent and adult men who have sex with men and transgender women participating in two PrEP cohort studies in Brazil: COBra study protocol<\/a>. BMJ open. 2021 Apr 1;11(4):e045258.<\/p>\n<p>Ayres JRCM. Health and human rights: Contributions of hermeneutics to a necessary dialogue. Glob Public Health. 2021;17:3098-3108.<\/p>\n<p>Ci\u00eancia, raz\u00e3o pr\u00e1tica e os fundamentos da pesquisa qualitativa em sa\u00fade. 2021.<\/p>\n<p>Giovana Chekin Portella, Daniel Leite Portella, Jos\u00e9 de Oliveira Siqueira, Leandro Ryuchi Iuamoto, Beatriz Helena Tess. Encouraging physical fitness in Brazilian adolescents with excess weight: can they outperform their eutrophic peers in some activities? Int J Adolesc Med Health. 2021. <a href=\"https:\/\/doi.org\/10.1515\/ijamh-2021-0042\" target=\"_blank\" rel=\"noopener\">https:\/\/doi.org\/10.1515\/ijamh-2021-0042<\/a>","protected":false},"excerpt":{"rendered":"<p>Gilchrist, G., Canfield, M., Radcliffe, P., &amp; d&#8217;Oliveira, A. F. P. L. (2017). Controlling behaviours and technology\u2010facilitated abuse perpetrated by men receiving substance use treatment in England and Brazil: Prevalence and risk factors.\u00a0Drug and alcohol review,\u00a036(1), 52-63. Rauber F, Martins CA, Azeredo CM, Leffa PS, Louzada ML, Levy RB. Eating context and ultra-processed food consumption [&hellip;]<\/p>\n","protected":false},"author":22325,"featured_media":0,"parent":0,"menu_order":0,"comment_status":"closed","ping_status":"closed","template":"","meta":{"footnotes":"","_links_to":"","_links_to_target":""},"class_list":["post-582","page","type-page","status-publish","hentry"],"_links":{"self":[{"href":"https:\/\/sites.usp.br\/saudecoletivafmusp\/wp-json\/wp\/v2\/pages\/582","targetHints":{"allow":["GET"]}}],"collection":[{"href":"https:\/\/sites.usp.br\/saudecoletivafmusp\/wp-json\/wp\/v2\/pages"}],"about":[{"href":"https:\/\/sites.usp.br\/saudecoletivafmusp\/wp-json\/wp\/v2\/types\/page"}],"author":[{"embeddable":true,"href":"https:\/\/sites.usp.br\/saudecoletivafmusp\/wp-json\/wp\/v2\/users\/22325"}],"replies":[{"embeddable":true,"href":"https:\/\/sites.usp.br\/saudecoletivafmusp\/wp-json\/wp\/v2\/comments?post=582"}],"version-history":[{"count":4,"href":"https:\/\/sites.usp.br\/saudecoletivafmusp\/wp-json\/wp\/v2\/pages\/582\/revisions"}],"predecessor-version":[{"id":2468,"href":"https:\/\/sites.usp.br\/saudecoletivafmusp\/wp-json\/wp\/v2\/pages\/582\/revisions\/2468"}],"wp:attachment":[{"href":"https:\/\/sites.usp.br\/saudecoletivafmusp\/wp-json\/wp\/v2\/media?parent=582"}],"curies":[{"name":"wp","href":"https:\/\/api.w.org\/{rel}","templated":true}]}}