{"id":79,"date":"2014-02-24T16:51:20","date_gmt":"2014-02-24T18:51:20","guid":{"rendered":"http:\/\/sites.usp.br\/saudecoletivafmusp\/?page_id=79"},"modified":"2025-09-18T11:12:41","modified_gmt":"2025-09-18T14:12:41","slug":"pagina-inicial","status":"publish","type":"page","link":"https:\/\/sites.usp.br\/saudecoletivafmusp\/","title":{"rendered":"Boas vindas!"},"content":{"rendered":"O Programa de P\u00f3s-Gradua\u00e7\u00e3o em Ci\u00eancias &#8211; Sa\u00fade Coletiva da Faculdade de Medicina da Universidade de S\u00e3o Paulo, criado em 1972, \u00e9 um dos mais antigos do pa\u00eds. A primeira turma do Programa iniciou em 1973, marcando o in\u00edcio de uma longa trajet\u00f3ria de excel\u00eancia na forma\u00e7\u00e3o de profissionais do campo da Sa\u00fade Coletiva. Oferece Mestrado e Doutorado Acad\u00eamicos para profissionais que atuam e\/ou t\u00eam interesse na \u00e1rea da Sa\u00fade Coletiva, independentemente da forma\u00e7\u00e3o universit\u00e1ria original.<\/p>\n<p>Sua destacada trajet\u00f3ria o credencia como programa de excel\u00eancia no pa\u00eds, tendo recebido nota m\u00e1xima (sete) nas tr\u00eas \u00faltimas Avalia\u00e7\u00f5es da CAPES: tri\u00eanio 2010-2012, quadri\u00eanio 2013-2016 e quadri\u00eanio de 2017-2020.<\/p>\n<p>O programa \u00e9 organizado em torno das tr\u00eas grandes \u00e1reas de conhecimento que comp\u00f5em a Sa\u00fade Coletiva: Epidemiologia, Ci\u00eancias Sociais e Humanas em Sa\u00fade e Pol\u00edtica, Planejamento, Gest\u00e3o e Avalia\u00e7\u00e3o em Sa\u00fade.<\/p>\n<p>O ambiente interdisciplinar do PPGSC integra professores destacados na produ\u00e7\u00e3o acad\u00eamica nacional e internacional. O programa mant\u00e9m tradicional coopera\u00e7\u00e3o com organiza\u00e7\u00f5es e universidades nacionais e internacionais do campo da sa\u00fade e estimula interc\u00e2mbios internacionais, seja em est\u00e1gios de pesquisa no exterior para discentes e em conv\u00eanios de dupla titula\u00e7\u00e3o.<\/p>\n<p>&nbsp;<\/p>\n<p>&nbsp;<\/p>\n<p><iframe loading=\"lazy\" title=\"PPG-USP Sa\u00fade Coletiva  - Profa. Dra. Patr\u00edcia Coelho de Soares - Coordenadora do Programa\" width=\"604\" height=\"340\" src=\"https:\/\/www.youtube.com\/embed\/a6AOq3q8ITg?feature=oembed\" frameborder=\"0\" allow=\"accelerometer; autoplay; clipboard-write; encrypted-media; gyroscope; picture-in-picture; web-share\" referrerpolicy=\"strict-origin-when-cross-origin\" allowfullscreen><\/iframe><\/p>\n<p>&nbsp;<\/p>\n<p>&nbsp;","protected":false},"excerpt":{"rendered":"<p>O Programa de P\u00f3s-Gradua\u00e7\u00e3o em Ci\u00eancias &#8211; Sa\u00fade Coletiva da Faculdade de Medicina da Universidade de S\u00e3o Paulo, criado em 1972, \u00e9 um dos mais antigos do pa\u00eds. A primeira turma do Programa iniciou em 1973, marcando o in\u00edcio de uma longa trajet\u00f3ria de excel\u00eancia na forma\u00e7\u00e3o de profissionais do campo da Sa\u00fade Coletiva. Oferece [&hellip;]<\/p>\n","protected":false},"author":1,"featured_media":0,"parent":0,"menu_order":0,"comment_status":"closed","ping_status":"closed","template":"","meta":{"footnotes":"","_links_to":"","_links_to_target":""},"class_list":["post-79","page","type-page","status-publish","hentry"],"_links":{"self":[{"href":"https:\/\/sites.usp.br\/saudecoletivafmusp\/wp-json\/wp\/v2\/pages\/79","targetHints":{"allow":["GET"]}}],"collection":[{"href":"https:\/\/sites.usp.br\/saudecoletivafmusp\/wp-json\/wp\/v2\/pages"}],"about":[{"href":"https:\/\/sites.usp.br\/saudecoletivafmusp\/wp-json\/wp\/v2\/types\/page"}],"author":[{"embeddable":true,"href":"https:\/\/sites.usp.br\/saudecoletivafmusp\/wp-json\/wp\/v2\/users\/1"}],"replies":[{"embeddable":true,"href":"https:\/\/sites.usp.br\/saudecoletivafmusp\/wp-json\/wp\/v2\/comments?post=79"}],"version-history":[{"count":5,"href":"https:\/\/sites.usp.br\/saudecoletivafmusp\/wp-json\/wp\/v2\/pages\/79\/revisions"}],"predecessor-version":[{"id":2455,"href":"https:\/\/sites.usp.br\/saudecoletivafmusp\/wp-json\/wp\/v2\/pages\/79\/revisions\/2455"}],"wp:attachment":[{"href":"https:\/\/sites.usp.br\/saudecoletivafmusp\/wp-json\/wp\/v2\/media?parent=79"}],"curies":[{"name":"wp","href":"https:\/\/api.w.org\/{rel}","templated":true}]}}