{"id":935,"date":"2021-10-21T14:16:37","date_gmt":"2021-10-21T17:16:37","guid":{"rendered":"https:\/\/sites.usp.br\/saudecoletivafmusp\/?page_id=935"},"modified":"2022-12-14T18:07:40","modified_gmt":"2022-12-14T21:07:40","slug":"programacao","status":"publish","type":"page","link":"https:\/\/sites.usp.br\/saudecoletivafmusp\/simcol-3\/programacao\/","title":{"rendered":"Programa\u00e7\u00e3o"},"content":{"rendered":"<hr \/>\n<h3 style=\"text-align: center;\"><strong>PROGRAMA\u00c7\u00c3O [<a href=\"https:\/\/youtube.com\/playlist?list=PLFu7z-4qdZOL9odqjTyssetMedZ-DjL09\" target=\"_blank\" rel=\"noopener\">YouTube<\/a>]<\/strong><\/h3>\n<h3 style=\"text-align: center;\"><a href=\"https:\/\/sites.usp.br\/saudecoletivafmusp\/wp-content\/uploads\/sites\/829\/2022\/10\/completo_cinza.png\"><img loading=\"lazy\" decoding=\"async\" class=\"alignnone wp-image-1167 size-full\" src=\"https:\/\/sites.usp.br\/saudecoletivafmusp\/wp-content\/uploads\/sites\/829\/2022\/10\/completo_cinza.png\" alt=\"\" width=\"3789\" height=\"1480\" srcset=\"https:\/\/sites.usp.br\/saudecoletivafmusp\/wp-content\/uploads\/sites\/829\/2022\/10\/completo_cinza.png 3789w, https:\/\/sites.usp.br\/saudecoletivafmusp\/wp-content\/uploads\/sites\/829\/2022\/10\/completo_cinza-300x117.png 300w, https:\/\/sites.usp.br\/saudecoletivafmusp\/wp-content\/uploads\/sites\/829\/2022\/10\/completo_cinza-1024x400.png 1024w, https:\/\/sites.usp.br\/saudecoletivafmusp\/wp-content\/uploads\/sites\/829\/2022\/10\/completo_cinza-768x300.png 768w, https:\/\/sites.usp.br\/saudecoletivafmusp\/wp-content\/uploads\/sites\/829\/2022\/10\/completo_cinza-1536x600.png 1536w, https:\/\/sites.usp.br\/saudecoletivafmusp\/wp-content\/uploads\/sites\/829\/2022\/10\/completo_cinza-2048x800.png 2048w, https:\/\/sites.usp.br\/saudecoletivafmusp\/wp-content\/uploads\/sites\/829\/2022\/10\/completo_cinza-400x156.png 400w\" sizes=\"auto, (max-width: 3789px) 100vw, 3789px\" \/><\/a><\/h3>\n<hr \/>\n<pre style=\"text-align: center;\"><strong>CONFIRA OS TRABALHOS EM CADA SESS\u00c3O CLICANDO <a href=\"https:\/\/drive.google.com\/file\/d\/1-EwMe5wsWtYfc5ISdyhMiRuHdiCantj7\/view?usp=share_link\" target=\"_blank\" rel=\"noopener\">AQUI<\/a><\/strong><\/pre>\n<hr \/>\n<h4 style=\"text-align: center;\">15 de dezembro<\/h4>\n<p><strong>10:30-11:00 |<\/strong> <a href=\"https:\/\/youtu.be\/yHWxNsoDZPs\" target=\"_blank\" rel=\"noopener\">SOLENIDADE DE ABERTURA<\/a><\/p>\n<p><strong>11:00-12:15 | <\/strong><a href=\"https:\/\/youtu.be\/yHWxNsoDZPs\" target=\"_blank\" rel=\"noopener\">CONFER\u00caNCIA DE ABERTURA<\/a><\/p>\n<blockquote><p><strong>Pol\u00edti<\/strong><strong>cas de Sa\u00fade no governo Bolsonaro e os desafios futuros<\/strong>, com <a href=\"http:\/\/lattes.cnpq.br\/4248765154816650\" target=\"_blank\" rel=\"noopener\">Deisy Ventura<\/a> (FSP-USP) e media\u00e7\u00e3o do professor <a href=\"http:\/\/lattes.cnpq.br\/5625533255740486\" target=\"_blank\" rel=\"noopener\">Andr\u00e9 Mota<\/a><\/p><\/blockquote>\n<p><strong>14:00-15:30 |<\/strong> SESS\u00d5ES DE TRABALHOS<\/p>\n<ul>\n<li><a href=\"https:\/\/youtu.be\/2xrQYSXwXyk\" target=\"_blank\" rel=\"noopener\">ST1 &#8211; Sa\u00fade, inf\u00e2ncia e adolesc\u00eancia<\/a><\/li>\n<li><a href=\"https:\/\/youtu.be\/Iqgrk4GBWTY\" target=\"_blank\" rel=\"noopener\">ST2 &#8211; Abordagem dos marcadores sociais da diferen\u00e7a na Sa\u00fade Coletiva<\/a><\/li>\n<\/ul>\n<p><strong>15:40-16:30 |<\/strong> SESS\u00d5ES DE TRABALHOS<\/p>\n<ul>\n<li><a href=\"https:\/\/youtu.be\/R4cIJyljWUk\" target=\"_blank\" rel=\"noopener\">ST3 &#8211; Potencialidades e desafios para a oferta de PrEP no Brasil<\/a><\/li>\n<li><a href=\"https:\/\/youtu.be\/LN5gaOIi13M\" target=\"_blank\" rel=\"noopener\">ST4 &#8211; Perspectivas de G\u00eanero em Sa\u00fade<\/a><\/li>\n<\/ul>\n<hr \/>\n<h4 style=\"text-align: center;\">16 de dezembro<\/h4>\n<p><strong>09:00-10:10 | <\/strong>SESS\u00d5ES DE TRABALHOS<\/p>\n<ul>\n<li><a href=\"https:\/\/youtu.be\/UhbZ8BdSVzw\" target=\"_blank\" rel=\"noopener\">ST5 &#8211; Sa\u00fade mental no contexto da COVID-19<\/a><\/li>\n<li><a href=\"https:\/\/youtu.be\/Jc3Bw-YhpjY\" target=\"_blank\" rel=\"noopener\">ST6\u00a0&#8211; Sa\u00fade, a\u00e7\u00f5es e experi\u00eancias: interfaces entre abordagens<\/a><\/li>\n<\/ul>\n<p><strong>10:30-12:30 | <\/strong><a href=\"https:\/\/youtu.be\/MbrjnTYklPQ\" target=\"_blank\" rel=\"noopener\">MESA REDONDA<\/a><\/p>\n<blockquote><p><strong>Disputa pelo or\u00e7amento da sa\u00fade: onde estamos e para onde podemos ir<\/strong>, com <a href=\"http:\/\/lattes.cnpq.br\/8897313615140578\" target=\"_blank\" rel=\"noopener\">Lauana Simplicio<\/a> (assessora parlamentar na ALESP), Walter Mastelaro (MOPAIDS) e <a href=\"http:\/\/lattes.cnpq.br\/0224286764845639\" target=\"_blank\" rel=\"noopener\">Lucas Salvador Andrietta<\/a>, com media\u00e7\u00e3o do professor <a href=\"http:\/\/lattes.cnpq.br\/1322311308223630\" target=\"_blank\" rel=\"noopener\">M\u00e1rio Scheffer<\/a><\/p><\/blockquote>\n<p><strong>13:30-16:00 | <\/strong>SESS\u00d5ES DE TRABALHOS<\/p>\n<ul>\n<li><a href=\"https:\/\/youtu.be\/lio1EOyalc8\" target=\"_blank\" rel=\"noopener\">ST7 &#8211; Estudos sobre alimenta\u00e7\u00e3o na Sa\u00fade Coletiva: m\u00faltiplas perspectivas<\/a><\/li>\n<li><a href=\"https:\/\/youtu.be\/TpEoe9l1o9w\" target=\"_blank\" rel=\"noopener\">ST8 &#8211; Sa\u00fade em Perspectiva Hist\u00f3rica: abordagens conceituais e documentais<\/a><\/li>\n<\/ul>\n<p><strong>16:20-18:00 |\u00a0<\/strong><a href=\"https:\/\/youtu.be\/DyPQkgiPvis\" target=\"_blank\" rel=\"noopener\">MESA DE ENCERRAMENTO<\/a><\/p>\n<blockquote><p><strong>Movimentos sociais nos governos da sa\u00fade no Brasil: propor, criar e acompanhar<\/strong>, com <a href=\"https:\/\/www.instagram.com\/matuza_z\/\" target=\"_blank\" rel=\"noopener\">Matuzza Sankofa<\/a> (Casa Chama; \u00c9 de Lei), Erm\u00ednia Ciliberti (Conselho Estadual de Sa\u00fade; COSEMS) e Luiz Carlos Lopes (Movimento PcD), com media\u00e7\u00e3o da professora <a href=\"http:\/\/lattes.cnpq.br\/3147801401339901\" target=\"_blank\" rel=\"noopener\">Ana Fl\u00e1via d&#8217;Oliveira<\/a><\/p><\/blockquote>\n<p><strong>18:30 |<\/strong> <a href=\"https:\/\/youtu.be\/DyPQkgiPvis\" target=\"_blank\" rel=\"noopener\">PREMIA\u00c7\u00c3O DE TRABALHOS<\/a><\/p>\n<hr \/>\n<p>&nbsp;","protected":false},"excerpt":{"rendered":"<p>PROGRAMA\u00c7\u00c3O [YouTube] CONFIRA OS TRABALHOS EM CADA SESS\u00c3O CLICANDO AQUI 15 de dezembro 10:30-11:00 | SOLENIDADE DE ABERTURA 11:00-12:15 | CONFER\u00caNCIA DE ABERTURA Pol\u00edticas de Sa\u00fade no governo Bolsonaro e os desafios futuros, com Deisy Ventura (FSP-USP) e media\u00e7\u00e3o do professor Andr\u00e9 Mota 14:00-15:30 | SESS\u00d5ES DE TRABALHOS ST1 &#8211; Sa\u00fade, inf\u00e2ncia e adolesc\u00eancia ST2 [&hellip;]<\/p>\n","protected":false},"author":22325,"featured_media":0,"parent":930,"menu_order":3,"comment_status":"closed","ping_status":"closed","template":"","meta":{"footnotes":"","_links_to":"","_links_to_target":""},"class_list":["post-935","page","type-page","status-publish","hentry"],"_links":{"self":[{"href":"https:\/\/sites.usp.br\/saudecoletivafmusp\/wp-json\/wp\/v2\/pages\/935","targetHints":{"allow":["GET"]}}],"collection":[{"href":"https:\/\/sites.usp.br\/saudecoletivafmusp\/wp-json\/wp\/v2\/pages"}],"about":[{"href":"https:\/\/sites.usp.br\/saudecoletivafmusp\/wp-json\/wp\/v2\/types\/page"}],"author":[{"embeddable":true,"href":"https:\/\/sites.usp.br\/saudecoletivafmusp\/wp-json\/wp\/v2\/users\/22325"}],"replies":[{"embeddable":true,"href":"https:\/\/sites.usp.br\/saudecoletivafmusp\/wp-json\/wp\/v2\/comments?post=935"}],"version-history":[{"count":6,"href":"https:\/\/sites.usp.br\/saudecoletivafmusp\/wp-json\/wp\/v2\/pages\/935\/revisions"}],"predecessor-version":[{"id":1241,"href":"https:\/\/sites.usp.br\/saudecoletivafmusp\/wp-json\/wp\/v2\/pages\/935\/revisions\/1241"}],"up":[{"embeddable":true,"href":"https:\/\/sites.usp.br\/saudecoletivafmusp\/wp-json\/wp\/v2\/pages\/930"}],"wp:attachment":[{"href":"https:\/\/sites.usp.br\/saudecoletivafmusp\/wp-json\/wp\/v2\/media?parent=935"}],"curies":[{"name":"wp","href":"https:\/\/api.w.org\/{rel}","templated":true}]}}