{"id":1083,"date":"2023-01-06T21:35:47","date_gmt":"2023-01-07T00:35:47","guid":{"rendered":"https:\/\/sites.usp.br\/scx\/?page_id=1083"},"modified":"2023-01-08T11:12:50","modified_gmt":"2023-01-08T14:12:50","slug":"dissertacoes","status":"publish","type":"page","link":"https:\/\/sites.usp.br\/scx\/en\/dissertacoes\/","title":{"rendered":"(Portugu\u00eas do Brasil) Disserta\u00e7\u00f5es"},"content":{"rendered":"<p class=\"qtranxs-available-languages-message qtranxs-available-languages-message-en\">Sorry, this entry is only available in <a href=\"https:\/\/sites.usp.br\/scx\/pb\/wp-json\/wp\/v2\/pages\/1083\" class=\"qtranxs-available-language-link qtranxs-available-language-link-pb\" title=\"Portugu\u00eas do Brasil\">Portugu\u00eas do Brasil<\/a>.<\/p>","protected":false},"excerpt":{"rendered":"<p>Sorry, this entry is only available in Portugu\u00eas do Brasil.<\/p>\n","protected":false},"author":459,"featured_media":0,"parent":0,"menu_order":0,"comment_status":"closed","ping_status":"closed","template":"","meta":{"footnotes":"","_links_to":"","_links_to_target":""},"class_list":["post-1083","page","type-page","status-publish","hentry"],"_links":{"self":[{"href":"https:\/\/sites.usp.br\/scx\/en\/wp-json\/wp\/v2\/pages\/1083","targetHints":{"allow":["GET"]}}],"collection":[{"href":"https:\/\/sites.usp.br\/scx\/en\/wp-json\/wp\/v2\/pages"}],"about":[{"href":"https:\/\/sites.usp.br\/scx\/en\/wp-json\/wp\/v2\/types\/page"}],"author":[{"embeddable":true,"href":"https:\/\/sites.usp.br\/scx\/en\/wp-json\/wp\/v2\/users\/459"}],"replies":[{"embeddable":true,"href":"https:\/\/sites.usp.br\/scx\/en\/wp-json\/wp\/v2\/comments?post=1083"}],"version-history":[{"count":3,"href":"https:\/\/sites.usp.br\/scx\/en\/wp-json\/wp\/v2\/pages\/1083\/revisions"}],"predecessor-version":[{"id":1089,"href":"https:\/\/sites.usp.br\/scx\/en\/wp-json\/wp\/v2\/pages\/1083\/revisions\/1089"}],"wp:attachment":[{"href":"https:\/\/sites.usp.br\/scx\/en\/wp-json\/wp\/v2\/media?parent=1083"}],"curies":[{"name":"wp","href":"https:\/\/api.w.org\/{rel}","templated":true}]}}